{"id":3344,"date":"2023-01-25T10:40:38","date_gmt":"2023-01-25T18:40:38","guid":{"rendered":"http:\/\/kidworksoc.org\/donar\/"},"modified":"2023-08-03T15:49:46","modified_gmt":"2023-08-03T22:49:46","slug":"donar","status":"publish","type":"page","link":"https:\/\/kidworksoc.org\/es\/donar\/","title":{"rendered":"Donar"},"content":{"rendered":"\n<div class=\"wp-block-cover alignfull is-light\" style=\"padding-top:var(--wp--preset--spacing--300);padding-right:var(--wp--preset--spacing--30);padding-bottom:var(--wp--preset--spacing--150);padding-left:var(--wp--preset--spacing--30)\"><span aria-hidden=\"true\" class=\"wp-block-cover__background has-background-dim-100 has-background-dim has-background-gradient\" style=\"background:linear-gradient(0deg,rgb(24,49,111) 0%,rgba(25,49,112,0.35) 100%)\"><\/span><img decoding=\"async\" width=\"1600\" height=\"1600\" src=\"https:\/\/kidworksoc.org\/wp-content\/uploads\/2023\/02\/photo-output_0.jpeg\" class=\"wp-block-cover__image-background wp-post-image\" alt=\"\" data-object-fit=\"cover\" data-object-position=\"50% 30%\" style=\"object-position:50% 30%;\" srcset=\"https:\/\/kidworksoc.org\/wp-content\/uploads\/2023\/02\/photo-output_0.jpeg 1600w, https:\/\/kidworksoc.org\/wp-content\/uploads\/2023\/02\/photo-output_0-1280x1280.jpeg 1280w, https:\/\/kidworksoc.org\/wp-content\/uploads\/2023\/02\/photo-output_0-600x600.jpeg 600w, https:\/\/kidworksoc.org\/wp-content\/uploads\/2023\/02\/photo-output_0-1440x1440.jpeg 1440w, https:\/\/kidworksoc.org\/wp-content\/uploads\/2023\/02\/photo-output_0-1536x1536.jpeg 1536w, https:\/\/kidworksoc.org\/wp-content\/uploads\/2023\/02\/photo-output_0-150x150.jpeg 150w\" sizes=\"(max-width: 1600px) 100vw, 1600px\" \/><div class=\"wp-block-cover__inner-container is-layout-flow wp-block-cover-is-layout-flow\">\n<div class=\"wp-block-group has-global-padding is-layout-constrained wp-container-core-group-is-layout-9b5fd1f6 wp-block-group-is-layout-constrained\">\n<h1 class=\"wp-block-heading has-text-align-center is-style-muted-heading has-accent-color has-text-color has-x-large-font-size\">Donaciones a KidWorks<\/h1>\n\n\n\n<p class=\"has-text-align-center has-white-color has-text-color\" style=\"font-size:clamp(18.434px, 1.152rem + ((1vw - 3.2px) * 1.101), 29px);\"><strong>Apoyando a la comunidad KidWorks, usted da poder a<br\/>estudiantes universitarios de primera generaci\u00f3n<br\/>hacia carreras con sentido.<\/strong><\/p>\n<\/div>\n<\/div><\/div>\n\n<div class=\"wp-block-group alignfull has-tertiary-background-color has-background has-global-padding is-layout-constrained wp-container-core-group-is-layout-d22182c0 wp-block-group-is-layout-constrained\" style=\"padding-top:var(--wp--preset--spacing--100);padding-right:var(--wp--preset--spacing--30);padding-bottom:var(--wp--preset--spacing--100);padding-left:var(--wp--preset--spacing--30)\">\n<div class=\"wp-block-columns alignwide is-layout-flex wp-container-core-columns-is-layout-0cd93624 wp-block-columns-is-layout-flex\">\n<div class=\"wp-block-column is-style-sticky is-layout-flow wp-block-column-is-layout-flow\" style=\"flex-basis:40%\">\n<h2 class=\"wp-block-heading\"><strong>Donaci\u00f3n mensual<\/strong><\/h2>\n\n\n\n<p>\u00danase a la <a href=\"http:\/\/kidworksoc.org\/es\/cuadro-de-honor\/\">Lista de Honor de KidWorks<\/a>, nuestro grupo de dedicados donantes mensuales, que creen que el barrio de un ni\u00f1o no debe determinar su acceso a una educaci\u00f3n de calidad. Y ahora, m\u00e1s que nunca, \u00a1dependemos de personas como t\u00fa para hacerlo realidad!<\/p>\n\n\n\n<div class=\"wp-block-buttons is-layout-flex wp-block-buttons-is-layout-flex\">\n<div class=\"wp-block-button\"><a class=\"wp-block-button__link wp-element-button\" href=\"\" target=\"_blank\" rel=\"noreferrer noopener\">DONAR HOY<\/a><\/div>\n<\/div>\n\n\n\n<p>Entre los beneficios que puede obtener al realizar una aportaci\u00f3n ben\u00e9fica de acciones o fondos de inversi\u00f3n se incluyen:<\/p>\n\n\n\n<ul class=\"is-style-check-mark wp-block-list\">\n<li>Evitar el impuesto federal y estatal sobre la plusval\u00eda;<\/li>\n\n\n\n<li>Recibir una deducci\u00f3n en el impuesto sobre la renta (federal y de la mayor\u00eda de los estados) por el valor total de mercado de la donaci\u00f3n si detalla las deducciones en su declaraci\u00f3n de la renta y ha conservado los activos un a\u00f1o o m\u00e1s;<\/li>\n\n\n\n<li>Hacer una donaci\u00f3n mayor a un coste original menor para usted.<\/li>\n<\/ul>\n<\/div>\n\n\n\n<div class=\"wp-block-column is-layout-flow wp-block-column-is-layout-flow\" style=\"flex-basis:60%\">\n<figure class=\"wp-block-embed is-type-video is-provider-youtube wp-block-embed-youtube wp-embed-aspect-16-9 wp-has-aspect-ratio\"><div class=\"wp-block-embed__wrapper\">\n<iframe loading=\"lazy\" title=\"KidWorks 2023\" width=\"500\" height=\"281\" src=\"https:\/\/www.youtube.com\/embed\/XumIEWbaCXo?feature=oembed\" frameborder=\"0\" allow=\"accelerometer; autoplay; clipboard-write; encrypted-media; gyroscope; picture-in-picture; web-share\" referrerpolicy=\"strict-origin-when-cross-origin\" allowfullscreen><\/iframe>\n<\/div><\/figure>\n<\/div>\n<\/div>\n<\/div>\n\n<div style=\"height:100px\" aria-hidden=\"true\" class=\"wp-block-spacer\"><\/div>\n\n<div class=\"wp-block-group alignfull has-global-padding is-layout-constrained wp-container-core-group-is-layout-530ec779 wp-block-group-is-layout-constrained\">\n<section class=\"blocks block-blurbs \" id=\"block_8999c06be276641797d11c6abfb7cd59\">\n    <ul>\n            <li>\n                        <div class=\"content\">\n                <h3>Donaciones en especie<\/h3>\n                                <p>\n                    Durante todo el a\u00f1o, KidWorks necesita donaciones de material escolar, materiales para programas, juguetes y mucho m\u00e1s.                <\/p>\n                            <\/div>\n                            <a class=\"button button--style--primary-outlined\" href=\"http:\/\/kidworksoc.org\/donate\/in-kind\/\" target=\"_self\">Aprender M\u00e1s<\/a>\n                    <\/li>\n            <li>\n                        <div class=\"content\">\n                <h3>Legado<\/h3>\n                                <p>\n                    Los planes de donaci\u00f3n y los legados pueden crear oportunidades tanto para usted como para los ni\u00f1os y j\u00f3venes de KidWorks. Reconocemos la importancia de hacer un regalo que sea adecuado para usted y para su familia.                  <\/p>\n                            <\/div>\n                            <a class=\"button button--style--primary-outlined\" href=\"mail:beckie.white@kidworksoc.org\" target=\"_self\">M\u00e1s informaci\u00f3n  <\/a>\n                    <\/li>\n            <li>\n                        <div class=\"content\">\n                <h3>Regalos de contrapartida<\/h3>\n                                <p>\n                    \u00bfSab\u00eda que muchas empresas ofrecen un programa de donaciones de contrapartida para fomentar la filantrop\u00eda entre sus empleados? \u00bfY que algunas empresas incluso igualan las donaciones de c\u00f3nyuges y jubilados o por voluntariado?                <\/p>\n                            <\/div>\n                            <a class=\"button button--style--primary-outlined\" href=\"http:\/\/kidworksoc.org\/donate\/matching-gifts\/\" target=\"_self\">Aprender M\u00e1s<\/a>\n                    <\/li>\n            <li>\n                        <div class=\"content\">\n                <h3>Donaci\u00f3n de veh\u00edculos<\/h3>\n                                <p>\n                    Si tienes un veh\u00edculo extra que ya no necesitas, aprov\u00e9chalo donando ese coche, cami\u00f3n o barco a KidWorks. Conseguiremos el mejor precio por su coche extra y usted podr\u00e1 apoyar la misi\u00f3n de KidWorks. Llame al (714) 834-9400&#215;133 para obtener m\u00e1s informaci\u00f3n.                  <\/p>\n                            <\/div>\n                            <a class=\"button button--style--primary-outlined\" href=\"https:\/\/careasy.org\/nonprofit\/KidWorks-Community-Development-Corporation\" target=\"_blank\">Aprender M\u00e1s<\/a>\n                    <\/li>\n            <li>\n                        <div class=\"content\">\n                <h3>Recaudaci\u00f3n de fondos en Facebook<\/h3>\n                                <p>\n                    Si se acerca un cumplea\u00f1os, una boda u otro acontecimiento de la vida, \u00bfpor qu\u00e9 no invitas a tus amigos y familiares a celebrarlo contigo apoyando a KidWorks?                  <\/p>\n                            <\/div>\n                            <a class=\"button button--style--primary-outlined\" href=\"https:\/\/kidworksoc.org\/facebook-fundraisers\" target=\"_blank\">Aprender M\u00e1s<\/a>\n                    <\/li>\n            <li>\n                        <div class=\"content\">\n                <h3>Donaci\u00f3n de bienes *<\/h3>\n                                <p>\n                    Las donaciones de acciones, bonos, fondos de inversi\u00f3n y otros valores negociables pueden suponer un importante ahorro fiscal, ya que no se pagan impuestos sobre las plusval\u00edas y se solicita una deducci\u00f3n basada en el valor justo de mercado en el momento de la transferencia de la donaci\u00f3n.                <\/p>\n                            <\/div>\n                            <a class=\"button button--style--primary-outlined\" href=\"\/contacto\/\" target=\"_blank\">Contacto<\/a>\n                    <\/li>\n        <\/ul>\n<\/section>\n<\/div>\n\n<div style=\"height:100px\" aria-hidden=\"true\" class=\"wp-block-spacer\"><\/div>\n\n<p>* Entre las <strong>ventajas que puede obtener al realizar una aportaci\u00f3n ben\u00e9fica de acciones o fondos de inversi\u00f3n se incluyen:<\/strong><\/p>\n\n<ul class=\"is-style-check-mark wp-block-list\">\n<li>Evitar el impuesto federal y estatal sobre la plusval\u00eda;<\/li>\n\n\n\n<li>Recibir una deducci\u00f3n en el impuesto sobre la renta (federal y de la mayor\u00eda de los estados) por el valor total de mercado de la donaci\u00f3n si detalla las deducciones en su declaraci\u00f3n de la renta y ha conservado los activos un a\u00f1o o m\u00e1s;<\/li>\n\n\n\n<li>Hacer una donaci\u00f3n mayor a un coste original menor para usted.<\/li>\n<\/ul>\n\n<div style=\"height:100px\" aria-hidden=\"true\" class=\"wp-block-spacer\"><\/div>\n\n<div class=\"wp-block-cover alignfull has-parallax wp-duotone-000000-ffffff-1\" style=\"padding-top:var(--wp--preset--spacing--100);padding-right:var(--wp--preset--spacing--30);padding-bottom:var(--wp--preset--spacing--100);padding-left:var(--wp--preset--spacing--30)\"><span aria-hidden=\"true\" class=\"wp-block-cover__background has-primary-dark-background-color has-background-dim-90 has-background-dim\"><\/span><div role=\"img\" class=\"wp-block-cover__image-background wp-image-2370 has-parallax\" style=\"background-position:50% 50%;background-image:url(http:\/\/kidworksoc.org\/wp-content\/uploads\/2023\/02\/DSC7381.jpeg)\"><\/div><div class=\"wp-block-cover__inner-container is-layout-flow wp-block-cover-is-layout-flow\">\n<div class=\"wp-block-group has-global-padding is-layout-constrained wp-block-group-is-layout-constrained\">\n<div class=\"wp-block-columns alignwide is-layout-flex wp-container-core-columns-is-layout-0cd93624 wp-block-columns-is-layout-flex\">\n<div class=\"wp-block-column is-style-sticky is-layout-flow wp-block-column-is-layout-flow\" style=\"flex-basis:33.33%\">\n<h2 class=\"wp-block-heading\"><strong>Reinversi\u00f3n IRA<\/strong><\/h2>\n\n\n\n<p>Las personas de 70\u00bd a\u00f1os o m\u00e1s pueden hacer donaciones de hasta 100.000 $ directamente desde su cuenta IRA a una o m\u00e1s organizaciones ben\u00e9ficas cualificadas, sin pagar el impuesto federal sobre la renta por la retirada. Los donantes que deseen hacer una donaci\u00f3n en beneficio de KidWorks Community Development Corporation, o que est\u00e9n cumpliendo una promesa existente, pueden realizar una Distribuci\u00f3n Ben\u00e9fica Cualificada.<\/p>\n<\/div>\n\n\n\n<div class=\"wp-block-column is-layout-flow wp-block-column-is-layout-flow\" style=\"flex-basis:66.66%\">\n<h4 class=\"wp-block-heading\"><strong>He aqu\u00ed los detalles<\/strong><\/h4>\n\n\n\n<div style=\"height:20px\" aria-hidden=\"true\" class=\"wp-block-spacer\"><\/div>\n\n\n\n<ul class=\"is-style-check-mark wp-block-list\">\n<li>Los donantes deben tener 70 a\u00f1os y medio o m\u00e1s en el momento de la donaci\u00f3n.<\/li>\n\n\n\n<li>S\u00f3lo son admisibles las cuentas IRA tradicionales<\/li>\n\n\n\n<li>Los donantes deben solicitar una transferencia directa de fondos del administrador de su plan a una organizaci\u00f3n ben\u00e9fica p\u00fablica cualificada; los fondos no pueden retirarse antes de la donaci\u00f3n o se anula el beneficio fiscal.<\/li>\n\n\n\n<li>Las donaciones no pueden hacerse a una fundaci\u00f3n privada o a un fondo asesorado por un donante.<\/li>\n\n\n\n<li>Las donaciones no pueden utilizarse para financiar una renta vitalicia o un fideicomiso caritativo.<\/li>\n\n\n\n<li>Cada donante puede dar hasta 100.000 d\u00f3lares al a\u00f1o. En el caso de las parejas, cada c\u00f3nyuge puede donar hasta 100.000 d\u00f3lares.<\/li>\n\n\n\n<li>Las distribuciones efectuadas en virtud de esta ley pueden utilizarse para satisfacer la distribuci\u00f3n m\u00ednima obligatoria (RMD) del donante. La reinversi\u00f3n permite hacer una donaci\u00f3n ben\u00e9fica para cumplir el RMD sin aumentar la deuda tributaria.<\/li>\n<\/ul>\n\n\n\n<p>Para hacer una donaci\u00f3n a KidWorks desde una cuenta IRA, p\u00f3ngase en contacto con el administrador de su plan IRA y solicite una Distribuci\u00f3n Ben\u00e9fica Cualificada directa desde la cuenta IRA a KidWorks Community Development Corporation, una organizaci\u00f3n 501(c)(3), con n\u00famero de identificaci\u00f3n fiscal 74-3081569. Los cheques deben enviarse directamente a KidWorks Community Development Corporation, 1902 W Chestnut Ave, Santa Ana, CA 92703.<\/p>\n<\/div>\n<\/div>\n<\/div>\n<\/div><\/div>\n\n<div style=\"height:100px\" aria-hidden=\"true\" class=\"wp-block-spacer\"><\/div>\n\n<h5 class=\"wp-block-heading\"><strong>DONANTES DE KIDWORKS<\/strong><\/h5>\n\n<p><em>Nos encanta tener la oportunidad de recordar y celebrar a nuestros fieles seguidores y donantes. Visite nuestra<a href=\"http:\/\/kidworksoc.org\/our-donors\/\" target=\"_blank\" rel=\"noreferrer noopener\"> p\u00e1gina de donantes<\/a> para consultar la lista m\u00e1s actualizada de colaboradores de KidWorks.<\/em><\/p>\n\n<h5 class=\"wp-block-heading\"><strong><a href=\"http:\/\/kidworksoc.org\/wp-content\/uploads\/2023\/02\/KidWorksDonorPrivacyPolicy.pdf\" target=\"_blank\" rel=\"noreferrer noopener\">POL\u00cdTICA DE PRIVACIDAD DEL DONANTE<\/a><\/strong><\/h5>\n\n<p><em>Estamos comprometidos con la excelencia y la responsabilidad para lograr resultados mensurables que demuestren nuestro impacto positivo en los barrios a los que servimos.<\/em><\/p>\n\n<div class=\"wp-block-buttons is-content-justification-center is-layout-flex wp-container-core-buttons-is-layout-a89b3969 wp-block-buttons-is-layout-flex\">\n<div class=\"wp-block-button\"><a class=\"wp-block-button__link has-text-align-center wp-element-button\" href=\"http:\/\/kidworksoc.org\/wp-content\/uploads\/2023\/01\/KidWorksDonorPrivacyPolicy.pdf\" target=\"_blank\" rel=\"noreferrer noopener\">Aprender M\u00e1s<\/a><\/div>\n<\/div>\n\n<p><strong><em>Nota:<\/em><\/strong><em>  KidWorks Community Development Corporation no puede ofrecer asesoramiento fiscal o jur\u00eddico. Consulte a su asesor fiscal profesional sobre la mejor manera de aprovechar cualquier oportunidad de donar.<\/em><\/p>\n","protected":false},"excerpt":{"rendered":"<p>Donaci\u00f3n mensual \u00danase a la Lista de Honor de KidWorks, nuestro grupo de dedicados donantes mensuales, que creen que el barrio de un ni\u00f1o no debe determinar su acceso a&hellip; <a class=\"more-link\" href=\"https:\/\/kidworksoc.org\/es\/donar\/\">Siga Leyendo<\/a><\/p>\n","protected":false},"author":1,"featured_media":2428,"parent":0,"menu_order":0,"comment_status":"closed","ping_status":"closed","template":"","meta":{"_acf_changed":false,"_searchwp_excluded":"","_monsterinsights_skip_tracking":false,"_monsterinsights_sitenote_active":false,"_monsterinsights_sitenote_note":"","_monsterinsights_sitenote_category":0,"_uf_show_specific_survey":0,"_uf_disable_surveys":false,"footnotes":""},"class_list":["post-3344","page","type-page","status-publish","has-post-thumbnail","hentry"],"acf":[],"aioseo_notices":[],"yoast_head":"<!-- This site is optimized with the Yoast SEO plugin v27.6 - https:\/\/yoast.com\/product\/yoast-seo-wordpress\/ -->\n<title>Donar - KidWorks<\/title>\n<meta name=\"description\" content=\"Donaciones a KidWorks Apoyando a la comunidad KidWorks, usted da poder aestudiantes universitarios de primera generaci\u00f3nhacia carreras con sentido.\" \/>\n<meta name=\"robots\" content=\"index, follow, max-snippet:-1, max-image-preview:large, max-video-preview:-1\" \/>\n<link rel=\"canonical\" href=\"https:\/\/kidworksoc.org\/es\/donar\/\" \/>\n<meta property=\"og:locale\" content=\"es_ES\" \/>\n<meta property=\"og:type\" content=\"article\" \/>\n<meta property=\"og:title\" content=\"Donar\" \/>\n<meta property=\"og:url\" content=\"https:\/\/kidworksoc.org\/es\/donar\/\" \/>\n<meta property=\"og:site_name\" content=\"KidWorks\" \/>\n<meta property=\"article:publisher\" content=\"https:\/\/www.facebook.com\/kidworkscdc\" \/>\n<meta property=\"article:modified_time\" content=\"2023-08-03T22:49:46+00:00\" \/>\n<meta property=\"og:image\" content=\"http:\/\/kidworksoc.org\/wp-content\/uploads\/2023\/02\/photo-output_0-600x600.jpeg\" \/>\n<meta name=\"twitter:card\" content=\"summary_large_image\" \/>\n<meta name=\"twitter:title\" content=\"Donar\" \/>\n<meta name=\"twitter:image\" content=\"http:\/\/kidworksoc.org\/wp-content\/uploads\/2023\/02\/photo-output_0-600x600.jpeg\" \/>\n<meta name=\"twitter:site\" content=\"@kidworks\" \/>\n<script type=\"application\/ld+json\" class=\"yoast-schema-graph\">{\"@context\":\"https:\\\/\\\/schema.org\",\"@graph\":[{\"@type\":\"WebPage\",\"@id\":\"https:\\\/\\\/kidworksoc.org\\\/es\\\/donar\\\/\",\"url\":\"https:\\\/\\\/kidworksoc.org\\\/es\\\/donar\\\/\",\"name\":\"Donar - KidWorks\",\"isPartOf\":{\"@id\":\"https:\\\/\\\/kidworksoc.org\\\/es\\\/#website\"},\"primaryImageOfPage\":{\"@id\":\"https:\\\/\\\/kidworksoc.org\\\/es\\\/donar\\\/#primaryimage\"},\"image\":{\"@id\":\"https:\\\/\\\/kidworksoc.org\\\/es\\\/donar\\\/#primaryimage\"},\"thumbnailUrl\":\"https:\\\/\\\/kidworksoc.org\\\/wp-content\\\/uploads\\\/2023\\\/02\\\/photo-output_0.jpeg\",\"datePublished\":\"2023-01-25T18:40:38+00:00\",\"dateModified\":\"2023-08-03T22:49:46+00:00\",\"description\":\"Donaciones a KidWorks Apoyando a la comunidad KidWorks, usted da poder aestudiantes universitarios de primera generaci\u00f3nhacia carreras con sentido.\",\"breadcrumb\":{\"@id\":\"https:\\\/\\\/kidworksoc.org\\\/es\\\/donar\\\/#breadcrumb\"},\"inLanguage\":\"es\",\"potentialAction\":[{\"@type\":\"ReadAction\",\"target\":[\"https:\\\/\\\/kidworksoc.org\\\/es\\\/donar\\\/\"]}]},{\"@type\":\"ImageObject\",\"inLanguage\":\"es\",\"@id\":\"https:\\\/\\\/kidworksoc.org\\\/es\\\/donar\\\/#primaryimage\",\"url\":\"https:\\\/\\\/kidworksoc.org\\\/wp-content\\\/uploads\\\/2023\\\/02\\\/photo-output_0.jpeg\",\"contentUrl\":\"https:\\\/\\\/kidworksoc.org\\\/wp-content\\\/uploads\\\/2023\\\/02\\\/photo-output_0.jpeg\",\"width\":1600,\"height\":1600},{\"@type\":\"BreadcrumbList\",\"@id\":\"https:\\\/\\\/kidworksoc.org\\\/es\\\/donar\\\/#breadcrumb\",\"itemListElement\":[{\"@type\":\"ListItem\",\"position\":1,\"name\":\"Home\",\"item\":\"https:\\\/\\\/kidworksoc.org\\\/es\\\/\"},{\"@type\":\"ListItem\",\"position\":2,\"name\":\"Donar\"}]},{\"@type\":\"WebSite\",\"@id\":\"https:\\\/\\\/kidworksoc.org\\\/es\\\/#website\",\"url\":\"https:\\\/\\\/kidworksoc.org\\\/es\\\/\",\"name\":\"KidWorks\",\"description\":\"Unleashing Youth Potential\u2122\",\"publisher\":{\"@id\":\"https:\\\/\\\/kidworksoc.org\\\/es\\\/#organization\"},\"potentialAction\":[{\"@type\":\"SearchAction\",\"target\":{\"@type\":\"EntryPoint\",\"urlTemplate\":\"https:\\\/\\\/kidworksoc.org\\\/es\\\/?s={search_term_string}\"},\"query-input\":{\"@type\":\"PropertyValueSpecification\",\"valueRequired\":true,\"valueName\":\"search_term_string\"}}],\"inLanguage\":\"es\"},{\"@type\":\"Organization\",\"@id\":\"https:\\\/\\\/kidworksoc.org\\\/es\\\/#organization\",\"name\":\"KidWorks\",\"url\":\"https:\\\/\\\/kidworksoc.org\\\/es\\\/\",\"logo\":{\"@type\":\"ImageObject\",\"inLanguage\":\"es\",\"@id\":\"https:\\\/\\\/kidworksoc.org\\\/es\\\/#\\\/schema\\\/logo\\\/image\\\/\",\"url\":\"https:\\\/\\\/kidworksoc.org\\\/wp-content\\\/uploads\\\/2023\\\/01\\\/kidworks-anniversary-logo.png\",\"contentUrl\":\"https:\\\/\\\/kidworksoc.org\\\/wp-content\\\/uploads\\\/2023\\\/01\\\/kidworks-anniversary-logo.png\",\"width\":420,\"height\":114,\"caption\":\"KidWorks\"},\"image\":{\"@id\":\"https:\\\/\\\/kidworksoc.org\\\/es\\\/#\\\/schema\\\/logo\\\/image\\\/\"},\"sameAs\":[\"https:\\\/\\\/www.facebook.com\\\/kidworkscdc\",\"https:\\\/\\\/x.com\\\/kidworks\",\"https:\\\/\\\/www.instagram.com\\\/kidworks\\\/\",\"https:\\\/\\\/www.yelp.com\\\/biz\\\/kidworks-santa-ana?osq=kidworks\",\"https:\\\/\\\/www.youtube.com\\\/user\\\/KidWorksCDC\",\"https:\\\/\\\/www.linkedin.com\\\/company\\\/kidworkscdc\"]}]}<\/script>\n<!-- \/ Yoast SEO plugin. -->","yoast_head_json":{"title":"Donar - KidWorks","description":"Donaciones a KidWorks Apoyando a la comunidad KidWorks, usted da poder aestudiantes universitarios de primera generaci\u00f3nhacia carreras con sentido.","robots":{"index":"index","follow":"follow","max-snippet":"max-snippet:-1","max-image-preview":"max-image-preview:large","max-video-preview":"max-video-preview:-1"},"canonical":"https:\/\/kidworksoc.org\/es\/donar\/","og_locale":"es_ES","og_type":"article","og_title":"Donar","og_url":"https:\/\/kidworksoc.org\/es\/donar\/","og_site_name":"KidWorks","article_publisher":"https:\/\/www.facebook.com\/kidworkscdc","article_modified_time":"2023-08-03T22:49:46+00:00","og_image":[{"url":"http:\/\/kidworksoc.org\/wp-content\/uploads\/2023\/02\/photo-output_0-600x600.jpeg","type":"","width":"","height":""}],"twitter_card":"summary_large_image","twitter_title":"Donar","twitter_image":"http:\/\/kidworksoc.org\/wp-content\/uploads\/2023\/02\/photo-output_0-600x600.jpeg","twitter_site":"@kidworks","schema":{"@context":"https:\/\/schema.org","@graph":[{"@type":"WebPage","@id":"https:\/\/kidworksoc.org\/es\/donar\/","url":"https:\/\/kidworksoc.org\/es\/donar\/","name":"Donar - KidWorks","isPartOf":{"@id":"https:\/\/kidworksoc.org\/es\/#website"},"primaryImageOfPage":{"@id":"https:\/\/kidworksoc.org\/es\/donar\/#primaryimage"},"image":{"@id":"https:\/\/kidworksoc.org\/es\/donar\/#primaryimage"},"thumbnailUrl":"https:\/\/kidworksoc.org\/wp-content\/uploads\/2023\/02\/photo-output_0.jpeg","datePublished":"2023-01-25T18:40:38+00:00","dateModified":"2023-08-03T22:49:46+00:00","description":"Donaciones a KidWorks Apoyando a la comunidad KidWorks, usted da poder aestudiantes universitarios de primera generaci\u00f3nhacia carreras con sentido.","breadcrumb":{"@id":"https:\/\/kidworksoc.org\/es\/donar\/#breadcrumb"},"inLanguage":"es","potentialAction":[{"@type":"ReadAction","target":["https:\/\/kidworksoc.org\/es\/donar\/"]}]},{"@type":"ImageObject","inLanguage":"es","@id":"https:\/\/kidworksoc.org\/es\/donar\/#primaryimage","url":"https:\/\/kidworksoc.org\/wp-content\/uploads\/2023\/02\/photo-output_0.jpeg","contentUrl":"https:\/\/kidworksoc.org\/wp-content\/uploads\/2023\/02\/photo-output_0.jpeg","width":1600,"height":1600},{"@type":"BreadcrumbList","@id":"https:\/\/kidworksoc.org\/es\/donar\/#breadcrumb","itemListElement":[{"@type":"ListItem","position":1,"name":"Home","item":"https:\/\/kidworksoc.org\/es\/"},{"@type":"ListItem","position":2,"name":"Donar"}]},{"@type":"WebSite","@id":"https:\/\/kidworksoc.org\/es\/#website","url":"https:\/\/kidworksoc.org\/es\/","name":"KidWorks","description":"Unleashing Youth Potential\u2122","publisher":{"@id":"https:\/\/kidworksoc.org\/es\/#organization"},"potentialAction":[{"@type":"SearchAction","target":{"@type":"EntryPoint","urlTemplate":"https:\/\/kidworksoc.org\/es\/?s={search_term_string}"},"query-input":{"@type":"PropertyValueSpecification","valueRequired":true,"valueName":"search_term_string"}}],"inLanguage":"es"},{"@type":"Organization","@id":"https:\/\/kidworksoc.org\/es\/#organization","name":"KidWorks","url":"https:\/\/kidworksoc.org\/es\/","logo":{"@type":"ImageObject","inLanguage":"es","@id":"https:\/\/kidworksoc.org\/es\/#\/schema\/logo\/image\/","url":"https:\/\/kidworksoc.org\/wp-content\/uploads\/2023\/01\/kidworks-anniversary-logo.png","contentUrl":"https:\/\/kidworksoc.org\/wp-content\/uploads\/2023\/01\/kidworks-anniversary-logo.png","width":420,"height":114,"caption":"KidWorks"},"image":{"@id":"https:\/\/kidworksoc.org\/es\/#\/schema\/logo\/image\/"},"sameAs":["https:\/\/www.facebook.com\/kidworkscdc","https:\/\/x.com\/kidworks","https:\/\/www.instagram.com\/kidworks\/","https:\/\/www.yelp.com\/biz\/kidworks-santa-ana?osq=kidworks","https:\/\/www.youtube.com\/user\/KidWorksCDC","https:\/\/www.linkedin.com\/company\/kidworkscdc"]}]}},"_links":{"self":[{"href":"https:\/\/kidworksoc.org\/es\/wp-json\/wp\/v2\/pages\/3344","targetHints":{"allow":["GET"]}}],"collection":[{"href":"https:\/\/kidworksoc.org\/es\/wp-json\/wp\/v2\/pages"}],"about":[{"href":"https:\/\/kidworksoc.org\/es\/wp-json\/wp\/v2\/types\/page"}],"author":[{"embeddable":true,"href":"https:\/\/kidworksoc.org\/es\/wp-json\/wp\/v2\/users\/1"}],"replies":[{"embeddable":true,"href":"https:\/\/kidworksoc.org\/es\/wp-json\/wp\/v2\/comments?post=3344"}],"version-history":[{"count":0,"href":"https:\/\/kidworksoc.org\/es\/wp-json\/wp\/v2\/pages\/3344\/revisions"}],"wp:featuredmedia":[{"embeddable":true,"href":"https:\/\/kidworksoc.org\/es\/wp-json\/wp\/v2\/media\/2428"}],"wp:attachment":[{"href":"https:\/\/kidworksoc.org\/es\/wp-json\/wp\/v2\/media?parent=3344"}],"curies":[{"name":"wp","href":"https:\/\/api.w.org\/{rel}","templated":true}]}}