{"id":3185,"date":"2022-11-14T19:11:54","date_gmt":"2022-11-15T03:11:54","guid":{"rendered":"http:\/\/kidworksoc.org\/politica-de-privacidad\/"},"modified":"2023-07-13T10:42:17","modified_gmt":"2023-07-13T17:42:17","slug":"politica-de-privacidad","status":"publish","type":"page","link":"https:\/\/kidworksoc.org\/es\/politica-de-privacidad\/","title":{"rendered":"Pol\u00edtica de privacidad"},"content":{"rendered":"\n<p>En consecuencia, hemos elaborado esta Pol\u00edtica para que usted entienda c\u00f3mo recogemos, utilizamos, comunicamos y divulgamos y hacemos uso de la informaci\u00f3n personal. A continuaci\u00f3n se describe nuestra pol\u00edtica de privacidad.<\/p>\n\n<ul class=\"is-style-check-mark wp-block-list\">\n<li>Antes o en el momento de recopilar informaci\u00f3n personal, identificaremos los fines para los que se recopila la informaci\u00f3n.<\/li>\n\n\n\n<li>Recopilaremos y utilizaremos la informaci\u00f3n personal \u00fanicamente con el objetivo de cumplir los fines especificados por nosotros y para otros fines compatibles, a menos que obtengamos el consentimiento de la persona en cuesti\u00f3n o seg\u00fan lo exija la ley.<\/li>\n\n\n\n<li>S\u00f3lo conservaremos la informaci\u00f3n personal durante el tiempo necesario para el cumplimiento de dichos fines.<\/li>\n\n\n\n<li>Recopilaremos informaci\u00f3n personal por medios legales y justos y, cuando proceda, con el conocimiento o consentimiento de la persona afectada.<\/li>\n\n\n\n<li>Los datos personales deben ser pertinentes para los fines para los que se van a utilizar y, en la medida necesaria para esos fines, deben ser exactos, completos y actualizados.<\/li>\n\n\n\n<li>Protegeremos la informaci\u00f3n personal mediante medidas de seguridad razonables contra p\u00e9rdidas o robos, as\u00ed como contra el acceso, la divulgaci\u00f3n, la copia, el uso o la modificaci\u00f3n no autorizados.<\/li>\n\n\n\n<li>Pondremos a disposici\u00f3n de los clientes informaci\u00f3n sobre nuestras pol\u00edticas y pr\u00e1cticas relativas a la gesti\u00f3n de la informaci\u00f3n personal.<\/li>\n\n\n\n<li>Our website uses cookies to give you the best browsing experience possible and help us understand how you use our site. You can configure your browser to block cookies, but some parts of our site won&#8217;t work without them. By using our website, you accept our use of cookies.<\/li>\n<\/ul>\n\n<p>Nos comprometemos a desarrollar nuestra actividad de acuerdo con estos principios para garantizar la protecci\u00f3n y el mantenimiento de la confidencialidad de la informaci\u00f3n personal.<\/p>\n","protected":false},"excerpt":{"rendered":"<p>En consecuencia, hemos elaborado esta Pol\u00edtica para que usted entienda c\u00f3mo recogemos, utilizamos, comunicamos y divulgamos y hacemos uso de la informaci\u00f3n personal. A continuaci\u00f3n se describe nuestra pol\u00edtica de&hellip; <a class=\"more-link\" href=\"https:\/\/kidworksoc.org\/es\/politica-de-privacidad\/\">Siga Leyendo<\/a><\/p>\n","protected":false},"author":1,"featured_media":0,"parent":0,"menu_order":99,"comment_status":"closed","ping_status":"closed","template":"","meta":{"_acf_changed":false,"_searchwp_excluded":"","_monsterinsights_skip_tracking":false,"_monsterinsights_sitenote_active":false,"_monsterinsights_sitenote_note":"","_monsterinsights_sitenote_category":0,"_uf_show_specific_survey":0,"_uf_disable_surveys":false,"footnotes":""},"class_list":["post-3185","page","type-page","status-publish","hentry"],"acf":[],"aioseo_notices":[],"yoast_head":"<!-- This site is optimized with the Yoast SEO plugin v27.3 - https:\/\/yoast.com\/product\/yoast-seo-wordpress\/ -->\n<title>Pol\u00edtica de privacidad - KidWorks<\/title>\n<meta name=\"description\" content=\"En consecuencia, hemos elaborado esta Pol\u00edtica para que usted entienda c\u00f3mo recogemos, utilizamos, comunicamos y divulgamos y hacemos uso de la\" \/>\n<meta name=\"robots\" content=\"index, follow, max-snippet:-1, max-image-preview:large, max-video-preview:-1\" \/>\n<link rel=\"canonical\" href=\"https:\/\/kidworksoc.org\/es\/politica-de-privacidad\/\" \/>\n<meta property=\"og:locale\" content=\"es_ES\" \/>\n<meta property=\"og:type\" content=\"article\" \/>\n<meta property=\"og:title\" content=\"Pol\u00edtica de privacidad - KidWorks\" \/>\n<meta property=\"og:description\" content=\"En consecuencia, hemos elaborado esta Pol\u00edtica para que usted entienda c\u00f3mo recogemos, utilizamos, comunicamos y divulgamos y hacemos uso de la\" \/>\n<meta property=\"og:url\" content=\"https:\/\/kidworksoc.org\/es\/politica-de-privacidad\/\" \/>\n<meta property=\"og:site_name\" content=\"KidWorks\" \/>\n<meta property=\"article:publisher\" content=\"https:\/\/www.facebook.com\/kidworkscdc\" \/>\n<meta property=\"article:modified_time\" content=\"2023-07-13T17:42:17+00:00\" \/>\n<meta property=\"og:image\" content=\"https:\/\/kidworksoc.org\/wp-content\/uploads\/2023\/08\/KidWorks_30thAnniversary-Color.png\" \/>\n\t<meta property=\"og:image:width\" content=\"1511\" \/>\n\t<meta property=\"og:image:height\" content=\"1076\" \/>\n\t<meta property=\"og:image:type\" content=\"image\/png\" \/>\n<meta name=\"twitter:card\" content=\"summary_large_image\" \/>\n<meta name=\"twitter:site\" content=\"@kidworks\" \/>\n<script type=\"application\/ld+json\" class=\"yoast-schema-graph\">{\"@context\":\"https:\\\/\\\/schema.org\",\"@graph\":[{\"@type\":\"WebPage\",\"@id\":\"https:\\\/\\\/kidworksoc.org\\\/es\\\/politica-de-privacidad\\\/\",\"url\":\"https:\\\/\\\/kidworksoc.org\\\/es\\\/politica-de-privacidad\\\/\",\"name\":\"Pol\u00edtica de privacidad - KidWorks\",\"isPartOf\":{\"@id\":\"https:\\\/\\\/kidworksoc.org\\\/es\\\/#website\"},\"datePublished\":\"2022-11-15T03:11:54+00:00\",\"dateModified\":\"2023-07-13T17:42:17+00:00\",\"description\":\"En consecuencia, hemos elaborado esta Pol\u00edtica para que usted entienda c\u00f3mo recogemos, utilizamos, comunicamos y divulgamos y hacemos uso de la\",\"breadcrumb\":{\"@id\":\"https:\\\/\\\/kidworksoc.org\\\/es\\\/politica-de-privacidad\\\/#breadcrumb\"},\"inLanguage\":\"es\",\"potentialAction\":[{\"@type\":\"ReadAction\",\"target\":[\"https:\\\/\\\/kidworksoc.org\\\/es\\\/politica-de-privacidad\\\/\"]}]},{\"@type\":\"BreadcrumbList\",\"@id\":\"https:\\\/\\\/kidworksoc.org\\\/es\\\/politica-de-privacidad\\\/#breadcrumb\",\"itemListElement\":[{\"@type\":\"ListItem\",\"position\":1,\"name\":\"Home\",\"item\":\"https:\\\/\\\/kidworksoc.org\\\/es\\\/\"},{\"@type\":\"ListItem\",\"position\":2,\"name\":\"Pol\u00edtica de privacidad\"}]},{\"@type\":\"WebSite\",\"@id\":\"https:\\\/\\\/kidworksoc.org\\\/es\\\/#website\",\"url\":\"https:\\\/\\\/kidworksoc.org\\\/es\\\/\",\"name\":\"KidWorks\",\"description\":\"Unleashing Youth Potential\u2122\",\"publisher\":{\"@id\":\"https:\\\/\\\/kidworksoc.org\\\/es\\\/#organization\"},\"potentialAction\":[{\"@type\":\"SearchAction\",\"target\":{\"@type\":\"EntryPoint\",\"urlTemplate\":\"https:\\\/\\\/kidworksoc.org\\\/es\\\/?s={search_term_string}\"},\"query-input\":{\"@type\":\"PropertyValueSpecification\",\"valueRequired\":true,\"valueName\":\"search_term_string\"}}],\"inLanguage\":\"es\"},{\"@type\":\"Organization\",\"@id\":\"https:\\\/\\\/kidworksoc.org\\\/es\\\/#organization\",\"name\":\"KidWorks\",\"url\":\"https:\\\/\\\/kidworksoc.org\\\/es\\\/\",\"logo\":{\"@type\":\"ImageObject\",\"inLanguage\":\"es\",\"@id\":\"https:\\\/\\\/kidworksoc.org\\\/es\\\/#\\\/schema\\\/logo\\\/image\\\/\",\"url\":\"https:\\\/\\\/kidworksoc.org\\\/wp-content\\\/uploads\\\/2023\\\/01\\\/kidworks-anniversary-logo.png\",\"contentUrl\":\"https:\\\/\\\/kidworksoc.org\\\/wp-content\\\/uploads\\\/2023\\\/01\\\/kidworks-anniversary-logo.png\",\"width\":420,\"height\":114,\"caption\":\"KidWorks\"},\"image\":{\"@id\":\"https:\\\/\\\/kidworksoc.org\\\/es\\\/#\\\/schema\\\/logo\\\/image\\\/\"},\"sameAs\":[\"https:\\\/\\\/www.facebook.com\\\/kidworkscdc\",\"https:\\\/\\\/x.com\\\/kidworks\",\"https:\\\/\\\/www.instagram.com\\\/kidworks\\\/\",\"https:\\\/\\\/www.yelp.com\\\/biz\\\/kidworks-santa-ana?osq=kidworks\",\"https:\\\/\\\/www.youtube.com\\\/user\\\/KidWorksCDC\",\"https:\\\/\\\/www.linkedin.com\\\/company\\\/kidworkscdc\"]}]}<\/script>\n<!-- \/ Yoast SEO plugin. -->","yoast_head_json":{"title":"Pol\u00edtica de privacidad - KidWorks","description":"En consecuencia, hemos elaborado esta Pol\u00edtica para que usted entienda c\u00f3mo recogemos, utilizamos, comunicamos y divulgamos y hacemos uso de la","robots":{"index":"index","follow":"follow","max-snippet":"max-snippet:-1","max-image-preview":"max-image-preview:large","max-video-preview":"max-video-preview:-1"},"canonical":"https:\/\/kidworksoc.org\/es\/politica-de-privacidad\/","og_locale":"es_ES","og_type":"article","og_title":"Pol\u00edtica de privacidad - KidWorks","og_description":"En consecuencia, hemos elaborado esta Pol\u00edtica para que usted entienda c\u00f3mo recogemos, utilizamos, comunicamos y divulgamos y hacemos uso de la","og_url":"https:\/\/kidworksoc.org\/es\/politica-de-privacidad\/","og_site_name":"KidWorks","article_publisher":"https:\/\/www.facebook.com\/kidworkscdc","article_modified_time":"2023-07-13T17:42:17+00:00","og_image":[{"width":1511,"height":1076,"url":"https:\/\/kidworksoc.org\/wp-content\/uploads\/2023\/08\/KidWorks_30thAnniversary-Color.png","type":"image\/png"}],"twitter_card":"summary_large_image","twitter_site":"@kidworks","schema":{"@context":"https:\/\/schema.org","@graph":[{"@type":"WebPage","@id":"https:\/\/kidworksoc.org\/es\/politica-de-privacidad\/","url":"https:\/\/kidworksoc.org\/es\/politica-de-privacidad\/","name":"Pol\u00edtica de privacidad - KidWorks","isPartOf":{"@id":"https:\/\/kidworksoc.org\/es\/#website"},"datePublished":"2022-11-15T03:11:54+00:00","dateModified":"2023-07-13T17:42:17+00:00","description":"En consecuencia, hemos elaborado esta Pol\u00edtica para que usted entienda c\u00f3mo recogemos, utilizamos, comunicamos y divulgamos y hacemos uso de la","breadcrumb":{"@id":"https:\/\/kidworksoc.org\/es\/politica-de-privacidad\/#breadcrumb"},"inLanguage":"es","potentialAction":[{"@type":"ReadAction","target":["https:\/\/kidworksoc.org\/es\/politica-de-privacidad\/"]}]},{"@type":"BreadcrumbList","@id":"https:\/\/kidworksoc.org\/es\/politica-de-privacidad\/#breadcrumb","itemListElement":[{"@type":"ListItem","position":1,"name":"Home","item":"https:\/\/kidworksoc.org\/es\/"},{"@type":"ListItem","position":2,"name":"Pol\u00edtica de privacidad"}]},{"@type":"WebSite","@id":"https:\/\/kidworksoc.org\/es\/#website","url":"https:\/\/kidworksoc.org\/es\/","name":"KidWorks","description":"Unleashing Youth Potential\u2122","publisher":{"@id":"https:\/\/kidworksoc.org\/es\/#organization"},"potentialAction":[{"@type":"SearchAction","target":{"@type":"EntryPoint","urlTemplate":"https:\/\/kidworksoc.org\/es\/?s={search_term_string}"},"query-input":{"@type":"PropertyValueSpecification","valueRequired":true,"valueName":"search_term_string"}}],"inLanguage":"es"},{"@type":"Organization","@id":"https:\/\/kidworksoc.org\/es\/#organization","name":"KidWorks","url":"https:\/\/kidworksoc.org\/es\/","logo":{"@type":"ImageObject","inLanguage":"es","@id":"https:\/\/kidworksoc.org\/es\/#\/schema\/logo\/image\/","url":"https:\/\/kidworksoc.org\/wp-content\/uploads\/2023\/01\/kidworks-anniversary-logo.png","contentUrl":"https:\/\/kidworksoc.org\/wp-content\/uploads\/2023\/01\/kidworks-anniversary-logo.png","width":420,"height":114,"caption":"KidWorks"},"image":{"@id":"https:\/\/kidworksoc.org\/es\/#\/schema\/logo\/image\/"},"sameAs":["https:\/\/www.facebook.com\/kidworkscdc","https:\/\/x.com\/kidworks","https:\/\/www.instagram.com\/kidworks\/","https:\/\/www.yelp.com\/biz\/kidworks-santa-ana?osq=kidworks","https:\/\/www.youtube.com\/user\/KidWorksCDC","https:\/\/www.linkedin.com\/company\/kidworkscdc"]}]}},"_links":{"self":[{"href":"https:\/\/kidworksoc.org\/es\/wp-json\/wp\/v2\/pages\/3185","targetHints":{"allow":["GET"]}}],"collection":[{"href":"https:\/\/kidworksoc.org\/es\/wp-json\/wp\/v2\/pages"}],"about":[{"href":"https:\/\/kidworksoc.org\/es\/wp-json\/wp\/v2\/types\/page"}],"author":[{"embeddable":true,"href":"https:\/\/kidworksoc.org\/es\/wp-json\/wp\/v2\/users\/1"}],"replies":[{"embeddable":true,"href":"https:\/\/kidworksoc.org\/es\/wp-json\/wp\/v2\/comments?post=3185"}],"version-history":[{"count":0,"href":"https:\/\/kidworksoc.org\/es\/wp-json\/wp\/v2\/pages\/3185\/revisions"}],"wp:attachment":[{"href":"https:\/\/kidworksoc.org\/es\/wp-json\/wp\/v2\/media?parent=3185"}],"curies":[{"name":"wp","href":"https:\/\/api.w.org\/{rel}","templated":true}]}}