{"id":3184,"date":"2022-12-05T21:13:24","date_gmt":"2022-12-06T05:13:24","guid":{"rendered":"http:\/\/kidworksoc.org\/juventud\/"},"modified":"2023-07-06T10:11:46","modified_gmt":"2023-07-06T17:11:46","slug":"juventud","status":"publish","type":"page","link":"https:\/\/kidworksoc.org\/es\/juventud\/","title":{"rendered":"Juventud"},"content":{"rendered":"\n<div class=\"wp-block-cover alignfull is-light\" style=\"padding-top:var(--wp--preset--spacing--300);padding-right:var(--wp--preset--spacing--30);padding-bottom:var(--wp--preset--spacing--150);padding-left:var(--wp--preset--spacing--30)\"><span aria-hidden=\"true\" class=\"wp-block-cover__background has-background-dim-100 has-background-dim has-background-gradient\" style=\"background:linear-gradient(0deg,rgb(24,49,111) 0%,rgba(25,49,112,0.35) 100%)\"><\/span><img decoding=\"async\" width=\"2036\" height=\"1667\" src=\"https:\/\/kidworksoc.org\/wp-content\/uploads\/2023\/01\/IMG_8050.jpg\" class=\"wp-block-cover__image-background wp-post-image\" alt=\"\" data-object-fit=\"cover\" data-object-position=\"50% 50%\" style=\"object-position:50% 50%;\" srcset=\"https:\/\/kidworksoc.org\/wp-content\/uploads\/2023\/01\/IMG_8050.jpg 2036w, https:\/\/kidworksoc.org\/wp-content\/uploads\/2023\/01\/IMG_8050-1280x1048.jpg 1280w, https:\/\/kidworksoc.org\/wp-content\/uploads\/2023\/01\/IMG_8050-1600x1310.jpg 1600w, https:\/\/kidworksoc.org\/wp-content\/uploads\/2023\/01\/IMG_8050-1440x1179.jpg 1440w, https:\/\/kidworksoc.org\/wp-content\/uploads\/2023\/01\/IMG_8050-1536x1258.jpg 1536w, https:\/\/kidworksoc.org\/wp-content\/uploads\/2023\/01\/IMG_8050-600x491.jpg 600w\" sizes=\"(max-width: 2036px) 100vw, 2036px\" \/><div class=\"wp-block-cover__inner-container is-layout-flow wp-block-cover-is-layout-flow\">\n<div class=\"wp-block-group has-tertiary-color has-text-color has-global-padding is-layout-constrained wp-container-core-group-is-layout-9b5fd1f6 wp-block-group-is-layout-constrained\">\n<h1 class=\"wp-block-heading has-text-align-center is-style-muted-heading has-accent-color has-text-color\">Programas para j\u00f3venes<\/h1>\n\n\n\n<h2 class=\"wp-block-heading has-text-align-center is-style-dashed-heading has-white-color has-text-color\" style=\"font-size:clamp(33.419px, 2.089rem + ((1vw - 3.2px) * 2.769), 60px);\"><strong>Crear oportunidades que cambien la vida de los j\u00f3venes<\/strong><\/h2>\n\n\n\n<p class=\"has-text-align-center has-tertiary-light-color has-text-color has-medium-font-size\">Los programas para j\u00f3venes de KidWorks dotan a los estudiantes de una base de fe, un sentido de prop\u00f3sito y una pasi\u00f3n por el servicio.<\/p>\n<\/div>\n<\/div><\/div>\n\n<div class=\"wp-block-group alignfull has-tertiary-background-color has-background has-global-padding is-layout-constrained wp-container-core-group-is-layout-9629f533 wp-block-group-is-layout-constrained\" style=\"padding-top:var(--wp--preset--spacing--100);padding-right:var(--wp--preset--spacing--30);padding-bottom:var(--wp--preset--spacing--100);padding-left:var(--wp--preset--spacing--30)\">\n<div class=\"wp-block-columns alignwide is-style-lg-gap is-layout-flex wp-container-core-columns-is-layout-28f84493 wp-block-columns-is-layout-flex\">\n<div class=\"wp-block-column is-style-sticky is-layout-flow wp-block-column-is-layout-flow\" style=\"flex-basis:33.33%\">\n<h2 class=\"wp-block-heading has-x-large-font-size\"><strong>Nuestros distintivos<\/strong><\/h2>\n\n\n\n<p>Ponemos a los j\u00f3venes en el camino directo hacia la universidad y un futuro mejor.<\/p>\n\n\n\n<div class=\"wp-block-buttons is-layout-flex wp-block-buttons-is-layout-flex\">\n<div class=\"wp-block-button\"><a class=\"wp-block-button__link wp-element-button\" href=\"http:\/\/kidworksoc.org\/registration\/\">Reg\u00edstrese hoy<\/a><\/div>\n<\/div>\n\n\n<\/div>\n\n\n\n<div class=\"wp-block-column is-layout-flow wp-block-column-is-layout-flow\" style=\"flex-basis:66.66%\">\n<section class=\"blocks block-blurbs is-style-icon-inline-blurb\" id=\"block_7c670eb4cc438a48fa01ded922462268\">\n    <ul>\n            <li>\n                            <figure>\n                    <img decoding=\"async\" width=\"512\" height=\"512\" src=\"https:\/\/kidworksoc.org\/wp-content\/uploads\/2023\/03\/icon-hands.png\" class=\"attachment-thumb_uncropped size-thumb_uncropped\" alt=\"\" srcset=\"https:\/\/kidworksoc.org\/wp-content\/uploads\/2023\/03\/icon-hands.png 512w, https:\/\/kidworksoc.org\/wp-content\/uploads\/2023\/03\/icon-hands-150x150.png 150w\" sizes=\"(max-width: 512px) 100vw, 512px\" \/>                <\/figure>\n                        <div class=\"content\">\n                <h3>Basado en las relaciones<\/h3>\n                                <p>\n                    A trav\u00e9s de relaciones intencionales y en asociaci\u00f3n con las familias, el personal y los voluntarios, caminar junto a los j\u00f3venes a medida que navegan por la vida cotidiana. Las noches y eventos juveniles ofrecen a los estudiantes un refugio seguro donde entablar relaciones significativas con sus compa\u00f1eros.                <\/p>\n                            <\/div>\n                    <\/li>\n            <li>\n                            <figure>\n                    <img decoding=\"async\" width=\"512\" height=\"512\" src=\"https:\/\/kidworksoc.org\/wp-content\/uploads\/2023\/03\/icon-leader.png\" class=\"attachment-thumb_uncropped size-thumb_uncropped\" alt=\"\" srcset=\"https:\/\/kidworksoc.org\/wp-content\/uploads\/2023\/03\/icon-leader.png 512w, https:\/\/kidworksoc.org\/wp-content\/uploads\/2023\/03\/icon-leader-150x150.png 150w\" sizes=\"(max-width: 512px) 100vw, 512px\" \/>                <\/figure>\n                        <div class=\"content\">\n                <h3>Liderazgo impulsado<\/h3>\n                                <p>\n                    En KidWorks se forman los l\u00edderes del ma\u00f1ana. Nuestro programa Ignite Leadership ayuda a los estudiantes a adquirir capacidad de organizaci\u00f3n, oratoria, gesti\u00f3n del tiempo y fijaci\u00f3n de objetivos&#8230;&#8230;habilidades esenciales para el \u00e9xito futuro.                <\/p>\n                            <\/div>\n                    <\/li>\n            <li>\n                            <figure>\n                    <img decoding=\"async\" width=\"512\" height=\"512\" src=\"https:\/\/kidworksoc.org\/wp-content\/uploads\/2023\/03\/icon-education.png\" class=\"attachment-thumb_uncropped size-thumb_uncropped\" alt=\"\" srcset=\"https:\/\/kidworksoc.org\/wp-content\/uploads\/2023\/03\/icon-education.png 512w, https:\/\/kidworksoc.org\/wp-content\/uploads\/2023\/03\/icon-education-150x150.png 150w\" sizes=\"(max-width: 512px) 100vw, 512px\" \/>                <\/figure>\n                        <div class=\"content\">\n                <h3>Preparaci\u00f3n profesional y universitaria<\/h3>\n                                <p>\n                    Para los estudiantes universitarios de primera generaci\u00f3n, ver para creer. Fomentamos los sue\u00f1os de \u00e9xito universitario de los estudiantes mediante programas que comienzan en la escuela media e incluyen: visitas a campus universitarios, exploraci\u00f3n de carreras, visitas a lugares de trabajo y programas de preparaci\u00f3n para la universidad.                <\/p>\n                            <\/div>\n                    <\/li>\n            <li>\n                            <figure>\n                    <img decoding=\"async\" width=\"600\" height=\"480\" src=\"https:\/\/kidworksoc.org\/wp-content\/uploads\/2023\/02\/icon-students-600x480.png\" class=\"attachment-thumb_uncropped size-thumb_uncropped\" alt=\"\" srcset=\"https:\/\/kidworksoc.org\/wp-content\/uploads\/2023\/02\/icon-students-600x480.png 600w, https:\/\/kidworksoc.org\/wp-content\/uploads\/2023\/02\/icon-students.png 640w\" sizes=\"(max-width: 600px) 100vw, 600px\" \/>                <\/figure>\n                        <div class=\"content\">\n                <h3>Orientaci\u00f3n al servicio<\/h3>\n                                <p>\n                    El Equipo de Liderazgo Juvenil (YLT) de KidWorks permite a los estudiantes dise\u00f1ar y ejecutar proyectos de servicio dentro de KidWorks y en la comunidad. Trabajan como voluntarios en las aulas, sirviendo de modelo positivo para los alumnos m\u00e1s j\u00f3venes.                <\/p>\n                            <\/div>\n                    <\/li>\n        <\/ul>\n<\/section>\n\n\n\n<div style=\"height:70px\" aria-hidden=\"true\" class=\"wp-block-spacer\"><\/div>\n\n\n\n<div class=\"wp-block-group has-background has-global-padding is-layout-constrained wp-container-core-group-is-layout-301020a0 wp-block-group-is-layout-constrained\" style=\"background-color:#7ba5db17;padding-top:var(--wp--preset--spacing--50);padding-right:var(--wp--preset--spacing--50);padding-bottom:var(--wp--preset--spacing--50);padding-left:var(--wp--preset--spacing--50)\">\n<h5 class=\"wp-block-heading\"><strong>Informaci\u00f3n sobre el programa<\/strong><\/h5>\n\n\n\n<p><strong>Horario: <\/strong>tardes y fines de semana <br\/><strong>Grados: <\/strong>6 &#8211; 12<br\/><strong>Coste: Incluido en la inscripci\u00f3n a la ASP<\/strong> <\/p>\n<\/div>\n<\/div>\n<\/div>\n<\/div>\n\n<div class=\"wp-block-cover alignfull\" style=\"padding-top:var(--wp--preset--spacing--100);padding-right:var(--wp--preset--spacing--30);padding-bottom:var(--wp--preset--spacing--100);padding-left:var(--wp--preset--spacing--30);min-height:400px;aspect-ratio:unset;\"><span aria-hidden=\"true\" class=\"wp-block-cover__background has-background-dim-100 has-background-dim wp-block-cover__gradient-background has-background-gradient\" style=\"background:linear-gradient(275deg,rgb(0,83,165) 20%,rgba(0,83,166,0) 98%)\"><\/span><img decoding=\"async\" width=\"2000\" height=\"1162\" class=\"wp-block-cover__image-background wp-image-853\" alt=\"\" src=\"http:\/\/kidworksoc.org\/wp-content\/uploads\/2023\/01\/Mia.jpg\" data-object-fit=\"cover\" srcset=\"https:\/\/kidworksoc.org\/wp-content\/uploads\/2023\/01\/Mia.jpg 2000w, https:\/\/kidworksoc.org\/wp-content\/uploads\/2023\/01\/Mia-1280x744.jpg 1280w, https:\/\/kidworksoc.org\/wp-content\/uploads\/2023\/01\/Mia-1600x930.jpg 1600w, https:\/\/kidworksoc.org\/wp-content\/uploads\/2023\/01\/Mia-1440x837.jpg 1440w, https:\/\/kidworksoc.org\/wp-content\/uploads\/2023\/01\/Mia-1536x892.jpg 1536w, https:\/\/kidworksoc.org\/wp-content\/uploads\/2023\/01\/Mia-600x349.jpg 600w\" sizes=\"(max-width: 2000px) 100vw, 2000px\" \/><div class=\"wp-block-cover__inner-container is-layout-flow wp-block-cover-is-layout-flow\">\n<div class=\"wp-block-group has-global-padding is-layout-constrained wp-container-core-group-is-layout-4383d167 wp-block-group-is-layout-constrained\">\n<div class=\"wp-block-columns is-layout-flex wp-container-core-columns-is-layout-28f84493 wp-block-columns-is-layout-flex\">\n<div class=\"wp-block-column is-layout-flow wp-block-column-is-layout-flow\"><\/div>\n\n\n\n<div class=\"wp-block-column is-layout-flow wp-block-column-is-layout-flow\" style=\"flex-basis:50%\">\n<blockquote class=\"wp-block-quote is-layout-flow wp-block-quote-is-layout-flow\">\n<p class=\"has-white-color has-text-color\" style=\"font-size:clamp(18.959px, 1.185rem + ((1vw - 3.2px) * 1.15), 30px);line-height:1.3\">\u00abMe incorpor\u00e9 a KidWorks en 8\u00ba curso sin conocer a nadie e inmediatamente me sent\u00ed bienvenida. KidWorks se ha convertido en mi lugar feliz gracias a los magn\u00edficos programas, las personas y las oportunidades que ofrece. He descubierto mi voz como l\u00edder y no puedo esperar a ver lo que me depara el futuro.\u00bb<\/p>\n<cite><strong><strong>Mia M., 12\u00ba curso<\/strong><\/strong><\/cite><\/blockquote>\n<\/div>\n<\/div>\n<\/div>\n<\/div><\/div>\n","protected":false},"excerpt":{"rendered":"<p>Nuestros distintivos Ponemos a los j\u00f3venes en el camino directo hacia la universidad y un futuro mejor. Informaci\u00f3n sobre el programa Horario: tardes y fines de semana Grados: 6 &#8211;&hellip; <a class=\"more-link\" href=\"https:\/\/kidworksoc.org\/es\/juventud\/\">Siga Leyendo<\/a><\/p>\n","protected":false},"author":1,"featured_media":857,"parent":0,"menu_order":0,"comment_status":"closed","ping_status":"closed","template":"","meta":{"_acf_changed":false,"_searchwp_excluded":"","_monsterinsights_skip_tracking":false,"_monsterinsights_sitenote_active":false,"_monsterinsights_sitenote_note":"","_monsterinsights_sitenote_category":0,"_uf_show_specific_survey":0,"_uf_disable_surveys":false,"footnotes":""},"class_list":["post-3184","page","type-page","status-publish","has-post-thumbnail","hentry"],"acf":[],"aioseo_notices":[],"yoast_head":"<!-- This site is optimized with the Yoast SEO plugin v27.5 - https:\/\/yoast.com\/product\/yoast-seo-wordpress\/ -->\n<title>Juventud - KidWorks<\/title>\n<meta name=\"description\" content=\"Programas para j\u00f3venes Crear oportunidades que cambien la vida de los j\u00f3venes Los programas para j\u00f3venes de KidWorks dotan a los estudiantes de una base\" \/>\n<meta name=\"robots\" content=\"index, follow, max-snippet:-1, max-image-preview:large, max-video-preview:-1\" \/>\n<link rel=\"canonical\" href=\"https:\/\/kidworksoc.org\/es\/juventud\/\" \/>\n<meta property=\"og:locale\" content=\"es_ES\" \/>\n<meta property=\"og:type\" content=\"article\" \/>\n<meta property=\"og:title\" content=\"Juventud - KidWorks\" \/>\n<meta property=\"og:description\" content=\"Programas para j\u00f3venes Crear oportunidades que cambien la vida de los j\u00f3venes Los programas para j\u00f3venes de KidWorks dotan a los estudiantes de una base\" \/>\n<meta property=\"og:url\" content=\"https:\/\/kidworksoc.org\/es\/juventud\/\" \/>\n<meta property=\"og:site_name\" content=\"KidWorks\" \/>\n<meta property=\"article:publisher\" content=\"https:\/\/www.facebook.com\/kidworkscdc\" \/>\n<meta property=\"article:modified_time\" content=\"2023-07-06T17:11:46+00:00\" \/>\n<meta property=\"og:image\" content=\"https:\/\/kidworksoc.org\/wp-content\/uploads\/2023\/01\/IMG_8050.jpg\" \/>\n\t<meta property=\"og:image:width\" content=\"2036\" \/>\n\t<meta property=\"og:image:height\" content=\"1667\" \/>\n\t<meta property=\"og:image:type\" content=\"image\/jpeg\" \/>\n<meta name=\"twitter:card\" content=\"summary_large_image\" \/>\n<meta name=\"twitter:site\" content=\"@kidworks\" \/>\n<script type=\"application\/ld+json\" class=\"yoast-schema-graph\">{\"@context\":\"https:\\\/\\\/schema.org\",\"@graph\":[{\"@type\":\"WebPage\",\"@id\":\"https:\\\/\\\/kidworksoc.org\\\/es\\\/juventud\\\/\",\"url\":\"https:\\\/\\\/kidworksoc.org\\\/es\\\/juventud\\\/\",\"name\":\"Juventud - KidWorks\",\"isPartOf\":{\"@id\":\"https:\\\/\\\/kidworksoc.org\\\/es\\\/#website\"},\"primaryImageOfPage\":{\"@id\":\"https:\\\/\\\/kidworksoc.org\\\/es\\\/juventud\\\/#primaryimage\"},\"image\":{\"@id\":\"https:\\\/\\\/kidworksoc.org\\\/es\\\/juventud\\\/#primaryimage\"},\"thumbnailUrl\":\"https:\\\/\\\/kidworksoc.org\\\/wp-content\\\/uploads\\\/2023\\\/01\\\/IMG_8050.jpg\",\"datePublished\":\"2022-12-06T05:13:24+00:00\",\"dateModified\":\"2023-07-06T17:11:46+00:00\",\"description\":\"Programas para j\u00f3venes Crear oportunidades que cambien la vida de los j\u00f3venes Los programas para j\u00f3venes de KidWorks dotan a los estudiantes de una base\",\"breadcrumb\":{\"@id\":\"https:\\\/\\\/kidworksoc.org\\\/es\\\/juventud\\\/#breadcrumb\"},\"inLanguage\":\"es\",\"potentialAction\":[{\"@type\":\"ReadAction\",\"target\":[\"https:\\\/\\\/kidworksoc.org\\\/es\\\/juventud\\\/\"]}]},{\"@type\":\"ImageObject\",\"inLanguage\":\"es\",\"@id\":\"https:\\\/\\\/kidworksoc.org\\\/es\\\/juventud\\\/#primaryimage\",\"url\":\"https:\\\/\\\/kidworksoc.org\\\/wp-content\\\/uploads\\\/2023\\\/01\\\/IMG_8050.jpg\",\"contentUrl\":\"https:\\\/\\\/kidworksoc.org\\\/wp-content\\\/uploads\\\/2023\\\/01\\\/IMG_8050.jpg\",\"width\":2036,\"height\":1667},{\"@type\":\"BreadcrumbList\",\"@id\":\"https:\\\/\\\/kidworksoc.org\\\/es\\\/juventud\\\/#breadcrumb\",\"itemListElement\":[{\"@type\":\"ListItem\",\"position\":1,\"name\":\"Home\",\"item\":\"https:\\\/\\\/kidworksoc.org\\\/es\\\/\"},{\"@type\":\"ListItem\",\"position\":2,\"name\":\"Juventud\"}]},{\"@type\":\"WebSite\",\"@id\":\"https:\\\/\\\/kidworksoc.org\\\/es\\\/#website\",\"url\":\"https:\\\/\\\/kidworksoc.org\\\/es\\\/\",\"name\":\"KidWorks\",\"description\":\"Unleashing Youth Potential\u2122\",\"publisher\":{\"@id\":\"https:\\\/\\\/kidworksoc.org\\\/es\\\/#organization\"},\"potentialAction\":[{\"@type\":\"SearchAction\",\"target\":{\"@type\":\"EntryPoint\",\"urlTemplate\":\"https:\\\/\\\/kidworksoc.org\\\/es\\\/?s={search_term_string}\"},\"query-input\":{\"@type\":\"PropertyValueSpecification\",\"valueRequired\":true,\"valueName\":\"search_term_string\"}}],\"inLanguage\":\"es\"},{\"@type\":\"Organization\",\"@id\":\"https:\\\/\\\/kidworksoc.org\\\/es\\\/#organization\",\"name\":\"KidWorks\",\"url\":\"https:\\\/\\\/kidworksoc.org\\\/es\\\/\",\"logo\":{\"@type\":\"ImageObject\",\"inLanguage\":\"es\",\"@id\":\"https:\\\/\\\/kidworksoc.org\\\/es\\\/#\\\/schema\\\/logo\\\/image\\\/\",\"url\":\"https:\\\/\\\/kidworksoc.org\\\/wp-content\\\/uploads\\\/2023\\\/01\\\/kidworks-anniversary-logo.png\",\"contentUrl\":\"https:\\\/\\\/kidworksoc.org\\\/wp-content\\\/uploads\\\/2023\\\/01\\\/kidworks-anniversary-logo.png\",\"width\":420,\"height\":114,\"caption\":\"KidWorks\"},\"image\":{\"@id\":\"https:\\\/\\\/kidworksoc.org\\\/es\\\/#\\\/schema\\\/logo\\\/image\\\/\"},\"sameAs\":[\"https:\\\/\\\/www.facebook.com\\\/kidworkscdc\",\"https:\\\/\\\/x.com\\\/kidworks\",\"https:\\\/\\\/www.instagram.com\\\/kidworks\\\/\",\"https:\\\/\\\/www.yelp.com\\\/biz\\\/kidworks-santa-ana?osq=kidworks\",\"https:\\\/\\\/www.youtube.com\\\/user\\\/KidWorksCDC\",\"https:\\\/\\\/www.linkedin.com\\\/company\\\/kidworkscdc\"]}]}<\/script>\n<!-- \/ Yoast SEO plugin. -->","yoast_head_json":{"title":"Juventud - KidWorks","description":"Programas para j\u00f3venes Crear oportunidades que cambien la vida de los j\u00f3venes Los programas para j\u00f3venes de KidWorks dotan a los estudiantes de una base","robots":{"index":"index","follow":"follow","max-snippet":"max-snippet:-1","max-image-preview":"max-image-preview:large","max-video-preview":"max-video-preview:-1"},"canonical":"https:\/\/kidworksoc.org\/es\/juventud\/","og_locale":"es_ES","og_type":"article","og_title":"Juventud - KidWorks","og_description":"Programas para j\u00f3venes Crear oportunidades que cambien la vida de los j\u00f3venes Los programas para j\u00f3venes de KidWorks dotan a los estudiantes de una base","og_url":"https:\/\/kidworksoc.org\/es\/juventud\/","og_site_name":"KidWorks","article_publisher":"https:\/\/www.facebook.com\/kidworkscdc","article_modified_time":"2023-07-06T17:11:46+00:00","og_image":[{"width":2036,"height":1667,"url":"https:\/\/kidworksoc.org\/wp-content\/uploads\/2023\/01\/IMG_8050.jpg","type":"image\/jpeg"}],"twitter_card":"summary_large_image","twitter_site":"@kidworks","schema":{"@context":"https:\/\/schema.org","@graph":[{"@type":"WebPage","@id":"https:\/\/kidworksoc.org\/es\/juventud\/","url":"https:\/\/kidworksoc.org\/es\/juventud\/","name":"Juventud - KidWorks","isPartOf":{"@id":"https:\/\/kidworksoc.org\/es\/#website"},"primaryImageOfPage":{"@id":"https:\/\/kidworksoc.org\/es\/juventud\/#primaryimage"},"image":{"@id":"https:\/\/kidworksoc.org\/es\/juventud\/#primaryimage"},"thumbnailUrl":"https:\/\/kidworksoc.org\/wp-content\/uploads\/2023\/01\/IMG_8050.jpg","datePublished":"2022-12-06T05:13:24+00:00","dateModified":"2023-07-06T17:11:46+00:00","description":"Programas para j\u00f3venes Crear oportunidades que cambien la vida de los j\u00f3venes Los programas para j\u00f3venes de KidWorks dotan a los estudiantes de una base","breadcrumb":{"@id":"https:\/\/kidworksoc.org\/es\/juventud\/#breadcrumb"},"inLanguage":"es","potentialAction":[{"@type":"ReadAction","target":["https:\/\/kidworksoc.org\/es\/juventud\/"]}]},{"@type":"ImageObject","inLanguage":"es","@id":"https:\/\/kidworksoc.org\/es\/juventud\/#primaryimage","url":"https:\/\/kidworksoc.org\/wp-content\/uploads\/2023\/01\/IMG_8050.jpg","contentUrl":"https:\/\/kidworksoc.org\/wp-content\/uploads\/2023\/01\/IMG_8050.jpg","width":2036,"height":1667},{"@type":"BreadcrumbList","@id":"https:\/\/kidworksoc.org\/es\/juventud\/#breadcrumb","itemListElement":[{"@type":"ListItem","position":1,"name":"Home","item":"https:\/\/kidworksoc.org\/es\/"},{"@type":"ListItem","position":2,"name":"Juventud"}]},{"@type":"WebSite","@id":"https:\/\/kidworksoc.org\/es\/#website","url":"https:\/\/kidworksoc.org\/es\/","name":"KidWorks","description":"Unleashing Youth Potential\u2122","publisher":{"@id":"https:\/\/kidworksoc.org\/es\/#organization"},"potentialAction":[{"@type":"SearchAction","target":{"@type":"EntryPoint","urlTemplate":"https:\/\/kidworksoc.org\/es\/?s={search_term_string}"},"query-input":{"@type":"PropertyValueSpecification","valueRequired":true,"valueName":"search_term_string"}}],"inLanguage":"es"},{"@type":"Organization","@id":"https:\/\/kidworksoc.org\/es\/#organization","name":"KidWorks","url":"https:\/\/kidworksoc.org\/es\/","logo":{"@type":"ImageObject","inLanguage":"es","@id":"https:\/\/kidworksoc.org\/es\/#\/schema\/logo\/image\/","url":"https:\/\/kidworksoc.org\/wp-content\/uploads\/2023\/01\/kidworks-anniversary-logo.png","contentUrl":"https:\/\/kidworksoc.org\/wp-content\/uploads\/2023\/01\/kidworks-anniversary-logo.png","width":420,"height":114,"caption":"KidWorks"},"image":{"@id":"https:\/\/kidworksoc.org\/es\/#\/schema\/logo\/image\/"},"sameAs":["https:\/\/www.facebook.com\/kidworkscdc","https:\/\/x.com\/kidworks","https:\/\/www.instagram.com\/kidworks\/","https:\/\/www.yelp.com\/biz\/kidworks-santa-ana?osq=kidworks","https:\/\/www.youtube.com\/user\/KidWorksCDC","https:\/\/www.linkedin.com\/company\/kidworkscdc"]}]}},"_links":{"self":[{"href":"https:\/\/kidworksoc.org\/es\/wp-json\/wp\/v2\/pages\/3184","targetHints":{"allow":["GET"]}}],"collection":[{"href":"https:\/\/kidworksoc.org\/es\/wp-json\/wp\/v2\/pages"}],"about":[{"href":"https:\/\/kidworksoc.org\/es\/wp-json\/wp\/v2\/types\/page"}],"author":[{"embeddable":true,"href":"https:\/\/kidworksoc.org\/es\/wp-json\/wp\/v2\/users\/1"}],"replies":[{"embeddable":true,"href":"https:\/\/kidworksoc.org\/es\/wp-json\/wp\/v2\/comments?post=3184"}],"version-history":[{"count":0,"href":"https:\/\/kidworksoc.org\/es\/wp-json\/wp\/v2\/pages\/3184\/revisions"}],"wp:featuredmedia":[{"embeddable":true,"href":"https:\/\/kidworksoc.org\/es\/wp-json\/wp\/v2\/media\/857"}],"wp:attachment":[{"href":"https:\/\/kidworksoc.org\/es\/wp-json\/wp\/v2\/media?parent=3184"}],"curies":[{"name":"wp","href":"https:\/\/api.w.org\/{rel}","templated":true}]}}