{"id":3183,"date":"2023-02-06T10:44:31","date_gmt":"2023-02-06T18:44:31","guid":{"rendered":"http:\/\/kidworksoc.org\/jovenes-profesionales\/"},"modified":"2023-07-13T10:36:29","modified_gmt":"2023-07-13T17:36:29","slug":"jovenes-profesionales","status":"publish","type":"page","link":"https:\/\/kidworksoc.org\/es\/jovenes-profesionales\/","title":{"rendered":"J\u00f3venes profesionales"},"content":{"rendered":"\n<div class=\"wp-block-cover alignfull is-light\" style=\"padding-top:var(--wp--preset--spacing--300);padding-right:var(--wp--preset--spacing--30);padding-bottom:var(--wp--preset--spacing--150);padding-left:var(--wp--preset--spacing--30)\"><span aria-hidden=\"true\" class=\"wp-block-cover__background has-background-dim-100 has-background-dim has-background-gradient\" style=\"background:linear-gradient(0deg,rgb(0,28,74) 0%,rgba(0,28,74,0.35) 100%)\"><\/span><img decoding=\"async\" width=\"1000\" height=\"750\" src=\"https:\/\/kidworksoc.org\/wp-content\/uploads\/2023\/02\/2-4-2.jpg\" class=\"wp-block-cover__image-background wp-post-image\" alt=\"\" data-object-fit=\"cover\" data-object-position=\"50% 82%\" style=\"object-position:50% 82%;\" srcset=\"https:\/\/kidworksoc.org\/wp-content\/uploads\/2023\/02\/2-4-2.jpg 1000w, https:\/\/kidworksoc.org\/wp-content\/uploads\/2023\/02\/2-4-2-600x450.jpg 600w\" sizes=\"(max-width: 1000px) 100vw, 1000px\" \/><div class=\"wp-block-cover__inner-container is-layout-flow wp-block-cover-is-layout-flow\">\n<div class=\"wp-block-group has-global-padding is-layout-constrained wp-container-core-group-is-layout-9b5fd1f6 wp-block-group-is-layout-constrained\">\n<h2 class=\"wp-block-heading has-text-align-center has-white-color has-text-color\" style=\"font-size:clamp(33.419px, 2.089rem + ((1vw - 3.2px) * 2.769), 60px);\"><strong><strong>J\u00f3venes profesionales para KidWorks<\/strong><\/strong><\/h2>\n\n\n\n<p class=\"has-text-align-center has-tertiary-light-color has-text-color has-medium-font-size\">Establecido en octubre de 2019, <em>Young Professionals for KidWorks <\/em>ha crecido a 20 miembros, todos comprometidos con el voluntariado, las donaciones monetarias y la participaci\u00f3n de su red en beneficio de los estudiantes de KidWorks.<\/p>\n<\/div>\n<\/div><\/div>\n\n<div class=\"wp-block-group alignfull has-tertiary-light-background-color has-background has-global-padding is-layout-constrained wp-container-core-group-is-layout-9629f533 wp-block-group-is-layout-constrained\" style=\"padding-top:var(--wp--preset--spacing--100);padding-right:var(--wp--preset--spacing--30);padding-bottom:var(--wp--preset--spacing--100);padding-left:var(--wp--preset--spacing--30)\">\n<p class=\"has-text-align-center has-primary-dark-color has-text-color has-secondary-font-family has-large-font-size\"><strong>Los <em>J\u00f3venes Profesionales de KidWorks <\/em>, todos ellos profesionales en activo de diversos sectores del Condado de Orange, se dedican a tener un impacto duradero en las comunidades en las que viven y trabajan.<\/strong><\/p>\n\n\n\n<div style=\"height:50px\" aria-hidden=\"true\" class=\"wp-block-spacer\"><\/div>\n\n\n\n<div class=\"wp-block-columns alignwide is-layout-flex wp-container-core-columns-is-layout-28f84493 wp-block-columns-is-layout-flex\">\n<div class=\"wp-block-column is-layout-flow wp-block-column-is-layout-flow\">\n<figure class=\"wp-block-embed is-type-video is-provider-youtube wp-block-embed-youtube wp-embed-aspect-16-9 wp-has-aspect-ratio\"><div class=\"wp-block-embed__wrapper\">\n<iframe loading=\"lazy\" title=\"Young Professionals for KidWorks\" width=\"500\" height=\"281\" src=\"https:\/\/www.youtube.com\/embed\/Yz7BXDbtLcs?feature=oembed\" frameborder=\"0\" allow=\"accelerometer; autoplay; clipboard-write; encrypted-media; gyroscope; picture-in-picture; web-share\" referrerpolicy=\"strict-origin-when-cross-origin\" allowfullscreen><\/iframe>\n<\/div><\/figure>\n<\/div>\n\n\n\n<div class=\"wp-block-column is-layout-flow wp-block-column-is-layout-flow\">\n<p><strong>Copresidentes:<br\/><\/strong>Melissa Ley &#8211; <em>CBRE<\/em><br\/>Jacob Miknuk<em> &#8211; Alteryx<\/em><\/p>\n\n\n\n<p><strong>Los j\u00f3venes profesionales son&#8230;<\/strong><\/p>\n\n\n\n<ul class=\"wp-block-list\" id=\"yui_3_17_2_1_1675709049049_283\">\n<li>Entre 20 y 30 a\u00f1os<\/li>\n\n\n\n<li>Asistir a las reuniones trimestrales<\/li>\n\n\n\n<li>Promote KidWorks to friends and family via social media, and word of mouth<\/li>\n\n\n\n<li>Voluntariado en eventos de KidWorks<\/li>\n\n\n\n<li>Relaci\u00f3nese con otros j\u00f3venes profesionales<\/li>\n<\/ul>\n<\/div>\n<\/div>\n\n\n\n<p class=\"has-text-align-center has-primary-dark-color has-text-color has-secondary-font-family has-large-font-size\"><strong> <\/strong><\/p>\n<\/div>\n\n<div style=\"height:100px\" aria-hidden=\"true\" class=\"wp-block-spacer\"><\/div>\n\n<h2 class=\"wp-block-heading has-text-align-center\"><strong>Pr\u00f3ximos eventos:<\/strong><\/h2>\n\n<div class=\"wp-block-media-text is-stacked-on-mobile\"><figure class=\"wp-block-media-text__media\"><img decoding=\"async\" width=\"500\" height=\"500\" src=\"http:\/\/kidworksoc.org\/wp-content\/uploads\/2023\/02\/mixer.png\" alt=\"\" class=\"wp-image-2497 size-full\" srcset=\"https:\/\/kidworksoc.org\/wp-content\/uploads\/2023\/02\/mixer.png 500w, https:\/\/kidworksoc.org\/wp-content\/uploads\/2023\/02\/mixer-150x150.png 150w\" sizes=\"(max-width: 500px) 100vw, 500px\" \/><\/figure><div class=\"wp-block-media-text__content\">\n<h2 class=\"wp-block-heading has-x-large-font-size\"><strong>Happy Hour Mixer<\/strong><\/h2>\n\n\n\n<p>Disfrute de bebidas y aperitivos mientras conoce KidWorks y escucha a un antiguo alumno. Esta es una gran oportunidad para invitar a nuevos amigos que est\u00e9n interesados en participar.<\/p>\n\n\n\n<ul class=\"wp-block-list\">\n<li><strong>27 de octubre<\/strong><\/li>\n\n\n\n<li><strong>18.00-19.00 h<\/strong><\/li>\n\n\n\n<li><strong>Iglesia Grace Fellowship<\/strong><br\/>(3170 Red Hill Ave, Costa Mesa)<\/li>\n<\/ul>\n<\/div><\/div>\n\n<div class=\"wp-block-media-text has-media-on-the-right is-stacked-on-mobile\"><div class=\"wp-block-media-text__content\">\n<h2 class=\"wp-block-heading has-x-large-font-size\"><strong>Fiesta de Navidad preescolar<\/strong><\/h2>\n\n\n\n<p>Every year, the Young Professionals spread holiday cheer to our preschoolers with a Christmas Party. To pull it off, we need volunteers to run games, read books, decorate and more!<\/p>\n\n\n\n<ul class=\"wp-block-list\" id=\"yui_3_17_2_1_1675709049049_276\">\n<li><strong>21 de diciembre<\/strong><\/li>\n\n\n\n<li><strong>Sesi\u00f3n 1: 8:00 &#8211; 11:00<\/strong><\/li>\n\n\n\n<li><strong>Sesi\u00f3n 2: mediod\u00eda &#8211; 15:00<\/strong><\/li>\n<\/ul>\n<\/div><figure class=\"wp-block-media-text__media\"><img decoding=\"async\" width=\"500\" height=\"527\" src=\"http:\/\/kidworksoc.org\/wp-content\/uploads\/2023\/02\/C7E7BA20-25F1-402F-9212-BFD133256732.jpg\" alt=\"\" class=\"wp-image-2499 size-full\"\/><\/figure><\/div>\n\n<div style=\"height:100px\" aria-hidden=\"true\" class=\"wp-block-spacer\"><\/div>\n\n<p class=\"has-text-align-center\"><em>P\u00f3ngase en contacto con Ryann en ryann.smith@kidworksoc.org si est\u00e1 interesado en obtener m\u00e1s informaci\u00f3n sobre los pr\u00f3ximos eventos o en hacerse miembro.<\/em><\/p>\n","protected":false},"excerpt":{"rendered":"<p>Los J\u00f3venes Profesionales de KidWorks , todos ellos profesionales en activo de diversos sectores del Condado de Orange, se dedican a tener un impacto duradero en las comunidades en las&hellip; <a class=\"more-link\" href=\"https:\/\/kidworksoc.org\/es\/jovenes-profesionales\/\">Siga Leyendo<\/a><\/p>\n","protected":false},"author":1,"featured_media":2491,"parent":0,"menu_order":0,"comment_status":"closed","ping_status":"closed","template":"","meta":{"_acf_changed":false,"_searchwp_excluded":"","_monsterinsights_skip_tracking":false,"_monsterinsights_sitenote_active":false,"_monsterinsights_sitenote_note":"","_monsterinsights_sitenote_category":0,"_uf_show_specific_survey":0,"_uf_disable_surveys":false,"footnotes":""},"class_list":["post-3183","page","type-page","status-publish","has-post-thumbnail","hentry"],"acf":[],"aioseo_notices":[],"yoast_head":"<!-- This site is optimized with the Yoast SEO plugin v27.4 - https:\/\/yoast.com\/product\/yoast-seo-wordpress\/ -->\n<title>J\u00f3venes profesionales - KidWorks<\/title>\n<meta name=\"description\" content=\"J\u00f3venes profesionales para KidWorks Establecido en octubre de 2019, Young Professionals for KidWorks ha crecido a 20 miembros, todos comprometidos con el\" \/>\n<meta name=\"robots\" content=\"index, follow, max-snippet:-1, max-image-preview:large, max-video-preview:-1\" \/>\n<link rel=\"canonical\" href=\"https:\/\/kidworksoc.org\/es\/jovenes-profesionales\/\" \/>\n<meta property=\"og:locale\" content=\"es_ES\" \/>\n<meta property=\"og:type\" content=\"article\" \/>\n<meta property=\"og:title\" content=\"J\u00f3venes profesionales - KidWorks\" \/>\n<meta property=\"og:description\" content=\"J\u00f3venes profesionales para KidWorks Establecido en octubre de 2019, Young Professionals for KidWorks ha crecido a 20 miembros, todos comprometidos con el\" \/>\n<meta property=\"og:url\" content=\"https:\/\/kidworksoc.org\/es\/jovenes-profesionales\/\" \/>\n<meta property=\"og:site_name\" content=\"KidWorks\" \/>\n<meta property=\"article:publisher\" content=\"https:\/\/www.facebook.com\/kidworkscdc\" \/>\n<meta property=\"article:modified_time\" content=\"2023-07-13T17:36:29+00:00\" \/>\n<meta property=\"og:image\" content=\"https:\/\/kidworksoc.org\/wp-content\/uploads\/2023\/02\/2-4-2.jpg\" \/>\n\t<meta property=\"og:image:width\" content=\"1000\" \/>\n\t<meta property=\"og:image:height\" content=\"750\" \/>\n\t<meta property=\"og:image:type\" content=\"image\/jpeg\" \/>\n<meta name=\"twitter:card\" content=\"summary_large_image\" \/>\n<meta name=\"twitter:site\" content=\"@kidworks\" \/>\n<script type=\"application\/ld+json\" class=\"yoast-schema-graph\">{\"@context\":\"https:\\\/\\\/schema.org\",\"@graph\":[{\"@type\":\"WebPage\",\"@id\":\"https:\\\/\\\/kidworksoc.org\\\/es\\\/jovenes-profesionales\\\/\",\"url\":\"https:\\\/\\\/kidworksoc.org\\\/es\\\/jovenes-profesionales\\\/\",\"name\":\"J\u00f3venes profesionales - KidWorks\",\"isPartOf\":{\"@id\":\"https:\\\/\\\/kidworksoc.org\\\/es\\\/#website\"},\"primaryImageOfPage\":{\"@id\":\"https:\\\/\\\/kidworksoc.org\\\/es\\\/jovenes-profesionales\\\/#primaryimage\"},\"image\":{\"@id\":\"https:\\\/\\\/kidworksoc.org\\\/es\\\/jovenes-profesionales\\\/#primaryimage\"},\"thumbnailUrl\":\"https:\\\/\\\/kidworksoc.org\\\/wp-content\\\/uploads\\\/2023\\\/02\\\/2-4-2.jpg\",\"datePublished\":\"2023-02-06T18:44:31+00:00\",\"dateModified\":\"2023-07-13T17:36:29+00:00\",\"description\":\"J\u00f3venes profesionales para KidWorks Establecido en octubre de 2019, Young Professionals for KidWorks ha crecido a 20 miembros, todos comprometidos con el\",\"breadcrumb\":{\"@id\":\"https:\\\/\\\/kidworksoc.org\\\/es\\\/jovenes-profesionales\\\/#breadcrumb\"},\"inLanguage\":\"es\",\"potentialAction\":[{\"@type\":\"ReadAction\",\"target\":[\"https:\\\/\\\/kidworksoc.org\\\/es\\\/jovenes-profesionales\\\/\"]}]},{\"@type\":\"ImageObject\",\"inLanguage\":\"es\",\"@id\":\"https:\\\/\\\/kidworksoc.org\\\/es\\\/jovenes-profesionales\\\/#primaryimage\",\"url\":\"https:\\\/\\\/kidworksoc.org\\\/wp-content\\\/uploads\\\/2023\\\/02\\\/2-4-2.jpg\",\"contentUrl\":\"https:\\\/\\\/kidworksoc.org\\\/wp-content\\\/uploads\\\/2023\\\/02\\\/2-4-2.jpg\",\"width\":1000,\"height\":750},{\"@type\":\"BreadcrumbList\",\"@id\":\"https:\\\/\\\/kidworksoc.org\\\/es\\\/jovenes-profesionales\\\/#breadcrumb\",\"itemListElement\":[{\"@type\":\"ListItem\",\"position\":1,\"name\":\"Home\",\"item\":\"https:\\\/\\\/kidworksoc.org\\\/es\\\/\"},{\"@type\":\"ListItem\",\"position\":2,\"name\":\"J\u00f3venes profesionales\"}]},{\"@type\":\"WebSite\",\"@id\":\"https:\\\/\\\/kidworksoc.org\\\/es\\\/#website\",\"url\":\"https:\\\/\\\/kidworksoc.org\\\/es\\\/\",\"name\":\"KidWorks\",\"description\":\"Unleashing Youth Potential\u2122\",\"publisher\":{\"@id\":\"https:\\\/\\\/kidworksoc.org\\\/es\\\/#organization\"},\"potentialAction\":[{\"@type\":\"SearchAction\",\"target\":{\"@type\":\"EntryPoint\",\"urlTemplate\":\"https:\\\/\\\/kidworksoc.org\\\/es\\\/?s={search_term_string}\"},\"query-input\":{\"@type\":\"PropertyValueSpecification\",\"valueRequired\":true,\"valueName\":\"search_term_string\"}}],\"inLanguage\":\"es\"},{\"@type\":\"Organization\",\"@id\":\"https:\\\/\\\/kidworksoc.org\\\/es\\\/#organization\",\"name\":\"KidWorks\",\"url\":\"https:\\\/\\\/kidworksoc.org\\\/es\\\/\",\"logo\":{\"@type\":\"ImageObject\",\"inLanguage\":\"es\",\"@id\":\"https:\\\/\\\/kidworksoc.org\\\/es\\\/#\\\/schema\\\/logo\\\/image\\\/\",\"url\":\"https:\\\/\\\/kidworksoc.org\\\/wp-content\\\/uploads\\\/2023\\\/01\\\/kidworks-anniversary-logo.png\",\"contentUrl\":\"https:\\\/\\\/kidworksoc.org\\\/wp-content\\\/uploads\\\/2023\\\/01\\\/kidworks-anniversary-logo.png\",\"width\":420,\"height\":114,\"caption\":\"KidWorks\"},\"image\":{\"@id\":\"https:\\\/\\\/kidworksoc.org\\\/es\\\/#\\\/schema\\\/logo\\\/image\\\/\"},\"sameAs\":[\"https:\\\/\\\/www.facebook.com\\\/kidworkscdc\",\"https:\\\/\\\/x.com\\\/kidworks\",\"https:\\\/\\\/www.instagram.com\\\/kidworks\\\/\",\"https:\\\/\\\/www.yelp.com\\\/biz\\\/kidworks-santa-ana?osq=kidworks\",\"https:\\\/\\\/www.youtube.com\\\/user\\\/KidWorksCDC\",\"https:\\\/\\\/www.linkedin.com\\\/company\\\/kidworkscdc\"]}]}<\/script>\n<!-- \/ Yoast SEO plugin. -->","yoast_head_json":{"title":"J\u00f3venes profesionales - KidWorks","description":"J\u00f3venes profesionales para KidWorks Establecido en octubre de 2019, Young Professionals for KidWorks ha crecido a 20 miembros, todos comprometidos con el","robots":{"index":"index","follow":"follow","max-snippet":"max-snippet:-1","max-image-preview":"max-image-preview:large","max-video-preview":"max-video-preview:-1"},"canonical":"https:\/\/kidworksoc.org\/es\/jovenes-profesionales\/","og_locale":"es_ES","og_type":"article","og_title":"J\u00f3venes profesionales - KidWorks","og_description":"J\u00f3venes profesionales para KidWorks Establecido en octubre de 2019, Young Professionals for KidWorks ha crecido a 20 miembros, todos comprometidos con el","og_url":"https:\/\/kidworksoc.org\/es\/jovenes-profesionales\/","og_site_name":"KidWorks","article_publisher":"https:\/\/www.facebook.com\/kidworkscdc","article_modified_time":"2023-07-13T17:36:29+00:00","og_image":[{"width":1000,"height":750,"url":"https:\/\/kidworksoc.org\/wp-content\/uploads\/2023\/02\/2-4-2.jpg","type":"image\/jpeg"}],"twitter_card":"summary_large_image","twitter_site":"@kidworks","schema":{"@context":"https:\/\/schema.org","@graph":[{"@type":"WebPage","@id":"https:\/\/kidworksoc.org\/es\/jovenes-profesionales\/","url":"https:\/\/kidworksoc.org\/es\/jovenes-profesionales\/","name":"J\u00f3venes profesionales - KidWorks","isPartOf":{"@id":"https:\/\/kidworksoc.org\/es\/#website"},"primaryImageOfPage":{"@id":"https:\/\/kidworksoc.org\/es\/jovenes-profesionales\/#primaryimage"},"image":{"@id":"https:\/\/kidworksoc.org\/es\/jovenes-profesionales\/#primaryimage"},"thumbnailUrl":"https:\/\/kidworksoc.org\/wp-content\/uploads\/2023\/02\/2-4-2.jpg","datePublished":"2023-02-06T18:44:31+00:00","dateModified":"2023-07-13T17:36:29+00:00","description":"J\u00f3venes profesionales para KidWorks Establecido en octubre de 2019, Young Professionals for KidWorks ha crecido a 20 miembros, todos comprometidos con el","breadcrumb":{"@id":"https:\/\/kidworksoc.org\/es\/jovenes-profesionales\/#breadcrumb"},"inLanguage":"es","potentialAction":[{"@type":"ReadAction","target":["https:\/\/kidworksoc.org\/es\/jovenes-profesionales\/"]}]},{"@type":"ImageObject","inLanguage":"es","@id":"https:\/\/kidworksoc.org\/es\/jovenes-profesionales\/#primaryimage","url":"https:\/\/kidworksoc.org\/wp-content\/uploads\/2023\/02\/2-4-2.jpg","contentUrl":"https:\/\/kidworksoc.org\/wp-content\/uploads\/2023\/02\/2-4-2.jpg","width":1000,"height":750},{"@type":"BreadcrumbList","@id":"https:\/\/kidworksoc.org\/es\/jovenes-profesionales\/#breadcrumb","itemListElement":[{"@type":"ListItem","position":1,"name":"Home","item":"https:\/\/kidworksoc.org\/es\/"},{"@type":"ListItem","position":2,"name":"J\u00f3venes profesionales"}]},{"@type":"WebSite","@id":"https:\/\/kidworksoc.org\/es\/#website","url":"https:\/\/kidworksoc.org\/es\/","name":"KidWorks","description":"Unleashing Youth Potential\u2122","publisher":{"@id":"https:\/\/kidworksoc.org\/es\/#organization"},"potentialAction":[{"@type":"SearchAction","target":{"@type":"EntryPoint","urlTemplate":"https:\/\/kidworksoc.org\/es\/?s={search_term_string}"},"query-input":{"@type":"PropertyValueSpecification","valueRequired":true,"valueName":"search_term_string"}}],"inLanguage":"es"},{"@type":"Organization","@id":"https:\/\/kidworksoc.org\/es\/#organization","name":"KidWorks","url":"https:\/\/kidworksoc.org\/es\/","logo":{"@type":"ImageObject","inLanguage":"es","@id":"https:\/\/kidworksoc.org\/es\/#\/schema\/logo\/image\/","url":"https:\/\/kidworksoc.org\/wp-content\/uploads\/2023\/01\/kidworks-anniversary-logo.png","contentUrl":"https:\/\/kidworksoc.org\/wp-content\/uploads\/2023\/01\/kidworks-anniversary-logo.png","width":420,"height":114,"caption":"KidWorks"},"image":{"@id":"https:\/\/kidworksoc.org\/es\/#\/schema\/logo\/image\/"},"sameAs":["https:\/\/www.facebook.com\/kidworkscdc","https:\/\/x.com\/kidworks","https:\/\/www.instagram.com\/kidworks\/","https:\/\/www.yelp.com\/biz\/kidworks-santa-ana?osq=kidworks","https:\/\/www.youtube.com\/user\/KidWorksCDC","https:\/\/www.linkedin.com\/company\/kidworkscdc"]}]}},"_links":{"self":[{"href":"https:\/\/kidworksoc.org\/es\/wp-json\/wp\/v2\/pages\/3183","targetHints":{"allow":["GET"]}}],"collection":[{"href":"https:\/\/kidworksoc.org\/es\/wp-json\/wp\/v2\/pages"}],"about":[{"href":"https:\/\/kidworksoc.org\/es\/wp-json\/wp\/v2\/types\/page"}],"author":[{"embeddable":true,"href":"https:\/\/kidworksoc.org\/es\/wp-json\/wp\/v2\/users\/1"}],"replies":[{"embeddable":true,"href":"https:\/\/kidworksoc.org\/es\/wp-json\/wp\/v2\/comments?post=3183"}],"version-history":[{"count":0,"href":"https:\/\/kidworksoc.org\/es\/wp-json\/wp\/v2\/pages\/3183\/revisions"}],"wp:featuredmedia":[{"embeddable":true,"href":"https:\/\/kidworksoc.org\/es\/wp-json\/wp\/v2\/media\/2491"}],"wp:attachment":[{"href":"https:\/\/kidworksoc.org\/es\/wp-json\/wp\/v2\/media?parent=3183"}],"curies":[{"name":"wp","href":"https:\/\/api.w.org\/{rel}","templated":true}]}}