{"id":3182,"date":"2023-02-06T10:43:34","date_gmt":"2023-02-06T18:43:34","guid":{"rendered":"http:\/\/kidworksoc.org\/mujeres\/"},"modified":"2023-07-06T10:10:13","modified_gmt":"2023-07-06T17:10:13","slug":"mujeres","status":"publish","type":"page","link":"https:\/\/kidworksoc.org\/es\/mujeres\/","title":{"rendered":"Mujeres"},"content":{"rendered":"\n<div class=\"wp-block-cover alignfull\" style=\"padding-top:var(--wp--preset--spacing--300);padding-right:var(--wp--preset--spacing--30);padding-bottom:var(--wp--preset--spacing--150);padding-left:var(--wp--preset--spacing--30)\"><span aria-hidden=\"true\" class=\"wp-block-cover__background has-background-dim-100 has-background-dim has-background-gradient\" style=\"background:linear-gradient(0deg,rgb(0,28,74) 0%,rgba(0,28,74,0.35) 100%)\"><\/span><img decoding=\"async\" width=\"1000\" height=\"667\" src=\"https:\/\/kidworksoc.org\/wp-content\/uploads\/2023\/02\/IMG_4225-3.jpg\" class=\"wp-block-cover__image-background wp-post-image\" alt=\"\" data-object-fit=\"cover\" srcset=\"https:\/\/kidworksoc.org\/wp-content\/uploads\/2023\/02\/IMG_4225-3.jpg 1000w, https:\/\/kidworksoc.org\/wp-content\/uploads\/2023\/02\/IMG_4225-3-600x400.jpg 600w\" sizes=\"(max-width: 1000px) 100vw, 1000px\" \/><div class=\"wp-block-cover__inner-container is-layout-flow wp-block-cover-is-layout-flow\">\n<div class=\"wp-block-group has-global-padding is-layout-constrained wp-container-core-group-is-layout-9b5fd1f6 wp-block-group-is-layout-constrained\">\n<h1 class=\"has-text-align-center is-style-muted-heading has-accent-color has-text-color wp-block-heading\">KidWorks Mujeres<\/h1>\n\n\n\n<h2 class=\"has-text-align-center has-white-color has-text-color wp-block-heading\" style=\"font-size:clamp(33.419px, 2.089rem + ((1vw - 3.2px) * 2.769), 60px);\"><strong>Diversi\u00f3n. La fe. Filantrop\u00eda<\/strong>.<\/h2>\n\n\n\n<p class=\"has-text-align-center has-tertiary-light-color has-text-color has-medium-font-size\">KidWorks Women es un vibrante grupo de mujeres influyentes y de mentalidad filantr\u00f3pica que unen sus fuerzas para servir a los alumnos de KidWorks.<\/p>\n<\/div>\n<\/div><\/div>\n\n<div class=\"wp-block-columns is-layout-flex wp-container-core-columns-is-layout-0cd93624 wp-block-columns-is-layout-flex\">\n<div class=\"wp-block-column is-style-sticky is-layout-flow wp-block-column-is-layout-flow\" style=\"flex-basis:33.33%\">\n<figure class=\"wp-block-image size-full\"><img decoding=\"async\" width=\"500\" height=\"326\" src=\"http:\/\/kidworksoc.org\/wp-content\/uploads\/2023\/02\/KidWorks-Women-Logo.jpg\" alt=\"\" class=\"wp-image-2493\"\/><\/figure>\n<\/div>\n\n\n\n<div class=\"wp-block-column is-layout-flow wp-block-column-is-layout-flow\" style=\"flex-basis:66.66%\">\n<p>Apoyamos a toda la familia para garantizar el \u00e9xito de los estudiantes, creando j\u00f3venes adultos autosuficientes, equipados para la vida y la carrera profesional, y que marcan la diferencia devolviendo a su comunidad.<\/p>\n\n\n\n<p><strong>Nuestros eventos anuales:<\/strong><\/p>\n\n\n\n<ul class=\"wp-block-list\">\n<li>Torneo femenino de Pickleball <em>(abril)<\/em><\/li>\n\n\n\n<li>Rose&#8217; On The Bay <em>(septiembre)<\/em><\/li>\n\n\n\n<li>Caminata de oraci\u00f3n <em>(enero)<\/em><\/li>\n\n\n\n<li>Proyectos de servicio<em> (Pr\u00f3ximo 24 de octubre)<\/em><\/li>\n<\/ul>\n\n\n\n<p><strong>Nuestro liderazgo:<\/strong><\/p>\n\n\n\n<ul class=\"wp-block-list\">\n<li><strong>Presidente Auxiliar: <\/strong>Equipo Kyle<\/li>\n\n\n\n<li><strong>Equipo de servicio:<\/strong> Camille Strader y Stephanie Peleuses<\/li>\n\n\n\n<li><strong>Equipo Social:<\/strong> Kathy Ursini y Kim Carpenter<\/li>\n\n\n\n<li><strong>Equipo espiritual:<\/strong> Charlene Calish y Kristen McGuinness<\/li>\n\n\n\n<li><strong>Miembro en general:<\/strong> Betsy Flint<\/li>\n<\/ul>\n<\/div>\n<\/div>\n\n<div style=\"height:100px\" aria-hidden=\"true\" class=\"wp-block-spacer\"><\/div>\n\n<figure class=\"wp-block-image size-full\"><img decoding=\"async\" width=\"1000\" height=\"667\" src=\"http:\/\/kidworksoc.org\/wp-content\/uploads\/2023\/02\/IMG_4225-3.jpg\" alt=\"\" class=\"wp-image-2488\" srcset=\"https:\/\/kidworksoc.org\/wp-content\/uploads\/2023\/02\/IMG_4225-3.jpg 1000w, https:\/\/kidworksoc.org\/wp-content\/uploads\/2023\/02\/IMG_4225-3-600x400.jpg 600w\" sizes=\"(max-width: 1000px) 100vw, 1000px\" \/><figcaption class=\"wp-element-caption\"><strong>Comit\u00e9 de Mujeres de KidWorks<\/strong><br\/>Betsy Flint &#8211; Kathy Ursini &#8211; Camille Strader &#8211; Kyle Team &#8211; Charlene Calish &#8211; Kristen McGuiness &#8211; Kim Carpenter<br\/><em>(Stephanie Peleuses &#8211; no aparece en la foto<\/em>)<\/figcaption><\/figure>\n","protected":false},"excerpt":{"rendered":"<p>Apoyamos a toda la familia para garantizar el \u00e9xito de los estudiantes, creando j\u00f3venes adultos autosuficientes, equipados para la vida y la carrera profesional, y que marcan la diferencia devolviendo&hellip; <a class=\"more-link\" href=\"https:\/\/kidworksoc.org\/es\/mujeres\/\">Siga Leyendo<\/a><\/p>\n","protected":false},"author":1,"featured_media":2489,"parent":0,"menu_order":0,"comment_status":"closed","ping_status":"closed","template":"","meta":{"_acf_changed":false,"_searchwp_excluded":"","_monsterinsights_skip_tracking":false,"_monsterinsights_sitenote_active":false,"_monsterinsights_sitenote_note":"","_monsterinsights_sitenote_category":0,"_uf_show_specific_survey":0,"_uf_disable_surveys":false,"footnotes":""},"class_list":["post-3182","page","type-page","status-publish","has-post-thumbnail","hentry"],"acf":[],"aioseo_notices":[],"yoast_head":"<!-- This site is optimized with the Yoast SEO plugin v27.4 - https:\/\/yoast.com\/product\/yoast-seo-wordpress\/ -->\n<title>Mujeres - KidWorks<\/title>\n<meta name=\"description\" content=\"KidWorks Mujeres Diversi\u00f3n. La fe. Filantrop\u00eda. KidWorks Women es un vibrante grupo de mujeres influyentes y de mentalidad filantr\u00f3pica que unen sus\" \/>\n<meta name=\"robots\" content=\"index, follow, max-snippet:-1, max-image-preview:large, max-video-preview:-1\" \/>\n<link rel=\"canonical\" href=\"https:\/\/kidworksoc.org\/es\/mujeres\/\" \/>\n<meta property=\"og:locale\" content=\"es_ES\" \/>\n<meta property=\"og:type\" content=\"article\" \/>\n<meta property=\"og:title\" content=\"Mujeres - KidWorks\" \/>\n<meta property=\"og:description\" content=\"KidWorks Mujeres Diversi\u00f3n. La fe. Filantrop\u00eda. KidWorks Women es un vibrante grupo de mujeres influyentes y de mentalidad filantr\u00f3pica que unen sus\" \/>\n<meta property=\"og:url\" content=\"https:\/\/kidworksoc.org\/es\/mujeres\/\" \/>\n<meta property=\"og:site_name\" content=\"KidWorks\" \/>\n<meta property=\"article:publisher\" content=\"https:\/\/www.facebook.com\/kidworkscdc\" \/>\n<meta property=\"article:modified_time\" content=\"2023-07-06T17:10:13+00:00\" \/>\n<meta property=\"og:image\" content=\"https:\/\/kidworksoc.org\/wp-content\/uploads\/2023\/02\/IMG_4225-3.jpg\" \/>\n\t<meta property=\"og:image:width\" content=\"1000\" \/>\n\t<meta property=\"og:image:height\" content=\"667\" \/>\n\t<meta property=\"og:image:type\" content=\"image\/jpeg\" \/>\n<meta name=\"twitter:card\" content=\"summary_large_image\" \/>\n<meta name=\"twitter:site\" content=\"@kidworks\" \/>\n<script type=\"application\/ld+json\" class=\"yoast-schema-graph\">{\"@context\":\"https:\\\/\\\/schema.org\",\"@graph\":[{\"@type\":\"WebPage\",\"@id\":\"https:\\\/\\\/kidworksoc.org\\\/es\\\/mujeres\\\/\",\"url\":\"https:\\\/\\\/kidworksoc.org\\\/es\\\/mujeres\\\/\",\"name\":\"Mujeres - KidWorks\",\"isPartOf\":{\"@id\":\"https:\\\/\\\/kidworksoc.org\\\/es\\\/#website\"},\"primaryImageOfPage\":{\"@id\":\"https:\\\/\\\/kidworksoc.org\\\/es\\\/mujeres\\\/#primaryimage\"},\"image\":{\"@id\":\"https:\\\/\\\/kidworksoc.org\\\/es\\\/mujeres\\\/#primaryimage\"},\"thumbnailUrl\":\"https:\\\/\\\/kidworksoc.org\\\/wp-content\\\/uploads\\\/2023\\\/02\\\/IMG_4225-3.jpg\",\"datePublished\":\"2023-02-06T18:43:34+00:00\",\"dateModified\":\"2023-07-06T17:10:13+00:00\",\"description\":\"KidWorks Mujeres Diversi\u00f3n. La fe. Filantrop\u00eda. KidWorks Women es un vibrante grupo de mujeres influyentes y de mentalidad filantr\u00f3pica que unen sus\",\"breadcrumb\":{\"@id\":\"https:\\\/\\\/kidworksoc.org\\\/es\\\/mujeres\\\/#breadcrumb\"},\"inLanguage\":\"es\",\"potentialAction\":[{\"@type\":\"ReadAction\",\"target\":[\"https:\\\/\\\/kidworksoc.org\\\/es\\\/mujeres\\\/\"]}]},{\"@type\":\"ImageObject\",\"inLanguage\":\"es\",\"@id\":\"https:\\\/\\\/kidworksoc.org\\\/es\\\/mujeres\\\/#primaryimage\",\"url\":\"https:\\\/\\\/kidworksoc.org\\\/wp-content\\\/uploads\\\/2023\\\/02\\\/IMG_4225-3.jpg\",\"contentUrl\":\"https:\\\/\\\/kidworksoc.org\\\/wp-content\\\/uploads\\\/2023\\\/02\\\/IMG_4225-3.jpg\",\"width\":1000,\"height\":667},{\"@type\":\"BreadcrumbList\",\"@id\":\"https:\\\/\\\/kidworksoc.org\\\/es\\\/mujeres\\\/#breadcrumb\",\"itemListElement\":[{\"@type\":\"ListItem\",\"position\":1,\"name\":\"Home\",\"item\":\"https:\\\/\\\/kidworksoc.org\\\/es\\\/\"},{\"@type\":\"ListItem\",\"position\":2,\"name\":\"Mujeres\"}]},{\"@type\":\"WebSite\",\"@id\":\"https:\\\/\\\/kidworksoc.org\\\/es\\\/#website\",\"url\":\"https:\\\/\\\/kidworksoc.org\\\/es\\\/\",\"name\":\"KidWorks\",\"description\":\"Unleashing Youth Potential\u2122\",\"publisher\":{\"@id\":\"https:\\\/\\\/kidworksoc.org\\\/es\\\/#organization\"},\"potentialAction\":[{\"@type\":\"SearchAction\",\"target\":{\"@type\":\"EntryPoint\",\"urlTemplate\":\"https:\\\/\\\/kidworksoc.org\\\/es\\\/?s={search_term_string}\"},\"query-input\":{\"@type\":\"PropertyValueSpecification\",\"valueRequired\":true,\"valueName\":\"search_term_string\"}}],\"inLanguage\":\"es\"},{\"@type\":\"Organization\",\"@id\":\"https:\\\/\\\/kidworksoc.org\\\/es\\\/#organization\",\"name\":\"KidWorks\",\"url\":\"https:\\\/\\\/kidworksoc.org\\\/es\\\/\",\"logo\":{\"@type\":\"ImageObject\",\"inLanguage\":\"es\",\"@id\":\"https:\\\/\\\/kidworksoc.org\\\/es\\\/#\\\/schema\\\/logo\\\/image\\\/\",\"url\":\"https:\\\/\\\/kidworksoc.org\\\/wp-content\\\/uploads\\\/2023\\\/01\\\/kidworks-anniversary-logo.png\",\"contentUrl\":\"https:\\\/\\\/kidworksoc.org\\\/wp-content\\\/uploads\\\/2023\\\/01\\\/kidworks-anniversary-logo.png\",\"width\":420,\"height\":114,\"caption\":\"KidWorks\"},\"image\":{\"@id\":\"https:\\\/\\\/kidworksoc.org\\\/es\\\/#\\\/schema\\\/logo\\\/image\\\/\"},\"sameAs\":[\"https:\\\/\\\/www.facebook.com\\\/kidworkscdc\",\"https:\\\/\\\/x.com\\\/kidworks\",\"https:\\\/\\\/www.instagram.com\\\/kidworks\\\/\",\"https:\\\/\\\/www.yelp.com\\\/biz\\\/kidworks-santa-ana?osq=kidworks\",\"https:\\\/\\\/www.youtube.com\\\/user\\\/KidWorksCDC\",\"https:\\\/\\\/www.linkedin.com\\\/company\\\/kidworkscdc\"]}]}<\/script>\n<!-- \/ Yoast SEO plugin. -->","yoast_head_json":{"title":"Mujeres - KidWorks","description":"KidWorks Mujeres Diversi\u00f3n. La fe. Filantrop\u00eda. KidWorks Women es un vibrante grupo de mujeres influyentes y de mentalidad filantr\u00f3pica que unen sus","robots":{"index":"index","follow":"follow","max-snippet":"max-snippet:-1","max-image-preview":"max-image-preview:large","max-video-preview":"max-video-preview:-1"},"canonical":"https:\/\/kidworksoc.org\/es\/mujeres\/","og_locale":"es_ES","og_type":"article","og_title":"Mujeres - KidWorks","og_description":"KidWorks Mujeres Diversi\u00f3n. La fe. Filantrop\u00eda. KidWorks Women es un vibrante grupo de mujeres influyentes y de mentalidad filantr\u00f3pica que unen sus","og_url":"https:\/\/kidworksoc.org\/es\/mujeres\/","og_site_name":"KidWorks","article_publisher":"https:\/\/www.facebook.com\/kidworkscdc","article_modified_time":"2023-07-06T17:10:13+00:00","og_image":[{"width":1000,"height":667,"url":"https:\/\/kidworksoc.org\/wp-content\/uploads\/2023\/02\/IMG_4225-3.jpg","type":"image\/jpeg"}],"twitter_card":"summary_large_image","twitter_site":"@kidworks","schema":{"@context":"https:\/\/schema.org","@graph":[{"@type":"WebPage","@id":"https:\/\/kidworksoc.org\/es\/mujeres\/","url":"https:\/\/kidworksoc.org\/es\/mujeres\/","name":"Mujeres - KidWorks","isPartOf":{"@id":"https:\/\/kidworksoc.org\/es\/#website"},"primaryImageOfPage":{"@id":"https:\/\/kidworksoc.org\/es\/mujeres\/#primaryimage"},"image":{"@id":"https:\/\/kidworksoc.org\/es\/mujeres\/#primaryimage"},"thumbnailUrl":"https:\/\/kidworksoc.org\/wp-content\/uploads\/2023\/02\/IMG_4225-3.jpg","datePublished":"2023-02-06T18:43:34+00:00","dateModified":"2023-07-06T17:10:13+00:00","description":"KidWorks Mujeres Diversi\u00f3n. La fe. Filantrop\u00eda. KidWorks Women es un vibrante grupo de mujeres influyentes y de mentalidad filantr\u00f3pica que unen sus","breadcrumb":{"@id":"https:\/\/kidworksoc.org\/es\/mujeres\/#breadcrumb"},"inLanguage":"es","potentialAction":[{"@type":"ReadAction","target":["https:\/\/kidworksoc.org\/es\/mujeres\/"]}]},{"@type":"ImageObject","inLanguage":"es","@id":"https:\/\/kidworksoc.org\/es\/mujeres\/#primaryimage","url":"https:\/\/kidworksoc.org\/wp-content\/uploads\/2023\/02\/IMG_4225-3.jpg","contentUrl":"https:\/\/kidworksoc.org\/wp-content\/uploads\/2023\/02\/IMG_4225-3.jpg","width":1000,"height":667},{"@type":"BreadcrumbList","@id":"https:\/\/kidworksoc.org\/es\/mujeres\/#breadcrumb","itemListElement":[{"@type":"ListItem","position":1,"name":"Home","item":"https:\/\/kidworksoc.org\/es\/"},{"@type":"ListItem","position":2,"name":"Mujeres"}]},{"@type":"WebSite","@id":"https:\/\/kidworksoc.org\/es\/#website","url":"https:\/\/kidworksoc.org\/es\/","name":"KidWorks","description":"Unleashing Youth Potential\u2122","publisher":{"@id":"https:\/\/kidworksoc.org\/es\/#organization"},"potentialAction":[{"@type":"SearchAction","target":{"@type":"EntryPoint","urlTemplate":"https:\/\/kidworksoc.org\/es\/?s={search_term_string}"},"query-input":{"@type":"PropertyValueSpecification","valueRequired":true,"valueName":"search_term_string"}}],"inLanguage":"es"},{"@type":"Organization","@id":"https:\/\/kidworksoc.org\/es\/#organization","name":"KidWorks","url":"https:\/\/kidworksoc.org\/es\/","logo":{"@type":"ImageObject","inLanguage":"es","@id":"https:\/\/kidworksoc.org\/es\/#\/schema\/logo\/image\/","url":"https:\/\/kidworksoc.org\/wp-content\/uploads\/2023\/01\/kidworks-anniversary-logo.png","contentUrl":"https:\/\/kidworksoc.org\/wp-content\/uploads\/2023\/01\/kidworks-anniversary-logo.png","width":420,"height":114,"caption":"KidWorks"},"image":{"@id":"https:\/\/kidworksoc.org\/es\/#\/schema\/logo\/image\/"},"sameAs":["https:\/\/www.facebook.com\/kidworkscdc","https:\/\/x.com\/kidworks","https:\/\/www.instagram.com\/kidworks\/","https:\/\/www.yelp.com\/biz\/kidworks-santa-ana?osq=kidworks","https:\/\/www.youtube.com\/user\/KidWorksCDC","https:\/\/www.linkedin.com\/company\/kidworkscdc"]}]}},"_links":{"self":[{"href":"https:\/\/kidworksoc.org\/es\/wp-json\/wp\/v2\/pages\/3182","targetHints":{"allow":["GET"]}}],"collection":[{"href":"https:\/\/kidworksoc.org\/es\/wp-json\/wp\/v2\/pages"}],"about":[{"href":"https:\/\/kidworksoc.org\/es\/wp-json\/wp\/v2\/types\/page"}],"author":[{"embeddable":true,"href":"https:\/\/kidworksoc.org\/es\/wp-json\/wp\/v2\/users\/1"}],"replies":[{"embeddable":true,"href":"https:\/\/kidworksoc.org\/es\/wp-json\/wp\/v2\/comments?post=3182"}],"version-history":[{"count":0,"href":"https:\/\/kidworksoc.org\/es\/wp-json\/wp\/v2\/pages\/3182\/revisions"}],"wp:featuredmedia":[{"embeddable":true,"href":"https:\/\/kidworksoc.org\/es\/wp-json\/wp\/v2\/media\/2489"}],"wp:attachment":[{"href":"https:\/\/kidworksoc.org\/es\/wp-json\/wp\/v2\/media?parent=3182"}],"curies":[{"name":"wp","href":"https:\/\/api.w.org\/{rel}","templated":true}]}}