{"id":3180,"date":"2023-01-25T11:02:23","date_gmt":"2023-01-25T19:02:23","guid":{"rendered":"http:\/\/kidworksoc.org\/voluntario\/mentores\/"},"modified":"2023-07-13T10:33:59","modified_gmt":"2023-07-13T17:33:59","slug":"mentores","status":"publish","type":"page","link":"https:\/\/kidworksoc.org\/es\/voluntario\/mentores\/","title":{"rendered":"Mentores"},"content":{"rendered":"\n<div class=\"wp-block-columns alignwide is-layout-flex wp-container-core-columns-is-layout-0cd93624 wp-block-columns-is-layout-flex\">\n<div class=\"wp-block-column is-style-sticky is-layout-flow wp-block-column-is-layout-flow\" style=\"flex-basis:45%\">\n<figure class=\"wp-block-image size-medium\"><img decoding=\"async\" width=\"1280\" height=\"996\" src=\"http:\/\/kidworksoc.org\/wp-content\/uploads\/2023\/02\/IMG_5115-2-2-1280x996.jpeg\" alt=\"\" class=\"wp-image-2512\" srcset=\"https:\/\/kidworksoc.org\/wp-content\/uploads\/2023\/02\/IMG_5115-2-2-1280x996.jpeg 1280w, https:\/\/kidworksoc.org\/wp-content\/uploads\/2023\/02\/IMG_5115-2-2-600x467.jpeg 600w, https:\/\/kidworksoc.org\/wp-content\/uploads\/2023\/02\/IMG_5115-2-2.jpeg 1388w\" sizes=\"(max-width: 1280px) 100vw, 1280px\" \/><\/figure>\n<\/div>\n\n\n\n<div class=\"wp-block-column is-layout-flow wp-block-column-is-layout-flow\" style=\"flex-basis:55%\">\n<p>El Programa Mentor de KidWorks empareja a estudiantes de 12\u00ba curso con un joven profesional que les apoya en sus objetivos universitarios y profesionales durante el \u00faltimo a\u00f1o de instituto y la transici\u00f3n a la universidad.<\/p>\n\n\n\n<h4 class=\"wp-block-heading\"><strong>Qu\u00e9 esperar<\/strong><\/h4>\n\n\n\n<ul class=\"is-style-check-mark wp-block-list\">\n<li>Compromiso de 2 a\u00f1os<\/li>\n\n\n\n<li>Controles en grupo mediante zoom y durante el programa<\/li>\n\n\n\n<li>Reuniones individuales en persona, zoom, llamadas telef\u00f3nicas o correos electr\u00f3nicos<\/li>\n\n\n\n<li>Eventos y talleres del Programa Mentor<\/li>\n<\/ul>\n\n\n\n<h3 class=\"wp-block-heading\"><strong>Requisitos<\/strong><\/h3>\n\n\n\n<ul class=\"is-style-check-mark wp-block-list\">\n<li>25 a\u00f1os como m\u00ednimo<\/li>\n\n\n\n<li>Completed a 4-year degree at an accredited college or university<\/li>\n\n\n\n<li>Rellene el formulario de solicitud de mentor<\/li>\n\n\n\n<li>Rellenar una <a href=\"https:\/\/kidworksoc.org\/volunteer\" target=\"_blank\" rel=\"noreferrer noopener\">solicitud de voluntario<\/a> de KidWorks y una comprobaci\u00f3n de antecedentes (se le proporcionar\u00e1).<\/li>\n\n\n\n<li>Asistir a la formaci\u00f3n de mentores (puede hacerse a distancia por videoconferencia)<\/li>\n<\/ul>\n\n\n\n<div class=\"wp-block-buttons is-layout-flex wp-block-buttons-is-layout-flex\">\n<div class=\"wp-block-button is-style-secondary-btn\"><a class=\"wp-block-button__link wp-element-button\" href=\"https:\/\/app.betterimpact.com\/Application?ApplicationFormNumber=3&amp;OrganizationGuid=9d99caa2-5ccf-4e1e-8744-d44f70dac223\" target=\"_blank\" rel=\"noreferrer noopener\">Solicite ahora<\/a><\/div>\n<\/div>\n\n\n\n<p>Para obtener m\u00e1s informaci\u00f3n sobre el programa, p\u00f3ngase en contacto con Brenda Trujillo en <a href=\"mailto:brenda.trujillo@kidworksoc.org\" target=\"_blank\" rel=\"noreferrer noopener\">Brenda.trujillo@kidworksoc.org<\/a>.<\/p>\n<\/div>\n<\/div>\n","protected":false},"excerpt":{"rendered":"<p>El Programa Mentor de KidWorks empareja a estudiantes de 12\u00ba curso con un joven profesional que les apoya en sus objetivos universitarios y profesionales durante el \u00faltimo a\u00f1o de instituto&hellip; <a class=\"more-link\" href=\"https:\/\/kidworksoc.org\/es\/voluntario\/mentores\/\">Siga Leyendo<\/a><\/p>\n","protected":false},"author":1,"featured_media":8081,"parent":3173,"menu_order":0,"comment_status":"closed","ping_status":"closed","template":"","meta":{"_acf_changed":false,"_searchwp_excluded":"","_monsterinsights_skip_tracking":false,"_monsterinsights_sitenote_active":false,"_monsterinsights_sitenote_note":"","_monsterinsights_sitenote_category":0,"_uf_show_specific_survey":0,"_uf_disable_surveys":false,"footnotes":""},"class_list":["post-3180","page","type-page","status-publish","has-post-thumbnail","hentry"],"acf":[],"aioseo_notices":[],"yoast_head":"<!-- This site is optimized with the Yoast SEO plugin v27.4 - https:\/\/yoast.com\/product\/yoast-seo-wordpress\/ -->\n<title>Mentores - KidWorks<\/title>\n<meta name=\"description\" content=\"El Programa Mentor de KidWorks empareja a estudiantes de 12\u00ba curso con un joven profesional que les apoya en sus objetivos universitarios y profesionales\" \/>\n<meta name=\"robots\" content=\"index, follow, max-snippet:-1, max-image-preview:large, max-video-preview:-1\" \/>\n<link rel=\"canonical\" href=\"https:\/\/kidworksoc.org\/es\/voluntario\/mentores\/\" \/>\n<meta property=\"og:locale\" content=\"es_ES\" \/>\n<meta property=\"og:type\" content=\"article\" \/>\n<meta property=\"og:title\" content=\"Mentores - KidWorks\" \/>\n<meta property=\"og:description\" content=\"El Programa Mentor de KidWorks empareja a estudiantes de 12\u00ba curso con un joven profesional que les apoya en sus objetivos universitarios y profesionales\" \/>\n<meta property=\"og:url\" content=\"https:\/\/kidworksoc.org\/es\/voluntario\/mentores\/\" \/>\n<meta property=\"og:site_name\" content=\"KidWorks\" \/>\n<meta property=\"article:publisher\" content=\"https:\/\/www.facebook.com\/kidworkscdc\" \/>\n<meta property=\"article:modified_time\" content=\"2023-07-13T17:33:59+00:00\" \/>\n<meta property=\"og:image\" content=\"https:\/\/kidworksoc.org\/wp-content\/uploads\/2025\/07\/IMG_1251-scaled.jpg\" \/>\n\t<meta property=\"og:image:width\" content=\"1437\" \/>\n\t<meta property=\"og:image:height\" content=\"2560\" \/>\n\t<meta property=\"og:image:type\" content=\"image\/jpeg\" \/>\n<meta name=\"twitter:card\" content=\"summary_large_image\" \/>\n<meta name=\"twitter:site\" content=\"@kidworks\" \/>\n<script type=\"application\/ld+json\" class=\"yoast-schema-graph\">{\"@context\":\"https:\\\/\\\/schema.org\",\"@graph\":[{\"@type\":\"WebPage\",\"@id\":\"https:\\\/\\\/kidworksoc.org\\\/es\\\/voluntario\\\/mentores\\\/\",\"url\":\"https:\\\/\\\/kidworksoc.org\\\/es\\\/voluntario\\\/mentores\\\/\",\"name\":\"Mentores - KidWorks\",\"isPartOf\":{\"@id\":\"https:\\\/\\\/kidworksoc.org\\\/es\\\/#website\"},\"primaryImageOfPage\":{\"@id\":\"https:\\\/\\\/kidworksoc.org\\\/es\\\/voluntario\\\/mentores\\\/#primaryimage\"},\"image\":{\"@id\":\"https:\\\/\\\/kidworksoc.org\\\/es\\\/voluntario\\\/mentores\\\/#primaryimage\"},\"thumbnailUrl\":\"https:\\\/\\\/kidworksoc.org\\\/wp-content\\\/uploads\\\/2025\\\/07\\\/IMG_1251-scaled.jpg\",\"datePublished\":\"2023-01-25T19:02:23+00:00\",\"dateModified\":\"2023-07-13T17:33:59+00:00\",\"description\":\"El Programa Mentor de KidWorks empareja a estudiantes de 12\u00ba curso con un joven profesional que les apoya en sus objetivos universitarios y profesionales\",\"breadcrumb\":{\"@id\":\"https:\\\/\\\/kidworksoc.org\\\/es\\\/voluntario\\\/mentores\\\/#breadcrumb\"},\"inLanguage\":\"es\",\"potentialAction\":[{\"@type\":\"ReadAction\",\"target\":[\"https:\\\/\\\/kidworksoc.org\\\/es\\\/voluntario\\\/mentores\\\/\"]}]},{\"@type\":\"ImageObject\",\"inLanguage\":\"es\",\"@id\":\"https:\\\/\\\/kidworksoc.org\\\/es\\\/voluntario\\\/mentores\\\/#primaryimage\",\"url\":\"https:\\\/\\\/kidworksoc.org\\\/wp-content\\\/uploads\\\/2025\\\/07\\\/IMG_1251-scaled.jpg\",\"contentUrl\":\"https:\\\/\\\/kidworksoc.org\\\/wp-content\\\/uploads\\\/2025\\\/07\\\/IMG_1251-scaled.jpg\",\"width\":1437,\"height\":2560},{\"@type\":\"BreadcrumbList\",\"@id\":\"https:\\\/\\\/kidworksoc.org\\\/es\\\/voluntario\\\/mentores\\\/#breadcrumb\",\"itemListElement\":[{\"@type\":\"ListItem\",\"position\":1,\"name\":\"Home\",\"item\":\"https:\\\/\\\/kidworksoc.org\\\/es\\\/\"},{\"@type\":\"ListItem\",\"position\":2,\"name\":\"Voluntario\",\"item\":\"https:\\\/\\\/kidworksoc.org\\\/es\\\/voluntario\\\/\"},{\"@type\":\"ListItem\",\"position\":3,\"name\":\"Mentores\"}]},{\"@type\":\"WebSite\",\"@id\":\"https:\\\/\\\/kidworksoc.org\\\/es\\\/#website\",\"url\":\"https:\\\/\\\/kidworksoc.org\\\/es\\\/\",\"name\":\"KidWorks\",\"description\":\"Unleashing Youth Potential\u2122\",\"publisher\":{\"@id\":\"https:\\\/\\\/kidworksoc.org\\\/es\\\/#organization\"},\"potentialAction\":[{\"@type\":\"SearchAction\",\"target\":{\"@type\":\"EntryPoint\",\"urlTemplate\":\"https:\\\/\\\/kidworksoc.org\\\/es\\\/?s={search_term_string}\"},\"query-input\":{\"@type\":\"PropertyValueSpecification\",\"valueRequired\":true,\"valueName\":\"search_term_string\"}}],\"inLanguage\":\"es\"},{\"@type\":\"Organization\",\"@id\":\"https:\\\/\\\/kidworksoc.org\\\/es\\\/#organization\",\"name\":\"KidWorks\",\"url\":\"https:\\\/\\\/kidworksoc.org\\\/es\\\/\",\"logo\":{\"@type\":\"ImageObject\",\"inLanguage\":\"es\",\"@id\":\"https:\\\/\\\/kidworksoc.org\\\/es\\\/#\\\/schema\\\/logo\\\/image\\\/\",\"url\":\"https:\\\/\\\/kidworksoc.org\\\/wp-content\\\/uploads\\\/2023\\\/01\\\/kidworks-anniversary-logo.png\",\"contentUrl\":\"https:\\\/\\\/kidworksoc.org\\\/wp-content\\\/uploads\\\/2023\\\/01\\\/kidworks-anniversary-logo.png\",\"width\":420,\"height\":114,\"caption\":\"KidWorks\"},\"image\":{\"@id\":\"https:\\\/\\\/kidworksoc.org\\\/es\\\/#\\\/schema\\\/logo\\\/image\\\/\"},\"sameAs\":[\"https:\\\/\\\/www.facebook.com\\\/kidworkscdc\",\"https:\\\/\\\/x.com\\\/kidworks\",\"https:\\\/\\\/www.instagram.com\\\/kidworks\\\/\",\"https:\\\/\\\/www.yelp.com\\\/biz\\\/kidworks-santa-ana?osq=kidworks\",\"https:\\\/\\\/www.youtube.com\\\/user\\\/KidWorksCDC\",\"https:\\\/\\\/www.linkedin.com\\\/company\\\/kidworkscdc\"]}]}<\/script>\n<!-- \/ Yoast SEO plugin. -->","yoast_head_json":{"title":"Mentores - KidWorks","description":"El Programa Mentor de KidWorks empareja a estudiantes de 12\u00ba curso con un joven profesional que les apoya en sus objetivos universitarios y profesionales","robots":{"index":"index","follow":"follow","max-snippet":"max-snippet:-1","max-image-preview":"max-image-preview:large","max-video-preview":"max-video-preview:-1"},"canonical":"https:\/\/kidworksoc.org\/es\/voluntario\/mentores\/","og_locale":"es_ES","og_type":"article","og_title":"Mentores - KidWorks","og_description":"El Programa Mentor de KidWorks empareja a estudiantes de 12\u00ba curso con un joven profesional que les apoya en sus objetivos universitarios y profesionales","og_url":"https:\/\/kidworksoc.org\/es\/voluntario\/mentores\/","og_site_name":"KidWorks","article_publisher":"https:\/\/www.facebook.com\/kidworkscdc","article_modified_time":"2023-07-13T17:33:59+00:00","og_image":[{"width":1437,"height":2560,"url":"https:\/\/kidworksoc.org\/wp-content\/uploads\/2025\/07\/IMG_1251-scaled.jpg","type":"image\/jpeg"}],"twitter_card":"summary_large_image","twitter_site":"@kidworks","schema":{"@context":"https:\/\/schema.org","@graph":[{"@type":"WebPage","@id":"https:\/\/kidworksoc.org\/es\/voluntario\/mentores\/","url":"https:\/\/kidworksoc.org\/es\/voluntario\/mentores\/","name":"Mentores - KidWorks","isPartOf":{"@id":"https:\/\/kidworksoc.org\/es\/#website"},"primaryImageOfPage":{"@id":"https:\/\/kidworksoc.org\/es\/voluntario\/mentores\/#primaryimage"},"image":{"@id":"https:\/\/kidworksoc.org\/es\/voluntario\/mentores\/#primaryimage"},"thumbnailUrl":"https:\/\/kidworksoc.org\/wp-content\/uploads\/2025\/07\/IMG_1251-scaled.jpg","datePublished":"2023-01-25T19:02:23+00:00","dateModified":"2023-07-13T17:33:59+00:00","description":"El Programa Mentor de KidWorks empareja a estudiantes de 12\u00ba curso con un joven profesional que les apoya en sus objetivos universitarios y profesionales","breadcrumb":{"@id":"https:\/\/kidworksoc.org\/es\/voluntario\/mentores\/#breadcrumb"},"inLanguage":"es","potentialAction":[{"@type":"ReadAction","target":["https:\/\/kidworksoc.org\/es\/voluntario\/mentores\/"]}]},{"@type":"ImageObject","inLanguage":"es","@id":"https:\/\/kidworksoc.org\/es\/voluntario\/mentores\/#primaryimage","url":"https:\/\/kidworksoc.org\/wp-content\/uploads\/2025\/07\/IMG_1251-scaled.jpg","contentUrl":"https:\/\/kidworksoc.org\/wp-content\/uploads\/2025\/07\/IMG_1251-scaled.jpg","width":1437,"height":2560},{"@type":"BreadcrumbList","@id":"https:\/\/kidworksoc.org\/es\/voluntario\/mentores\/#breadcrumb","itemListElement":[{"@type":"ListItem","position":1,"name":"Home","item":"https:\/\/kidworksoc.org\/es\/"},{"@type":"ListItem","position":2,"name":"Voluntario","item":"https:\/\/kidworksoc.org\/es\/voluntario\/"},{"@type":"ListItem","position":3,"name":"Mentores"}]},{"@type":"WebSite","@id":"https:\/\/kidworksoc.org\/es\/#website","url":"https:\/\/kidworksoc.org\/es\/","name":"KidWorks","description":"Unleashing Youth Potential\u2122","publisher":{"@id":"https:\/\/kidworksoc.org\/es\/#organization"},"potentialAction":[{"@type":"SearchAction","target":{"@type":"EntryPoint","urlTemplate":"https:\/\/kidworksoc.org\/es\/?s={search_term_string}"},"query-input":{"@type":"PropertyValueSpecification","valueRequired":true,"valueName":"search_term_string"}}],"inLanguage":"es"},{"@type":"Organization","@id":"https:\/\/kidworksoc.org\/es\/#organization","name":"KidWorks","url":"https:\/\/kidworksoc.org\/es\/","logo":{"@type":"ImageObject","inLanguage":"es","@id":"https:\/\/kidworksoc.org\/es\/#\/schema\/logo\/image\/","url":"https:\/\/kidworksoc.org\/wp-content\/uploads\/2023\/01\/kidworks-anniversary-logo.png","contentUrl":"https:\/\/kidworksoc.org\/wp-content\/uploads\/2023\/01\/kidworks-anniversary-logo.png","width":420,"height":114,"caption":"KidWorks"},"image":{"@id":"https:\/\/kidworksoc.org\/es\/#\/schema\/logo\/image\/"},"sameAs":["https:\/\/www.facebook.com\/kidworkscdc","https:\/\/x.com\/kidworks","https:\/\/www.instagram.com\/kidworks\/","https:\/\/www.yelp.com\/biz\/kidworks-santa-ana?osq=kidworks","https:\/\/www.youtube.com\/user\/KidWorksCDC","https:\/\/www.linkedin.com\/company\/kidworkscdc"]}]}},"_links":{"self":[{"href":"https:\/\/kidworksoc.org\/es\/wp-json\/wp\/v2\/pages\/3180","targetHints":{"allow":["GET"]}}],"collection":[{"href":"https:\/\/kidworksoc.org\/es\/wp-json\/wp\/v2\/pages"}],"about":[{"href":"https:\/\/kidworksoc.org\/es\/wp-json\/wp\/v2\/types\/page"}],"author":[{"embeddable":true,"href":"https:\/\/kidworksoc.org\/es\/wp-json\/wp\/v2\/users\/1"}],"replies":[{"embeddable":true,"href":"https:\/\/kidworksoc.org\/es\/wp-json\/wp\/v2\/comments?post=3180"}],"version-history":[{"count":0,"href":"https:\/\/kidworksoc.org\/es\/wp-json\/wp\/v2\/pages\/3180\/revisions"}],"up":[{"embeddable":true,"href":"https:\/\/kidworksoc.org\/es\/wp-json\/wp\/v2\/pages\/3173"}],"wp:featuredmedia":[{"embeddable":true,"href":"https:\/\/kidworksoc.org\/es\/wp-json\/wp\/v2\/media\/8081"}],"wp:attachment":[{"href":"https:\/\/kidworksoc.org\/es\/wp-json\/wp\/v2\/media?parent=3180"}],"curies":[{"name":"wp","href":"https:\/\/api.w.org\/{rel}","templated":true}]}}