{"id":3179,"date":"2023-01-25T11:01:44","date_gmt":"2023-01-25T19:01:44","guid":{"rendered":"http:\/\/kidworksoc.org\/voluntario\/practicas\/"},"modified":"2023-07-13T10:31:59","modified_gmt":"2023-07-13T17:31:59","slug":"practicas","status":"publish","type":"page","link":"https:\/\/kidworksoc.org\/es\/voluntario\/practicas\/","title":{"rendered":"Pr\u00e1cticas"},"content":{"rendered":"\n<div class=\"wp-block-cover alignfull is-light\" style=\"padding-top:var(--wp--preset--spacing--300);padding-right:var(--wp--preset--spacing--30);padding-bottom:var(--wp--preset--spacing--150);padding-left:var(--wp--preset--spacing--30)\"><span aria-hidden=\"true\" class=\"wp-block-cover__background has-background-dim-100 has-background-dim has-background-gradient\" style=\"background:linear-gradient(0deg,rgb(0,28,74) 0%,rgba(0,28,74,0.35) 100%)\"><\/span><img decoding=\"async\" width=\"1600\" height=\"1069\" src=\"https:\/\/kidworksoc.org\/wp-content\/uploads\/2023\/02\/LHPF8921.jpg\" class=\"wp-block-cover__image-background wp-post-image\" alt=\"\" data-object-fit=\"cover\" srcset=\"https:\/\/kidworksoc.org\/wp-content\/uploads\/2023\/02\/LHPF8921.jpg 1600w, https:\/\/kidworksoc.org\/wp-content\/uploads\/2023\/02\/LHPF8921-1280x855.jpg 1280w, https:\/\/kidworksoc.org\/wp-content\/uploads\/2023\/02\/LHPF8921-1440x962.jpg 1440w, https:\/\/kidworksoc.org\/wp-content\/uploads\/2023\/02\/LHPF8921-1536x1026.jpg 1536w, https:\/\/kidworksoc.org\/wp-content\/uploads\/2023\/02\/LHPF8921-600x401.jpg 600w\" sizes=\"(max-width: 1600px) 100vw, 1600px\" \/><div class=\"wp-block-cover__inner-container is-layout-flow wp-block-cover-is-layout-flow\">\n<div class=\"wp-block-group has-global-padding is-layout-constrained wp-container-core-group-is-layout-ebe15cfa wp-block-group-is-layout-constrained\">\n<h1 class=\"wp-block-heading has-text-align-center has-white-color has-text-color\" style=\"font-size:clamp(33.419px, 2.089rem + ((1vw - 3.2px) * 2.769), 60px);\"><strong><strong>Pr\u00e1cticas<\/strong><\/strong><\/h1>\n\n\n\n<p class=\"has-text-align-center has-white-color has-text-color has-medium-font-size\">KidWorks ofrece pr\u00e1cticas competitivas durante todo el a\u00f1o para estudiantes de diversas especialidades.  <\/p>\n<\/div>\n<\/div><\/div>\n\n<div style=\"height:100px\" aria-hidden=\"true\" class=\"wp-block-spacer\"><\/div>\n\n<figure class=\"wp-block-embed is-type-video is-provider-youtube wp-block-embed-youtube wp-embed-aspect-16-9 wp-has-aspect-ratio\"><div class=\"wp-block-embed__wrapper\">\n<iframe loading=\"lazy\" title=\"KidWorks College Corp Interns\" width=\"500\" height=\"281\" src=\"https:\/\/www.youtube.com\/embed\/qkQLBFDjag8?feature=oembed\" frameborder=\"0\" allow=\"accelerometer; autoplay; clipboard-write; encrypted-media; gyroscope; picture-in-picture; web-share\" referrerpolicy=\"strict-origin-when-cross-origin\" allowfullscreen><\/iframe>\n<\/div><\/figure>\n\n<div class=\"wp-block-columns alignwide is-layout-flex wp-container-core-columns-is-layout-28f84493 wp-block-columns-is-layout-flex\">\n<div class=\"wp-block-column is-layout-flow wp-block-column-is-layout-flow\">\n<h3 class=\"wp-block-heading\"><strong>Oportunidades de pr\u00e1cticas<\/strong><\/h3>\n\n\n\n<ul class=\"wp-block-list\">\n<li><a href=\"http:\/\/kidworksoc.org\/es\/college-career-success-initiative\/\">\u00c9xito universitario<\/a><\/li>\n\n\n\n<li>Primaria (K-5)  <\/li>\n\n\n\n<li>Recaudaci\u00f3n de fondos<\/li>\n\n\n\n<li>Marketing y Comunicaci\u00f3n<\/li>\n\n\n\n<li><a href=\"https:\/\/kidworksoc.org\/preschool\">Preescolar<\/a><\/li>\n\n\n\n<li>Compromiso de los voluntarios<\/li>\n\n\n\n<li><a href=\"https:\/\/kidworksoc.org\/youth\">Juventud<\/a><\/li>\n<\/ul>\n<\/div>\n\n\n\n<div class=\"wp-block-column is-layout-flow wp-block-column-is-layout-flow\">\n<h3 class=\"wp-block-heading\"><strong>Requisitos de las pr\u00e1cticas<\/strong><\/h3>\n\n\n\n<ul class=\"wp-block-list\">\n<li>Estar matriculado en una universidad, escuela de formaci\u00f3n profesional o escuela superior de cuatro a\u00f1os.<\/li>\n\n\n\n<li>Be willing to serve for a minimum of 6 hrs per week for a minimum of 3 months.<\/li>\n\n\n\n<li>Excelentes aptitudes verbales, escritas y organizativas.<\/li>\n\n\n\n<li>Demostrar iniciativa y capacidad para desempe\u00f1ar funciones de forma independiente.<\/li>\n<\/ul>\n<\/div>\n\n\n\n<div class=\"wp-block-column is-layout-flow wp-block-column-is-layout-flow\">\n<h3 class=\"wp-block-heading\"><strong>Pr\u00f3ximos pasos<\/strong><\/h3>\n\n\n\n<ul class=\"wp-block-list\">\n<li>Rellene <a href=\"https:\/\/app.betterimpact.com\/Application?OrganizationGuid=9d99caa2-5ccf-4e1e-8744-d44f70dac223&amp;ApplicationFormNumber=1\" target=\"_blank\" rel=\"noreferrer noopener\">la solicitud de voluntariado de Kidworks<\/a>.<\/li>\n\n\n\n<li>Completar la orientaci\u00f3n\/formaci\u00f3n en KidWorks.<\/li>\n\n\n\n<li>Entrevista completa de KidWorks.<\/li>\n\n\n\n<li>Comprobaci\u00f3n completa de antecedentes.<\/li>\n\n\n\n<li><strong>S\u00f3lo voluntarios de preescolar: <\/strong>Deben hacerse una prueba de tuberculosis o tener los resultados de la prueba de tuberculosis actualizados dentro de 1 a\u00f1o y disponibles para mostrar m\u00e1s prueba de vacunas adicionales.<\/li>\n<\/ul>\n<\/div>\n<\/div>\n\n<div style=\"height:100px\" aria-hidden=\"true\" class=\"wp-block-spacer\"><\/div>\n\n<p><em>Debido al elevado volumen de solicitudes, no podemos garantizar una respuesta a todas las solicitudes recibidas. Se contactar\u00e1 directamente con los seleccionados para el siguiente paso. Todas las pr\u00e1cticas de KidWorks son no remuneradas.<\/em><\/p>\n\n<p><em>Llame al 714.834.9400 o env\u00ede un correo electr\u00f3nico a<\/em><a href=\"mailto:volunteer@kidworksoc.org\" target=\"_blank\" rel=\"noreferrer noopener\"> Vanessa Hern\u00e1ndez <\/a><em>para obtener m\u00e1s informaci\u00f3n sobre las oportunidades de pr\u00e1cticas actuales.<\/em><\/p>\n","protected":false},"excerpt":{"rendered":"<p>Oportunidades de pr\u00e1cticas Requisitos de las pr\u00e1cticas Pr\u00f3ximos pasos Debido al elevado volumen de solicitudes, no podemos garantizar una respuesta a todas las solicitudes recibidas. Se contactar\u00e1 directamente con los&hellip; <a class=\"more-link\" href=\"https:\/\/kidworksoc.org\/es\/voluntario\/practicas\/\">Siga Leyendo<\/a><\/p>\n","protected":false},"author":1,"featured_media":2510,"parent":3173,"menu_order":0,"comment_status":"closed","ping_status":"closed","template":"","meta":{"_acf_changed":false,"_searchwp_excluded":"","_monsterinsights_skip_tracking":false,"_monsterinsights_sitenote_active":false,"_monsterinsights_sitenote_note":"","_monsterinsights_sitenote_category":0,"_uf_show_specific_survey":0,"_uf_disable_surveys":false,"footnotes":""},"class_list":["post-3179","page","type-page","status-publish","has-post-thumbnail","hentry"],"acf":[],"aioseo_notices":[],"yoast_head":"<!-- This site is optimized with the Yoast SEO plugin v27.4 - https:\/\/yoast.com\/product\/yoast-seo-wordpress\/ -->\n<title>Pr\u00e1cticas - KidWorks<\/title>\n<meta name=\"description\" content=\"Pr\u00e1cticas KidWorks ofrece pr\u00e1cticas competitivas durante todo el a\u00f1o para estudiantes de diversas especialidades. https:\/\/youtu.be\/qkQLBFDjag8\" \/>\n<meta name=\"robots\" content=\"index, follow, max-snippet:-1, max-image-preview:large, max-video-preview:-1\" \/>\n<link rel=\"canonical\" href=\"https:\/\/kidworksoc.org\/es\/voluntario\/practicas\/\" \/>\n<meta property=\"og:locale\" content=\"es_ES\" \/>\n<meta property=\"og:type\" content=\"article\" \/>\n<meta property=\"og:title\" content=\"Pr\u00e1cticas - KidWorks\" \/>\n<meta property=\"og:description\" content=\"Pr\u00e1cticas KidWorks ofrece pr\u00e1cticas competitivas durante todo el a\u00f1o para estudiantes de diversas especialidades. https:\/\/youtu.be\/qkQLBFDjag8\" \/>\n<meta property=\"og:url\" content=\"https:\/\/kidworksoc.org\/es\/voluntario\/practicas\/\" \/>\n<meta property=\"og:site_name\" content=\"KidWorks\" \/>\n<meta property=\"article:publisher\" content=\"https:\/\/www.facebook.com\/kidworkscdc\" \/>\n<meta property=\"article:modified_time\" content=\"2023-07-13T17:31:59+00:00\" \/>\n<meta property=\"og:image\" content=\"https:\/\/kidworksoc.org\/wp-content\/uploads\/2023\/02\/LHPF8921.jpg\" \/>\n\t<meta property=\"og:image:width\" content=\"1600\" \/>\n\t<meta property=\"og:image:height\" content=\"1069\" \/>\n\t<meta property=\"og:image:type\" content=\"image\/jpeg\" \/>\n<meta name=\"twitter:card\" content=\"summary_large_image\" \/>\n<meta name=\"twitter:site\" content=\"@kidworks\" \/>\n<script type=\"application\/ld+json\" class=\"yoast-schema-graph\">{\"@context\":\"https:\\\/\\\/schema.org\",\"@graph\":[{\"@type\":\"WebPage\",\"@id\":\"https:\\\/\\\/kidworksoc.org\\\/es\\\/voluntario\\\/practicas\\\/\",\"url\":\"https:\\\/\\\/kidworksoc.org\\\/es\\\/voluntario\\\/practicas\\\/\",\"name\":\"Pr\u00e1cticas - KidWorks\",\"isPartOf\":{\"@id\":\"https:\\\/\\\/kidworksoc.org\\\/es\\\/#website\"},\"primaryImageOfPage\":{\"@id\":\"https:\\\/\\\/kidworksoc.org\\\/es\\\/voluntario\\\/practicas\\\/#primaryimage\"},\"image\":{\"@id\":\"https:\\\/\\\/kidworksoc.org\\\/es\\\/voluntario\\\/practicas\\\/#primaryimage\"},\"thumbnailUrl\":\"https:\\\/\\\/kidworksoc.org\\\/wp-content\\\/uploads\\\/2023\\\/02\\\/LHPF8921.jpg\",\"datePublished\":\"2023-01-25T19:01:44+00:00\",\"dateModified\":\"2023-07-13T17:31:59+00:00\",\"description\":\"Pr\u00e1cticas KidWorks ofrece pr\u00e1cticas competitivas durante todo el a\u00f1o para estudiantes de diversas especialidades. https:\\\/\\\/youtu.be\\\/qkQLBFDjag8\",\"breadcrumb\":{\"@id\":\"https:\\\/\\\/kidworksoc.org\\\/es\\\/voluntario\\\/practicas\\\/#breadcrumb\"},\"inLanguage\":\"es\",\"potentialAction\":[{\"@type\":\"ReadAction\",\"target\":[\"https:\\\/\\\/kidworksoc.org\\\/es\\\/voluntario\\\/practicas\\\/\"]}]},{\"@type\":\"ImageObject\",\"inLanguage\":\"es\",\"@id\":\"https:\\\/\\\/kidworksoc.org\\\/es\\\/voluntario\\\/practicas\\\/#primaryimage\",\"url\":\"https:\\\/\\\/kidworksoc.org\\\/wp-content\\\/uploads\\\/2023\\\/02\\\/LHPF8921.jpg\",\"contentUrl\":\"https:\\\/\\\/kidworksoc.org\\\/wp-content\\\/uploads\\\/2023\\\/02\\\/LHPF8921.jpg\",\"width\":1600,\"height\":1069},{\"@type\":\"BreadcrumbList\",\"@id\":\"https:\\\/\\\/kidworksoc.org\\\/es\\\/voluntario\\\/practicas\\\/#breadcrumb\",\"itemListElement\":[{\"@type\":\"ListItem\",\"position\":1,\"name\":\"Home\",\"item\":\"https:\\\/\\\/kidworksoc.org\\\/es\\\/\"},{\"@type\":\"ListItem\",\"position\":2,\"name\":\"Voluntario\",\"item\":\"https:\\\/\\\/kidworksoc.org\\\/es\\\/voluntario\\\/\"},{\"@type\":\"ListItem\",\"position\":3,\"name\":\"Pr\u00e1cticas\"}]},{\"@type\":\"WebSite\",\"@id\":\"https:\\\/\\\/kidworksoc.org\\\/es\\\/#website\",\"url\":\"https:\\\/\\\/kidworksoc.org\\\/es\\\/\",\"name\":\"KidWorks\",\"description\":\"Unleashing Youth Potential\u2122\",\"publisher\":{\"@id\":\"https:\\\/\\\/kidworksoc.org\\\/es\\\/#organization\"},\"potentialAction\":[{\"@type\":\"SearchAction\",\"target\":{\"@type\":\"EntryPoint\",\"urlTemplate\":\"https:\\\/\\\/kidworksoc.org\\\/es\\\/?s={search_term_string}\"},\"query-input\":{\"@type\":\"PropertyValueSpecification\",\"valueRequired\":true,\"valueName\":\"search_term_string\"}}],\"inLanguage\":\"es\"},{\"@type\":\"Organization\",\"@id\":\"https:\\\/\\\/kidworksoc.org\\\/es\\\/#organization\",\"name\":\"KidWorks\",\"url\":\"https:\\\/\\\/kidworksoc.org\\\/es\\\/\",\"logo\":{\"@type\":\"ImageObject\",\"inLanguage\":\"es\",\"@id\":\"https:\\\/\\\/kidworksoc.org\\\/es\\\/#\\\/schema\\\/logo\\\/image\\\/\",\"url\":\"https:\\\/\\\/kidworksoc.org\\\/wp-content\\\/uploads\\\/2023\\\/01\\\/kidworks-anniversary-logo.png\",\"contentUrl\":\"https:\\\/\\\/kidworksoc.org\\\/wp-content\\\/uploads\\\/2023\\\/01\\\/kidworks-anniversary-logo.png\",\"width\":420,\"height\":114,\"caption\":\"KidWorks\"},\"image\":{\"@id\":\"https:\\\/\\\/kidworksoc.org\\\/es\\\/#\\\/schema\\\/logo\\\/image\\\/\"},\"sameAs\":[\"https:\\\/\\\/www.facebook.com\\\/kidworkscdc\",\"https:\\\/\\\/x.com\\\/kidworks\",\"https:\\\/\\\/www.instagram.com\\\/kidworks\\\/\",\"https:\\\/\\\/www.yelp.com\\\/biz\\\/kidworks-santa-ana?osq=kidworks\",\"https:\\\/\\\/www.youtube.com\\\/user\\\/KidWorksCDC\",\"https:\\\/\\\/www.linkedin.com\\\/company\\\/kidworkscdc\"]}]}<\/script>\n<!-- \/ Yoast SEO plugin. -->","yoast_head_json":{"title":"Pr\u00e1cticas - KidWorks","description":"Pr\u00e1cticas KidWorks ofrece pr\u00e1cticas competitivas durante todo el a\u00f1o para estudiantes de diversas especialidades. https:\/\/youtu.be\/qkQLBFDjag8","robots":{"index":"index","follow":"follow","max-snippet":"max-snippet:-1","max-image-preview":"max-image-preview:large","max-video-preview":"max-video-preview:-1"},"canonical":"https:\/\/kidworksoc.org\/es\/voluntario\/practicas\/","og_locale":"es_ES","og_type":"article","og_title":"Pr\u00e1cticas - KidWorks","og_description":"Pr\u00e1cticas KidWorks ofrece pr\u00e1cticas competitivas durante todo el a\u00f1o para estudiantes de diversas especialidades. https:\/\/youtu.be\/qkQLBFDjag8","og_url":"https:\/\/kidworksoc.org\/es\/voluntario\/practicas\/","og_site_name":"KidWorks","article_publisher":"https:\/\/www.facebook.com\/kidworkscdc","article_modified_time":"2023-07-13T17:31:59+00:00","og_image":[{"width":1600,"height":1069,"url":"https:\/\/kidworksoc.org\/wp-content\/uploads\/2023\/02\/LHPF8921.jpg","type":"image\/jpeg"}],"twitter_card":"summary_large_image","twitter_site":"@kidworks","schema":{"@context":"https:\/\/schema.org","@graph":[{"@type":"WebPage","@id":"https:\/\/kidworksoc.org\/es\/voluntario\/practicas\/","url":"https:\/\/kidworksoc.org\/es\/voluntario\/practicas\/","name":"Pr\u00e1cticas - KidWorks","isPartOf":{"@id":"https:\/\/kidworksoc.org\/es\/#website"},"primaryImageOfPage":{"@id":"https:\/\/kidworksoc.org\/es\/voluntario\/practicas\/#primaryimage"},"image":{"@id":"https:\/\/kidworksoc.org\/es\/voluntario\/practicas\/#primaryimage"},"thumbnailUrl":"https:\/\/kidworksoc.org\/wp-content\/uploads\/2023\/02\/LHPF8921.jpg","datePublished":"2023-01-25T19:01:44+00:00","dateModified":"2023-07-13T17:31:59+00:00","description":"Pr\u00e1cticas KidWorks ofrece pr\u00e1cticas competitivas durante todo el a\u00f1o para estudiantes de diversas especialidades. https:\/\/youtu.be\/qkQLBFDjag8","breadcrumb":{"@id":"https:\/\/kidworksoc.org\/es\/voluntario\/practicas\/#breadcrumb"},"inLanguage":"es","potentialAction":[{"@type":"ReadAction","target":["https:\/\/kidworksoc.org\/es\/voluntario\/practicas\/"]}]},{"@type":"ImageObject","inLanguage":"es","@id":"https:\/\/kidworksoc.org\/es\/voluntario\/practicas\/#primaryimage","url":"https:\/\/kidworksoc.org\/wp-content\/uploads\/2023\/02\/LHPF8921.jpg","contentUrl":"https:\/\/kidworksoc.org\/wp-content\/uploads\/2023\/02\/LHPF8921.jpg","width":1600,"height":1069},{"@type":"BreadcrumbList","@id":"https:\/\/kidworksoc.org\/es\/voluntario\/practicas\/#breadcrumb","itemListElement":[{"@type":"ListItem","position":1,"name":"Home","item":"https:\/\/kidworksoc.org\/es\/"},{"@type":"ListItem","position":2,"name":"Voluntario","item":"https:\/\/kidworksoc.org\/es\/voluntario\/"},{"@type":"ListItem","position":3,"name":"Pr\u00e1cticas"}]},{"@type":"WebSite","@id":"https:\/\/kidworksoc.org\/es\/#website","url":"https:\/\/kidworksoc.org\/es\/","name":"KidWorks","description":"Unleashing Youth Potential\u2122","publisher":{"@id":"https:\/\/kidworksoc.org\/es\/#organization"},"potentialAction":[{"@type":"SearchAction","target":{"@type":"EntryPoint","urlTemplate":"https:\/\/kidworksoc.org\/es\/?s={search_term_string}"},"query-input":{"@type":"PropertyValueSpecification","valueRequired":true,"valueName":"search_term_string"}}],"inLanguage":"es"},{"@type":"Organization","@id":"https:\/\/kidworksoc.org\/es\/#organization","name":"KidWorks","url":"https:\/\/kidworksoc.org\/es\/","logo":{"@type":"ImageObject","inLanguage":"es","@id":"https:\/\/kidworksoc.org\/es\/#\/schema\/logo\/image\/","url":"https:\/\/kidworksoc.org\/wp-content\/uploads\/2023\/01\/kidworks-anniversary-logo.png","contentUrl":"https:\/\/kidworksoc.org\/wp-content\/uploads\/2023\/01\/kidworks-anniversary-logo.png","width":420,"height":114,"caption":"KidWorks"},"image":{"@id":"https:\/\/kidworksoc.org\/es\/#\/schema\/logo\/image\/"},"sameAs":["https:\/\/www.facebook.com\/kidworkscdc","https:\/\/x.com\/kidworks","https:\/\/www.instagram.com\/kidworks\/","https:\/\/www.yelp.com\/biz\/kidworks-santa-ana?osq=kidworks","https:\/\/www.youtube.com\/user\/KidWorksCDC","https:\/\/www.linkedin.com\/company\/kidworkscdc"]}]}},"_links":{"self":[{"href":"https:\/\/kidworksoc.org\/es\/wp-json\/wp\/v2\/pages\/3179","targetHints":{"allow":["GET"]}}],"collection":[{"href":"https:\/\/kidworksoc.org\/es\/wp-json\/wp\/v2\/pages"}],"about":[{"href":"https:\/\/kidworksoc.org\/es\/wp-json\/wp\/v2\/types\/page"}],"author":[{"embeddable":true,"href":"https:\/\/kidworksoc.org\/es\/wp-json\/wp\/v2\/users\/1"}],"replies":[{"embeddable":true,"href":"https:\/\/kidworksoc.org\/es\/wp-json\/wp\/v2\/comments?post=3179"}],"version-history":[{"count":0,"href":"https:\/\/kidworksoc.org\/es\/wp-json\/wp\/v2\/pages\/3179\/revisions"}],"up":[{"embeddable":true,"href":"https:\/\/kidworksoc.org\/es\/wp-json\/wp\/v2\/pages\/3173"}],"wp:featuredmedia":[{"embeddable":true,"href":"https:\/\/kidworksoc.org\/es\/wp-json\/wp\/v2\/media\/2510"}],"wp:attachment":[{"href":"https:\/\/kidworksoc.org\/es\/wp-json\/wp\/v2\/media?parent=3179"}],"curies":[{"name":"wp","href":"https:\/\/api.w.org\/{rel}","templated":true}]}}