{"id":3178,"date":"2023-01-25T11:00:01","date_gmt":"2023-01-25T19:00:01","guid":{"rendered":"http:\/\/kidworksoc.org\/voluntario\/particulares\/"},"modified":"2023-07-06T10:08:33","modified_gmt":"2023-07-06T17:08:33","slug":"particulares","status":"publish","type":"page","link":"https:\/\/kidworksoc.org\/es\/voluntario\/particulares\/","title":{"rendered":"Particulares"},"content":{"rendered":"\n<div class=\"wp-block-cover alignfull is-light\" style=\"padding-top:var(--wp--preset--spacing--300);padding-right:var(--wp--preset--spacing--30);padding-bottom:var(--wp--preset--spacing--150);padding-left:var(--wp--preset--spacing--30)\"><span aria-hidden=\"true\" class=\"wp-block-cover__background has-background-dim wp-block-cover__gradient-background has-background-gradient\" style=\"background:linear-gradient(0deg,rgb(0,28,74) 0%,rgba(0,28,74,0.35) 100%)\"><\/span><img decoding=\"async\" width=\"1492\" height=\"758\" class=\"wp-block-cover__image-background wp-image-2264\" alt=\"\" src=\"http:\/\/kidworksoc.org\/wp-content\/uploads\/2023\/02\/IMG_3216.jpg\" data-object-fit=\"cover\" srcset=\"https:\/\/kidworksoc.org\/wp-content\/uploads\/2023\/02\/IMG_3216.jpg 1492w, https:\/\/kidworksoc.org\/wp-content\/uploads\/2023\/02\/IMG_3216-1280x650.jpg 1280w, https:\/\/kidworksoc.org\/wp-content\/uploads\/2023\/02\/IMG_3216-1440x732.jpg 1440w, https:\/\/kidworksoc.org\/wp-content\/uploads\/2023\/02\/IMG_3216-600x305.jpg 600w\" sizes=\"(max-width: 1492px) 100vw, 1492px\" \/><div class=\"wp-block-cover__inner-container is-layout-flow wp-block-cover-is-layout-flow\">\n<div class=\"wp-block-group has-global-padding is-layout-constrained wp-container-core-group-is-layout-9b5fd1f6 wp-block-group-is-layout-constrained\">\n<h1 class=\"wp-block-heading has-text-align-center has-white-color has-text-color\" style=\"font-size:clamp(33.419px, 2.089rem + ((1vw - 3.2px) * 2.769), 60px);\"><strong>Particulares<\/strong><\/h1>\n\n\n\n<p class=\"has-text-align-center has-white-color has-text-color has-medium-font-size\">\\KidWorks ofrece una amplia variedad de oportunidades para  <br\/>que comparta su talento con nuestra organizaci\u00f3n.  <\/p>\n<\/div>\n<\/div><\/div>\n\n<div style=\"height:100px\" aria-hidden=\"true\" class=\"wp-block-spacer\"><\/div>\n\n<h2 class=\"wp-block-heading has-text-align-center\"><strong>Puestos disponibles actualmente<\/strong><\/h2>\n\n<div class=\"wp-block-columns alignwide is-layout-flex wp-container-core-columns-is-layout-28f84493 wp-block-columns-is-layout-flex\">\n<div class=\"wp-block-column is-layout-flow wp-block-column-is-layout-flow\">\n<h4 class=\"wp-block-heading\"><strong>Voluntarios de aula:<\/strong><\/h4>\n\n\n\n<p><strong>Fechas:<\/strong><br\/>Lunes &#8211; Jueves, 3:00 &#8211; 5:00 pm (K-5) o 6:00 &#8211; 7:15pm (J\u00f3venes)<\/p>\n\n\n\n<p><strong>Las responsabilidades incluyen:<\/strong><br\/>Ayudar con los deberes y asistir a los profesores en las actividades y lecciones del programa.<\/p>\n<\/div>\n\n\n\n<div class=\"wp-block-column is-layout-flow wp-block-column-is-layout-flow\">\n<h4 class=\"wp-block-heading\"><strong>Voluntarios preescolares:<\/strong><\/h4>\n\n\n\n<p><strong>Fechas:<\/strong><br\/>De lunes a viernes, de 8.00 a 11.00 h. o de 12.00 a 15.00 h.<br\/>(agosto &#8211; junio)<\/p>\n\n\n\n<p><strong>Las responsabilidades incluyen:<\/strong><br\/>Gestionar el aula y ayudar a los profesores en sus actividades y clases diarias.<\/p>\n<\/div>\n\n\n\n<div class=\"wp-block-column is-layout-flow wp-block-column-is-layout-flow\">\n<h4 class=\"wp-block-heading\"><strong>Voluntarios de apoyo:<\/strong><\/h4>\n\n\n\n<p><strong>Fechas:<\/strong><br\/>Var\u00eda seg\u00fan la hora y el departamento<\/p>\n\n\n\n<p><strong>Las responsabilidades incluyen:<\/strong><br\/>Apoyo administrativo, recaudaci\u00f3n de fondos, dise\u00f1o gr\u00e1fico, organizaci\u00f3n de eventos, marketing, tecnolog\u00eda y otros tipos de apoyo.<\/p>\n<\/div>\n<\/div>\n\n<div style=\"height:100px\" aria-hidden=\"true\" class=\"wp-block-spacer\"><\/div>\n\n<div class=\"wp-block-media-text alignwide is-stacked-on-mobile\"><figure class=\"wp-block-media-text__media\"><img decoding=\"async\" width=\"1500\" height=\"1299\" src=\"http:\/\/kidworksoc.org\/wp-content\/uploads\/2023\/02\/ivwnopLk.jpeg\" alt=\"\" class=\"wp-image-2505 size-full\" srcset=\"https:\/\/kidworksoc.org\/wp-content\/uploads\/2023\/02\/ivwnopLk.jpeg 1500w, https:\/\/kidworksoc.org\/wp-content\/uploads\/2023\/02\/ivwnopLk-1280x1108.jpeg 1280w, https:\/\/kidworksoc.org\/wp-content\/uploads\/2023\/02\/ivwnopLk-1440x1247.jpeg 1440w, https:\/\/kidworksoc.org\/wp-content\/uploads\/2023\/02\/ivwnopLk-600x520.jpeg 600w\" sizes=\"(max-width: 1500px) 100vw, 1500px\" \/><\/figure><div class=\"wp-block-media-text__content\">\n<h3 class=\"wp-block-heading\"><strong>Requisitos y pr\u00f3ximos pasos<\/strong><\/h3>\n\n\n\n<ul class=\"is-style-check-mark wp-block-list\">\n<li>Rellene <a href=\"https:\/\/app.betterimpact.com\/Application?OrganizationGuid=9d99caa2-5ccf-4e1e-8744-d44f70dac223&amp;ApplicationFormNumber=1\" target=\"_blank\" rel=\"noreferrer noopener\">la solicitud de voluntariado de Kidworks<\/a>.<\/li>\n\n\n\n<li>Estar en edad de cursar estudios secundarios<\/li>\n\n\n\n<li>Completar la orientaci\u00f3n\/formaci\u00f3n en KidWorks.<\/li>\n\n\n\n<li>Completar la entrevista para voluntarios de KidWorks.<\/li>\n\n\n\n<li><br\/>Completar una comprobaci\u00f3n de antecedentes por esc\u00e1ner en vivo<\/li>\n\n\n\n<li><strong>Voluntarios de preescolar \u00fanicamente:<\/strong> deben hacerse la prueba de la tuberculosis o tener los resultados de la prueba de la tuberculosis actualizados en el plazo de 1 a\u00f1o y disponibles para mostrarlos, adem\u00e1s de una prueba de vacunas adicionales.<\/li>\n\n\n\n<li>Comprom\u00e9tete por un m\u00ednimo de 4 meses (o semestre\/trimestre si eres estudiante universitario\/de secundaria).<\/li>\n<\/ul>\n<\/div><\/div>\n\n<p class=\"has-text-align-center\">Llame al 714.834.9400 o env\u00ede un correo electr\u00f3nico <a href=\"mailto:volunteer@kidworksoc.org\" target=\"_blank\" rel=\"noreferrer noopener\">a Rachel.cervantes@kidworksoc.org<\/a> para obtener m\u00e1s informaci\u00f3n e inscribirse como voluntario.<\/p>\n","protected":false},"excerpt":{"rendered":"<p>Puestos disponibles actualmente Voluntarios de aula: Fechas:Lunes &#8211; Jueves, 3:00 &#8211; 5:00 pm (K-5) o 6:00 &#8211; 7:15pm (J\u00f3venes) Las responsabilidades incluyen:Ayudar con los deberes y asistir a los profesores&hellip; <a class=\"more-link\" href=\"https:\/\/kidworksoc.org\/es\/voluntario\/particulares\/\">Siga Leyendo<\/a><\/p>\n","protected":false},"author":1,"featured_media":2503,"parent":3173,"menu_order":0,"comment_status":"closed","ping_status":"closed","template":"","meta":{"_acf_changed":false,"_searchwp_excluded":"","_monsterinsights_skip_tracking":false,"_monsterinsights_sitenote_active":false,"_monsterinsights_sitenote_note":"","_monsterinsights_sitenote_category":0,"_uf_show_specific_survey":0,"_uf_disable_surveys":false,"footnotes":""},"class_list":["post-3178","page","type-page","status-publish","has-post-thumbnail","hentry"],"acf":[],"aioseo_notices":[],"yoast_head":"<!-- This site is optimized with the Yoast SEO plugin v27.4 - https:\/\/yoast.com\/product\/yoast-seo-wordpress\/ -->\n<title>Particulares - KidWorks<\/title>\n<meta name=\"description\" content=\"Particulares KidWorks ofrece una amplia variedad de oportunidades para que comparta su talento con nuestra organizaci\u00f3n. Puestos disponibles actualmente\" \/>\n<meta name=\"robots\" content=\"index, follow, max-snippet:-1, max-image-preview:large, max-video-preview:-1\" \/>\n<link rel=\"canonical\" href=\"https:\/\/kidworksoc.org\/es\/voluntario\/particulares\/\" \/>\n<meta property=\"og:locale\" content=\"es_ES\" \/>\n<meta property=\"og:type\" content=\"article\" \/>\n<meta property=\"og:title\" content=\"Particulares - KidWorks\" \/>\n<meta property=\"og:description\" content=\"Particulares KidWorks ofrece una amplia variedad de oportunidades para que comparta su talento con nuestra organizaci\u00f3n. Puestos disponibles actualmente\" \/>\n<meta property=\"og:url\" content=\"https:\/\/kidworksoc.org\/es\/voluntario\/particulares\/\" \/>\n<meta property=\"og:site_name\" content=\"KidWorks\" \/>\n<meta property=\"article:publisher\" content=\"https:\/\/www.facebook.com\/kidworkscdc\" \/>\n<meta property=\"article:modified_time\" content=\"2023-07-06T17:08:33+00:00\" \/>\n<meta property=\"og:image\" content=\"https:\/\/kidworksoc.org\/wp-content\/uploads\/2023\/02\/DSC5750.jpg\" \/>\n\t<meta property=\"og:image:width\" content=\"1600\" \/>\n\t<meta property=\"og:image:height\" content=\"1069\" \/>\n\t<meta property=\"og:image:type\" content=\"image\/jpeg\" \/>\n<meta name=\"twitter:card\" content=\"summary_large_image\" \/>\n<meta name=\"twitter:site\" content=\"@kidworks\" \/>\n<script type=\"application\/ld+json\" class=\"yoast-schema-graph\">{\"@context\":\"https:\\\/\\\/schema.org\",\"@graph\":[{\"@type\":\"WebPage\",\"@id\":\"https:\\\/\\\/kidworksoc.org\\\/es\\\/voluntario\\\/particulares\\\/\",\"url\":\"https:\\\/\\\/kidworksoc.org\\\/es\\\/voluntario\\\/particulares\\\/\",\"name\":\"Particulares - KidWorks\",\"isPartOf\":{\"@id\":\"https:\\\/\\\/kidworksoc.org\\\/es\\\/#website\"},\"primaryImageOfPage\":{\"@id\":\"https:\\\/\\\/kidworksoc.org\\\/es\\\/voluntario\\\/particulares\\\/#primaryimage\"},\"image\":{\"@id\":\"https:\\\/\\\/kidworksoc.org\\\/es\\\/voluntario\\\/particulares\\\/#primaryimage\"},\"thumbnailUrl\":\"https:\\\/\\\/kidworksoc.org\\\/wp-content\\\/uploads\\\/2023\\\/02\\\/DSC5750.jpg\",\"datePublished\":\"2023-01-25T19:00:01+00:00\",\"dateModified\":\"2023-07-06T17:08:33+00:00\",\"description\":\"Particulares \\\\KidWorks ofrece una amplia variedad de oportunidades para que comparta su talento con nuestra organizaci\u00f3n. Puestos disponibles actualmente\",\"breadcrumb\":{\"@id\":\"https:\\\/\\\/kidworksoc.org\\\/es\\\/voluntario\\\/particulares\\\/#breadcrumb\"},\"inLanguage\":\"es\",\"potentialAction\":[{\"@type\":\"ReadAction\",\"target\":[\"https:\\\/\\\/kidworksoc.org\\\/es\\\/voluntario\\\/particulares\\\/\"]}]},{\"@type\":\"ImageObject\",\"inLanguage\":\"es\",\"@id\":\"https:\\\/\\\/kidworksoc.org\\\/es\\\/voluntario\\\/particulares\\\/#primaryimage\",\"url\":\"https:\\\/\\\/kidworksoc.org\\\/wp-content\\\/uploads\\\/2023\\\/02\\\/DSC5750.jpg\",\"contentUrl\":\"https:\\\/\\\/kidworksoc.org\\\/wp-content\\\/uploads\\\/2023\\\/02\\\/DSC5750.jpg\",\"width\":1600,\"height\":1069},{\"@type\":\"BreadcrumbList\",\"@id\":\"https:\\\/\\\/kidworksoc.org\\\/es\\\/voluntario\\\/particulares\\\/#breadcrumb\",\"itemListElement\":[{\"@type\":\"ListItem\",\"position\":1,\"name\":\"Home\",\"item\":\"https:\\\/\\\/kidworksoc.org\\\/es\\\/\"},{\"@type\":\"ListItem\",\"position\":2,\"name\":\"Voluntario\",\"item\":\"https:\\\/\\\/kidworksoc.org\\\/es\\\/voluntario\\\/\"},{\"@type\":\"ListItem\",\"position\":3,\"name\":\"Particulares\"}]},{\"@type\":\"WebSite\",\"@id\":\"https:\\\/\\\/kidworksoc.org\\\/es\\\/#website\",\"url\":\"https:\\\/\\\/kidworksoc.org\\\/es\\\/\",\"name\":\"KidWorks\",\"description\":\"Unleashing Youth Potential\u2122\",\"publisher\":{\"@id\":\"https:\\\/\\\/kidworksoc.org\\\/es\\\/#organization\"},\"potentialAction\":[{\"@type\":\"SearchAction\",\"target\":{\"@type\":\"EntryPoint\",\"urlTemplate\":\"https:\\\/\\\/kidworksoc.org\\\/es\\\/?s={search_term_string}\"},\"query-input\":{\"@type\":\"PropertyValueSpecification\",\"valueRequired\":true,\"valueName\":\"search_term_string\"}}],\"inLanguage\":\"es\"},{\"@type\":\"Organization\",\"@id\":\"https:\\\/\\\/kidworksoc.org\\\/es\\\/#organization\",\"name\":\"KidWorks\",\"url\":\"https:\\\/\\\/kidworksoc.org\\\/es\\\/\",\"logo\":{\"@type\":\"ImageObject\",\"inLanguage\":\"es\",\"@id\":\"https:\\\/\\\/kidworksoc.org\\\/es\\\/#\\\/schema\\\/logo\\\/image\\\/\",\"url\":\"https:\\\/\\\/kidworksoc.org\\\/wp-content\\\/uploads\\\/2023\\\/01\\\/kidworks-anniversary-logo.png\",\"contentUrl\":\"https:\\\/\\\/kidworksoc.org\\\/wp-content\\\/uploads\\\/2023\\\/01\\\/kidworks-anniversary-logo.png\",\"width\":420,\"height\":114,\"caption\":\"KidWorks\"},\"image\":{\"@id\":\"https:\\\/\\\/kidworksoc.org\\\/es\\\/#\\\/schema\\\/logo\\\/image\\\/\"},\"sameAs\":[\"https:\\\/\\\/www.facebook.com\\\/kidworkscdc\",\"https:\\\/\\\/x.com\\\/kidworks\",\"https:\\\/\\\/www.instagram.com\\\/kidworks\\\/\",\"https:\\\/\\\/www.yelp.com\\\/biz\\\/kidworks-santa-ana?osq=kidworks\",\"https:\\\/\\\/www.youtube.com\\\/user\\\/KidWorksCDC\",\"https:\\\/\\\/www.linkedin.com\\\/company\\\/kidworkscdc\"]}]}<\/script>\n<!-- \/ Yoast SEO plugin. -->","yoast_head_json":{"title":"Particulares - KidWorks","description":"Particulares KidWorks ofrece una amplia variedad de oportunidades para que comparta su talento con nuestra organizaci\u00f3n. Puestos disponibles actualmente","robots":{"index":"index","follow":"follow","max-snippet":"max-snippet:-1","max-image-preview":"max-image-preview:large","max-video-preview":"max-video-preview:-1"},"canonical":"https:\/\/kidworksoc.org\/es\/voluntario\/particulares\/","og_locale":"es_ES","og_type":"article","og_title":"Particulares - KidWorks","og_description":"Particulares KidWorks ofrece una amplia variedad de oportunidades para que comparta su talento con nuestra organizaci\u00f3n. Puestos disponibles actualmente","og_url":"https:\/\/kidworksoc.org\/es\/voluntario\/particulares\/","og_site_name":"KidWorks","article_publisher":"https:\/\/www.facebook.com\/kidworkscdc","article_modified_time":"2023-07-06T17:08:33+00:00","og_image":[{"width":1600,"height":1069,"url":"https:\/\/kidworksoc.org\/wp-content\/uploads\/2023\/02\/DSC5750.jpg","type":"image\/jpeg"}],"twitter_card":"summary_large_image","twitter_site":"@kidworks","schema":{"@context":"https:\/\/schema.org","@graph":[{"@type":"WebPage","@id":"https:\/\/kidworksoc.org\/es\/voluntario\/particulares\/","url":"https:\/\/kidworksoc.org\/es\/voluntario\/particulares\/","name":"Particulares - KidWorks","isPartOf":{"@id":"https:\/\/kidworksoc.org\/es\/#website"},"primaryImageOfPage":{"@id":"https:\/\/kidworksoc.org\/es\/voluntario\/particulares\/#primaryimage"},"image":{"@id":"https:\/\/kidworksoc.org\/es\/voluntario\/particulares\/#primaryimage"},"thumbnailUrl":"https:\/\/kidworksoc.org\/wp-content\/uploads\/2023\/02\/DSC5750.jpg","datePublished":"2023-01-25T19:00:01+00:00","dateModified":"2023-07-06T17:08:33+00:00","description":"Particulares \\KidWorks ofrece una amplia variedad de oportunidades para que comparta su talento con nuestra organizaci\u00f3n. Puestos disponibles actualmente","breadcrumb":{"@id":"https:\/\/kidworksoc.org\/es\/voluntario\/particulares\/#breadcrumb"},"inLanguage":"es","potentialAction":[{"@type":"ReadAction","target":["https:\/\/kidworksoc.org\/es\/voluntario\/particulares\/"]}]},{"@type":"ImageObject","inLanguage":"es","@id":"https:\/\/kidworksoc.org\/es\/voluntario\/particulares\/#primaryimage","url":"https:\/\/kidworksoc.org\/wp-content\/uploads\/2023\/02\/DSC5750.jpg","contentUrl":"https:\/\/kidworksoc.org\/wp-content\/uploads\/2023\/02\/DSC5750.jpg","width":1600,"height":1069},{"@type":"BreadcrumbList","@id":"https:\/\/kidworksoc.org\/es\/voluntario\/particulares\/#breadcrumb","itemListElement":[{"@type":"ListItem","position":1,"name":"Home","item":"https:\/\/kidworksoc.org\/es\/"},{"@type":"ListItem","position":2,"name":"Voluntario","item":"https:\/\/kidworksoc.org\/es\/voluntario\/"},{"@type":"ListItem","position":3,"name":"Particulares"}]},{"@type":"WebSite","@id":"https:\/\/kidworksoc.org\/es\/#website","url":"https:\/\/kidworksoc.org\/es\/","name":"KidWorks","description":"Unleashing Youth Potential\u2122","publisher":{"@id":"https:\/\/kidworksoc.org\/es\/#organization"},"potentialAction":[{"@type":"SearchAction","target":{"@type":"EntryPoint","urlTemplate":"https:\/\/kidworksoc.org\/es\/?s={search_term_string}"},"query-input":{"@type":"PropertyValueSpecification","valueRequired":true,"valueName":"search_term_string"}}],"inLanguage":"es"},{"@type":"Organization","@id":"https:\/\/kidworksoc.org\/es\/#organization","name":"KidWorks","url":"https:\/\/kidworksoc.org\/es\/","logo":{"@type":"ImageObject","inLanguage":"es","@id":"https:\/\/kidworksoc.org\/es\/#\/schema\/logo\/image\/","url":"https:\/\/kidworksoc.org\/wp-content\/uploads\/2023\/01\/kidworks-anniversary-logo.png","contentUrl":"https:\/\/kidworksoc.org\/wp-content\/uploads\/2023\/01\/kidworks-anniversary-logo.png","width":420,"height":114,"caption":"KidWorks"},"image":{"@id":"https:\/\/kidworksoc.org\/es\/#\/schema\/logo\/image\/"},"sameAs":["https:\/\/www.facebook.com\/kidworkscdc","https:\/\/x.com\/kidworks","https:\/\/www.instagram.com\/kidworks\/","https:\/\/www.yelp.com\/biz\/kidworks-santa-ana?osq=kidworks","https:\/\/www.youtube.com\/user\/KidWorksCDC","https:\/\/www.linkedin.com\/company\/kidworkscdc"]}]}},"_links":{"self":[{"href":"https:\/\/kidworksoc.org\/es\/wp-json\/wp\/v2\/pages\/3178","targetHints":{"allow":["GET"]}}],"collection":[{"href":"https:\/\/kidworksoc.org\/es\/wp-json\/wp\/v2\/pages"}],"about":[{"href":"https:\/\/kidworksoc.org\/es\/wp-json\/wp\/v2\/types\/page"}],"author":[{"embeddable":true,"href":"https:\/\/kidworksoc.org\/es\/wp-json\/wp\/v2\/users\/1"}],"replies":[{"embeddable":true,"href":"https:\/\/kidworksoc.org\/es\/wp-json\/wp\/v2\/comments?post=3178"}],"version-history":[{"count":0,"href":"https:\/\/kidworksoc.org\/es\/wp-json\/wp\/v2\/pages\/3178\/revisions"}],"up":[{"embeddable":true,"href":"https:\/\/kidworksoc.org\/es\/wp-json\/wp\/v2\/pages\/3173"}],"wp:featuredmedia":[{"embeddable":true,"href":"https:\/\/kidworksoc.org\/es\/wp-json\/wp\/v2\/media\/2503"}],"wp:attachment":[{"href":"https:\/\/kidworksoc.org\/es\/wp-json\/wp\/v2\/media?parent=3178"}],"curies":[{"name":"wp","href":"https:\/\/api.w.org\/{rel}","templated":true}]}}