{"id":3176,"date":"2023-01-25T10:59:10","date_gmt":"2023-01-25T18:59:10","guid":{"rendered":"http:\/\/kidworksoc.org\/voluntario\/comisiones\/"},"modified":"2023-07-06T10:07:03","modified_gmt":"2023-07-06T17:07:03","slug":"comisiones","status":"publish","type":"page","link":"https:\/\/kidworksoc.org\/es\/voluntario\/comisiones\/","title":{"rendered":"Comisiones"},"content":{"rendered":"\n<div class=\"wp-block-media-text alignwide is-stacked-on-mobile\"><figure class=\"wp-block-media-text__media\"><img decoding=\"async\" width=\"1600\" height=\"1067\" src=\"http:\/\/kidworksoc.org\/wp-content\/uploads\/2023\/02\/David-and-Kyle-Team-Lisa-Alder-Chef-Lindsay-Smith-Cory-Alder-Tracy-and-Kevin-Murphy.jpg\" alt=\"\" class=\"wp-image-2485 size-full\" srcset=\"https:\/\/kidworksoc.org\/wp-content\/uploads\/2023\/02\/David-and-Kyle-Team-Lisa-Alder-Chef-Lindsay-Smith-Cory-Alder-Tracy-and-Kevin-Murphy.jpg 1600w, https:\/\/kidworksoc.org\/wp-content\/uploads\/2023\/02\/David-and-Kyle-Team-Lisa-Alder-Chef-Lindsay-Smith-Cory-Alder-Tracy-and-Kevin-Murphy-1280x854.jpg 1280w, https:\/\/kidworksoc.org\/wp-content\/uploads\/2023\/02\/David-and-Kyle-Team-Lisa-Alder-Chef-Lindsay-Smith-Cory-Alder-Tracy-and-Kevin-Murphy-1440x960.jpg 1440w, https:\/\/kidworksoc.org\/wp-content\/uploads\/2023\/02\/David-and-Kyle-Team-Lisa-Alder-Chef-Lindsay-Smith-Cory-Alder-Tracy-and-Kevin-Murphy-1536x1024.jpg 1536w, https:\/\/kidworksoc.org\/wp-content\/uploads\/2023\/02\/David-and-Kyle-Team-Lisa-Alder-Chef-Lindsay-Smith-Cory-Alder-Tracy-and-Kevin-Murphy-600x400.jpg 600w\" sizes=\"(max-width: 1600px) 100vw, 1600px\" \/><\/figure><div class=\"wp-block-media-text__content\">\n<h2 class=\"has-x-large-font-size wp-block-heading\"><strong>Eventos<\/strong><\/h2>\n\n\n\n<p class=\"has-medium-font-size\">Los comit\u00e9s de eventos de <em>KidWorks <\/em> est\u00e1n formados por voluntarios de empresas y de la comunidad que colaboran <em>en la planificaci\u00f3n, la recaudaci\u00f3n de fondos, la ejecuci\u00f3n y el seguimiento posterior a la producci\u00f3n de cada evento emblem\u00e1tico de KidWorks. <\/em> <\/p>\n\n\n\n<div class=\"wp-block-buttons is-layout-flex wp-block-buttons-is-layout-flex\">\n<div class=\"wp-block-button\"><a class=\"wp-block-button__link wp-element-button\" href=\"\/eventos\/\">Aprender M\u00e1s<\/a><\/div>\n<\/div>\n<\/div><\/div>\n\n<div class=\"wp-block-media-text alignwide has-media-on-the-right is-stacked-on-mobile\"><div class=\"wp-block-media-text__content\">\n<h2 class=\"has-x-large-font-size wp-block-heading\"><strong>Asociaci\u00f3n entre la fe y la Iglesia<\/strong><\/h2>\n\n\n\n<p class=\"has-medium-font-size\">La asociaci\u00f3n de fe e iglesia de KidWorks es un grupo para la salud espiritual en KidWorks. Compuesto por miembros de una variedad de ministerios y denominaciones, todos los que aman a Jes\u00fas y est\u00e1n comprometidos a compartir su amor con los estudiantes y el personal de KidWorks.  <\/p>\n\n\n\n<div class=\"wp-block-buttons is-layout-flex wp-block-buttons-is-layout-flex\">\n<div class=\"wp-block-button\"><a class=\"wp-block-button__link wp-element-button\" href=\"http:\/\/kidworksoc.org\/pray\/faith-committee\/\">Aprendre M\u00e1s <\/a><\/div>\n<\/div>\n<\/div><figure class=\"wp-block-media-text__media\"><img decoding=\"async\" width=\"1000\" height=\"667\" src=\"http:\/\/kidworksoc.org\/wp-content\/uploads\/2023\/02\/4EE1EC23-DD47-4D17-8FBF-C9B87497F0DF_1_100_o-2.jpeg\" alt=\"\" class=\"wp-image-2438 size-full\" srcset=\"https:\/\/kidworksoc.org\/wp-content\/uploads\/2023\/02\/4EE1EC23-DD47-4D17-8FBF-C9B87497F0DF_1_100_o-2.jpeg 1000w, https:\/\/kidworksoc.org\/wp-content\/uploads\/2023\/02\/4EE1EC23-DD47-4D17-8FBF-C9B87497F0DF_1_100_o-2-600x400.jpeg 600w\" sizes=\"(max-width: 1000px) 100vw, 1000px\" \/><\/figure><\/div>\n\n<div class=\"wp-block-media-text alignwide is-stacked-on-mobile\"><figure class=\"wp-block-media-text__media\"><img decoding=\"async\" width=\"1000\" height=\"667\" src=\"http:\/\/kidworksoc.org\/wp-content\/uploads\/2023\/02\/IMG_4225-3.jpg\" alt=\"\" class=\"wp-image-2488 size-full\" srcset=\"https:\/\/kidworksoc.org\/wp-content\/uploads\/2023\/02\/IMG_4225-3.jpg 1000w, https:\/\/kidworksoc.org\/wp-content\/uploads\/2023\/02\/IMG_4225-3-600x400.jpg 600w\" sizes=\"(max-width: 1000px) 100vw, 1000px\" \/><\/figure><div class=\"wp-block-media-text__content\">\n<h2 class=\"has-x-large-font-size wp-block-heading\"><strong><strong>Mujeres<\/strong><\/strong><\/h2>\n\n\n\n<p class=\"has-medium-font-size\">KidWorks Women es un vibrante grupo de mujeres influyentes y de mentalidad filantr\u00f3pica que unen sus fuerzas para servir a los alumnos de KidWorks. Apoyamos a toda la familia para garantizar el \u00e9xito de los estudiantes, creando j\u00f3venes adultos autosuficientes, equipados para la vida y la carrera profesional, y que marcan la diferencia devolviendo a su comunidad.<\/p>\n\n\n\n<div class=\"wp-block-buttons is-layout-flex wp-block-buttons-is-layout-flex\">\n<div class=\"wp-block-button\"><a class=\"wp-block-button__link wp-element-button\" href=\"http:\/\/kidworksoc.org\/women\/\">Aprendre M\u00e1s <\/a><\/div>\n<\/div>\n<\/div><\/div>\n\n<div class=\"wp-block-media-text alignwide has-media-on-the-right is-stacked-on-mobile\"><div class=\"wp-block-media-text__content\">\n<h2 class=\"has-x-large-font-size wp-block-heading\"><strong><strong><strong>J\u00f3venes profesionales<\/strong><\/strong><\/strong><\/h2>\n\n\n\n<p class=\"has-medium-font-size\">Los J\u00f3venes Profesionales de KidWorks representan a profesionales en activo que acaban de iniciar su carrera en una amplia gama de sectores del Condado de Orange y se dedican a tener un impacto duradero en las comunidades en las que viven y trabajan.  <\/p>\n\n\n\n<div class=\"wp-block-buttons is-layout-flex wp-block-buttons-is-layout-flex\">\n<div class=\"wp-block-button\"><a class=\"wp-block-button__link wp-element-button\" href=\"http:\/\/kidworksoc.org\/young-professionals\/\">Aprendre M\u00e1s <\/a><\/div>\n<\/div>\n<\/div><figure class=\"wp-block-media-text__media\"><img decoding=\"async\" width=\"1000\" height=\"750\" src=\"http:\/\/kidworksoc.org\/wp-content\/uploads\/2023\/02\/2-4-2.jpg\" alt=\"\" class=\"wp-image-2490 size-full\" srcset=\"https:\/\/kidworksoc.org\/wp-content\/uploads\/2023\/02\/2-4-2.jpg 1000w, https:\/\/kidworksoc.org\/wp-content\/uploads\/2023\/02\/2-4-2-600x450.jpg 600w\" sizes=\"(max-width: 1000px) 100vw, 1000px\" \/><\/figure><\/div>\n","protected":false},"excerpt":{"rendered":"","protected":false},"author":1,"featured_media":0,"parent":3173,"menu_order":0,"comment_status":"closed","ping_status":"closed","template":"","meta":{"_acf_changed":false,"_searchwp_excluded":"","_monsterinsights_skip_tracking":false,"_monsterinsights_sitenote_active":false,"_monsterinsights_sitenote_note":"","_monsterinsights_sitenote_category":0,"_uf_show_specific_survey":0,"_uf_disable_surveys":false,"footnotes":""},"class_list":["post-3176","page","type-page","status-publish","hentry"],"acf":[],"aioseo_notices":[],"yoast_head":"<!-- This site is optimized with the Yoast SEO plugin v27.4 - https:\/\/yoast.com\/product\/yoast-seo-wordpress\/ -->\n<title>Comisiones - KidWorks<\/title>\n<meta name=\"description\" content=\"Eventos Los comit\u00e9s de eventos de KidWorks est\u00e1n formados por voluntarios de empresas y de la comunidad que colaboran en la planificaci\u00f3n, la recaudaci\u00f3n\" \/>\n<meta name=\"robots\" content=\"index, follow, max-snippet:-1, max-image-preview:large, max-video-preview:-1\" \/>\n<link rel=\"canonical\" href=\"https:\/\/kidworksoc.org\/es\/voluntario\/comisiones\/\" \/>\n<meta property=\"og:locale\" content=\"es_ES\" \/>\n<meta property=\"og:type\" content=\"article\" \/>\n<meta property=\"og:title\" content=\"Comisiones - KidWorks\" \/>\n<meta property=\"og:description\" content=\"Eventos Los comit\u00e9s de eventos de KidWorks est\u00e1n formados por voluntarios de empresas y de la comunidad que colaboran en la planificaci\u00f3n, la recaudaci\u00f3n\" \/>\n<meta property=\"og:url\" content=\"https:\/\/kidworksoc.org\/es\/voluntario\/comisiones\/\" \/>\n<meta property=\"og:site_name\" content=\"KidWorks\" \/>\n<meta property=\"article:publisher\" content=\"https:\/\/www.facebook.com\/kidworkscdc\" \/>\n<meta property=\"article:modified_time\" content=\"2023-07-06T17:07:03+00:00\" \/>\n<meta property=\"og:image\" content=\"http:\/\/kidworksoc.org\/wp-content\/uploads\/2023\/02\/David-and-Kyle-Team-Lisa-Alder-Chef-Lindsay-Smith-Cory-Alder-Tracy-and-Kevin-Murphy.jpg\" \/>\n<meta name=\"twitter:card\" content=\"summary_large_image\" \/>\n<meta name=\"twitter:site\" content=\"@kidworks\" \/>\n<script type=\"application\/ld+json\" class=\"yoast-schema-graph\">{\"@context\":\"https:\\\/\\\/schema.org\",\"@graph\":[{\"@type\":\"WebPage\",\"@id\":\"https:\\\/\\\/kidworksoc.org\\\/es\\\/voluntario\\\/comisiones\\\/\",\"url\":\"https:\\\/\\\/kidworksoc.org\\\/es\\\/voluntario\\\/comisiones\\\/\",\"name\":\"Comisiones - KidWorks\",\"isPartOf\":{\"@id\":\"https:\\\/\\\/kidworksoc.org\\\/es\\\/#website\"},\"primaryImageOfPage\":{\"@id\":\"https:\\\/\\\/kidworksoc.org\\\/es\\\/voluntario\\\/comisiones\\\/#primaryimage\"},\"image\":{\"@id\":\"https:\\\/\\\/kidworksoc.org\\\/es\\\/voluntario\\\/comisiones\\\/#primaryimage\"},\"thumbnailUrl\":\"http:\\\/\\\/kidworksoc.org\\\/wp-content\\\/uploads\\\/2023\\\/02\\\/David-and-Kyle-Team-Lisa-Alder-Chef-Lindsay-Smith-Cory-Alder-Tracy-and-Kevin-Murphy.jpg\",\"datePublished\":\"2023-01-25T18:59:10+00:00\",\"dateModified\":\"2023-07-06T17:07:03+00:00\",\"description\":\"Eventos Los comit\u00e9s de eventos de KidWorks est\u00e1n formados por voluntarios de empresas y de la comunidad que colaboran en la planificaci\u00f3n, la recaudaci\u00f3n\",\"breadcrumb\":{\"@id\":\"https:\\\/\\\/kidworksoc.org\\\/es\\\/voluntario\\\/comisiones\\\/#breadcrumb\"},\"inLanguage\":\"es\",\"potentialAction\":[{\"@type\":\"ReadAction\",\"target\":[\"https:\\\/\\\/kidworksoc.org\\\/es\\\/voluntario\\\/comisiones\\\/\"]}]},{\"@type\":\"ImageObject\",\"inLanguage\":\"es\",\"@id\":\"https:\\\/\\\/kidworksoc.org\\\/es\\\/voluntario\\\/comisiones\\\/#primaryimage\",\"url\":\"http:\\\/\\\/kidworksoc.org\\\/wp-content\\\/uploads\\\/2023\\\/02\\\/David-and-Kyle-Team-Lisa-Alder-Chef-Lindsay-Smith-Cory-Alder-Tracy-and-Kevin-Murphy.jpg\",\"contentUrl\":\"http:\\\/\\\/kidworksoc.org\\\/wp-content\\\/uploads\\\/2023\\\/02\\\/David-and-Kyle-Team-Lisa-Alder-Chef-Lindsay-Smith-Cory-Alder-Tracy-and-Kevin-Murphy.jpg\"},{\"@type\":\"BreadcrumbList\",\"@id\":\"https:\\\/\\\/kidworksoc.org\\\/es\\\/voluntario\\\/comisiones\\\/#breadcrumb\",\"itemListElement\":[{\"@type\":\"ListItem\",\"position\":1,\"name\":\"Home\",\"item\":\"https:\\\/\\\/kidworksoc.org\\\/es\\\/\"},{\"@type\":\"ListItem\",\"position\":2,\"name\":\"Voluntario\",\"item\":\"https:\\\/\\\/kidworksoc.org\\\/es\\\/voluntario\\\/\"},{\"@type\":\"ListItem\",\"position\":3,\"name\":\"Comisiones\"}]},{\"@type\":\"WebSite\",\"@id\":\"https:\\\/\\\/kidworksoc.org\\\/es\\\/#website\",\"url\":\"https:\\\/\\\/kidworksoc.org\\\/es\\\/\",\"name\":\"KidWorks\",\"description\":\"Unleashing Youth Potential\u2122\",\"publisher\":{\"@id\":\"https:\\\/\\\/kidworksoc.org\\\/es\\\/#organization\"},\"potentialAction\":[{\"@type\":\"SearchAction\",\"target\":{\"@type\":\"EntryPoint\",\"urlTemplate\":\"https:\\\/\\\/kidworksoc.org\\\/es\\\/?s={search_term_string}\"},\"query-input\":{\"@type\":\"PropertyValueSpecification\",\"valueRequired\":true,\"valueName\":\"search_term_string\"}}],\"inLanguage\":\"es\"},{\"@type\":\"Organization\",\"@id\":\"https:\\\/\\\/kidworksoc.org\\\/es\\\/#organization\",\"name\":\"KidWorks\",\"url\":\"https:\\\/\\\/kidworksoc.org\\\/es\\\/\",\"logo\":{\"@type\":\"ImageObject\",\"inLanguage\":\"es\",\"@id\":\"https:\\\/\\\/kidworksoc.org\\\/es\\\/#\\\/schema\\\/logo\\\/image\\\/\",\"url\":\"https:\\\/\\\/kidworksoc.org\\\/wp-content\\\/uploads\\\/2023\\\/01\\\/kidworks-anniversary-logo.png\",\"contentUrl\":\"https:\\\/\\\/kidworksoc.org\\\/wp-content\\\/uploads\\\/2023\\\/01\\\/kidworks-anniversary-logo.png\",\"width\":420,\"height\":114,\"caption\":\"KidWorks\"},\"image\":{\"@id\":\"https:\\\/\\\/kidworksoc.org\\\/es\\\/#\\\/schema\\\/logo\\\/image\\\/\"},\"sameAs\":[\"https:\\\/\\\/www.facebook.com\\\/kidworkscdc\",\"https:\\\/\\\/x.com\\\/kidworks\",\"https:\\\/\\\/www.instagram.com\\\/kidworks\\\/\",\"https:\\\/\\\/www.yelp.com\\\/biz\\\/kidworks-santa-ana?osq=kidworks\",\"https:\\\/\\\/www.youtube.com\\\/user\\\/KidWorksCDC\",\"https:\\\/\\\/www.linkedin.com\\\/company\\\/kidworkscdc\"]}]}<\/script>\n<!-- \/ Yoast SEO plugin. -->","yoast_head_json":{"title":"Comisiones - KidWorks","description":"Eventos Los comit\u00e9s de eventos de KidWorks est\u00e1n formados por voluntarios de empresas y de la comunidad que colaboran en la planificaci\u00f3n, la recaudaci\u00f3n","robots":{"index":"index","follow":"follow","max-snippet":"max-snippet:-1","max-image-preview":"max-image-preview:large","max-video-preview":"max-video-preview:-1"},"canonical":"https:\/\/kidworksoc.org\/es\/voluntario\/comisiones\/","og_locale":"es_ES","og_type":"article","og_title":"Comisiones - KidWorks","og_description":"Eventos Los comit\u00e9s de eventos de KidWorks est\u00e1n formados por voluntarios de empresas y de la comunidad que colaboran en la planificaci\u00f3n, la recaudaci\u00f3n","og_url":"https:\/\/kidworksoc.org\/es\/voluntario\/comisiones\/","og_site_name":"KidWorks","article_publisher":"https:\/\/www.facebook.com\/kidworkscdc","article_modified_time":"2023-07-06T17:07:03+00:00","og_image":[{"url":"http:\/\/kidworksoc.org\/wp-content\/uploads\/2023\/02\/David-and-Kyle-Team-Lisa-Alder-Chef-Lindsay-Smith-Cory-Alder-Tracy-and-Kevin-Murphy.jpg","type":"","width":"","height":""}],"twitter_card":"summary_large_image","twitter_site":"@kidworks","schema":{"@context":"https:\/\/schema.org","@graph":[{"@type":"WebPage","@id":"https:\/\/kidworksoc.org\/es\/voluntario\/comisiones\/","url":"https:\/\/kidworksoc.org\/es\/voluntario\/comisiones\/","name":"Comisiones - KidWorks","isPartOf":{"@id":"https:\/\/kidworksoc.org\/es\/#website"},"primaryImageOfPage":{"@id":"https:\/\/kidworksoc.org\/es\/voluntario\/comisiones\/#primaryimage"},"image":{"@id":"https:\/\/kidworksoc.org\/es\/voluntario\/comisiones\/#primaryimage"},"thumbnailUrl":"http:\/\/kidworksoc.org\/wp-content\/uploads\/2023\/02\/David-and-Kyle-Team-Lisa-Alder-Chef-Lindsay-Smith-Cory-Alder-Tracy-and-Kevin-Murphy.jpg","datePublished":"2023-01-25T18:59:10+00:00","dateModified":"2023-07-06T17:07:03+00:00","description":"Eventos Los comit\u00e9s de eventos de KidWorks est\u00e1n formados por voluntarios de empresas y de la comunidad que colaboran en la planificaci\u00f3n, la recaudaci\u00f3n","breadcrumb":{"@id":"https:\/\/kidworksoc.org\/es\/voluntario\/comisiones\/#breadcrumb"},"inLanguage":"es","potentialAction":[{"@type":"ReadAction","target":["https:\/\/kidworksoc.org\/es\/voluntario\/comisiones\/"]}]},{"@type":"ImageObject","inLanguage":"es","@id":"https:\/\/kidworksoc.org\/es\/voluntario\/comisiones\/#primaryimage","url":"http:\/\/kidworksoc.org\/wp-content\/uploads\/2023\/02\/David-and-Kyle-Team-Lisa-Alder-Chef-Lindsay-Smith-Cory-Alder-Tracy-and-Kevin-Murphy.jpg","contentUrl":"http:\/\/kidworksoc.org\/wp-content\/uploads\/2023\/02\/David-and-Kyle-Team-Lisa-Alder-Chef-Lindsay-Smith-Cory-Alder-Tracy-and-Kevin-Murphy.jpg"},{"@type":"BreadcrumbList","@id":"https:\/\/kidworksoc.org\/es\/voluntario\/comisiones\/#breadcrumb","itemListElement":[{"@type":"ListItem","position":1,"name":"Home","item":"https:\/\/kidworksoc.org\/es\/"},{"@type":"ListItem","position":2,"name":"Voluntario","item":"https:\/\/kidworksoc.org\/es\/voluntario\/"},{"@type":"ListItem","position":3,"name":"Comisiones"}]},{"@type":"WebSite","@id":"https:\/\/kidworksoc.org\/es\/#website","url":"https:\/\/kidworksoc.org\/es\/","name":"KidWorks","description":"Unleashing Youth Potential\u2122","publisher":{"@id":"https:\/\/kidworksoc.org\/es\/#organization"},"potentialAction":[{"@type":"SearchAction","target":{"@type":"EntryPoint","urlTemplate":"https:\/\/kidworksoc.org\/es\/?s={search_term_string}"},"query-input":{"@type":"PropertyValueSpecification","valueRequired":true,"valueName":"search_term_string"}}],"inLanguage":"es"},{"@type":"Organization","@id":"https:\/\/kidworksoc.org\/es\/#organization","name":"KidWorks","url":"https:\/\/kidworksoc.org\/es\/","logo":{"@type":"ImageObject","inLanguage":"es","@id":"https:\/\/kidworksoc.org\/es\/#\/schema\/logo\/image\/","url":"https:\/\/kidworksoc.org\/wp-content\/uploads\/2023\/01\/kidworks-anniversary-logo.png","contentUrl":"https:\/\/kidworksoc.org\/wp-content\/uploads\/2023\/01\/kidworks-anniversary-logo.png","width":420,"height":114,"caption":"KidWorks"},"image":{"@id":"https:\/\/kidworksoc.org\/es\/#\/schema\/logo\/image\/"},"sameAs":["https:\/\/www.facebook.com\/kidworkscdc","https:\/\/x.com\/kidworks","https:\/\/www.instagram.com\/kidworks\/","https:\/\/www.yelp.com\/biz\/kidworks-santa-ana?osq=kidworks","https:\/\/www.youtube.com\/user\/KidWorksCDC","https:\/\/www.linkedin.com\/company\/kidworkscdc"]}]}},"_links":{"self":[{"href":"https:\/\/kidworksoc.org\/es\/wp-json\/wp\/v2\/pages\/3176","targetHints":{"allow":["GET"]}}],"collection":[{"href":"https:\/\/kidworksoc.org\/es\/wp-json\/wp\/v2\/pages"}],"about":[{"href":"https:\/\/kidworksoc.org\/es\/wp-json\/wp\/v2\/types\/page"}],"author":[{"embeddable":true,"href":"https:\/\/kidworksoc.org\/es\/wp-json\/wp\/v2\/users\/1"}],"replies":[{"embeddable":true,"href":"https:\/\/kidworksoc.org\/es\/wp-json\/wp\/v2\/comments?post=3176"}],"version-history":[{"count":0,"href":"https:\/\/kidworksoc.org\/es\/wp-json\/wp\/v2\/pages\/3176\/revisions"}],"up":[{"embeddable":true,"href":"https:\/\/kidworksoc.org\/es\/wp-json\/wp\/v2\/pages\/3173"}],"wp:attachment":[{"href":"https:\/\/kidworksoc.org\/es\/wp-json\/wp\/v2\/media?parent=3176"}],"curies":[{"name":"wp","href":"https:\/\/api.w.org\/{rel}","templated":true}]}}