{"id":3173,"date":"2023-01-25T10:42:18","date_gmt":"2023-01-25T18:42:18","guid":{"rendered":"http:\/\/kidworksoc.org\/voluntario\/"},"modified":"2023-07-06T10:06:07","modified_gmt":"2023-07-06T17:06:07","slug":"voluntario","status":"publish","type":"page","link":"https:\/\/kidworksoc.org\/es\/voluntario\/","title":{"rendered":"Voluntario"},"content":{"rendered":"\n<div class=\"wp-block-cover alignfull is-light\" style=\"padding-top:var(--wp--preset--spacing--300);padding-right:var(--wp--preset--spacing--30);padding-bottom:var(--wp--preset--spacing--150);padding-left:var(--wp--preset--spacing--30)\"><span aria-hidden=\"true\" class=\"wp-block-cover__background has-background-dim wp-block-cover__gradient-background has-background-gradient\" style=\"background:linear-gradient(0deg,rgb(24,49,111) 0%,rgba(25,49,112,0.35) 100%)\"><\/span><img decoding=\"async\" width=\"1568\" height=\"1568\" class=\"wp-block-cover__image-background wp-image-2968\" alt=\"\" src=\"http:\/\/kidworksoc.org\/wp-content\/uploads\/2023\/06\/9GyYkwjQ.jpeg\" data-object-fit=\"cover\" srcset=\"https:\/\/kidworksoc.org\/wp-content\/uploads\/2023\/06\/9GyYkwjQ.jpeg 1568w, https:\/\/kidworksoc.org\/wp-content\/uploads\/2023\/06\/9GyYkwjQ-1280x1280.jpeg 1280w, https:\/\/kidworksoc.org\/wp-content\/uploads\/2023\/06\/9GyYkwjQ-600x600.jpeg 600w, https:\/\/kidworksoc.org\/wp-content\/uploads\/2023\/06\/9GyYkwjQ-1440x1440.jpeg 1440w, https:\/\/kidworksoc.org\/wp-content\/uploads\/2023\/06\/9GyYkwjQ-1536x1536.jpeg 1536w, https:\/\/kidworksoc.org\/wp-content\/uploads\/2023\/06\/9GyYkwjQ-150x150.jpeg 150w\" sizes=\"(max-width: 1568px) 100vw, 1568px\" \/><div class=\"wp-block-cover__inner-container is-layout-flow wp-block-cover-is-layout-flow\">\n<div class=\"wp-block-group has-tertiary-color has-text-color has-global-padding is-layout-constrained wp-container-core-group-is-layout-50da5a02 wp-block-group-is-layout-constrained\">\n<h1 class=\"wp-block-heading has-text-align-center is-style-muted-heading has-accent-color has-text-color\"><strong>Voluntario<\/strong><\/h1>\n\n\n\n<h2 class=\"wp-block-heading alignwide has-text-align-center has-white-color has-text-color\" style=\"font-size:clamp(33.419px, 2.089rem + ((1vw - 3.2px) * 2.769), 60px);\"><strong>KidWorks would not exist today without the expertise, time, and enthusiasm of its volunteers.<\/strong><\/h2>\n\n\n\n<p class=\"has-text-align-center has-tertiary-light-color has-text-color has-medium-font-size\">Ya sea como voluntario en un aula, tutor de un estudiante 1:1, entrenador de un equipo deportivo, o ense\u00f1ar un proyecto de arte, usted tendr\u00e1 la oportunidad de cultivar relaciones saludables con nuestros estudiantes y tener un impacto positivo en la vida de un estudiante. A su vez, descubrir\u00e1 que el voluntariado en KidWorks transformar\u00e1 su vida.  <\/p>\n<\/div>\n<\/div><\/div>\n\n<div style=\"height:100px\" aria-hidden=\"true\" class=\"wp-block-spacer\"><\/div>\n\n<div class=\"wp-block-group alignfull has-global-padding is-layout-constrained wp-container-core-group-is-layout-00f579c5 wp-block-group-is-layout-constrained\">\n<section class=\"blocks block-blurbs \" id=\"block_31c0555fd9c51a26481f02ec273d877f\">\n    <ul>\n            <li>\n                        <div class=\"content\">\n                <h3>Comisiones<\/h3>\n                                <p>\n                    \u00danase a un equipo de personas apasionadas y con ideas afines, dedicadas a servir en KidWorks.                  <\/p>\n                            <\/div>\n                            <a class=\"button button--style--primary-outlined\" href=\"http:\/\/kidworksoc.org\/volunteer\/committees\/\" target=\"_self\">Aprender M\u00e1s<\/a>\n                    <\/li>\n            <li>\n                        <div class=\"content\">\n                <h3>Particulares<\/h3>\n                                <p>\n                    KidWorks ofrece una amplia variedad de puestos de voluntariado para usted.                <\/p>\n                            <\/div>\n                            <a class=\"button button--style--primary-outlined\" href=\"http:\/\/kidworksoc.org\/volunteer\/individuals\/\" target=\"_self\">Aprender M\u00e1s<\/a>\n                    <\/li>\n            <li>\n                        <div class=\"content\">\n                <h3>Pr\u00e1cticas<\/h3>\n                                <p>\n                    KidWorks ofrece pr\u00e1cticas competitivas durante todo el a\u00f1o para estudiantes de diversas especialidades.                  <\/p>\n                            <\/div>\n                            <a class=\"button button--style--primary-outlined\" href=\"http:\/\/kidworksoc.org\/volunteer\/internships\/\" target=\"_self\">Aprender M\u00e1s<\/a>\n                    <\/li>\n            <li>\n                        <div class=\"content\">\n                <h3>Mentores<\/h3>\n                                <p>\n                    El Programa Mentor de KidWorks empareja a estudiantes de 12\u00ba curso con un joven profesional.                <\/p>\n                            <\/div>\n                            <a class=\"button button--style--primary-outlined\" href=\"http:\/\/kidworksoc.org\/volunteer\/mentors\/\" target=\"_self\">Aprender M\u00e1s<\/a>\n                    <\/li>\n            <li>\n                        <div class=\"content\">\n                <h3>Grupos\/Socios<\/h3>\n                                <p>\n                    KidWorks ofrece oportunidades significativas para que empresas, iglesias y grupos c\u00edvicos se asocien con nuestros alumnos.                <\/p>\n                            <\/div>\n                            <a class=\"button button--style--primary-outlined\" href=\"http:\/\/kidworksoc.org\/volunteer\/groups-partners\/\" target=\"_self\">Aprender M\u00e1s<\/a>\n                    <\/li>\n            <li>\n                        <div class=\"content\">\n                <h3>Compromiso estacional<\/h3>\n                                <p>\n                    KidWorks ofrece varias oportunidades \u00fanicas de participaci\u00f3n que son populares tanto para individuos como para grupos.                <\/p>\n                            <\/div>\n                            <a class=\"button button--style--primary-outlined\" href=\"http:\/\/kidworksoc.org\/volunteer\/seasonal-engagement-opportunities\/\" target=\"_self\">Aprender M\u00e1s<\/a>\n                    <\/li>\n        <\/ul>\n<\/section>\n<\/div>\n\n<div style=\"height:71px\" aria-hidden=\"true\" class=\"wp-block-spacer\"><\/div>\n\n<p class=\"has-text-align-center\">Llame al 714.834.9400 o env\u00ede un correo electr\u00f3nico<a href=\"mailto:volunteer@kidworksoc.org\" target=\"_blank\" rel=\"noreferrer noopener\"> a volunteer@kidworksoc.org<\/a> para obtener m\u00e1s informaci\u00f3n e inscribirse como voluntario.<\/p>\n","protected":false},"excerpt":{"rendered":"<p>Llame al 714.834.9400 o env\u00ede un correo electr\u00f3nico a volunteer@kidworksoc.org para obtener m\u00e1s informaci\u00f3n e inscribirse como voluntario.<\/p>\n","protected":false},"author":1,"featured_media":2459,"parent":0,"menu_order":0,"comment_status":"closed","ping_status":"closed","template":"","meta":{"_acf_changed":false,"_searchwp_excluded":"","_monsterinsights_skip_tracking":false,"_monsterinsights_sitenote_active":false,"_monsterinsights_sitenote_note":"","_monsterinsights_sitenote_category":0,"_uf_show_specific_survey":0,"_uf_disable_surveys":false,"footnotes":""},"class_list":["post-3173","page","type-page","status-publish","has-post-thumbnail","hentry"],"acf":[],"aioseo_notices":[],"yoast_head":"<!-- This site is optimized with the Yoast SEO plugin v27.5 - https:\/\/yoast.com\/product\/yoast-seo-wordpress\/ -->\n<title>Voluntario - KidWorks<\/title>\n<meta name=\"description\" content=\"Voluntario KidWorks would not exist today without the expertise, time, and enthusiasm of its volunteers. Ya sea como voluntario en un aula, tutor de un\" \/>\n<meta name=\"robots\" content=\"index, follow, max-snippet:-1, max-image-preview:large, max-video-preview:-1\" \/>\n<link rel=\"canonical\" href=\"https:\/\/kidworksoc.org\/es\/voluntario\/\" \/>\n<meta property=\"og:locale\" content=\"es_ES\" \/>\n<meta property=\"og:type\" content=\"article\" \/>\n<meta property=\"og:title\" content=\"Voluntario - KidWorks\" \/>\n<meta property=\"og:description\" content=\"Voluntario KidWorks would not exist today without the expertise, time, and enthusiasm of its volunteers. Ya sea como voluntario en un aula, tutor de un\" \/>\n<meta property=\"og:url\" content=\"https:\/\/kidworksoc.org\/es\/voluntario\/\" \/>\n<meta property=\"og:site_name\" content=\"KidWorks\" \/>\n<meta property=\"article:publisher\" content=\"https:\/\/www.facebook.com\/kidworkscdc\" \/>\n<meta property=\"article:modified_time\" content=\"2023-07-06T17:06:07+00:00\" \/>\n<meta property=\"og:image\" content=\"https:\/\/kidworksoc.org\/wp-content\/uploads\/2023\/02\/UNADJUSTEDRAW_thumb_442b.jpg\" \/>\n\t<meta property=\"og:image:width\" content=\"1086\" \/>\n\t<meta property=\"og:image:height\" content=\"724\" \/>\n\t<meta property=\"og:image:type\" content=\"image\/jpeg\" \/>\n<meta name=\"twitter:card\" content=\"summary_large_image\" \/>\n<meta name=\"twitter:site\" content=\"@kidworks\" \/>\n<script type=\"application\/ld+json\" class=\"yoast-schema-graph\">{\"@context\":\"https:\\\/\\\/schema.org\",\"@graph\":[{\"@type\":\"WebPage\",\"@id\":\"https:\\\/\\\/kidworksoc.org\\\/es\\\/voluntario\\\/\",\"url\":\"https:\\\/\\\/kidworksoc.org\\\/es\\\/voluntario\\\/\",\"name\":\"Voluntario - KidWorks\",\"isPartOf\":{\"@id\":\"https:\\\/\\\/kidworksoc.org\\\/es\\\/#website\"},\"primaryImageOfPage\":{\"@id\":\"https:\\\/\\\/kidworksoc.org\\\/es\\\/voluntario\\\/#primaryimage\"},\"image\":{\"@id\":\"https:\\\/\\\/kidworksoc.org\\\/es\\\/voluntario\\\/#primaryimage\"},\"thumbnailUrl\":\"https:\\\/\\\/kidworksoc.org\\\/wp-content\\\/uploads\\\/2023\\\/02\\\/UNADJUSTEDRAW_thumb_442b.jpg\",\"datePublished\":\"2023-01-25T18:42:18+00:00\",\"dateModified\":\"2023-07-06T17:06:07+00:00\",\"description\":\"Voluntario KidWorks would not exist today without the expertise, time, and enthusiasm of its volunteers. Ya sea como voluntario en un aula, tutor de un\",\"breadcrumb\":{\"@id\":\"https:\\\/\\\/kidworksoc.org\\\/es\\\/voluntario\\\/#breadcrumb\"},\"inLanguage\":\"es\",\"potentialAction\":[{\"@type\":\"ReadAction\",\"target\":[\"https:\\\/\\\/kidworksoc.org\\\/es\\\/voluntario\\\/\"]}]},{\"@type\":\"ImageObject\",\"inLanguage\":\"es\",\"@id\":\"https:\\\/\\\/kidworksoc.org\\\/es\\\/voluntario\\\/#primaryimage\",\"url\":\"https:\\\/\\\/kidworksoc.org\\\/wp-content\\\/uploads\\\/2023\\\/02\\\/UNADJUSTEDRAW_thumb_442b.jpg\",\"contentUrl\":\"https:\\\/\\\/kidworksoc.org\\\/wp-content\\\/uploads\\\/2023\\\/02\\\/UNADJUSTEDRAW_thumb_442b.jpg\",\"width\":1086,\"height\":724,\"caption\":\"Tutoring volunteers\"},{\"@type\":\"BreadcrumbList\",\"@id\":\"https:\\\/\\\/kidworksoc.org\\\/es\\\/voluntario\\\/#breadcrumb\",\"itemListElement\":[{\"@type\":\"ListItem\",\"position\":1,\"name\":\"Home\",\"item\":\"https:\\\/\\\/kidworksoc.org\\\/es\\\/\"},{\"@type\":\"ListItem\",\"position\":2,\"name\":\"Voluntario\"}]},{\"@type\":\"WebSite\",\"@id\":\"https:\\\/\\\/kidworksoc.org\\\/es\\\/#website\",\"url\":\"https:\\\/\\\/kidworksoc.org\\\/es\\\/\",\"name\":\"KidWorks\",\"description\":\"Unleashing Youth Potential\u2122\",\"publisher\":{\"@id\":\"https:\\\/\\\/kidworksoc.org\\\/es\\\/#organization\"},\"potentialAction\":[{\"@type\":\"SearchAction\",\"target\":{\"@type\":\"EntryPoint\",\"urlTemplate\":\"https:\\\/\\\/kidworksoc.org\\\/es\\\/?s={search_term_string}\"},\"query-input\":{\"@type\":\"PropertyValueSpecification\",\"valueRequired\":true,\"valueName\":\"search_term_string\"}}],\"inLanguage\":\"es\"},{\"@type\":\"Organization\",\"@id\":\"https:\\\/\\\/kidworksoc.org\\\/es\\\/#organization\",\"name\":\"KidWorks\",\"url\":\"https:\\\/\\\/kidworksoc.org\\\/es\\\/\",\"logo\":{\"@type\":\"ImageObject\",\"inLanguage\":\"es\",\"@id\":\"https:\\\/\\\/kidworksoc.org\\\/es\\\/#\\\/schema\\\/logo\\\/image\\\/\",\"url\":\"https:\\\/\\\/kidworksoc.org\\\/wp-content\\\/uploads\\\/2023\\\/01\\\/kidworks-anniversary-logo.png\",\"contentUrl\":\"https:\\\/\\\/kidworksoc.org\\\/wp-content\\\/uploads\\\/2023\\\/01\\\/kidworks-anniversary-logo.png\",\"width\":420,\"height\":114,\"caption\":\"KidWorks\"},\"image\":{\"@id\":\"https:\\\/\\\/kidworksoc.org\\\/es\\\/#\\\/schema\\\/logo\\\/image\\\/\"},\"sameAs\":[\"https:\\\/\\\/www.facebook.com\\\/kidworkscdc\",\"https:\\\/\\\/x.com\\\/kidworks\",\"https:\\\/\\\/www.instagram.com\\\/kidworks\\\/\",\"https:\\\/\\\/www.yelp.com\\\/biz\\\/kidworks-santa-ana?osq=kidworks\",\"https:\\\/\\\/www.youtube.com\\\/user\\\/KidWorksCDC\",\"https:\\\/\\\/www.linkedin.com\\\/company\\\/kidworkscdc\"]}]}<\/script>\n<!-- \/ Yoast SEO plugin. -->","yoast_head_json":{"title":"Voluntario - KidWorks","description":"Voluntario KidWorks would not exist today without the expertise, time, and enthusiasm of its volunteers. Ya sea como voluntario en un aula, tutor de un","robots":{"index":"index","follow":"follow","max-snippet":"max-snippet:-1","max-image-preview":"max-image-preview:large","max-video-preview":"max-video-preview:-1"},"canonical":"https:\/\/kidworksoc.org\/es\/voluntario\/","og_locale":"es_ES","og_type":"article","og_title":"Voluntario - KidWorks","og_description":"Voluntario KidWorks would not exist today without the expertise, time, and enthusiasm of its volunteers. Ya sea como voluntario en un aula, tutor de un","og_url":"https:\/\/kidworksoc.org\/es\/voluntario\/","og_site_name":"KidWorks","article_publisher":"https:\/\/www.facebook.com\/kidworkscdc","article_modified_time":"2023-07-06T17:06:07+00:00","og_image":[{"width":1086,"height":724,"url":"https:\/\/kidworksoc.org\/wp-content\/uploads\/2023\/02\/UNADJUSTEDRAW_thumb_442b.jpg","type":"image\/jpeg"}],"twitter_card":"summary_large_image","twitter_site":"@kidworks","schema":{"@context":"https:\/\/schema.org","@graph":[{"@type":"WebPage","@id":"https:\/\/kidworksoc.org\/es\/voluntario\/","url":"https:\/\/kidworksoc.org\/es\/voluntario\/","name":"Voluntario - KidWorks","isPartOf":{"@id":"https:\/\/kidworksoc.org\/es\/#website"},"primaryImageOfPage":{"@id":"https:\/\/kidworksoc.org\/es\/voluntario\/#primaryimage"},"image":{"@id":"https:\/\/kidworksoc.org\/es\/voluntario\/#primaryimage"},"thumbnailUrl":"https:\/\/kidworksoc.org\/wp-content\/uploads\/2023\/02\/UNADJUSTEDRAW_thumb_442b.jpg","datePublished":"2023-01-25T18:42:18+00:00","dateModified":"2023-07-06T17:06:07+00:00","description":"Voluntario KidWorks would not exist today without the expertise, time, and enthusiasm of its volunteers. Ya sea como voluntario en un aula, tutor de un","breadcrumb":{"@id":"https:\/\/kidworksoc.org\/es\/voluntario\/#breadcrumb"},"inLanguage":"es","potentialAction":[{"@type":"ReadAction","target":["https:\/\/kidworksoc.org\/es\/voluntario\/"]}]},{"@type":"ImageObject","inLanguage":"es","@id":"https:\/\/kidworksoc.org\/es\/voluntario\/#primaryimage","url":"https:\/\/kidworksoc.org\/wp-content\/uploads\/2023\/02\/UNADJUSTEDRAW_thumb_442b.jpg","contentUrl":"https:\/\/kidworksoc.org\/wp-content\/uploads\/2023\/02\/UNADJUSTEDRAW_thumb_442b.jpg","width":1086,"height":724,"caption":"Tutoring volunteers"},{"@type":"BreadcrumbList","@id":"https:\/\/kidworksoc.org\/es\/voluntario\/#breadcrumb","itemListElement":[{"@type":"ListItem","position":1,"name":"Home","item":"https:\/\/kidworksoc.org\/es\/"},{"@type":"ListItem","position":2,"name":"Voluntario"}]},{"@type":"WebSite","@id":"https:\/\/kidworksoc.org\/es\/#website","url":"https:\/\/kidworksoc.org\/es\/","name":"KidWorks","description":"Unleashing Youth Potential\u2122","publisher":{"@id":"https:\/\/kidworksoc.org\/es\/#organization"},"potentialAction":[{"@type":"SearchAction","target":{"@type":"EntryPoint","urlTemplate":"https:\/\/kidworksoc.org\/es\/?s={search_term_string}"},"query-input":{"@type":"PropertyValueSpecification","valueRequired":true,"valueName":"search_term_string"}}],"inLanguage":"es"},{"@type":"Organization","@id":"https:\/\/kidworksoc.org\/es\/#organization","name":"KidWorks","url":"https:\/\/kidworksoc.org\/es\/","logo":{"@type":"ImageObject","inLanguage":"es","@id":"https:\/\/kidworksoc.org\/es\/#\/schema\/logo\/image\/","url":"https:\/\/kidworksoc.org\/wp-content\/uploads\/2023\/01\/kidworks-anniversary-logo.png","contentUrl":"https:\/\/kidworksoc.org\/wp-content\/uploads\/2023\/01\/kidworks-anniversary-logo.png","width":420,"height":114,"caption":"KidWorks"},"image":{"@id":"https:\/\/kidworksoc.org\/es\/#\/schema\/logo\/image\/"},"sameAs":["https:\/\/www.facebook.com\/kidworkscdc","https:\/\/x.com\/kidworks","https:\/\/www.instagram.com\/kidworks\/","https:\/\/www.yelp.com\/biz\/kidworks-santa-ana?osq=kidworks","https:\/\/www.youtube.com\/user\/KidWorksCDC","https:\/\/www.linkedin.com\/company\/kidworkscdc"]}]}},"_links":{"self":[{"href":"https:\/\/kidworksoc.org\/es\/wp-json\/wp\/v2\/pages\/3173","targetHints":{"allow":["GET"]}}],"collection":[{"href":"https:\/\/kidworksoc.org\/es\/wp-json\/wp\/v2\/pages"}],"about":[{"href":"https:\/\/kidworksoc.org\/es\/wp-json\/wp\/v2\/types\/page"}],"author":[{"embeddable":true,"href":"https:\/\/kidworksoc.org\/es\/wp-json\/wp\/v2\/users\/1"}],"replies":[{"embeddable":true,"href":"https:\/\/kidworksoc.org\/es\/wp-json\/wp\/v2\/comments?post=3173"}],"version-history":[{"count":0,"href":"https:\/\/kidworksoc.org\/es\/wp-json\/wp\/v2\/pages\/3173\/revisions"}],"wp:featuredmedia":[{"embeddable":true,"href":"https:\/\/kidworksoc.org\/es\/wp-json\/wp\/v2\/media\/2459"}],"wp:attachment":[{"href":"https:\/\/kidworksoc.org\/es\/wp-json\/wp\/v2\/media?parent=3173"}],"curies":[{"name":"wp","href":"https:\/\/api.w.org\/{rel}","templated":true}]}}