{"id":3171,"date":"2023-01-25T10:25:19","date_gmt":"2023-01-25T18:25:19","guid":{"rendered":"http:\/\/kidworksoc.org\/estrategias-de-exito\/"},"modified":"2023-07-13T10:13:08","modified_gmt":"2023-07-13T17:13:08","slug":"estrategias-de-exito","status":"publish","type":"page","link":"https:\/\/kidworksoc.org\/es\/estrategias-de-exito\/","title":{"rendered":"Estrategias de \u00e9xito"},"content":{"rendered":"\n<div class=\"wp-block-columns alignwide has-white-color has-text-color is-layout-flex wp-container-core-columns-is-layout-28f84493 wp-block-columns-is-layout-flex\">\n<div class=\"wp-block-column has-primary-dark-background-color has-background is-layout-flow wp-block-column-is-layout-flow\" style=\"padding-top:var(--wp--preset--spacing--50);padding-right:var(--wp--preset--spacing--30);padding-bottom:var(--wp--preset--spacing--50);padding-left:var(--wp--preset--spacing--30)\">\n<figure class=\"wp-block-image aligncenter size-full is-resized\"><img decoding=\"async\" src=\"http:\/\/kidworksoc.org\/wp-content\/uploads\/2023\/01\/growth.png\" alt=\"\" class=\"wp-image-825\" width=\"64\" height=\"64\" srcset=\"https:\/\/kidworksoc.org\/wp-content\/uploads\/2023\/01\/growth.png 512w, https:\/\/kidworksoc.org\/wp-content\/uploads\/2023\/01\/growth-150x150.png 150w\" sizes=\"(max-width: 64px) 100vw, 64px\" \/><\/figure>\n\n\n\n<h3 class=\"wp-block-heading has-text-align-center has-white-color has-text-color\"><strong>Desarrollo personal<\/strong><\/h3>\n\n\n\n<p class=\"has-text-align-center\">Desarrollar el car\u00e1cter, la confianza y las herramientas para alcanzar el potencial que Dios nos ha dado.<\/p>\n<\/div>\n\n\n\n<div class=\"wp-block-column has-primary-background-color has-background is-layout-flow wp-block-column-is-layout-flow\" style=\"padding-top:var(--wp--preset--spacing--50);padding-right:var(--wp--preset--spacing--30);padding-bottom:var(--wp--preset--spacing--50);padding-left:var(--wp--preset--spacing--30)\">\n<figure class=\"wp-block-image aligncenter size-full is-resized\"><img decoding=\"async\" src=\"http:\/\/kidworksoc.org\/wp-content\/uploads\/2023\/01\/readiness.png\" alt=\"\" class=\"wp-image-827\" width=\"64\" height=\"64\" srcset=\"https:\/\/kidworksoc.org\/wp-content\/uploads\/2023\/01\/readiness.png 512w, https:\/\/kidworksoc.org\/wp-content\/uploads\/2023\/01\/readiness-150x150.png 150w\" sizes=\"(max-width: 64px) 100vw, 64px\" \/><\/figure>\n\n\n\n<h3 class=\"wp-block-heading has-text-align-center has-white-color has-text-color\"><strong>Preparaci\u00f3n para la universidad y la carrera profesional<\/strong><\/h3>\n\n\n\n<p class=\"has-text-align-center\">Proporcionar los recursos necesarios y un camino claro hacia la educaci\u00f3n superior y una futura carrera profesional.<\/p>\n<\/div>\n\n\n\n<div class=\"wp-block-column has-secondary-background-color has-background is-layout-flow wp-block-column-is-layout-flow\" style=\"padding-top:var(--wp--preset--spacing--50);padding-right:var(--wp--preset--spacing--30);padding-bottom:var(--wp--preset--spacing--50);padding-left:var(--wp--preset--spacing--30)\">\n<figure class=\"wp-block-image aligncenter size-full is-resized\"><img decoding=\"async\" src=\"http:\/\/kidworksoc.org\/wp-content\/uploads\/2023\/01\/grad.png\" alt=\"\" class=\"wp-image-829\" width=\"64\" srcset=\"https:\/\/kidworksoc.org\/wp-content\/uploads\/2023\/01\/grad.png 512w, https:\/\/kidworksoc.org\/wp-content\/uploads\/2023\/01\/grad-150x150.png 150w\" sizes=\"(max-width: 512px) 100vw, 512px\" \/><\/figure>\n\n\n\n<h3 class=\"wp-block-heading has-text-align-center has-white-color has-text-color\"><strong>Desarrollo del liderazgo<\/strong><\/h3>\n\n\n\n<p class=\"has-text-align-center\">Adquirir los conocimientos, la compasi\u00f3n y las habilidades que motivan a devolver.<\/p>\n<\/div>\n<\/div>\n\n<div style=\"height:100px\" aria-hidden=\"true\" class=\"wp-block-spacer\"><\/div>\n\n<div class=\"wp-block-media-text alignwide is-stacked-on-mobile\"><figure class=\"wp-block-media-text__media\"><img decoding=\"async\" width=\"845\" height=\"666\" src=\"http:\/\/kidworksoc.org\/wp-content\/uploads\/2023\/02\/ScreenShot2022-03-14at3.37.08PM.jpg\" alt=\"\" class=\"wp-image-2535 size-full\" srcset=\"https:\/\/kidworksoc.org\/wp-content\/uploads\/2023\/02\/ScreenShot2022-03-14at3.37.08PM.jpg 845w, https:\/\/kidworksoc.org\/wp-content\/uploads\/2023\/02\/ScreenShot2022-03-14at3.37.08PM-600x473.jpg 600w\" sizes=\"(max-width: 845px) 100vw, 845px\" \/><\/figure><div class=\"wp-block-media-text__content\">\n<h3 class=\"wp-block-heading\"><strong>Desarrollo personal<\/strong><\/h3>\n\n\n\n<p>El bienestar de un estudiante es esencial para su \u00e9xito acad\u00e9mico. El cambio de vida se produce en las relaciones.  <\/p>\n\n\n\n<p><strong>Incluido:  <\/strong><\/p>\n\n\n\n<ul class=\"is-style-check-mark wp-block-list\">\n<li>Desarrollo social y emocional  <\/li>\n\n\n\n<li>Relaciones de confianza y atenci\u00f3n  <\/li>\n\n\n\n<li>Autoconciencia y toma de decisiones responsable<\/li>\n\n\n\n<li>Exploraci\u00f3n de las fortalezas personales para descubrir el potencial que Dios nos ha dado<\/li>\n<\/ul>\n\n\n\n<div class=\"wp-block-buttons is-layout-flex wp-block-buttons-is-layout-flex\">\n<div class=\"wp-block-button is-style-outline is-style-outline--1\"><a class=\"wp-block-button__link wp-element-button\" href=\"http:\/\/kidworksoc.org\/meet-kimberly-helper-friend-and-mentor\/\">Conoce a Kimberly<\/a><\/div>\n<\/div>\n<\/div><\/div>\n\n<div style=\"height:100px\" aria-hidden=\"true\" class=\"wp-block-spacer\"><\/div>\n\n<div class=\"wp-block-media-text alignwide has-media-on-the-right is-stacked-on-mobile\"><div class=\"wp-block-media-text__content\">\n<h3 class=\"wp-block-heading\"><strong><strong>Preparaci\u00f3n para la universidad y la carrera profesional<\/strong><\/strong><\/h3>\n\n\n\n<p>El camino hacia el \u00e9xito universitario empieza en preescolar. La mayor\u00eda de los estudiantes ser\u00e1n los primeros de su familia en asistir a la universidad. La Iniciativa KidWorks para el \u00e9xito universitario y profesional aborda las necesidades espec\u00edficas de los estudiantes universitarios de primera generaci\u00f3n.<\/p>\n\n\n\n<p><strong>Incluido:  <\/strong><\/p>\n\n\n\n<ul class=\"is-style-check-mark wp-block-list\">\n<li>Apoyo acad\u00e9mico y orientaci\u00f3n profesional personalizada<\/li>\n\n\n\n<li>Preparaci\u00f3n para la universidad y admisi\u00f3n<\/li>\n\n\n\n<li>Tutor\u00eda individualizada para estudiantes universitarios y antiguos alumnos<\/li>\n<\/ul>\n\n\n\n<div class=\"wp-block-buttons is-layout-flex wp-block-buttons-is-layout-flex\">\n<div class=\"wp-block-button is-style-outline is-style-outline--2\"><a class=\"wp-block-button__link wp-element-button\" href=\"http:\/\/kidworksoc.org\/meet-cece-volunteer-trailblazer-and-scholar\/\">Conoce a Cece<\/a><\/div>\n<\/div>\n<\/div><figure class=\"wp-block-media-text__media\"><img decoding=\"async\" width=\"845\" height=\"666\" src=\"http:\/\/kidworksoc.org\/wp-content\/uploads\/2023\/02\/cece.jpg\" alt=\"\" class=\"wp-image-2537 size-full\" srcset=\"https:\/\/kidworksoc.org\/wp-content\/uploads\/2023\/02\/cece.jpg 845w, https:\/\/kidworksoc.org\/wp-content\/uploads\/2023\/02\/cece-600x473.jpg 600w\" sizes=\"(max-width: 845px) 100vw, 845px\" \/><\/figure><\/div>\n\n<div style=\"height:100px\" aria-hidden=\"true\" class=\"wp-block-spacer\"><\/div>\n\n<div class=\"wp-block-media-text alignwide is-stacked-on-mobile\"><figure class=\"wp-block-media-text__media\"><img decoding=\"async\" width=\"845\" height=\"666\" src=\"http:\/\/kidworksoc.org\/wp-content\/uploads\/2023\/02\/diego.jpg\" alt=\"\" class=\"wp-image-2540 size-full\" srcset=\"https:\/\/kidworksoc.org\/wp-content\/uploads\/2023\/02\/diego.jpg 845w, https:\/\/kidworksoc.org\/wp-content\/uploads\/2023\/02\/diego-600x473.jpg 600w\" sizes=\"(max-width: 845px) 100vw, 845px\" \/><\/figure><div class=\"wp-block-media-text__content\">\n<h3 class=\"wp-block-heading\"><strong><strong>Desarrollo del liderazgo<\/strong><\/strong><\/h3>\n\n\n\n<p>KidWorks es el \u00fanico programa extraescolar del pa\u00eds que ofrece el plan de estudios Leader in Me de Franklin Covey. El liderazgo es fundamental en KidWorks.  <\/p>\n\n\n\n<p><strong>Incluido:  <\/strong><\/p>\n\n\n\n<ul class=\"is-style-check-mark wp-block-list\">\n<li>Fundamentos del liderazgo en todos los grados<\/li>\n\n\n\n<li>Funciones de liderazgo pr\u00e1ctico  <\/li>\n\n\n\n<li>Proyectos impulsados por los estudiantes  <\/li>\n<\/ul>\n\n\n\n<div class=\"wp-block-buttons is-layout-flex wp-block-buttons-is-layout-flex\">\n<div class=\"wp-block-button is-style-outline is-style-outline--3\"><a class=\"wp-block-button__link wp-element-button\" href=\"http:\/\/kidworksoc.org\/meet-diego-student-athlete-and-leader\/\">Conoce a Diego<\/a><\/div>\n<\/div>\n<\/div><\/div>\n","protected":false},"excerpt":{"rendered":"<p>Desarrollo personal Desarrollar el car\u00e1cter, la confianza y las herramientas para alcanzar el potencial que Dios nos ha dado. Preparaci\u00f3n para la universidad y la carrera profesional Proporcionar los recursos&hellip; <a class=\"more-link\" href=\"https:\/\/kidworksoc.org\/es\/estrategias-de-exito\/\">Siga Leyendo<\/a><\/p>\n","protected":false},"author":1,"featured_media":0,"parent":0,"menu_order":0,"comment_status":"closed","ping_status":"closed","template":"","meta":{"_acf_changed":false,"_searchwp_excluded":"","_monsterinsights_skip_tracking":false,"_monsterinsights_sitenote_active":false,"_monsterinsights_sitenote_note":"","_monsterinsights_sitenote_category":0,"_uf_show_specific_survey":0,"_uf_disable_surveys":false,"footnotes":""},"class_list":["post-3171","page","type-page","status-publish","hentry"],"acf":[],"aioseo_notices":[],"yoast_head":"<!-- This site is optimized with the Yoast SEO plugin v27.6 - https:\/\/yoast.com\/product\/yoast-seo-wordpress\/ -->\n<title>Estrategias de \u00e9xito - KidWorks<\/title>\n<meta name=\"description\" content=\"Desarrollo personal Desarrollar el car\u00e1cter, la confianza y las herramientas para alcanzar el potencial que Dios nos ha dado. Preparaci\u00f3n para la\" \/>\n<meta name=\"robots\" content=\"index, follow, max-snippet:-1, max-image-preview:large, max-video-preview:-1\" \/>\n<link rel=\"canonical\" href=\"https:\/\/kidworksoc.org\/es\/estrategias-de-exito\/\" \/>\n<meta property=\"og:locale\" content=\"es_ES\" \/>\n<meta property=\"og:type\" content=\"article\" \/>\n<meta property=\"og:title\" content=\"Estrategias de \u00e9xito - KidWorks\" \/>\n<meta property=\"og:description\" content=\"Desarrollo personal Desarrollar el car\u00e1cter, la confianza y las herramientas para alcanzar el potencial que Dios nos ha dado. Preparaci\u00f3n para la\" \/>\n<meta property=\"og:url\" content=\"https:\/\/kidworksoc.org\/es\/estrategias-de-exito\/\" \/>\n<meta property=\"og:site_name\" content=\"KidWorks\" \/>\n<meta property=\"article:publisher\" content=\"https:\/\/www.facebook.com\/kidworkscdc\" \/>\n<meta property=\"article:modified_time\" content=\"2023-07-13T17:13:08+00:00\" \/>\n<meta property=\"og:image\" content=\"http:\/\/kidworksoc.org\/wp-content\/uploads\/2023\/01\/growth.png\" \/>\n<meta name=\"twitter:card\" content=\"summary_large_image\" \/>\n<meta name=\"twitter:site\" content=\"@kidworks\" \/>\n<script type=\"application\/ld+json\" class=\"yoast-schema-graph\">{\"@context\":\"https:\\\/\\\/schema.org\",\"@graph\":[{\"@type\":\"WebPage\",\"@id\":\"https:\\\/\\\/kidworksoc.org\\\/es\\\/estrategias-de-exito\\\/\",\"url\":\"https:\\\/\\\/kidworksoc.org\\\/es\\\/estrategias-de-exito\\\/\",\"name\":\"Estrategias de \u00e9xito - KidWorks\",\"isPartOf\":{\"@id\":\"https:\\\/\\\/kidworksoc.org\\\/es\\\/#website\"},\"primaryImageOfPage\":{\"@id\":\"https:\\\/\\\/kidworksoc.org\\\/es\\\/estrategias-de-exito\\\/#primaryimage\"},\"image\":{\"@id\":\"https:\\\/\\\/kidworksoc.org\\\/es\\\/estrategias-de-exito\\\/#primaryimage\"},\"thumbnailUrl\":\"http:\\\/\\\/kidworksoc.org\\\/wp-content\\\/uploads\\\/2023\\\/01\\\/growth.png\",\"datePublished\":\"2023-01-25T18:25:19+00:00\",\"dateModified\":\"2023-07-13T17:13:08+00:00\",\"description\":\"Desarrollo personal Desarrollar el car\u00e1cter, la confianza y las herramientas para alcanzar el potencial que Dios nos ha dado. Preparaci\u00f3n para la\",\"breadcrumb\":{\"@id\":\"https:\\\/\\\/kidworksoc.org\\\/es\\\/estrategias-de-exito\\\/#breadcrumb\"},\"inLanguage\":\"es\",\"potentialAction\":[{\"@type\":\"ReadAction\",\"target\":[\"https:\\\/\\\/kidworksoc.org\\\/es\\\/estrategias-de-exito\\\/\"]}]},{\"@type\":\"ImageObject\",\"inLanguage\":\"es\",\"@id\":\"https:\\\/\\\/kidworksoc.org\\\/es\\\/estrategias-de-exito\\\/#primaryimage\",\"url\":\"http:\\\/\\\/kidworksoc.org\\\/wp-content\\\/uploads\\\/2023\\\/01\\\/growth.png\",\"contentUrl\":\"http:\\\/\\\/kidworksoc.org\\\/wp-content\\\/uploads\\\/2023\\\/01\\\/growth.png\"},{\"@type\":\"BreadcrumbList\",\"@id\":\"https:\\\/\\\/kidworksoc.org\\\/es\\\/estrategias-de-exito\\\/#breadcrumb\",\"itemListElement\":[{\"@type\":\"ListItem\",\"position\":1,\"name\":\"Home\",\"item\":\"https:\\\/\\\/kidworksoc.org\\\/es\\\/\"},{\"@type\":\"ListItem\",\"position\":2,\"name\":\"Estrategias de \u00e9xito\"}]},{\"@type\":\"WebSite\",\"@id\":\"https:\\\/\\\/kidworksoc.org\\\/es\\\/#website\",\"url\":\"https:\\\/\\\/kidworksoc.org\\\/es\\\/\",\"name\":\"KidWorks\",\"description\":\"Unleashing Youth Potential\u2122\",\"publisher\":{\"@id\":\"https:\\\/\\\/kidworksoc.org\\\/es\\\/#organization\"},\"potentialAction\":[{\"@type\":\"SearchAction\",\"target\":{\"@type\":\"EntryPoint\",\"urlTemplate\":\"https:\\\/\\\/kidworksoc.org\\\/es\\\/?s={search_term_string}\"},\"query-input\":{\"@type\":\"PropertyValueSpecification\",\"valueRequired\":true,\"valueName\":\"search_term_string\"}}],\"inLanguage\":\"es\"},{\"@type\":\"Organization\",\"@id\":\"https:\\\/\\\/kidworksoc.org\\\/es\\\/#organization\",\"name\":\"KidWorks\",\"url\":\"https:\\\/\\\/kidworksoc.org\\\/es\\\/\",\"logo\":{\"@type\":\"ImageObject\",\"inLanguage\":\"es\",\"@id\":\"https:\\\/\\\/kidworksoc.org\\\/es\\\/#\\\/schema\\\/logo\\\/image\\\/\",\"url\":\"https:\\\/\\\/kidworksoc.org\\\/wp-content\\\/uploads\\\/2023\\\/01\\\/kidworks-anniversary-logo.png\",\"contentUrl\":\"https:\\\/\\\/kidworksoc.org\\\/wp-content\\\/uploads\\\/2023\\\/01\\\/kidworks-anniversary-logo.png\",\"width\":420,\"height\":114,\"caption\":\"KidWorks\"},\"image\":{\"@id\":\"https:\\\/\\\/kidworksoc.org\\\/es\\\/#\\\/schema\\\/logo\\\/image\\\/\"},\"sameAs\":[\"https:\\\/\\\/www.facebook.com\\\/kidworkscdc\",\"https:\\\/\\\/x.com\\\/kidworks\",\"https:\\\/\\\/www.instagram.com\\\/kidworks\\\/\",\"https:\\\/\\\/www.yelp.com\\\/biz\\\/kidworks-santa-ana?osq=kidworks\",\"https:\\\/\\\/www.youtube.com\\\/user\\\/KidWorksCDC\",\"https:\\\/\\\/www.linkedin.com\\\/company\\\/kidworkscdc\"]}]}<\/script>\n<!-- \/ Yoast SEO plugin. -->","yoast_head_json":{"title":"Estrategias de \u00e9xito - KidWorks","description":"Desarrollo personal Desarrollar el car\u00e1cter, la confianza y las herramientas para alcanzar el potencial que Dios nos ha dado. Preparaci\u00f3n para la","robots":{"index":"index","follow":"follow","max-snippet":"max-snippet:-1","max-image-preview":"max-image-preview:large","max-video-preview":"max-video-preview:-1"},"canonical":"https:\/\/kidworksoc.org\/es\/estrategias-de-exito\/","og_locale":"es_ES","og_type":"article","og_title":"Estrategias de \u00e9xito - KidWorks","og_description":"Desarrollo personal Desarrollar el car\u00e1cter, la confianza y las herramientas para alcanzar el potencial que Dios nos ha dado. Preparaci\u00f3n para la","og_url":"https:\/\/kidworksoc.org\/es\/estrategias-de-exito\/","og_site_name":"KidWorks","article_publisher":"https:\/\/www.facebook.com\/kidworkscdc","article_modified_time":"2023-07-13T17:13:08+00:00","og_image":[{"url":"http:\/\/kidworksoc.org\/wp-content\/uploads\/2023\/01\/growth.png","type":"","width":"","height":""}],"twitter_card":"summary_large_image","twitter_site":"@kidworks","schema":{"@context":"https:\/\/schema.org","@graph":[{"@type":"WebPage","@id":"https:\/\/kidworksoc.org\/es\/estrategias-de-exito\/","url":"https:\/\/kidworksoc.org\/es\/estrategias-de-exito\/","name":"Estrategias de \u00e9xito - KidWorks","isPartOf":{"@id":"https:\/\/kidworksoc.org\/es\/#website"},"primaryImageOfPage":{"@id":"https:\/\/kidworksoc.org\/es\/estrategias-de-exito\/#primaryimage"},"image":{"@id":"https:\/\/kidworksoc.org\/es\/estrategias-de-exito\/#primaryimage"},"thumbnailUrl":"http:\/\/kidworksoc.org\/wp-content\/uploads\/2023\/01\/growth.png","datePublished":"2023-01-25T18:25:19+00:00","dateModified":"2023-07-13T17:13:08+00:00","description":"Desarrollo personal Desarrollar el car\u00e1cter, la confianza y las herramientas para alcanzar el potencial que Dios nos ha dado. Preparaci\u00f3n para la","breadcrumb":{"@id":"https:\/\/kidworksoc.org\/es\/estrategias-de-exito\/#breadcrumb"},"inLanguage":"es","potentialAction":[{"@type":"ReadAction","target":["https:\/\/kidworksoc.org\/es\/estrategias-de-exito\/"]}]},{"@type":"ImageObject","inLanguage":"es","@id":"https:\/\/kidworksoc.org\/es\/estrategias-de-exito\/#primaryimage","url":"http:\/\/kidworksoc.org\/wp-content\/uploads\/2023\/01\/growth.png","contentUrl":"http:\/\/kidworksoc.org\/wp-content\/uploads\/2023\/01\/growth.png"},{"@type":"BreadcrumbList","@id":"https:\/\/kidworksoc.org\/es\/estrategias-de-exito\/#breadcrumb","itemListElement":[{"@type":"ListItem","position":1,"name":"Home","item":"https:\/\/kidworksoc.org\/es\/"},{"@type":"ListItem","position":2,"name":"Estrategias de \u00e9xito"}]},{"@type":"WebSite","@id":"https:\/\/kidworksoc.org\/es\/#website","url":"https:\/\/kidworksoc.org\/es\/","name":"KidWorks","description":"Unleashing Youth Potential\u2122","publisher":{"@id":"https:\/\/kidworksoc.org\/es\/#organization"},"potentialAction":[{"@type":"SearchAction","target":{"@type":"EntryPoint","urlTemplate":"https:\/\/kidworksoc.org\/es\/?s={search_term_string}"},"query-input":{"@type":"PropertyValueSpecification","valueRequired":true,"valueName":"search_term_string"}}],"inLanguage":"es"},{"@type":"Organization","@id":"https:\/\/kidworksoc.org\/es\/#organization","name":"KidWorks","url":"https:\/\/kidworksoc.org\/es\/","logo":{"@type":"ImageObject","inLanguage":"es","@id":"https:\/\/kidworksoc.org\/es\/#\/schema\/logo\/image\/","url":"https:\/\/kidworksoc.org\/wp-content\/uploads\/2023\/01\/kidworks-anniversary-logo.png","contentUrl":"https:\/\/kidworksoc.org\/wp-content\/uploads\/2023\/01\/kidworks-anniversary-logo.png","width":420,"height":114,"caption":"KidWorks"},"image":{"@id":"https:\/\/kidworksoc.org\/es\/#\/schema\/logo\/image\/"},"sameAs":["https:\/\/www.facebook.com\/kidworkscdc","https:\/\/x.com\/kidworks","https:\/\/www.instagram.com\/kidworks\/","https:\/\/www.yelp.com\/biz\/kidworks-santa-ana?osq=kidworks","https:\/\/www.youtube.com\/user\/KidWorksCDC","https:\/\/www.linkedin.com\/company\/kidworkscdc"]}]}},"_links":{"self":[{"href":"https:\/\/kidworksoc.org\/es\/wp-json\/wp\/v2\/pages\/3171","targetHints":{"allow":["GET"]}}],"collection":[{"href":"https:\/\/kidworksoc.org\/es\/wp-json\/wp\/v2\/pages"}],"about":[{"href":"https:\/\/kidworksoc.org\/es\/wp-json\/wp\/v2\/types\/page"}],"author":[{"embeddable":true,"href":"https:\/\/kidworksoc.org\/es\/wp-json\/wp\/v2\/users\/1"}],"replies":[{"embeddable":true,"href":"https:\/\/kidworksoc.org\/es\/wp-json\/wp\/v2\/comments?post=3171"}],"version-history":[{"count":0,"href":"https:\/\/kidworksoc.org\/es\/wp-json\/wp\/v2\/pages\/3171\/revisions"}],"wp:attachment":[{"href":"https:\/\/kidworksoc.org\/es\/wp-json\/wp\/v2\/media?parent=3171"}],"curies":[{"name":"wp","href":"https:\/\/api.w.org\/{rel}","templated":true}]}}