{"id":3170,"date":"2023-01-25T10:48:24","date_gmt":"2023-01-25T18:48:24","guid":{"rendered":"http:\/\/kidworksoc.org\/estudiantes\/"},"modified":"2023-07-05T14:03:28","modified_gmt":"2023-07-05T21:03:28","slug":"estudiantes","status":"publish","type":"page","link":"https:\/\/kidworksoc.org\/es\/estudiantes\/","title":{"rendered":"Estudiantes"},"content":{"rendered":"\n<div class=\"wp-block-cover alignfull is-light\" style=\"padding-top:var(--wp--preset--spacing--300);padding-right:var(--wp--preset--spacing--30);padding-bottom:var(--wp--preset--spacing--150);padding-left:var(--wp--preset--spacing--30)\"><span aria-hidden=\"true\" class=\"wp-block-cover__background has-background-dim-100 has-background-dim has-background-gradient\" style=\"background:linear-gradient(0deg,rgb(24,49,111) 0%,rgba(24,49,111,0.35) 100%)\"><\/span><img decoding=\"async\" width=\"1200\" height=\"900\" src=\"https:\/\/kidworksoc.org\/wp-content\/uploads\/2023\/02\/30th-girls.jpg\" class=\"wp-block-cover__image-background wp-post-image\" alt=\"\" data-object-fit=\"cover\" data-object-position=\"50% 35%\" style=\"object-position:50% 35%;\" srcset=\"https:\/\/kidworksoc.org\/wp-content\/uploads\/2023\/02\/30th-girls.jpg 1200w, https:\/\/kidworksoc.org\/wp-content\/uploads\/2023\/02\/30th-girls-600x450.jpg 600w\" sizes=\"(max-width: 1200px) 100vw, 1200px\" \/><div class=\"wp-block-cover__inner-container is-layout-flow wp-block-cover-is-layout-flow\">\n<div class=\"wp-block-group has-tertiary-color has-text-color has-global-padding is-layout-constrained wp-container-core-group-is-layout-9b5fd1f6 wp-block-group-is-layout-constrained\">\n<h1 class=\"wp-block-heading has-text-align-center is-style-muted-heading has-accent-color has-text-color\">Estudiantes<\/h1>\n\n\n\n<h2 class=\"wp-block-heading has-text-align-center has-white-color has-text-color\" style=\"font-size:clamp(33.419px, 2.089rem + ((1vw - 3.2px) * 2.769), 60px);\"><strong>\u00danase a la pr\u00f3xima generaci\u00f3n de l\u00edderes de KidWorks  <\/strong><\/h2>\n\n\n\n<p class=\"has-text-align-center has-tertiary-light-color has-text-color has-medium-font-size\">\u00danase a la comunidad KidWorks para ampliar sus oportunidades y acceder a experiencias que le cambiar\u00e1n la vida.<\/p>\n<\/div>\n<\/div><\/div>\n\n<div style=\"height:100px\" aria-hidden=\"true\" class=\"wp-block-spacer\"><\/div>\n\n<h2 class=\"wp-block-heading has-text-align-center\"><strong>Los programas incluyen<\/strong><\/h2>\n\n<div style=\"height:30px\" aria-hidden=\"true\" class=\"wp-block-spacer\"><\/div>\n\n<div class=\"wp-block-group alignfull has-global-padding is-layout-constrained wp-container-core-group-is-layout-00f579c5 wp-block-group-is-layout-constrained\">\n<section class=\"blocks block-blurbs is-style-img-blurb\" id=\"block_dee6e96111161fb15307f4110f904c44\">\n    <ul>\n            <li>\n                            <figure>\n                    <img decoding=\"async\" width=\"600\" height=\"400\" src=\"https:\/\/kidworksoc.org\/wp-content\/uploads\/2023\/01\/kids-600x400.jpg\" class=\"attachment-thumb_uncropped size-thumb_uncropped\" alt=\"\" srcset=\"https:\/\/kidworksoc.org\/wp-content\/uploads\/2023\/01\/kids-600x400.jpg 600w, https:\/\/kidworksoc.org\/wp-content\/uploads\/2023\/01\/kids-1280x853.jpg 1280w, https:\/\/kidworksoc.org\/wp-content\/uploads\/2023\/01\/kids-1600x1066.jpg 1600w, https:\/\/kidworksoc.org\/wp-content\/uploads\/2023\/01\/kids-1440x960.jpg 1440w, https:\/\/kidworksoc.org\/wp-content\/uploads\/2023\/01\/kids-1536x1024.jpg 1536w, https:\/\/kidworksoc.org\/wp-content\/uploads\/2023\/01\/kids.jpg 2000w\" sizes=\"(max-width: 600px) 100vw, 600px\" \/>                <\/figure>\n                        <div class=\"content\">\n                <h3>Preescolar<\/h3>\n                                <p>\n                    Dedicado al desarrollo de habilidades que se fomentan mediante una ense\u00f1anza intencionada.                  <\/p>\n                            <\/div>\n                            <a class=\"button button--style--primary-outlined\" href=\"http:\/\/kidworksoc.org\/preschool\/\" target=\"_self\">Aprender M\u00e1s<\/a>\n                    <\/li>\n            <li>\n                            <figure>\n                    <img decoding=\"async\" width=\"600\" height=\"450\" src=\"https:\/\/kidworksoc.org\/wp-content\/uploads\/2023\/01\/1st-week-at-KWS-072-600x450.jpg\" class=\"attachment-thumb_uncropped size-thumb_uncropped\" alt=\"\" srcset=\"https:\/\/kidworksoc.org\/wp-content\/uploads\/2023\/01\/1st-week-at-KWS-072-600x450.jpg 600w, https:\/\/kidworksoc.org\/wp-content\/uploads\/2023\/01\/1st-week-at-KWS-072-1280x960.jpg 1280w, https:\/\/kidworksoc.org\/wp-content\/uploads\/2023\/01\/1st-week-at-KWS-072-1600x1200.jpg 1600w, https:\/\/kidworksoc.org\/wp-content\/uploads\/2023\/01\/1st-week-at-KWS-072-1440x1080.jpg 1440w, https:\/\/kidworksoc.org\/wp-content\/uploads\/2023\/01\/1st-week-at-KWS-072-1536x1152.jpg 1536w, https:\/\/kidworksoc.org\/wp-content\/uploads\/2023\/01\/1st-week-at-KWS-072.jpg 2000w\" sizes=\"(max-width: 600px) 100vw, 600px\" \/>                <\/figure>\n                        <div class=\"content\">\n                <h3>Programas extraescolares<\/h3>\n                                <p>\n                    Nuestros programas extraescolares se centran en el desarrollo integral de la persona.                  <\/p>\n                            <\/div>\n                            <a class=\"button button--style--primary-outlined\" href=\"http:\/\/kidworksoc.org\/after-school\/\" target=\"_self\">Aprender M\u00e1s<\/a>\n                    <\/li>\n            <li>\n                            <figure>\n                    <img decoding=\"async\" width=\"600\" height=\"491\" src=\"https:\/\/kidworksoc.org\/wp-content\/uploads\/2023\/01\/IMG_8050-600x491.jpg\" class=\"attachment-thumb_uncropped size-thumb_uncropped\" alt=\"\" srcset=\"https:\/\/kidworksoc.org\/wp-content\/uploads\/2023\/01\/IMG_8050-600x491.jpg 600w, https:\/\/kidworksoc.org\/wp-content\/uploads\/2023\/01\/IMG_8050-1280x1048.jpg 1280w, https:\/\/kidworksoc.org\/wp-content\/uploads\/2023\/01\/IMG_8050-1600x1310.jpg 1600w, https:\/\/kidworksoc.org\/wp-content\/uploads\/2023\/01\/IMG_8050-1440x1179.jpg 1440w, https:\/\/kidworksoc.org\/wp-content\/uploads\/2023\/01\/IMG_8050-1536x1258.jpg 1536w, https:\/\/kidworksoc.org\/wp-content\/uploads\/2023\/01\/IMG_8050.jpg 2036w\" sizes=\"(max-width: 600px) 100vw, 600px\" \/>                <\/figure>\n                        <div class=\"content\">\n                <h3>Juventud<\/h3>\n                                <p>\n                    Situar a los j\u00f3venes en una v\u00eda directa hacia la universidad y la esperanza para su futuro.                  <\/p>\n                            <\/div>\n                            <a class=\"button button--style--primary-outlined\" href=\"http:\/\/kidworksoc.org\/youth\/\" target=\"_self\">Aprender M\u00e1s<\/a>\n                    <\/li>\n            <li>\n                            <figure>\n                    <img decoding=\"async\" width=\"600\" height=\"405\" src=\"https:\/\/kidworksoc.org\/wp-content\/uploads\/2023\/01\/Cap-Gown-2-600x405.jpg\" class=\"attachment-thumb_uncropped size-thumb_uncropped\" alt=\"\" srcset=\"https:\/\/kidworksoc.org\/wp-content\/uploads\/2023\/01\/Cap-Gown-2-600x405.jpg 600w, https:\/\/kidworksoc.org\/wp-content\/uploads\/2023\/01\/Cap-Gown-2-1280x864.jpg 1280w, https:\/\/kidworksoc.org\/wp-content\/uploads\/2023\/01\/Cap-Gown-2-1600x1080.jpg 1600w, https:\/\/kidworksoc.org\/wp-content\/uploads\/2023\/01\/Cap-Gown-2-1440x972.jpg 1440w, https:\/\/kidworksoc.org\/wp-content\/uploads\/2023\/01\/Cap-Gown-2-1536x1037.jpg 1536w, https:\/\/kidworksoc.org\/wp-content\/uploads\/2023\/01\/Cap-Gown-2.jpg 2000w\" sizes=\"(max-width: 600px) 100vw, 600px\" \/>                <\/figure>\n                        <div class=\"content\">\n                <h3>Aplicaciones universitarias<\/h3>\n                                <p>\n                    Asumimos un compromiso de 18 a\u00f1os con cada alumno, desde Preescolar hasta Bachillerato.                  <\/p>\n                            <\/div>\n                            <a class=\"button button--style--primary-outlined\" href=\"http:\/\/kidworksoc.org\/college-career-success-initiative\/college-apps-academy\/\" target=\"_self\">Academia de aplicaciones universitarias<\/a>\n                    <\/li>\n        <\/ul>\n<\/section>\n\n\n\n<div style=\"height:50px\" aria-hidden=\"true\" class=\"wp-block-spacer\"><\/div>\n\n\n\n<div class=\"wp-block-buttons is-content-justification-center is-layout-flex wp-container-core-buttons-is-layout-a89b3969 wp-block-buttons-is-layout-flex\">\n<div class=\"wp-block-button is-style-secondary-btn\"><a class=\"wp-block-button__link wp-element-button\" href=\"http:\/\/kidworksoc.org\/registration\/\">\u00danete ahora<\/a><\/div>\n<\/div>\n<\/div>\n","protected":false},"excerpt":{"rendered":"<p>Los programas incluyen<\/p>\n","protected":false},"author":1,"featured_media":2582,"parent":0,"menu_order":0,"comment_status":"closed","ping_status":"closed","template":"","meta":{"_acf_changed":false,"_searchwp_excluded":"","_monsterinsights_skip_tracking":false,"_monsterinsights_sitenote_active":false,"_monsterinsights_sitenote_note":"","_monsterinsights_sitenote_category":0,"_uf_show_specific_survey":0,"_uf_disable_surveys":false,"footnotes":""},"class_list":["post-3170","page","type-page","status-publish","has-post-thumbnail","hentry"],"acf":[],"aioseo_notices":[],"yoast_head":"<!-- This site is optimized with the Yoast SEO plugin v27.4 - https:\/\/yoast.com\/product\/yoast-seo-wordpress\/ -->\n<title>Estudiantes - KidWorks<\/title>\n<meta name=\"description\" content=\"Estudiantes \u00danase a la pr\u00f3xima generaci\u00f3n de l\u00edderes de KidWorks \u00danase a la comunidad KidWorks para ampliar sus oportunidades y acceder a experiencias que\" \/>\n<meta name=\"robots\" content=\"index, follow, max-snippet:-1, max-image-preview:large, max-video-preview:-1\" \/>\n<link rel=\"canonical\" href=\"https:\/\/kidworksoc.org\/es\/estudiantes\/\" \/>\n<meta property=\"og:locale\" content=\"es_ES\" \/>\n<meta property=\"og:type\" content=\"article\" \/>\n<meta property=\"og:title\" content=\"Estudiantes - KidWorks\" \/>\n<meta property=\"og:description\" content=\"Estudiantes \u00danase a la pr\u00f3xima generaci\u00f3n de l\u00edderes de KidWorks \u00danase a la comunidad KidWorks para ampliar sus oportunidades y acceder a experiencias que\" \/>\n<meta property=\"og:url\" content=\"https:\/\/kidworksoc.org\/es\/estudiantes\/\" \/>\n<meta property=\"og:site_name\" content=\"KidWorks\" \/>\n<meta property=\"article:publisher\" content=\"https:\/\/www.facebook.com\/kidworkscdc\" \/>\n<meta property=\"article:modified_time\" content=\"2023-07-05T21:03:28+00:00\" \/>\n<meta property=\"og:image\" content=\"https:\/\/kidworksoc.org\/wp-content\/uploads\/2023\/02\/30th-girls.jpg\" \/>\n\t<meta property=\"og:image:width\" content=\"1200\" \/>\n\t<meta property=\"og:image:height\" content=\"900\" \/>\n\t<meta property=\"og:image:type\" content=\"image\/jpeg\" \/>\n<meta name=\"twitter:card\" content=\"summary_large_image\" \/>\n<meta name=\"twitter:site\" content=\"@kidworks\" \/>\n<script type=\"application\/ld+json\" class=\"yoast-schema-graph\">{\"@context\":\"https:\\\/\\\/schema.org\",\"@graph\":[{\"@type\":\"WebPage\",\"@id\":\"https:\\\/\\\/kidworksoc.org\\\/es\\\/estudiantes\\\/\",\"url\":\"https:\\\/\\\/kidworksoc.org\\\/es\\\/estudiantes\\\/\",\"name\":\"Estudiantes - KidWorks\",\"isPartOf\":{\"@id\":\"https:\\\/\\\/kidworksoc.org\\\/es\\\/#website\"},\"primaryImageOfPage\":{\"@id\":\"https:\\\/\\\/kidworksoc.org\\\/es\\\/estudiantes\\\/#primaryimage\"},\"image\":{\"@id\":\"https:\\\/\\\/kidworksoc.org\\\/es\\\/estudiantes\\\/#primaryimage\"},\"thumbnailUrl\":\"https:\\\/\\\/kidworksoc.org\\\/wp-content\\\/uploads\\\/2023\\\/02\\\/30th-girls.jpg\",\"datePublished\":\"2023-01-25T18:48:24+00:00\",\"dateModified\":\"2023-07-05T21:03:28+00:00\",\"description\":\"Estudiantes \u00danase a la pr\u00f3xima generaci\u00f3n de l\u00edderes de KidWorks \u00danase a la comunidad KidWorks para ampliar sus oportunidades y acceder a experiencias que\",\"breadcrumb\":{\"@id\":\"https:\\\/\\\/kidworksoc.org\\\/es\\\/estudiantes\\\/#breadcrumb\"},\"inLanguage\":\"es\",\"potentialAction\":[{\"@type\":\"ReadAction\",\"target\":[\"https:\\\/\\\/kidworksoc.org\\\/es\\\/estudiantes\\\/\"]}]},{\"@type\":\"ImageObject\",\"inLanguage\":\"es\",\"@id\":\"https:\\\/\\\/kidworksoc.org\\\/es\\\/estudiantes\\\/#primaryimage\",\"url\":\"https:\\\/\\\/kidworksoc.org\\\/wp-content\\\/uploads\\\/2023\\\/02\\\/30th-girls.jpg\",\"contentUrl\":\"https:\\\/\\\/kidworksoc.org\\\/wp-content\\\/uploads\\\/2023\\\/02\\\/30th-girls.jpg\",\"width\":1200,\"height\":900},{\"@type\":\"BreadcrumbList\",\"@id\":\"https:\\\/\\\/kidworksoc.org\\\/es\\\/estudiantes\\\/#breadcrumb\",\"itemListElement\":[{\"@type\":\"ListItem\",\"position\":1,\"name\":\"Home\",\"item\":\"https:\\\/\\\/kidworksoc.org\\\/es\\\/\"},{\"@type\":\"ListItem\",\"position\":2,\"name\":\"Estudiantes\"}]},{\"@type\":\"WebSite\",\"@id\":\"https:\\\/\\\/kidworksoc.org\\\/es\\\/#website\",\"url\":\"https:\\\/\\\/kidworksoc.org\\\/es\\\/\",\"name\":\"KidWorks\",\"description\":\"Unleashing Youth Potential\u2122\",\"publisher\":{\"@id\":\"https:\\\/\\\/kidworksoc.org\\\/es\\\/#organization\"},\"potentialAction\":[{\"@type\":\"SearchAction\",\"target\":{\"@type\":\"EntryPoint\",\"urlTemplate\":\"https:\\\/\\\/kidworksoc.org\\\/es\\\/?s={search_term_string}\"},\"query-input\":{\"@type\":\"PropertyValueSpecification\",\"valueRequired\":true,\"valueName\":\"search_term_string\"}}],\"inLanguage\":\"es\"},{\"@type\":\"Organization\",\"@id\":\"https:\\\/\\\/kidworksoc.org\\\/es\\\/#organization\",\"name\":\"KidWorks\",\"url\":\"https:\\\/\\\/kidworksoc.org\\\/es\\\/\",\"logo\":{\"@type\":\"ImageObject\",\"inLanguage\":\"es\",\"@id\":\"https:\\\/\\\/kidworksoc.org\\\/es\\\/#\\\/schema\\\/logo\\\/image\\\/\",\"url\":\"https:\\\/\\\/kidworksoc.org\\\/wp-content\\\/uploads\\\/2023\\\/01\\\/kidworks-anniversary-logo.png\",\"contentUrl\":\"https:\\\/\\\/kidworksoc.org\\\/wp-content\\\/uploads\\\/2023\\\/01\\\/kidworks-anniversary-logo.png\",\"width\":420,\"height\":114,\"caption\":\"KidWorks\"},\"image\":{\"@id\":\"https:\\\/\\\/kidworksoc.org\\\/es\\\/#\\\/schema\\\/logo\\\/image\\\/\"},\"sameAs\":[\"https:\\\/\\\/www.facebook.com\\\/kidworkscdc\",\"https:\\\/\\\/x.com\\\/kidworks\",\"https:\\\/\\\/www.instagram.com\\\/kidworks\\\/\",\"https:\\\/\\\/www.yelp.com\\\/biz\\\/kidworks-santa-ana?osq=kidworks\",\"https:\\\/\\\/www.youtube.com\\\/user\\\/KidWorksCDC\",\"https:\\\/\\\/www.linkedin.com\\\/company\\\/kidworkscdc\"]}]}<\/script>\n<!-- \/ Yoast SEO plugin. -->","yoast_head_json":{"title":"Estudiantes - KidWorks","description":"Estudiantes \u00danase a la pr\u00f3xima generaci\u00f3n de l\u00edderes de KidWorks \u00danase a la comunidad KidWorks para ampliar sus oportunidades y acceder a experiencias que","robots":{"index":"index","follow":"follow","max-snippet":"max-snippet:-1","max-image-preview":"max-image-preview:large","max-video-preview":"max-video-preview:-1"},"canonical":"https:\/\/kidworksoc.org\/es\/estudiantes\/","og_locale":"es_ES","og_type":"article","og_title":"Estudiantes - KidWorks","og_description":"Estudiantes \u00danase a la pr\u00f3xima generaci\u00f3n de l\u00edderes de KidWorks \u00danase a la comunidad KidWorks para ampliar sus oportunidades y acceder a experiencias que","og_url":"https:\/\/kidworksoc.org\/es\/estudiantes\/","og_site_name":"KidWorks","article_publisher":"https:\/\/www.facebook.com\/kidworkscdc","article_modified_time":"2023-07-05T21:03:28+00:00","og_image":[{"width":1200,"height":900,"url":"https:\/\/kidworksoc.org\/wp-content\/uploads\/2023\/02\/30th-girls.jpg","type":"image\/jpeg"}],"twitter_card":"summary_large_image","twitter_site":"@kidworks","schema":{"@context":"https:\/\/schema.org","@graph":[{"@type":"WebPage","@id":"https:\/\/kidworksoc.org\/es\/estudiantes\/","url":"https:\/\/kidworksoc.org\/es\/estudiantes\/","name":"Estudiantes - KidWorks","isPartOf":{"@id":"https:\/\/kidworksoc.org\/es\/#website"},"primaryImageOfPage":{"@id":"https:\/\/kidworksoc.org\/es\/estudiantes\/#primaryimage"},"image":{"@id":"https:\/\/kidworksoc.org\/es\/estudiantes\/#primaryimage"},"thumbnailUrl":"https:\/\/kidworksoc.org\/wp-content\/uploads\/2023\/02\/30th-girls.jpg","datePublished":"2023-01-25T18:48:24+00:00","dateModified":"2023-07-05T21:03:28+00:00","description":"Estudiantes \u00danase a la pr\u00f3xima generaci\u00f3n de l\u00edderes de KidWorks \u00danase a la comunidad KidWorks para ampliar sus oportunidades y acceder a experiencias que","breadcrumb":{"@id":"https:\/\/kidworksoc.org\/es\/estudiantes\/#breadcrumb"},"inLanguage":"es","potentialAction":[{"@type":"ReadAction","target":["https:\/\/kidworksoc.org\/es\/estudiantes\/"]}]},{"@type":"ImageObject","inLanguage":"es","@id":"https:\/\/kidworksoc.org\/es\/estudiantes\/#primaryimage","url":"https:\/\/kidworksoc.org\/wp-content\/uploads\/2023\/02\/30th-girls.jpg","contentUrl":"https:\/\/kidworksoc.org\/wp-content\/uploads\/2023\/02\/30th-girls.jpg","width":1200,"height":900},{"@type":"BreadcrumbList","@id":"https:\/\/kidworksoc.org\/es\/estudiantes\/#breadcrumb","itemListElement":[{"@type":"ListItem","position":1,"name":"Home","item":"https:\/\/kidworksoc.org\/es\/"},{"@type":"ListItem","position":2,"name":"Estudiantes"}]},{"@type":"WebSite","@id":"https:\/\/kidworksoc.org\/es\/#website","url":"https:\/\/kidworksoc.org\/es\/","name":"KidWorks","description":"Unleashing Youth Potential\u2122","publisher":{"@id":"https:\/\/kidworksoc.org\/es\/#organization"},"potentialAction":[{"@type":"SearchAction","target":{"@type":"EntryPoint","urlTemplate":"https:\/\/kidworksoc.org\/es\/?s={search_term_string}"},"query-input":{"@type":"PropertyValueSpecification","valueRequired":true,"valueName":"search_term_string"}}],"inLanguage":"es"},{"@type":"Organization","@id":"https:\/\/kidworksoc.org\/es\/#organization","name":"KidWorks","url":"https:\/\/kidworksoc.org\/es\/","logo":{"@type":"ImageObject","inLanguage":"es","@id":"https:\/\/kidworksoc.org\/es\/#\/schema\/logo\/image\/","url":"https:\/\/kidworksoc.org\/wp-content\/uploads\/2023\/01\/kidworks-anniversary-logo.png","contentUrl":"https:\/\/kidworksoc.org\/wp-content\/uploads\/2023\/01\/kidworks-anniversary-logo.png","width":420,"height":114,"caption":"KidWorks"},"image":{"@id":"https:\/\/kidworksoc.org\/es\/#\/schema\/logo\/image\/"},"sameAs":["https:\/\/www.facebook.com\/kidworkscdc","https:\/\/x.com\/kidworks","https:\/\/www.instagram.com\/kidworks\/","https:\/\/www.yelp.com\/biz\/kidworks-santa-ana?osq=kidworks","https:\/\/www.youtube.com\/user\/KidWorksCDC","https:\/\/www.linkedin.com\/company\/kidworkscdc"]}]}},"_links":{"self":[{"href":"https:\/\/kidworksoc.org\/es\/wp-json\/wp\/v2\/pages\/3170","targetHints":{"allow":["GET"]}}],"collection":[{"href":"https:\/\/kidworksoc.org\/es\/wp-json\/wp\/v2\/pages"}],"about":[{"href":"https:\/\/kidworksoc.org\/es\/wp-json\/wp\/v2\/types\/page"}],"author":[{"embeddable":true,"href":"https:\/\/kidworksoc.org\/es\/wp-json\/wp\/v2\/users\/1"}],"replies":[{"embeddable":true,"href":"https:\/\/kidworksoc.org\/es\/wp-json\/wp\/v2\/comments?post=3170"}],"version-history":[{"count":0,"href":"https:\/\/kidworksoc.org\/es\/wp-json\/wp\/v2\/pages\/3170\/revisions"}],"wp:featuredmedia":[{"embeddable":true,"href":"https:\/\/kidworksoc.org\/es\/wp-json\/wp\/v2\/media\/2582"}],"wp:attachment":[{"href":"https:\/\/kidworksoc.org\/es\/wp-json\/wp\/v2\/media?parent=3170"}],"curies":[{"name":"wp","href":"https:\/\/api.w.org\/{rel}","templated":true}]}}