{"id":3166,"date":"2022-12-05T21:12:59","date_gmt":"2022-12-06T05:12:59","guid":{"rendered":"http:\/\/kidworksoc.org\/preescolar\/"},"modified":"2023-07-12T16:58:39","modified_gmt":"2023-07-12T23:58:39","slug":"preescolar","status":"publish","type":"page","link":"https:\/\/kidworksoc.org\/es\/preescolar\/","title":{"rendered":"Preescolar"},"content":{"rendered":"\n<div class=\"wp-block-cover alignfull is-light\" style=\"padding-top:var(--wp--preset--spacing--300);padding-right:var(--wp--preset--spacing--30);padding-bottom:var(--wp--preset--spacing--150);padding-left:var(--wp--preset--spacing--30)\"><span aria-hidden=\"true\" class=\"wp-block-cover__background has-background-dim-100 has-background-dim has-background-gradient\" style=\"background:linear-gradient(0deg,rgb(24,49,111) 0%,rgba(25,49,112,0.35) 100%)\"><\/span><img decoding=\"async\" width=\"2000\" height=\"1333\" src=\"https:\/\/kidworksoc.org\/wp-content\/uploads\/2023\/01\/kids.jpg\" class=\"wp-block-cover__image-background wp-post-image\" alt=\"\" data-object-fit=\"cover\" srcset=\"https:\/\/kidworksoc.org\/wp-content\/uploads\/2023\/01\/kids.jpg 2000w, https:\/\/kidworksoc.org\/wp-content\/uploads\/2023\/01\/kids-1280x853.jpg 1280w, https:\/\/kidworksoc.org\/wp-content\/uploads\/2023\/01\/kids-1600x1066.jpg 1600w, https:\/\/kidworksoc.org\/wp-content\/uploads\/2023\/01\/kids-1440x960.jpg 1440w, https:\/\/kidworksoc.org\/wp-content\/uploads\/2023\/01\/kids-1536x1024.jpg 1536w, https:\/\/kidworksoc.org\/wp-content\/uploads\/2023\/01\/kids-600x400.jpg 600w\" sizes=\"(max-width: 2000px) 100vw, 2000px\" \/><div class=\"wp-block-cover__inner-container is-layout-flow wp-block-cover-is-layout-flow\">\n<div class=\"wp-block-group has-white-color has-text-color has-global-padding is-layout-constrained wp-container-core-group-is-layout-50da5a02 wp-block-group-is-layout-constrained\">\n<h1 class=\"wp-block-heading has-text-align-center is-style-muted-heading has-accent-color has-text-color\"><strong><strong>Preescolar KidWorks<\/strong><\/strong><\/h1>\n\n\n\n<h2 class=\"wp-block-heading alignwide has-text-align-center is-style-dashed-heading\" style=\"font-size:clamp(33.419px, 2.089rem + ((1vw - 3.2px) * 2.769), 60px);\"><strong>La educaci\u00f3n preescolar es el primer paso del ni\u00f1o hacia el \u00e9xito universitario<\/strong><\/h2>\n\n\n\n<p class=\"has-text-align-center\">KidWorks gestiona un centro preescolar galardonado y autorizado por el Estado para estudiantes que viven en Santa Ana. En Santa Ana, s\u00f3lo el 44% de los ni\u00f1os entran en el jard\u00edn de infancia con el desarrollo preparado, por lo que el preescolar es vital para el futuro de un ni\u00f1o.  <\/p>\n<\/div>\n<\/div><\/div>\n\n<div class=\"wp-block-group alignfull has-tertiary-background-color has-background has-global-padding is-layout-constrained wp-container-core-group-is-layout-9629f533 wp-block-group-is-layout-constrained\" style=\"padding-top:var(--wp--preset--spacing--100);padding-right:var(--wp--preset--spacing--30);padding-bottom:var(--wp--preset--spacing--100);padding-left:var(--wp--preset--spacing--30)\">\n<div class=\"wp-block-columns alignwide is-style-lg-gap is-layout-flex wp-container-core-columns-is-layout-28f84493 wp-block-columns-is-layout-flex\">\n<div class=\"wp-block-column is-style-sticky is-layout-flow wp-block-column-is-layout-flow\" style=\"flex-basis:33.33%\">\n<h2 class=\"wp-block-heading has-x-large-font-size\"><strong>Nuestros distintivos<\/strong><\/h2>\n\n\n\n<p>A trav\u00e9s de un equilibrio entre lo acad\u00e9mico y el aprendizaje basado en el juego, el preescolar KidWorks ofrece a los alumnos la oportunidad de desarrollar las habilidades f\u00edsicas, sociales, emocionales y acad\u00e9micas necesarias para tener \u00e9xito en el jard\u00edn de infancia y m\u00e1s adelante.<\/p>\n\n\n\n<div class=\"wp-block-buttons is-layout-flex wp-block-buttons-is-layout-flex\">\n<div class=\"wp-block-button\"><a class=\"wp-block-button__link wp-element-button\" href=\"http:\/\/kidworksoc.org\/es\/inscripcion-en-el-programa\/\">Reg\u00edstrese hoy<\/a><\/div>\n<\/div>\n\n\n<\/div>\n\n\n\n<div class=\"wp-block-column is-layout-flow wp-block-column-is-layout-flow\" style=\"flex-basis:66.66%\">\n<section class=\"blocks block-blurbs is-style-icon-inline-blurb\" id=\"block_77cd4effd14c6f8de76f3e24e5b91428\">\n    <ul>\n            <li>\n                            <figure>\n                    <img decoding=\"async\" width=\"512\" height=\"512\" src=\"https:\/\/kidworksoc.org\/wp-content\/uploads\/2023\/03\/icon-hands.png\" class=\"attachment-thumb_uncropped size-thumb_uncropped\" alt=\"\" srcset=\"https:\/\/kidworksoc.org\/wp-content\/uploads\/2023\/03\/icon-hands.png 512w, https:\/\/kidworksoc.org\/wp-content\/uploads\/2023\/03\/icon-hands-150x150.png 150w\" sizes=\"(max-width: 512px) 100vw, 512px\" \/>                <\/figure>\n                        <div class=\"content\">\n                <h3>Desarrollo socioemocional<\/h3>\n                                <p>\n                    El autoconcepto positivo del ni\u00f1o y su actitud hacia el aprendizaje son fundamentales para el \u00e9xito acad\u00e9mico.                <\/p>\n                            <\/div>\n                    <\/li>\n            <li>\n                            <figure>\n                    <img decoding=\"async\" width=\"512\" height=\"512\" src=\"https:\/\/kidworksoc.org\/wp-content\/uploads\/2023\/03\/icon-explore.png\" class=\"attachment-thumb_uncropped size-thumb_uncropped\" alt=\"\" srcset=\"https:\/\/kidworksoc.org\/wp-content\/uploads\/2023\/03\/icon-explore.png 512w, https:\/\/kidworksoc.org\/wp-content\/uploads\/2023\/03\/icon-explore-150x150.png 150w\" sizes=\"(max-width: 512px) 100vw, 512px\" \/>                <\/figure>\n                        <div class=\"content\">\n                <h3>Exploraci\u00f3n pr\u00e1ctica<\/h3>\n                                <p>\n                    Las estaciones de aprendizaje din\u00e1mico permiten a los alumnos explorar, aprender y adquirir las habilidades necesarias para razonar, pensar de forma cr\u00edtica y resolver problemas.                <\/p>\n                            <\/div>\n                    <\/li>\n            <li>\n                            <figure>\n                    <img decoding=\"async\" width=\"600\" height=\"505\" src=\"https:\/\/kidworksoc.org\/wp-content\/uploads\/2023\/02\/icon-teacher-600x505.png\" class=\"attachment-thumb_uncropped size-thumb_uncropped\" alt=\"\" srcset=\"https:\/\/kidworksoc.org\/wp-content\/uploads\/2023\/02\/icon-teacher-600x505.png 600w, https:\/\/kidworksoc.org\/wp-content\/uploads\/2023\/02\/icon-teacher.png 608w\" sizes=\"(max-width: 600px) 100vw, 600px\" \/>                <\/figure>\n                        <div class=\"content\">\n                <h3>Profesores entregados<\/h3>\n                                <p>\n                    KidWorks colabora con los padres en la educaci\u00f3n de sus hijos y sirve como recurso de confianza.                <\/p>\n                            <\/div>\n                    <\/li>\n            <li>\n                            <figure>\n                    <img decoding=\"async\" width=\"512\" height=\"512\" src=\"https:\/\/kidworksoc.org\/wp-content\/uploads\/2023\/03\/icon-hand-shake.png\" class=\"attachment-thumb_uncropped size-thumb_uncropped\" alt=\"\" srcset=\"https:\/\/kidworksoc.org\/wp-content\/uploads\/2023\/03\/icon-hand-shake.png 512w, https:\/\/kidworksoc.org\/wp-content\/uploads\/2023\/03\/icon-hand-shake-150x150.png 150w\" sizes=\"(max-width: 512px) 100vw, 512px\" \/>                <\/figure>\n                        <div class=\"content\">\n                <h3>Asociaciones poderosas<\/h3>\n                                <p>\n                    KidWorks aprovecha las asociaciones con organizaciones como Families Together, PBS, StartWell y SAUSD para proporcionar recursos adicionales a los estudiantes.                <\/p>\n                            <\/div>\n                    <\/li>\n        <\/ul>\n<\/section>\n\n\n\n<div style=\"height:70px\" aria-hidden=\"true\" class=\"wp-block-spacer\"><\/div>\n\n\n\n<div class=\"wp-block-group has-background has-global-padding is-layout-constrained wp-container-core-group-is-layout-301020a0 wp-block-group-is-layout-constrained\" style=\"background-color:#7ba5db17;padding-top:var(--wp--preset--spacing--50);padding-right:var(--wp--preset--spacing--50);padding-bottom:var(--wp--preset--spacing--50);padding-left:var(--wp--preset--spacing--50)\">\n<h5 class=\"wp-block-heading\"><strong>Informaci\u00f3n sobre el programa<\/strong><\/h5>\n\n\n\n<p><strong>Horario: <\/strong>de 8.00<strong> a<\/strong> 11.00 h. o de 12.00 a 15.00 h.<br\/><strong>Grados: <\/strong>3 y 4 (deben tener 3 o 4 a\u00f1os cumplidos el 1 de diciembre de 2023)<br\/><strong>Coste: <\/strong>Gratuito<strong> &#8211; <\/strong>Debe cumplir los requisitos de <a href=\"http:\/\/kidworksoc.org\/wp-content\/uploads\/2023\/02\/StateFiscalYear2022.pdf\" target=\"_blank\" rel=\"noreferrer noopener\">CA Schedule of Income Celing<\/a><\/p>\n<\/div>\n<\/div>\n<\/div>\n<\/div>\n\n<div class=\"wp-block-cover alignfull\" style=\"padding-top:var(--wp--preset--spacing--100);padding-right:var(--wp--preset--spacing--30);padding-bottom:var(--wp--preset--spacing--100);padding-left:var(--wp--preset--spacing--30);min-height:400px;aspect-ratio:unset;\"><span aria-hidden=\"true\" class=\"wp-block-cover__background has-background-dim-100 has-background-dim wp-block-cover__gradient-background has-background-gradient\" style=\"background:linear-gradient(90deg,rgb(0,83,165) 0%,rgba(0,83,166,0) 100%)\"><\/span><img decoding=\"async\" width=\"1574\" height=\"769\" class=\"wp-block-cover__image-background wp-image-2685\" alt=\"\" src=\"http:\/\/kidworksoc.org\/wp-content\/uploads\/2023\/03\/Nadia-Rachel-update.jpg\" style=\"object-position:73% 53%\" data-object-fit=\"cover\" data-object-position=\"73% 53%\" srcset=\"https:\/\/kidworksoc.org\/wp-content\/uploads\/2023\/03\/Nadia-Rachel-update.jpg 1574w, https:\/\/kidworksoc.org\/wp-content\/uploads\/2023\/03\/Nadia-Rachel-update-1280x625.jpg 1280w, https:\/\/kidworksoc.org\/wp-content\/uploads\/2023\/03\/Nadia-Rachel-update-1440x704.jpg 1440w, https:\/\/kidworksoc.org\/wp-content\/uploads\/2023\/03\/Nadia-Rachel-update-1536x750.jpg 1536w, https:\/\/kidworksoc.org\/wp-content\/uploads\/2023\/03\/Nadia-Rachel-update-600x293.jpg 600w\" sizes=\"(max-width: 1574px) 100vw, 1574px\" \/><div class=\"wp-block-cover__inner-container is-layout-flow wp-block-cover-is-layout-flow\">\n<div class=\"wp-block-group has-global-padding is-layout-constrained wp-container-core-group-is-layout-4383d167 wp-block-group-is-layout-constrained\">\n<div class=\"wp-block-columns is-layout-flex wp-container-core-columns-is-layout-28f84493 wp-block-columns-is-layout-flex\">\n<div class=\"wp-block-column is-layout-flow wp-block-column-is-layout-flow\" style=\"flex-basis:55%\">\n<blockquote class=\"wp-block-quote is-layout-flow wp-block-quote-is-layout-flow\">\n<p class=\"has-white-color has-text-color\" style=\"font-size:clamp(16.834px, 1.052rem + ((1vw - 3.2px) * 0.955), 26px);line-height:1.5\">\u00abNadia was our first child, and we wanted to provide her with a quality education that focused on academics, social and emotional development. Thankfully a friend told us about KidWorks preschool. When I dropped Nadia off at KidWorks,\u00a0I knew we were in good hands. Over the year, I watched her blossom. It&#8217;s reassuring to know that KidWorks will partner with our family over the next 18 years to provide the skills, resources and support needed for Nadia to graduate from college someday. \u00a0I am truly grateful for KidWorks preschool!\u00bb<\/p>\n<cite><br><strong><strong><br><strong><strong>Rachel, madre de KidWorks<\/strong><\/strong><\/strong><\/strong><\/cite><\/blockquote>\n<\/div>\n\n\n\n<div class=\"wp-block-column is-layout-flow wp-block-column-is-layout-flow\"><\/div>\n<\/div>\n<\/div>\n<\/div><\/div>\n","protected":false},"excerpt":{"rendered":"<p>Nuestros distintivos A trav\u00e9s de un equilibrio entre lo acad\u00e9mico y el aprendizaje basado en el juego, el preescolar KidWorks ofrece a los alumnos la oportunidad de desarrollar las habilidades&hellip; <a class=\"more-link\" href=\"https:\/\/kidworksoc.org\/es\/preescolar\/\">Siga Leyendo<\/a><\/p>\n","protected":false},"author":1,"featured_media":1016,"parent":0,"menu_order":0,"comment_status":"closed","ping_status":"closed","template":"","meta":{"_acf_changed":false,"_searchwp_excluded":"","_monsterinsights_skip_tracking":false,"_monsterinsights_sitenote_active":false,"_monsterinsights_sitenote_note":"","_monsterinsights_sitenote_category":0,"_uf_show_specific_survey":0,"_uf_disable_surveys":false,"footnotes":""},"class_list":["post-3166","page","type-page","status-publish","has-post-thumbnail","hentry"],"acf":[],"aioseo_notices":[],"yoast_head":"<!-- This site is optimized with the Yoast SEO plugin v27.4 - https:\/\/yoast.com\/product\/yoast-seo-wordpress\/ -->\n<title>Preescolar - KidWorks<\/title>\n<meta name=\"description\" content=\"Preescolar KidWorks La educaci\u00f3n preescolar es el primer paso del ni\u00f1o hacia el \u00e9xito universitario KidWorks gestiona un centro preescolar galardonado y\" \/>\n<meta name=\"robots\" content=\"index, follow, max-snippet:-1, max-image-preview:large, max-video-preview:-1\" \/>\n<link rel=\"canonical\" href=\"https:\/\/kidworksoc.org\/es\/preescolar\/\" \/>\n<meta property=\"og:locale\" content=\"es_ES\" \/>\n<meta property=\"og:type\" content=\"article\" \/>\n<meta property=\"og:title\" content=\"Preescolar - KidWorks\" \/>\n<meta property=\"og:description\" content=\"Preescolar KidWorks La educaci\u00f3n preescolar es el primer paso del ni\u00f1o hacia el \u00e9xito universitario KidWorks gestiona un centro preescolar galardonado y\" \/>\n<meta property=\"og:url\" content=\"https:\/\/kidworksoc.org\/es\/preescolar\/\" \/>\n<meta property=\"og:site_name\" content=\"KidWorks\" \/>\n<meta property=\"article:publisher\" content=\"https:\/\/www.facebook.com\/kidworkscdc\" \/>\n<meta property=\"article:modified_time\" content=\"2023-07-12T23:58:39+00:00\" \/>\n<meta property=\"og:image\" content=\"https:\/\/kidworksoc.org\/wp-content\/uploads\/2023\/01\/kids.jpg\" \/>\n\t<meta property=\"og:image:width\" content=\"2000\" \/>\n\t<meta property=\"og:image:height\" content=\"1333\" \/>\n\t<meta property=\"og:image:type\" content=\"image\/jpeg\" \/>\n<meta name=\"twitter:card\" content=\"summary_large_image\" \/>\n<meta name=\"twitter:site\" content=\"@kidworks\" \/>\n<script type=\"application\/ld+json\" class=\"yoast-schema-graph\">{\"@context\":\"https:\\\/\\\/schema.org\",\"@graph\":[{\"@type\":\"WebPage\",\"@id\":\"https:\\\/\\\/kidworksoc.org\\\/es\\\/preescolar\\\/\",\"url\":\"https:\\\/\\\/kidworksoc.org\\\/es\\\/preescolar\\\/\",\"name\":\"Preescolar - KidWorks\",\"isPartOf\":{\"@id\":\"https:\\\/\\\/kidworksoc.org\\\/es\\\/#website\"},\"primaryImageOfPage\":{\"@id\":\"https:\\\/\\\/kidworksoc.org\\\/es\\\/preescolar\\\/#primaryimage\"},\"image\":{\"@id\":\"https:\\\/\\\/kidworksoc.org\\\/es\\\/preescolar\\\/#primaryimage\"},\"thumbnailUrl\":\"https:\\\/\\\/kidworksoc.org\\\/wp-content\\\/uploads\\\/2023\\\/01\\\/kids.jpg\",\"datePublished\":\"2022-12-06T05:12:59+00:00\",\"dateModified\":\"2023-07-12T23:58:39+00:00\",\"description\":\"Preescolar KidWorks La educaci\u00f3n preescolar es el primer paso del ni\u00f1o hacia el \u00e9xito universitario KidWorks gestiona un centro preescolar galardonado y\",\"breadcrumb\":{\"@id\":\"https:\\\/\\\/kidworksoc.org\\\/es\\\/preescolar\\\/#breadcrumb\"},\"inLanguage\":\"es\",\"potentialAction\":[{\"@type\":\"ReadAction\",\"target\":[\"https:\\\/\\\/kidworksoc.org\\\/es\\\/preescolar\\\/\"]}]},{\"@type\":\"ImageObject\",\"inLanguage\":\"es\",\"@id\":\"https:\\\/\\\/kidworksoc.org\\\/es\\\/preescolar\\\/#primaryimage\",\"url\":\"https:\\\/\\\/kidworksoc.org\\\/wp-content\\\/uploads\\\/2023\\\/01\\\/kids.jpg\",\"contentUrl\":\"https:\\\/\\\/kidworksoc.org\\\/wp-content\\\/uploads\\\/2023\\\/01\\\/kids.jpg\",\"width\":2000,\"height\":1333},{\"@type\":\"BreadcrumbList\",\"@id\":\"https:\\\/\\\/kidworksoc.org\\\/es\\\/preescolar\\\/#breadcrumb\",\"itemListElement\":[{\"@type\":\"ListItem\",\"position\":1,\"name\":\"Home\",\"item\":\"https:\\\/\\\/kidworksoc.org\\\/es\\\/\"},{\"@type\":\"ListItem\",\"position\":2,\"name\":\"Preescolar\"}]},{\"@type\":\"WebSite\",\"@id\":\"https:\\\/\\\/kidworksoc.org\\\/es\\\/#website\",\"url\":\"https:\\\/\\\/kidworksoc.org\\\/es\\\/\",\"name\":\"KidWorks\",\"description\":\"Unleashing Youth Potential\u2122\",\"publisher\":{\"@id\":\"https:\\\/\\\/kidworksoc.org\\\/es\\\/#organization\"},\"potentialAction\":[{\"@type\":\"SearchAction\",\"target\":{\"@type\":\"EntryPoint\",\"urlTemplate\":\"https:\\\/\\\/kidworksoc.org\\\/es\\\/?s={search_term_string}\"},\"query-input\":{\"@type\":\"PropertyValueSpecification\",\"valueRequired\":true,\"valueName\":\"search_term_string\"}}],\"inLanguage\":\"es\"},{\"@type\":\"Organization\",\"@id\":\"https:\\\/\\\/kidworksoc.org\\\/es\\\/#organization\",\"name\":\"KidWorks\",\"url\":\"https:\\\/\\\/kidworksoc.org\\\/es\\\/\",\"logo\":{\"@type\":\"ImageObject\",\"inLanguage\":\"es\",\"@id\":\"https:\\\/\\\/kidworksoc.org\\\/es\\\/#\\\/schema\\\/logo\\\/image\\\/\",\"url\":\"https:\\\/\\\/kidworksoc.org\\\/wp-content\\\/uploads\\\/2023\\\/01\\\/kidworks-anniversary-logo.png\",\"contentUrl\":\"https:\\\/\\\/kidworksoc.org\\\/wp-content\\\/uploads\\\/2023\\\/01\\\/kidworks-anniversary-logo.png\",\"width\":420,\"height\":114,\"caption\":\"KidWorks\"},\"image\":{\"@id\":\"https:\\\/\\\/kidworksoc.org\\\/es\\\/#\\\/schema\\\/logo\\\/image\\\/\"},\"sameAs\":[\"https:\\\/\\\/www.facebook.com\\\/kidworkscdc\",\"https:\\\/\\\/x.com\\\/kidworks\",\"https:\\\/\\\/www.instagram.com\\\/kidworks\\\/\",\"https:\\\/\\\/www.yelp.com\\\/biz\\\/kidworks-santa-ana?osq=kidworks\",\"https:\\\/\\\/www.youtube.com\\\/user\\\/KidWorksCDC\",\"https:\\\/\\\/www.linkedin.com\\\/company\\\/kidworkscdc\"]}]}<\/script>\n<!-- \/ Yoast SEO plugin. -->","yoast_head_json":{"title":"Preescolar - KidWorks","description":"Preescolar KidWorks La educaci\u00f3n preescolar es el primer paso del ni\u00f1o hacia el \u00e9xito universitario KidWorks gestiona un centro preescolar galardonado y","robots":{"index":"index","follow":"follow","max-snippet":"max-snippet:-1","max-image-preview":"max-image-preview:large","max-video-preview":"max-video-preview:-1"},"canonical":"https:\/\/kidworksoc.org\/es\/preescolar\/","og_locale":"es_ES","og_type":"article","og_title":"Preescolar - KidWorks","og_description":"Preescolar KidWorks La educaci\u00f3n preescolar es el primer paso del ni\u00f1o hacia el \u00e9xito universitario KidWorks gestiona un centro preescolar galardonado y","og_url":"https:\/\/kidworksoc.org\/es\/preescolar\/","og_site_name":"KidWorks","article_publisher":"https:\/\/www.facebook.com\/kidworkscdc","article_modified_time":"2023-07-12T23:58:39+00:00","og_image":[{"width":2000,"height":1333,"url":"https:\/\/kidworksoc.org\/wp-content\/uploads\/2023\/01\/kids.jpg","type":"image\/jpeg"}],"twitter_card":"summary_large_image","twitter_site":"@kidworks","schema":{"@context":"https:\/\/schema.org","@graph":[{"@type":"WebPage","@id":"https:\/\/kidworksoc.org\/es\/preescolar\/","url":"https:\/\/kidworksoc.org\/es\/preescolar\/","name":"Preescolar - KidWorks","isPartOf":{"@id":"https:\/\/kidworksoc.org\/es\/#website"},"primaryImageOfPage":{"@id":"https:\/\/kidworksoc.org\/es\/preescolar\/#primaryimage"},"image":{"@id":"https:\/\/kidworksoc.org\/es\/preescolar\/#primaryimage"},"thumbnailUrl":"https:\/\/kidworksoc.org\/wp-content\/uploads\/2023\/01\/kids.jpg","datePublished":"2022-12-06T05:12:59+00:00","dateModified":"2023-07-12T23:58:39+00:00","description":"Preescolar KidWorks La educaci\u00f3n preescolar es el primer paso del ni\u00f1o hacia el \u00e9xito universitario KidWorks gestiona un centro preescolar galardonado y","breadcrumb":{"@id":"https:\/\/kidworksoc.org\/es\/preescolar\/#breadcrumb"},"inLanguage":"es","potentialAction":[{"@type":"ReadAction","target":["https:\/\/kidworksoc.org\/es\/preescolar\/"]}]},{"@type":"ImageObject","inLanguage":"es","@id":"https:\/\/kidworksoc.org\/es\/preescolar\/#primaryimage","url":"https:\/\/kidworksoc.org\/wp-content\/uploads\/2023\/01\/kids.jpg","contentUrl":"https:\/\/kidworksoc.org\/wp-content\/uploads\/2023\/01\/kids.jpg","width":2000,"height":1333},{"@type":"BreadcrumbList","@id":"https:\/\/kidworksoc.org\/es\/preescolar\/#breadcrumb","itemListElement":[{"@type":"ListItem","position":1,"name":"Home","item":"https:\/\/kidworksoc.org\/es\/"},{"@type":"ListItem","position":2,"name":"Preescolar"}]},{"@type":"WebSite","@id":"https:\/\/kidworksoc.org\/es\/#website","url":"https:\/\/kidworksoc.org\/es\/","name":"KidWorks","description":"Unleashing Youth Potential\u2122","publisher":{"@id":"https:\/\/kidworksoc.org\/es\/#organization"},"potentialAction":[{"@type":"SearchAction","target":{"@type":"EntryPoint","urlTemplate":"https:\/\/kidworksoc.org\/es\/?s={search_term_string}"},"query-input":{"@type":"PropertyValueSpecification","valueRequired":true,"valueName":"search_term_string"}}],"inLanguage":"es"},{"@type":"Organization","@id":"https:\/\/kidworksoc.org\/es\/#organization","name":"KidWorks","url":"https:\/\/kidworksoc.org\/es\/","logo":{"@type":"ImageObject","inLanguage":"es","@id":"https:\/\/kidworksoc.org\/es\/#\/schema\/logo\/image\/","url":"https:\/\/kidworksoc.org\/wp-content\/uploads\/2023\/01\/kidworks-anniversary-logo.png","contentUrl":"https:\/\/kidworksoc.org\/wp-content\/uploads\/2023\/01\/kidworks-anniversary-logo.png","width":420,"height":114,"caption":"KidWorks"},"image":{"@id":"https:\/\/kidworksoc.org\/es\/#\/schema\/logo\/image\/"},"sameAs":["https:\/\/www.facebook.com\/kidworkscdc","https:\/\/x.com\/kidworks","https:\/\/www.instagram.com\/kidworks\/","https:\/\/www.yelp.com\/biz\/kidworks-santa-ana?osq=kidworks","https:\/\/www.youtube.com\/user\/KidWorksCDC","https:\/\/www.linkedin.com\/company\/kidworkscdc"]}]}},"_links":{"self":[{"href":"https:\/\/kidworksoc.org\/es\/wp-json\/wp\/v2\/pages\/3166","targetHints":{"allow":["GET"]}}],"collection":[{"href":"https:\/\/kidworksoc.org\/es\/wp-json\/wp\/v2\/pages"}],"about":[{"href":"https:\/\/kidworksoc.org\/es\/wp-json\/wp\/v2\/types\/page"}],"author":[{"embeddable":true,"href":"https:\/\/kidworksoc.org\/es\/wp-json\/wp\/v2\/users\/1"}],"replies":[{"embeddable":true,"href":"https:\/\/kidworksoc.org\/es\/wp-json\/wp\/v2\/comments?post=3166"}],"version-history":[{"count":0,"href":"https:\/\/kidworksoc.org\/es\/wp-json\/wp\/v2\/pages\/3166\/revisions"}],"wp:featuredmedia":[{"embeddable":true,"href":"https:\/\/kidworksoc.org\/es\/wp-json\/wp\/v2\/media\/1016"}],"wp:attachment":[{"href":"https:\/\/kidworksoc.org\/es\/wp-json\/wp\/v2\/media?parent=3166"}],"curies":[{"name":"wp","href":"https:\/\/api.w.org\/{rel}","templated":true}]}}