{"id":3160,"date":"2024-03-12T07:33:12","date_gmt":"2024-03-12T14:33:12","guid":{"rendered":"http:\/\/kidworksoc.org\/pickleball-con-un-proposito\/"},"modified":"2023-07-04T09:56:28","modified_gmt":"2023-07-04T16:56:28","slug":"pickleball-con-un-proposito","status":"publish","type":"page","link":"https:\/\/kidworksoc.org\/es\/pickleball-con-un-proposito\/","title":{"rendered":"Pickleball con un prop\u00f3sito"},"content":{"rendered":"\n<div class=\"wp-block-cover alignfull is-light\" style=\"padding-top:var(--wp--preset--spacing--300);padding-right:var(--wp--preset--spacing--30);padding-bottom:var(--wp--preset--spacing--150);padding-left:var(--wp--preset--spacing--30)\"><span aria-hidden=\"true\" class=\"wp-block-cover__background has-background-dim-100 has-background-dim has-background-gradient\" style=\"background:linear-gradient(0deg,rgb(24,49,111) 0%,rgba(24,49,111,0.35) 100%)\"><\/span><img decoding=\"async\" width=\"799\" height=\"533\" src=\"https:\/\/kidworksoc.org\/wp-content\/uploads\/2023\/01\/Cheryl-Anderson-Heather-Gaughan-Kim-Carpenter-Sharon-Roy-Corinne-Morgenstern-Lisa-Gels-Leslie-Casserly-Kyle-Team-Leslie-Montgomery-Kathy-Ursini-Nick-Gastelum.jpg\" class=\"wp-block-cover__image-background wp-post-image\" alt=\"\" data-object-fit=\"cover\" srcset=\"https:\/\/kidworksoc.org\/wp-content\/uploads\/2023\/01\/Cheryl-Anderson-Heather-Gaughan-Kim-Carpenter-Sharon-Roy-Corinne-Morgenstern-Lisa-Gels-Leslie-Casserly-Kyle-Team-Leslie-Montgomery-Kathy-Ursini-Nick-Gastelum.jpg 799w, https:\/\/kidworksoc.org\/wp-content\/uploads\/2023\/01\/Cheryl-Anderson-Heather-Gaughan-Kim-Carpenter-Sharon-Roy-Corinne-Morgenstern-Lisa-Gels-Leslie-Casserly-Kyle-Team-Leslie-Montgomery-Kathy-Ursini-Nick-Gastelum-600x400.jpg 600w\" sizes=\"(max-width: 799px) 100vw, 799px\" \/><div class=\"wp-block-cover__inner-container is-layout-flow wp-block-cover-is-layout-flow\">\n<div class=\"wp-block-group has-white-color has-text-color has-global-padding is-layout-constrained wp-container-core-group-is-layout-9b5fd1f6 wp-block-group-is-layout-constrained\">\n<h1 class=\"wp-block-heading has-text-align-center has-white-color has-text-color\" style=\"font-size:clamp(33.419px, 2.089rem + ((1vw - 3.2px) * 2.769), 60px);\"><strong>Pickleball con un prop\u00f3sito<\/strong><\/h1>\n\n\n\n<p class=\"has-text-align-center has-medium-font-size\">20 de abril de 2023 @ The Tennis Club at Newport Beach Country Club<\/p>\n<\/div>\n<\/div><\/div>\n\n<div class=\"wp-block-group alignfull has-tertiary-background-color has-background has-global-padding is-layout-constrained wp-container-core-group-is-layout-136147ae wp-block-group-is-layout-constrained\" style=\"padding-top:100px;padding-right:40px;padding-bottom:100px;padding-left:40px\">\n<div class=\"wp-block-columns alignwide is-style-lg-gap is-layout-flex wp-container-core-columns-is-layout-28f84493 wp-block-columns-is-layout-flex\">\n<div class=\"wp-block-column is-style-sticky has-white-background-color has-background is-layout-flow wp-block-column-is-layout-flow\" style=\"padding-top:var(--wp--preset--spacing--50);padding-right:var(--wp--preset--spacing--50);padding-bottom:var(--wp--preset--spacing--50);padding-left:var(--wp--preset--spacing--50);flex-basis:33.33%\">\n<figure class=\"wp-block-image size-full\"><img decoding=\"async\" width=\"500\" height=\"326\" src=\"http:\/\/kidworksoc.org\/wp-content\/uploads\/2023\/02\/KidWorks-Women-Logo.jpg\" alt=\"\" class=\"wp-image-2493\"\/><\/figure>\n<\/div>\n\n\n\n<div class=\"wp-block-column is-layout-flow wp-block-column-is-layout-flow\" style=\"flex-basis:66.66%\">\n<p><strong>Fecha:<\/strong> Abril 2024<br\/><strong>Ubicaci\u00f3n: <\/strong>El Club de Tenis del Club de Campo de Newport Beach<br\/><em>(11 Clubhouse Dr., Newport Beach<\/em>)<br\/><strong>Hora:<\/strong> 11:00 &#8211; 15:00  <\/p>\n\n\n\n<p><strong>La inscripci\u00f3n incluye:<\/strong><\/p>\n\n\n\n<ul id=\"yui_3_17_2_1_1681406027425_12306\" class=\"is-style-check-mark wp-block-list\">\n<li>7 partidos de ida y vuelta<\/li>\n\n\n\n<li>Lunch &amp; Rose\u00bb (13:30 &#8211; 15:00)<\/li>\n\n\n\n<li>Ceremonia de entrega de premios<\/li>\n\n\n\n<li>Premios Oportunidad<\/li>\n<\/ul>\n\n\n\n<p>Su apoyo garantiza que nuestros meritorios estudiantes contin\u00faen benefici\u00e1ndose de s\u00f3lidos programas universitarios y profesionales para el a\u00f1o escolar 2023\/2024. Actividades como nuestra College Apps Academy, Campus Crash y el programa de mentores est\u00e1n dise\u00f1adas para preparar a los estudiantes de primera generaci\u00f3n y bajos ingresos en su camino hacia el \u00e9xito universitario.<\/p>\n\n\n\n<div class=\"wp-block-buttons is-layout-flex wp-block-buttons-is-layout-flex\">\n<div class=\"wp-block-button\"><a class=\"wp-block-button__link wp-element-button\" href=\"https:\/\/4agc.com\/commerce_pages\/3c970ad5-12da-478d-b72e-3d0f68ea5d6d\" target=\"_blank\" rel=\"noreferrer noopener\">Informaci\u00f3n sobre el patrocinio de 2024  <\/a><\/div>\n<\/div>\n\n\n\n<p><strong><em>Los patrocinios ya est\u00e1n a la venta.  <\/em><\/strong>Para m\u00e1s informaci\u00f3n sobre el evento, p\u00f3ngase en contacto con Lisa Gels en: lisa.gels@kidworksoc.org o (714) 834-9400 x126.  <\/p>\n\n\n\n<p>\u00danase a la lista de espera para tener la oportunidad de jugar si se agotan las entradas.<\/p>\n<\/div>\n<\/div>\n<\/div>\n\n<div style=\"height:100px\" aria-hidden=\"true\" class=\"wp-block-spacer\"><\/div>\n\n<figure class=\"wp-block-image size-large\"><img decoding=\"async\" width=\"1257\" height=\"1600\" src=\"http:\/\/kidworksoc.org\/wp-content\/uploads\/2023\/03\/pickleball-matrix-1257x1600.png\" alt=\"\" class=\"wp-image-2766\" srcset=\"https:\/\/kidworksoc.org\/wp-content\/uploads\/2023\/03\/pickleball-matrix-1257x1600.png 1257w, https:\/\/kidworksoc.org\/wp-content\/uploads\/2023\/03\/pickleball-matrix-1005x1280.png 1005w, https:\/\/kidworksoc.org\/wp-content\/uploads\/2023\/03\/pickleball-matrix-1131x1440.png 1131w, https:\/\/kidworksoc.org\/wp-content\/uploads\/2023\/03\/pickleball-matrix-1207x1536.png 1207w, https:\/\/kidworksoc.org\/wp-content\/uploads\/2023\/03\/pickleball-matrix-600x764.png 600w, https:\/\/kidworksoc.org\/wp-content\/uploads\/2023\/03\/pickleball-matrix.png 1571w\" sizes=\"(max-width: 1257px) 100vw, 1257px\" \/><\/figure>\n\n<div style=\"height:100px\" aria-hidden=\"true\" class=\"wp-block-spacer\"><\/div>\n\n<h2 class=\"wp-block-heading\"><strong><strong>Gracias a nuestros patrocinadores del Pickleball 2023*.<\/strong><\/strong><\/h2>\n\n<div style=\"height:40px\" aria-hidden=\"true\" class=\"wp-block-spacer\"><\/div>\n\n<div class=\"wp-block-columns is-layout-flex wp-container-core-columns-is-layout-28f84493 wp-block-columns-is-layout-flex\">\n<div class=\"wp-block-column is-layout-flow wp-block-column-is-layout-flow\">\n<p><strong><em>Patrocinador de eventos<\/em><\/strong><br\/><img decoding=\"async\" width=\"100\" height=\"74\" class=\"wp-image-2839\" style=\"width: 100px;\" src=\"http:\/\/kidworksoc.org\/wp-content\/uploads\/2023\/04\/PTS_web_logo2.jpg\" alt=\"\"\/><\/p>\n\n\n\n<p><strong><em><strong><em>Patrocinador<\/em><\/strong><\/em><\/strong><br\/>La familia Gaughan<strong>\n  <em><br\/><br\/>Campeones de la Corte<br\/><\/em>\n<\/strong>Familia Ammerman<br\/>Susie y Mark Luer<br\/>Fundaci\u00f3n Familia Schlinger<\/p>\n\n\n\n<p><strong>\n  <em>Reinas de la cocina<br\/><\/em>\n<\/strong>Helen Fedalen<strong>\n  <em>\n    <br\/>\n  <\/em>\n<\/strong>Equipo Kyle<strong>\n  <em>\n    <br\/>\n  <\/em>\n<\/strong>Sandy Wirta<\/p>\n<\/div>\n\n\n\n<div class=\"wp-block-column is-layout-flow wp-block-column-is-layout-flow\">\n<p><strong><em>Darling Dinkers<\/em><\/strong><br\/>Michele Babcock<br\/>Kathleen Bauer<br\/>\u00c1rboles geneal\u00f3gicos de Claude<br\/>Elle DeMaio<br\/>Familia Frome<br\/>Grupo Georgina Jacobson<br\/>Wendy Hafer Cox<br\/>Beth Hallett<br\/>Veloz\/Lori &amp; Mitch Junkins<br\/>Suzy Metcalfe<br\/>Shelly Read<br\/>Jill Schriber<br\/>Kathy Ursini<\/p>\n<\/div>\n\n\n\n<div class=\"wp-block-column is-layout-flow wp-block-column-is-layout-flow\">\n<p><strong><em>Lobbers encantadores<\/em><\/strong><br\/>Holly Anderson<br\/>An\u00f3nimo<br\/>Kim Carpenter<br\/>Tammi Pelton Cluck<br\/>Ann Danner<br\/>Sharon Kline<br\/>C.C. Knowles<br\/>Denise Larson<br\/>Karen Linden<br\/>Sandra Maddox<br\/>Monarch Diagnostics Inc.<br\/>Corinne Morgenstern<br\/>Mariellen Murray<br\/>Michelle Rhodes<br\/>Leche de Sammy<br\/>Charlotte Saydah<br\/>SpitzerRocheTeam Inmobiliaria de lujo<br\/>Kathy Stuart<br\/>Wendy Tenebaum<\/p>\n<\/div>\n<\/div>\n\n<p><em><em>*Patrocinios recibidos a 30\/3\/23<\/em><\/em><\/p>\n\n<div style=\"height:100px\" aria-hidden=\"true\" class=\"wp-block-spacer\"><\/div>\n\n<h5 class=\"wp-block-heading\"><strong>Un agradecimiento especial a los siguientes proveedores<\/strong><\/h5>\n\n<figure class=\"wp-block-image size-full\"><img decoding=\"async\" src=\"http:\/\/kidworksoc.org\/wp-content\/uploads\/2023\/04\/DR.SEUSSREADINGWEEKATKIDWORKS1141&#xD7;240px-2.jpg\" alt=\"\" class=\"wp-image-2841\"\/><\/figure>\n\n<div style=\"height:100px\" aria-hidden=\"true\" class=\"wp-block-spacer\"><\/div>\n\n<h2 class=\"wp-block-heading\"><strong>Comit\u00e9 del Torneo Femenino:<\/strong><\/h2>\n\n<p><strong>Kathy Ursini &#8211; <em>Presidenta<\/em><\/strong><\/p>\n\n<div class=\"wp-block-columns is-layout-flex wp-container-core-columns-is-layout-28f84493 wp-block-columns-is-layout-flex\">\n<div class=\"wp-block-column is-layout-flow wp-block-column-is-layout-flow\">\n<p>Holly Anderson<br\/>Betsy Flint<br\/>Lori Junkins<br\/>Leslie Montgomery<br\/>Jill Schriber<br\/>Debbie Trammell<\/p>\n<\/div>\n\n\n\n<div class=\"wp-block-column is-layout-flow wp-block-column-is-layout-flow\">\n<p>Kim Carpenter<br\/>Heather Gaughan<br\/>C.C. Knowles<br\/>Corinne Morgenstern<br\/>Ellen Small<br\/>Wendy Hafer Cox<\/p>\n<\/div>\n\n\n\n<div class=\"wp-block-column is-layout-flow wp-block-column-is-layout-flow\">\n<p>Beth Hallett<br\/>Susie Luer<br\/>Sharon Roy<br\/>Equipo Kyle<\/p>\n<\/div>\n<\/div>\n\n<div style=\"height:100px\" aria-hidden=\"true\" class=\"wp-block-spacer\"><\/div>\n\n<figure class=\"wp-block-gallery has-nested-images columns-3 is-cropped wp-block-gallery-1 is-layout-flex wp-block-gallery-is-layout-flex\">\n<figure class=\"wp-block-image size-large\"><img decoding=\"async\" width=\"600\" height=\"800\" data-id=\"2747\" src=\"http:\/\/kidworksoc.org\/wp-content\/uploads\/2023\/03\/51975760421_4e803b5e72_c.jpg\" alt=\"\" class=\"wp-image-2747\"\/><\/figure>\n\n\n\n<figure class=\"wp-block-image size-large\"><img decoding=\"async\" width=\"800\" height=\"600\" data-id=\"2759\" src=\"http:\/\/kidworksoc.org\/wp-content\/uploads\/2023\/03\/51974752957_e80e6456ac_c.jpg\" alt=\"\" class=\"wp-image-2759\" srcset=\"https:\/\/kidworksoc.org\/wp-content\/uploads\/2023\/03\/51974752957_e80e6456ac_c.jpg 800w, https:\/\/kidworksoc.org\/wp-content\/uploads\/2023\/03\/51974752957_e80e6456ac_c-600x450.jpg 600w\" sizes=\"(max-width: 800px) 100vw, 800px\" \/><\/figure>\n\n\n\n<figure class=\"wp-block-image size-large\"><img decoding=\"async\" width=\"600\" height=\"800\" data-id=\"2745\" src=\"http:\/\/kidworksoc.org\/wp-content\/uploads\/2023\/03\/51974755187_90a42e8d78_c.jpg\" alt=\"\" class=\"wp-image-2745\"\/><\/figure>\n\n\n\n<figure class=\"wp-block-image size-large\"><img decoding=\"async\" width=\"600\" height=\"800\" data-id=\"2757\" src=\"http:\/\/kidworksoc.org\/wp-content\/uploads\/2023\/03\/51975837103_d2181cc155_c.jpg\" alt=\"\" class=\"wp-image-2757\"\/><\/figure>\n\n\n\n<figure class=\"wp-block-image size-large\"><img decoding=\"async\" width=\"600\" height=\"800\" data-id=\"2749\" src=\"http:\/\/kidworksoc.org\/wp-content\/uploads\/2023\/03\/51975764126_1173d66670_c.jpg\" alt=\"\" class=\"wp-image-2749\"\/><\/figure>\n\n\n\n<figure class=\"wp-block-image size-large\"><img decoding=\"async\" width=\"716\" height=\"800\" data-id=\"2751\" src=\"http:\/\/kidworksoc.org\/wp-content\/uploads\/2023\/03\/51975799511_0afbb0a066_c.jpg\" alt=\"\" class=\"wp-image-2751\" srcset=\"https:\/\/kidworksoc.org\/wp-content\/uploads\/2023\/03\/51975799511_0afbb0a066_c.jpg 716w, https:\/\/kidworksoc.org\/wp-content\/uploads\/2023\/03\/51975799511_0afbb0a066_c-600x670.jpg 600w\" sizes=\"(max-width: 716px) 100vw, 716px\" \/><\/figure>\n\n\n\n<figure class=\"wp-block-image size-large\"><img decoding=\"async\" width=\"600\" height=\"800\" data-id=\"2755\" src=\"http:\/\/kidworksoc.org\/wp-content\/uploads\/2023\/03\/51975764421_d7dfcf4603_c.jpg\" alt=\"\" class=\"wp-image-2755\"\/><\/figure>\n\n\n\n<figure class=\"wp-block-image size-large\"><img decoding=\"async\" width=\"800\" height=\"600\" data-id=\"2753\" src=\"http:\/\/kidworksoc.org\/wp-content\/uploads\/2023\/03\/51975761646_5960313c7a_c.jpg\" alt=\"\" class=\"wp-image-2753\" srcset=\"https:\/\/kidworksoc.org\/wp-content\/uploads\/2023\/03\/51975761646_5960313c7a_c.jpg 800w, https:\/\/kidworksoc.org\/wp-content\/uploads\/2023\/03\/51975761646_5960313c7a_c-600x450.jpg 600w\" sizes=\"(max-width: 800px) 100vw, 800px\" \/><\/figure>\n\n\n\n<figure class=\"wp-block-image size-large\"><img decoding=\"async\" width=\"600\" height=\"800\" data-id=\"2764\" src=\"http:\/\/kidworksoc.org\/wp-content\/uploads\/2023\/03\/51976320210_6d363302cc_c.jpg\" alt=\"\" class=\"wp-image-2764\"\/><\/figure>\n<\/figure>\n\n<div style=\"height:40px\" aria-hidden=\"true\" class=\"wp-block-spacer\"><\/div>\n\n<div class=\"wp-block-buttons is-content-justification-center is-layout-flex wp-container-core-buttons-is-layout-a89b3969 wp-block-buttons-is-layout-flex\">\n<div class=\"wp-block-button\"><a class=\"wp-block-button__link wp-element-button\" href=\"https:\/\/www.flickr.com\/photos\/149545258@N08\/sets\/72177720297789870\/with\/51976319910\/\" target=\"_blank\" rel=\"noreferrer noopener\">Ver Galer\u00eda 2022<\/a><\/div>\n<\/div>\n","protected":false},"excerpt":{"rendered":"<p>Fecha: Abril 2024Ubicaci\u00f3n: El Club de Tenis del Club de Campo de Newport Beach(11 Clubhouse Dr., Newport Beach)Hora: 11:00 &#8211; 15:00 La inscripci\u00f3n incluye: Su apoyo garantiza que nuestros meritorios&hellip; <a class=\"more-link\" href=\"https:\/\/kidworksoc.org\/es\/pickleball-con-un-proposito\/\">Siga Leyendo<\/a><\/p>\n","protected":false},"author":1,"featured_media":986,"parent":0,"menu_order":0,"comment_status":"closed","ping_status":"closed","template":"","meta":{"_acf_changed":false,"_searchwp_excluded":"","_monsterinsights_skip_tracking":false,"_monsterinsights_sitenote_active":false,"_monsterinsights_sitenote_note":"","_monsterinsights_sitenote_category":0,"_uf_show_specific_survey":0,"_uf_disable_surveys":false,"footnotes":""},"class_list":["post-3160","page","type-page","status-publish","has-post-thumbnail","hentry"],"acf":[],"aioseo_notices":[],"yoast_head":"<!-- This site is optimized with the Yoast SEO plugin v27.4 - https:\/\/yoast.com\/product\/yoast-seo-wordpress\/ -->\n<title>Pickleball con un prop\u00f3sito - KidWorks<\/title>\n<meta name=\"description\" content=\"Pickleball con un prop\u00f3sito 20 de abril de 2023 @ The Tennis Club at Newport Beach Country Club Fecha: Abril 2024Ubicaci\u00f3n: El Club de Tenis del Club de\" \/>\n<meta name=\"robots\" content=\"index, follow, max-snippet:-1, max-image-preview:large, max-video-preview:-1\" \/>\n<link rel=\"canonical\" href=\"https:\/\/kidworksoc.org\/es\/pickleball-con-un-proposito\/\" \/>\n<meta property=\"og:locale\" content=\"es_ES\" \/>\n<meta property=\"og:type\" content=\"article\" \/>\n<meta property=\"og:title\" content=\"Pickleball con un prop\u00f3sito - KidWorks\" \/>\n<meta property=\"og:description\" content=\"Pickleball con un prop\u00f3sito 20 de abril de 2023 @ The Tennis Club at Newport Beach Country Club Fecha: Abril 2024Ubicaci\u00f3n: El Club de Tenis del Club de\" \/>\n<meta property=\"og:url\" content=\"https:\/\/kidworksoc.org\/es\/pickleball-con-un-proposito\/\" \/>\n<meta property=\"og:site_name\" content=\"KidWorks\" \/>\n<meta property=\"article:publisher\" content=\"https:\/\/www.facebook.com\/kidworkscdc\" \/>\n<meta property=\"og:image\" content=\"https:\/\/kidworksoc.org\/wp-content\/uploads\/2023\/01\/Cheryl-Anderson-Heather-Gaughan-Kim-Carpenter-Sharon-Roy-Corinne-Morgenstern-Lisa-Gels-Leslie-Casserly-Kyle-Team-Leslie-Montgomery-Kathy-Ursini-Nick-Gastelum.jpg\" \/>\n\t<meta property=\"og:image:width\" content=\"799\" \/>\n\t<meta property=\"og:image:height\" content=\"533\" \/>\n\t<meta property=\"og:image:type\" content=\"image\/jpeg\" \/>\n<meta name=\"twitter:card\" content=\"summary_large_image\" \/>\n<meta name=\"twitter:site\" content=\"@kidworks\" \/>\n<script type=\"application\/ld+json\" class=\"yoast-schema-graph\">{\"@context\":\"https:\\\/\\\/schema.org\",\"@graph\":[{\"@type\":\"WebPage\",\"@id\":\"https:\\\/\\\/kidworksoc.org\\\/es\\\/pickleball-con-un-proposito\\\/\",\"url\":\"https:\\\/\\\/kidworksoc.org\\\/es\\\/pickleball-con-un-proposito\\\/\",\"name\":\"Pickleball con un prop\u00f3sito - KidWorks\",\"isPartOf\":{\"@id\":\"https:\\\/\\\/kidworksoc.org\\\/es\\\/#website\"},\"primaryImageOfPage\":{\"@id\":\"https:\\\/\\\/kidworksoc.org\\\/es\\\/pickleball-con-un-proposito\\\/#primaryimage\"},\"image\":{\"@id\":\"https:\\\/\\\/kidworksoc.org\\\/es\\\/pickleball-con-un-proposito\\\/#primaryimage\"},\"thumbnailUrl\":\"https:\\\/\\\/kidworksoc.org\\\/wp-content\\\/uploads\\\/2023\\\/01\\\/Cheryl-Anderson-Heather-Gaughan-Kim-Carpenter-Sharon-Roy-Corinne-Morgenstern-Lisa-Gels-Leslie-Casserly-Kyle-Team-Leslie-Montgomery-Kathy-Ursini-Nick-Gastelum.jpg\",\"datePublished\":\"2024-03-12T14:33:12+00:00\",\"description\":\"Pickleball con un prop\u00f3sito 20 de abril de 2023 @ The Tennis Club at Newport Beach Country Club Fecha: Abril 2024Ubicaci\u00f3n: El Club de Tenis del Club de\",\"breadcrumb\":{\"@id\":\"https:\\\/\\\/kidworksoc.org\\\/es\\\/pickleball-con-un-proposito\\\/#breadcrumb\"},\"inLanguage\":\"es\",\"potentialAction\":[{\"@type\":\"ReadAction\",\"target\":[\"https:\\\/\\\/kidworksoc.org\\\/es\\\/pickleball-con-un-proposito\\\/\"]}]},{\"@type\":\"ImageObject\",\"inLanguage\":\"es\",\"@id\":\"https:\\\/\\\/kidworksoc.org\\\/es\\\/pickleball-con-un-proposito\\\/#primaryimage\",\"url\":\"https:\\\/\\\/kidworksoc.org\\\/wp-content\\\/uploads\\\/2023\\\/01\\\/Cheryl-Anderson-Heather-Gaughan-Kim-Carpenter-Sharon-Roy-Corinne-Morgenstern-Lisa-Gels-Leslie-Casserly-Kyle-Team-Leslie-Montgomery-Kathy-Ursini-Nick-Gastelum.jpg\",\"contentUrl\":\"https:\\\/\\\/kidworksoc.org\\\/wp-content\\\/uploads\\\/2023\\\/01\\\/Cheryl-Anderson-Heather-Gaughan-Kim-Carpenter-Sharon-Roy-Corinne-Morgenstern-Lisa-Gels-Leslie-Casserly-Kyle-Team-Leslie-Montgomery-Kathy-Ursini-Nick-Gastelum.jpg\",\"width\":799,\"height\":533},{\"@type\":\"BreadcrumbList\",\"@id\":\"https:\\\/\\\/kidworksoc.org\\\/es\\\/pickleball-con-un-proposito\\\/#breadcrumb\",\"itemListElement\":[{\"@type\":\"ListItem\",\"position\":1,\"name\":\"Home\",\"item\":\"https:\\\/\\\/kidworksoc.org\\\/es\\\/\"},{\"@type\":\"ListItem\",\"position\":2,\"name\":\"Pickleball con un prop\u00f3sito\"}]},{\"@type\":\"WebSite\",\"@id\":\"https:\\\/\\\/kidworksoc.org\\\/es\\\/#website\",\"url\":\"https:\\\/\\\/kidworksoc.org\\\/es\\\/\",\"name\":\"KidWorks\",\"description\":\"Unleashing Youth Potential\u2122\",\"publisher\":{\"@id\":\"https:\\\/\\\/kidworksoc.org\\\/es\\\/#organization\"},\"potentialAction\":[{\"@type\":\"SearchAction\",\"target\":{\"@type\":\"EntryPoint\",\"urlTemplate\":\"https:\\\/\\\/kidworksoc.org\\\/es\\\/?s={search_term_string}\"},\"query-input\":{\"@type\":\"PropertyValueSpecification\",\"valueRequired\":true,\"valueName\":\"search_term_string\"}}],\"inLanguage\":\"es\"},{\"@type\":\"Organization\",\"@id\":\"https:\\\/\\\/kidworksoc.org\\\/es\\\/#organization\",\"name\":\"KidWorks\",\"url\":\"https:\\\/\\\/kidworksoc.org\\\/es\\\/\",\"logo\":{\"@type\":\"ImageObject\",\"inLanguage\":\"es\",\"@id\":\"https:\\\/\\\/kidworksoc.org\\\/es\\\/#\\\/schema\\\/logo\\\/image\\\/\",\"url\":\"https:\\\/\\\/kidworksoc.org\\\/wp-content\\\/uploads\\\/2023\\\/01\\\/kidworks-anniversary-logo.png\",\"contentUrl\":\"https:\\\/\\\/kidworksoc.org\\\/wp-content\\\/uploads\\\/2023\\\/01\\\/kidworks-anniversary-logo.png\",\"width\":420,\"height\":114,\"caption\":\"KidWorks\"},\"image\":{\"@id\":\"https:\\\/\\\/kidworksoc.org\\\/es\\\/#\\\/schema\\\/logo\\\/image\\\/\"},\"sameAs\":[\"https:\\\/\\\/www.facebook.com\\\/kidworkscdc\",\"https:\\\/\\\/x.com\\\/kidworks\",\"https:\\\/\\\/www.instagram.com\\\/kidworks\\\/\",\"https:\\\/\\\/www.yelp.com\\\/biz\\\/kidworks-santa-ana?osq=kidworks\",\"https:\\\/\\\/www.youtube.com\\\/user\\\/KidWorksCDC\",\"https:\\\/\\\/www.linkedin.com\\\/company\\\/kidworkscdc\"]}]}<\/script>\n<!-- \/ Yoast SEO plugin. -->","yoast_head_json":{"title":"Pickleball con un prop\u00f3sito - KidWorks","description":"Pickleball con un prop\u00f3sito 20 de abril de 2023 @ The Tennis Club at Newport Beach Country Club Fecha: Abril 2024Ubicaci\u00f3n: El Club de Tenis del Club de","robots":{"index":"index","follow":"follow","max-snippet":"max-snippet:-1","max-image-preview":"max-image-preview:large","max-video-preview":"max-video-preview:-1"},"canonical":"https:\/\/kidworksoc.org\/es\/pickleball-con-un-proposito\/","og_locale":"es_ES","og_type":"article","og_title":"Pickleball con un prop\u00f3sito - KidWorks","og_description":"Pickleball con un prop\u00f3sito 20 de abril de 2023 @ The Tennis Club at Newport Beach Country Club Fecha: Abril 2024Ubicaci\u00f3n: El Club de Tenis del Club de","og_url":"https:\/\/kidworksoc.org\/es\/pickleball-con-un-proposito\/","og_site_name":"KidWorks","article_publisher":"https:\/\/www.facebook.com\/kidworkscdc","og_image":[{"width":799,"height":533,"url":"https:\/\/kidworksoc.org\/wp-content\/uploads\/2023\/01\/Cheryl-Anderson-Heather-Gaughan-Kim-Carpenter-Sharon-Roy-Corinne-Morgenstern-Lisa-Gels-Leslie-Casserly-Kyle-Team-Leslie-Montgomery-Kathy-Ursini-Nick-Gastelum.jpg","type":"image\/jpeg"}],"twitter_card":"summary_large_image","twitter_site":"@kidworks","schema":{"@context":"https:\/\/schema.org","@graph":[{"@type":"WebPage","@id":"https:\/\/kidworksoc.org\/es\/pickleball-con-un-proposito\/","url":"https:\/\/kidworksoc.org\/es\/pickleball-con-un-proposito\/","name":"Pickleball con un prop\u00f3sito - KidWorks","isPartOf":{"@id":"https:\/\/kidworksoc.org\/es\/#website"},"primaryImageOfPage":{"@id":"https:\/\/kidworksoc.org\/es\/pickleball-con-un-proposito\/#primaryimage"},"image":{"@id":"https:\/\/kidworksoc.org\/es\/pickleball-con-un-proposito\/#primaryimage"},"thumbnailUrl":"https:\/\/kidworksoc.org\/wp-content\/uploads\/2023\/01\/Cheryl-Anderson-Heather-Gaughan-Kim-Carpenter-Sharon-Roy-Corinne-Morgenstern-Lisa-Gels-Leslie-Casserly-Kyle-Team-Leslie-Montgomery-Kathy-Ursini-Nick-Gastelum.jpg","datePublished":"2024-03-12T14:33:12+00:00","description":"Pickleball con un prop\u00f3sito 20 de abril de 2023 @ The Tennis Club at Newport Beach Country Club Fecha: Abril 2024Ubicaci\u00f3n: El Club de Tenis del Club de","breadcrumb":{"@id":"https:\/\/kidworksoc.org\/es\/pickleball-con-un-proposito\/#breadcrumb"},"inLanguage":"es","potentialAction":[{"@type":"ReadAction","target":["https:\/\/kidworksoc.org\/es\/pickleball-con-un-proposito\/"]}]},{"@type":"ImageObject","inLanguage":"es","@id":"https:\/\/kidworksoc.org\/es\/pickleball-con-un-proposito\/#primaryimage","url":"https:\/\/kidworksoc.org\/wp-content\/uploads\/2023\/01\/Cheryl-Anderson-Heather-Gaughan-Kim-Carpenter-Sharon-Roy-Corinne-Morgenstern-Lisa-Gels-Leslie-Casserly-Kyle-Team-Leslie-Montgomery-Kathy-Ursini-Nick-Gastelum.jpg","contentUrl":"https:\/\/kidworksoc.org\/wp-content\/uploads\/2023\/01\/Cheryl-Anderson-Heather-Gaughan-Kim-Carpenter-Sharon-Roy-Corinne-Morgenstern-Lisa-Gels-Leslie-Casserly-Kyle-Team-Leslie-Montgomery-Kathy-Ursini-Nick-Gastelum.jpg","width":799,"height":533},{"@type":"BreadcrumbList","@id":"https:\/\/kidworksoc.org\/es\/pickleball-con-un-proposito\/#breadcrumb","itemListElement":[{"@type":"ListItem","position":1,"name":"Home","item":"https:\/\/kidworksoc.org\/es\/"},{"@type":"ListItem","position":2,"name":"Pickleball con un prop\u00f3sito"}]},{"@type":"WebSite","@id":"https:\/\/kidworksoc.org\/es\/#website","url":"https:\/\/kidworksoc.org\/es\/","name":"KidWorks","description":"Unleashing Youth Potential\u2122","publisher":{"@id":"https:\/\/kidworksoc.org\/es\/#organization"},"potentialAction":[{"@type":"SearchAction","target":{"@type":"EntryPoint","urlTemplate":"https:\/\/kidworksoc.org\/es\/?s={search_term_string}"},"query-input":{"@type":"PropertyValueSpecification","valueRequired":true,"valueName":"search_term_string"}}],"inLanguage":"es"},{"@type":"Organization","@id":"https:\/\/kidworksoc.org\/es\/#organization","name":"KidWorks","url":"https:\/\/kidworksoc.org\/es\/","logo":{"@type":"ImageObject","inLanguage":"es","@id":"https:\/\/kidworksoc.org\/es\/#\/schema\/logo\/image\/","url":"https:\/\/kidworksoc.org\/wp-content\/uploads\/2023\/01\/kidworks-anniversary-logo.png","contentUrl":"https:\/\/kidworksoc.org\/wp-content\/uploads\/2023\/01\/kidworks-anniversary-logo.png","width":420,"height":114,"caption":"KidWorks"},"image":{"@id":"https:\/\/kidworksoc.org\/es\/#\/schema\/logo\/image\/"},"sameAs":["https:\/\/www.facebook.com\/kidworkscdc","https:\/\/x.com\/kidworks","https:\/\/www.instagram.com\/kidworks\/","https:\/\/www.yelp.com\/biz\/kidworks-santa-ana?osq=kidworks","https:\/\/www.youtube.com\/user\/KidWorksCDC","https:\/\/www.linkedin.com\/company\/kidworkscdc"]}]}},"_links":{"self":[{"href":"https:\/\/kidworksoc.org\/es\/wp-json\/wp\/v2\/pages\/3160","targetHints":{"allow":["GET"]}}],"collection":[{"href":"https:\/\/kidworksoc.org\/es\/wp-json\/wp\/v2\/pages"}],"about":[{"href":"https:\/\/kidworksoc.org\/es\/wp-json\/wp\/v2\/types\/page"}],"author":[{"embeddable":true,"href":"https:\/\/kidworksoc.org\/es\/wp-json\/wp\/v2\/users\/1"}],"replies":[{"embeddable":true,"href":"https:\/\/kidworksoc.org\/es\/wp-json\/wp\/v2\/comments?post=3160"}],"version-history":[{"count":0,"href":"https:\/\/kidworksoc.org\/es\/wp-json\/wp\/v2\/pages\/3160\/revisions"}],"wp:featuredmedia":[{"embeddable":true,"href":"https:\/\/kidworksoc.org\/es\/wp-json\/wp\/v2\/media\/986"}],"wp:attachment":[{"href":"https:\/\/kidworksoc.org\/es\/wp-json\/wp\/v2\/media?parent=3160"}],"curies":[{"name":"wp","href":"https:\/\/api.w.org\/{rel}","templated":true}]}}