{"id":3159,"date":"2023-01-25T10:57:12","date_gmt":"2023-01-25T18:57:12","guid":{"rendered":"http:\/\/kidworksoc.org\/cuadro-de-honor\/"},"modified":"2023-07-04T09:52:14","modified_gmt":"2023-07-04T16:52:14","slug":"cuadro-de-honor","status":"publish","type":"page","link":"https:\/\/kidworksoc.org\/es\/donar\/cuadro-de-honor\/","title":{"rendered":"Cuadro de honor"},"content":{"rendered":"\n<figure class=\"wp-block-image alignfull size-full\"><img decoding=\"async\" width=\"1500\" height=\"360\" src=\"http:\/\/kidworksoc.org\/wp-content\/uploads\/2023\/02\/Honor-Roll-banner.jpg\" alt=\"\" class=\"wp-image-2461\" srcset=\"https:\/\/kidworksoc.org\/wp-content\/uploads\/2023\/02\/Honor-Roll-banner.jpg 1500w, https:\/\/kidworksoc.org\/wp-content\/uploads\/2023\/02\/Honor-Roll-banner-1280x307.jpg 1280w, https:\/\/kidworksoc.org\/wp-content\/uploads\/2023\/02\/Honor-Roll-banner-1440x346.jpg 1440w, https:\/\/kidworksoc.org\/wp-content\/uploads\/2023\/02\/Honor-Roll-banner-600x144.jpg 600w\" sizes=\"(max-width: 1500px) 100vw, 1500px\" \/><\/figure>\n\n<div class=\"wp-block-group alignfull has-tertiary-light-background-color has-background has-global-padding is-layout-constrained wp-container-core-group-is-layout-b87c78ab wp-block-group-is-layout-constrained\" style=\"padding-top:var(--wp--preset--spacing--100);padding-right:var(--wp--preset--spacing--30);padding-bottom:var(--wp--preset--spacing--100);padding-left:var(--wp--preset--spacing--30)\">\n<p class=\"has-text-align-center has-primary-dark-color has-text-color has-secondary-font-family\" style=\"font-size:clamp(16.834px, 1.052rem + ((1vw - 3.2px) * 0.955), 26px);\">Apoye a los alumnos de KidWorks para que puedan ir al colegio sinti\u00e9ndose seguros y preparados.<\/p>\n\n\n\n<p class=\"has-text-align-center\">\u00danete a nuestro grupo de <strong>dedicados donantes<\/strong> mensuales en nuestro <strong>programa Lista de Honor*.<\/strong> Tu donaci\u00f3n mensual ayudar\u00e1 a DESTELLAZAR EL POTENCIAL DE LOS J\u00d3VENES: <strong>Inspirar el prop\u00f3sito,<\/strong> <strong>Impulsar el crecimiento<\/strong>, <strong>Catalizar el impacto<\/strong> en la pr\u00f3xima generaci\u00f3n de l\u00edderes.<\/p>\n\n\n\n<div style=\"height:40px\" aria-hidden=\"true\" class=\"wp-block-spacer\"><\/div>\n\n\n\n<div class=\"wp-block-buttons is-content-justification-center is-layout-flex wp-container-core-buttons-is-layout-7cd643ec wp-block-buttons-is-layout-flex\">\n<div class=\"wp-block-button\"><a class=\"wp-block-button__link wp-element-button\" href=\"https:\/\/youtu.be\/A3gv1vOHfng\" target=\"_blank\" rel=\"noreferrer noopener\">Aprender M\u00e1s<\/a><\/div>\n\n\n\n<div class=\"wp-block-button is-style-secondary-btn\"><a class=\"wp-block-button__link wp-element-button\" href=\"https:\/\/4agc.com\/donation_pages\/4e8008bc-f392-4e4e-80de-7f8e1b3e2398\" target=\"_blank\" rel=\"noreferrer noopener\">Ayuda<\/a><\/div>\n<\/div>\n\n\n\n<div style=\"height:70px\" aria-hidden=\"true\" class=\"wp-block-spacer\"><\/div>\n\n\n\n<div class=\"wp-block-columns alignwide is-layout-flex wp-container-core-columns-is-layout-d05c7dfd wp-block-columns-is-layout-flex\">\n<div class=\"wp-block-column is-layout-flow wp-block-column-is-layout-flow\">\n<figure class=\"wp-block-image aligncenter size-full\"><a href=\"https:\/\/4agc.com\/donation_pages\/4e8008bc-f392-4e4e-80de-7f8e1b3e2398\"><img decoding=\"async\" width=\"300\" height=\"300\" src=\"http:\/\/kidworksoc.org\/wp-content\/uploads\/2023\/02\/25-2.jpg\" alt=\"\" class=\"wp-image-2463\" srcset=\"https:\/\/kidworksoc.org\/wp-content\/uploads\/2023\/02\/25-2.jpg 300w, https:\/\/kidworksoc.org\/wp-content\/uploads\/2023\/02\/25-2-150x150.jpg 150w\" sizes=\"(max-width: 300px) 100vw, 300px\" \/><\/a><\/figure>\n\n\n\n<p class=\"has-text-align-center\"><strong>5 $\/Mes<\/strong><br\/>Ayuda a financiar la formaci\u00f3n de uno de nuestros incre\u00edbles mentores y voluntarios que trabajan junto a nuestros alumnos despu\u00e9s del colegio y durante el verano.<\/p>\n<\/div>\n\n\n\n<div class=\"wp-block-column is-layout-flow wp-block-column-is-layout-flow\">\n<figure class=\"wp-block-image aligncenter size-full\"><a href=\"https:\/\/4agc.com\/donation_pages\/4e8008bc-f392-4e4e-80de-7f8e1b3e2398\"><img decoding=\"async\" width=\"300\" height=\"300\" src=\"http:\/\/kidworksoc.org\/wp-content\/uploads\/2023\/02\/10-stability.jpg\" alt=\"\" class=\"wp-image-2465\" srcset=\"https:\/\/kidworksoc.org\/wp-content\/uploads\/2023\/02\/10-stability.jpg 300w, https:\/\/kidworksoc.org\/wp-content\/uploads\/2023\/02\/10-stability-150x150.jpg 150w\" sizes=\"(max-width: 300px) 100vw, 300px\" \/><\/a><\/figure>\n\n\n\n<p class=\"has-text-align-center\"><strong>10 $\/Mes<\/strong><br\/>Ayuda a financiar el suministro constante de material escolar para una estudiante, dot\u00e1ndola de las herramientas que necesita para el \u00e9xito acad\u00e9mico.<\/p>\n<\/div>\n\n\n\n<div class=\"wp-block-column is-layout-flow wp-block-column-is-layout-flow\">\n<figure class=\"wp-block-image aligncenter size-full\"><a href=\"https:\/\/4agc.com\/donation_pages\/4e8008bc-f392-4e4e-80de-7f8e1b3e2398\"><img decoding=\"async\" width=\"300\" height=\"300\" src=\"http:\/\/kidworksoc.org\/wp-content\/uploads\/2023\/02\/25-final.jpg\" alt=\"\" class=\"wp-image-2467\" srcset=\"https:\/\/kidworksoc.org\/wp-content\/uploads\/2023\/02\/25-final.jpg 300w, https:\/\/kidworksoc.org\/wp-content\/uploads\/2023\/02\/25-final-150x150.jpg 150w\" sizes=\"(max-width: 300px) 100vw, 300px\" \/><\/a><\/figure>\n\n\n\n<p class=\"has-text-align-center\"><strong>$25\/Mes<br\/><\/strong>Ayuda a financiar sesiones quincenales de tutor\u00eda 1:1 para un estudiante, ayud\u00e1ndole a rendir al nivel de su grado, construyendo confianza y autoestima en su desempe\u00f1o acad\u00e9mico.<\/p>\n<\/div>\n\n\n\n<div class=\"wp-block-column is-layout-flow wp-block-column-is-layout-flow\">\n<figure class=\"wp-block-image aligncenter size-full\"><a href=\"https:\/\/4agc.com\/donation_pages\/4e8008bc-f392-4e4e-80de-7f8e1b3e2398\"><img decoding=\"async\" width=\"300\" height=\"300\" src=\"http:\/\/kidworksoc.org\/wp-content\/uploads\/2023\/02\/50-final.jpg\" alt=\"\" class=\"wp-image-2469\" srcset=\"https:\/\/kidworksoc.org\/wp-content\/uploads\/2023\/02\/50-final.jpg 300w, https:\/\/kidworksoc.org\/wp-content\/uploads\/2023\/02\/50-final-150x150.jpg 150w\" sizes=\"(max-width: 300px) 100vw, 300px\" \/><\/a><\/figure>\n\n\n\n<p class=\"has-text-align-center\"><strong>50 $\/Mes<\/strong><br\/>Ayuda a financiar talleres semanales de enriquecimiento para una estudiante, lo que le permite descubrir sus pasiones y explorar los talentos que Dios le ha dado.<\/p>\n<\/div>\n<\/div>\n<\/div>\n\n<div style=\"height:100px\" aria-hidden=\"true\" class=\"wp-block-spacer\"><\/div>\n\n<h3 class=\"has-text-align-center wp-block-heading\"><strong>Los miembros de la Lista de Honor* reciben<\/strong><\/h3>\n\n<div style=\"height:40px\" aria-hidden=\"true\" class=\"wp-block-spacer\"><\/div>\n\n<div class=\"wp-block-columns alignwide is-layout-flex wp-container-core-columns-is-layout-28f84493 wp-block-columns-is-layout-flex\">\n<div class=\"wp-block-column is-layout-flow wp-block-column-is-layout-flow\">\n<h5 class=\"has-text-align-center wp-block-heading\"><strong>ACCESO EXCLUSIVO<\/strong><\/h5>\n\n\n\n<p class=\"has-text-align-center\">Reuniones trimestrales de accionistas con la direcci\u00f3n de KidWorks<\/p>\n<\/div>\n\n\n\n<div class=\"wp-block-column is-layout-flow wp-block-column-is-layout-flow\">\n<h5 class=\"has-text-align-center wp-block-heading\"><strong>COMUNICACIONES MENSUALES<\/strong><\/h5>\n\n\n\n<p class=\"has-text-align-center\">Lo m\u00e1s destacado del mes<\/p>\n<\/div>\n\n\n\n<div class=\"wp-block-column is-layout-flow wp-block-column-is-layout-flow\">\n<h5 class=\"has-text-align-center wp-block-heading\"><strong>EL PRIMERO EN ENTERARSE<\/strong><\/h5>\n\n\n\n<p class=\"has-text-align-center\">Acceso VIP a oportunidades de voluntariado y compromiso<\/p>\n<\/div>\n<\/div>\n\n<p class=\"has-text-align-center\"><strong>\u00bfTiene preguntas sobre su donaci\u00f3n?<\/strong> P\u00f3ngase en contacto con Beckie White en <a href=\"mail:\/\/suelynn.kim@kidworksoc.org\">Beckie.white@kidworksoc.org<\/a><\/p>\n\n<div style=\"height:60px\" aria-hidden=\"true\" class=\"wp-block-spacer\"><\/div>\n\n<hr class=\"wp-block-separator has-text-color has-alpha-channel-opacity has-background is-style-wide\" style=\"background-color:#d5d5d5;color:#d5d5d5\"\/>\n\n<div style=\"height:60px\" aria-hidden=\"true\" class=\"wp-block-spacer\"><\/div>\n\n<h2 class=\"has-text-align-center has-x-large-font-size wp-block-heading\"><strong>Conozca a nuestros miembros fundadores<\/strong><\/h2>\n\n<div style=\"height:40px\" aria-hidden=\"true\" class=\"wp-block-spacer\"><\/div>\n\n<p class=\"has-text-align-center\">\u00abDono mensualmente como recordatorio de mi compromiso con KidWorks y los estudiantes a los que atienden. Puedo distribuir c\u00f3modamente mi ayuda a lo largo del a\u00f1o, lo cual es estupendo tanto para mi presupuesto como para el de KidWorks.\u00bb<br\/><strong>&#8211; Melissa Ley<\/strong><\/p>\n\n<div class=\"wp-block-columns alignwide is-layout-flex wp-container-core-columns-is-layout-28f84493 wp-block-columns-is-layout-flex\">\n<div class=\"wp-block-column is-layout-flow wp-block-column-is-layout-flow\">\n<p class=\"has-text-align-center\">Iglesia de la Comunidad de los Hechos<br\/>Cheryl Anderson<br\/>An\u00f3nimo<br\/>Priscilla y Robert Axe<br\/>Michael Baron<br\/>Sarah Beach<br\/>Erika y David Benavides<br\/>Kathy y Don Bowker<br\/>Laurie y Bart Brown<br\/>Jeremy Cowan<br\/>Randy Clark<br\/>Eibach Springs, Inc.<br\/>Anna y Merlin Eelkema<\/p>\n<\/div>\n\n\n\n<div class=\"wp-block-column is-layout-flow wp-block-column-is-layout-flow\">\n<p class=\"has-text-align-center\">Arline Esposito<br\/>Lisa y Al Gels<br\/>Kyle Guerin<br\/>Karen Eckelbarger<br\/>Chris Hackler<br\/>Lizvette y Mark Halbert<br\/>David Hengstler<br\/>Glenn Leibowitz<br\/>Melissa Ley<br\/>Jess y Bobby Liu<br\/>Tracy y Gerardo Magana<br\/>Linda Maggard<br\/>Diana Mart\u00ednez<\/p>\n<\/div>\n\n\n\n<div class=\"wp-block-column is-layout-flow wp-block-column-is-layout-flow\">\n<p class=\"has-text-align-center\">Douglas McGilvray<br\/>Jacob Miknuk<br\/>Nicole Moler<br\/>Sarah y Tim Novak<br\/>Lori Ohls<br\/>Lynn y Gabe Potyondy<br\/>Jeniffer y Jonathan Puls<br\/>Terri y Eugene Rhodes<br\/>Maddie Schotol<br\/>Kim Sabbag<br\/>Iveth S\u00e1nchez<br\/>Sandra Sierra<br\/>Spencer Stewart<\/p>\n<\/div>\n<\/div>\n","protected":false},"excerpt":{"rendered":"<p>Apoye a los alumnos de KidWorks para que puedan ir al colegio sinti\u00e9ndose seguros y preparados. \u00danete a nuestro grupo de dedicados donantes mensuales en nuestro programa Lista de Honor*.&hellip; <a class=\"more-link\" href=\"https:\/\/kidworksoc.org\/es\/donar\/cuadro-de-honor\/\">Siga Leyendo<\/a><\/p>\n","protected":false},"author":1,"featured_media":0,"parent":3344,"menu_order":0,"comment_status":"closed","ping_status":"closed","template":"","meta":{"_acf_changed":false,"_searchwp_excluded":"","_monsterinsights_skip_tracking":false,"_monsterinsights_sitenote_active":false,"_monsterinsights_sitenote_note":"","_monsterinsights_sitenote_category":0,"_uf_show_specific_survey":0,"_uf_disable_surveys":false,"footnotes":""},"class_list":["post-3159","page","type-page","status-publish","hentry"],"acf":[],"aioseo_notices":[],"yoast_head":"<!-- This site is optimized with the Yoast SEO plugin v27.6 - https:\/\/yoast.com\/product\/yoast-seo-wordpress\/ -->\n<title>Cuadro de honor - KidWorks<\/title>\n<meta name=\"description\" content=\"Apoye a los alumnos de KidWorks para que puedan ir al colegio sinti\u00e9ndose seguros y preparados. \u00danete a nuestro grupo de dedicados donantes mensuales en\" \/>\n<meta name=\"robots\" content=\"index, follow, max-snippet:-1, max-image-preview:large, max-video-preview:-1\" \/>\n<link rel=\"canonical\" href=\"https:\/\/kidworksoc.org\/es\/donar\/cuadro-de-honor\/\" \/>\n<meta property=\"og:locale\" content=\"es_ES\" \/>\n<meta property=\"og:type\" content=\"article\" \/>\n<meta property=\"og:title\" content=\"Cuadro de honor - KidWorks\" \/>\n<meta property=\"og:description\" content=\"Apoye a los alumnos de KidWorks para que puedan ir al colegio sinti\u00e9ndose seguros y preparados. \u00danete a nuestro grupo de dedicados donantes mensuales en\" \/>\n<meta property=\"og:url\" content=\"https:\/\/kidworksoc.org\/es\/donar\/cuadro-de-honor\/\" \/>\n<meta property=\"og:site_name\" content=\"KidWorks\" \/>\n<meta property=\"article:publisher\" content=\"https:\/\/www.facebook.com\/kidworkscdc\" \/>\n<meta property=\"article:modified_time\" content=\"2023-07-04T16:52:14+00:00\" \/>\n<meta property=\"og:image\" content=\"http:\/\/kidworksoc.org\/wp-content\/uploads\/2023\/02\/Honor-Roll-banner.jpg\" \/>\n<meta name=\"twitter:card\" content=\"summary_large_image\" \/>\n<meta name=\"twitter:site\" content=\"@kidworks\" \/>\n<script type=\"application\/ld+json\" class=\"yoast-schema-graph\">{\"@context\":\"https:\\\/\\\/schema.org\",\"@graph\":[{\"@type\":\"WebPage\",\"@id\":\"https:\\\/\\\/kidworksoc.org\\\/es\\\/donar\\\/cuadro-de-honor\\\/\",\"url\":\"https:\\\/\\\/kidworksoc.org\\\/es\\\/donar\\\/cuadro-de-honor\\\/\",\"name\":\"Cuadro de honor - KidWorks\",\"isPartOf\":{\"@id\":\"https:\\\/\\\/kidworksoc.org\\\/es\\\/#website\"},\"primaryImageOfPage\":{\"@id\":\"https:\\\/\\\/kidworksoc.org\\\/es\\\/donar\\\/cuadro-de-honor\\\/#primaryimage\"},\"image\":{\"@id\":\"https:\\\/\\\/kidworksoc.org\\\/es\\\/donar\\\/cuadro-de-honor\\\/#primaryimage\"},\"thumbnailUrl\":\"http:\\\/\\\/kidworksoc.org\\\/wp-content\\\/uploads\\\/2023\\\/02\\\/Honor-Roll-banner.jpg\",\"datePublished\":\"2023-01-25T18:57:12+00:00\",\"dateModified\":\"2023-07-04T16:52:14+00:00\",\"description\":\"Apoye a los alumnos de KidWorks para que puedan ir al colegio sinti\u00e9ndose seguros y preparados. \u00danete a nuestro grupo de dedicados donantes mensuales en\",\"breadcrumb\":{\"@id\":\"https:\\\/\\\/kidworksoc.org\\\/es\\\/donar\\\/cuadro-de-honor\\\/#breadcrumb\"},\"inLanguage\":\"es\",\"potentialAction\":[{\"@type\":\"ReadAction\",\"target\":[\"https:\\\/\\\/kidworksoc.org\\\/es\\\/donar\\\/cuadro-de-honor\\\/\"]}]},{\"@type\":\"ImageObject\",\"inLanguage\":\"es\",\"@id\":\"https:\\\/\\\/kidworksoc.org\\\/es\\\/donar\\\/cuadro-de-honor\\\/#primaryimage\",\"url\":\"http:\\\/\\\/kidworksoc.org\\\/wp-content\\\/uploads\\\/2023\\\/02\\\/Honor-Roll-banner.jpg\",\"contentUrl\":\"http:\\\/\\\/kidworksoc.org\\\/wp-content\\\/uploads\\\/2023\\\/02\\\/Honor-Roll-banner.jpg\"},{\"@type\":\"BreadcrumbList\",\"@id\":\"https:\\\/\\\/kidworksoc.org\\\/es\\\/donar\\\/cuadro-de-honor\\\/#breadcrumb\",\"itemListElement\":[{\"@type\":\"ListItem\",\"position\":1,\"name\":\"Home\",\"item\":\"https:\\\/\\\/kidworksoc.org\\\/es\\\/\"},{\"@type\":\"ListItem\",\"position\":2,\"name\":\"Donar\",\"item\":\"https:\\\/\\\/kidworksoc.org\\\/es\\\/donar\\\/\"},{\"@type\":\"ListItem\",\"position\":3,\"name\":\"Cuadro de honor\"}]},{\"@type\":\"WebSite\",\"@id\":\"https:\\\/\\\/kidworksoc.org\\\/es\\\/#website\",\"url\":\"https:\\\/\\\/kidworksoc.org\\\/es\\\/\",\"name\":\"KidWorks\",\"description\":\"Unleashing Youth Potential\u2122\",\"publisher\":{\"@id\":\"https:\\\/\\\/kidworksoc.org\\\/es\\\/#organization\"},\"potentialAction\":[{\"@type\":\"SearchAction\",\"target\":{\"@type\":\"EntryPoint\",\"urlTemplate\":\"https:\\\/\\\/kidworksoc.org\\\/es\\\/?s={search_term_string}\"},\"query-input\":{\"@type\":\"PropertyValueSpecification\",\"valueRequired\":true,\"valueName\":\"search_term_string\"}}],\"inLanguage\":\"es\"},{\"@type\":\"Organization\",\"@id\":\"https:\\\/\\\/kidworksoc.org\\\/es\\\/#organization\",\"name\":\"KidWorks\",\"url\":\"https:\\\/\\\/kidworksoc.org\\\/es\\\/\",\"logo\":{\"@type\":\"ImageObject\",\"inLanguage\":\"es\",\"@id\":\"https:\\\/\\\/kidworksoc.org\\\/es\\\/#\\\/schema\\\/logo\\\/image\\\/\",\"url\":\"https:\\\/\\\/kidworksoc.org\\\/wp-content\\\/uploads\\\/2023\\\/01\\\/kidworks-anniversary-logo.png\",\"contentUrl\":\"https:\\\/\\\/kidworksoc.org\\\/wp-content\\\/uploads\\\/2023\\\/01\\\/kidworks-anniversary-logo.png\",\"width\":420,\"height\":114,\"caption\":\"KidWorks\"},\"image\":{\"@id\":\"https:\\\/\\\/kidworksoc.org\\\/es\\\/#\\\/schema\\\/logo\\\/image\\\/\"},\"sameAs\":[\"https:\\\/\\\/www.facebook.com\\\/kidworkscdc\",\"https:\\\/\\\/x.com\\\/kidworks\",\"https:\\\/\\\/www.instagram.com\\\/kidworks\\\/\",\"https:\\\/\\\/www.yelp.com\\\/biz\\\/kidworks-santa-ana?osq=kidworks\",\"https:\\\/\\\/www.youtube.com\\\/user\\\/KidWorksCDC\",\"https:\\\/\\\/www.linkedin.com\\\/company\\\/kidworkscdc\"]}]}<\/script>\n<!-- \/ Yoast SEO plugin. -->","yoast_head_json":{"title":"Cuadro de honor - KidWorks","description":"Apoye a los alumnos de KidWorks para que puedan ir al colegio sinti\u00e9ndose seguros y preparados. \u00danete a nuestro grupo de dedicados donantes mensuales en","robots":{"index":"index","follow":"follow","max-snippet":"max-snippet:-1","max-image-preview":"max-image-preview:large","max-video-preview":"max-video-preview:-1"},"canonical":"https:\/\/kidworksoc.org\/es\/donar\/cuadro-de-honor\/","og_locale":"es_ES","og_type":"article","og_title":"Cuadro de honor - KidWorks","og_description":"Apoye a los alumnos de KidWorks para que puedan ir al colegio sinti\u00e9ndose seguros y preparados. \u00danete a nuestro grupo de dedicados donantes mensuales en","og_url":"https:\/\/kidworksoc.org\/es\/donar\/cuadro-de-honor\/","og_site_name":"KidWorks","article_publisher":"https:\/\/www.facebook.com\/kidworkscdc","article_modified_time":"2023-07-04T16:52:14+00:00","og_image":[{"url":"http:\/\/kidworksoc.org\/wp-content\/uploads\/2023\/02\/Honor-Roll-banner.jpg","type":"","width":"","height":""}],"twitter_card":"summary_large_image","twitter_site":"@kidworks","schema":{"@context":"https:\/\/schema.org","@graph":[{"@type":"WebPage","@id":"https:\/\/kidworksoc.org\/es\/donar\/cuadro-de-honor\/","url":"https:\/\/kidworksoc.org\/es\/donar\/cuadro-de-honor\/","name":"Cuadro de honor - KidWorks","isPartOf":{"@id":"https:\/\/kidworksoc.org\/es\/#website"},"primaryImageOfPage":{"@id":"https:\/\/kidworksoc.org\/es\/donar\/cuadro-de-honor\/#primaryimage"},"image":{"@id":"https:\/\/kidworksoc.org\/es\/donar\/cuadro-de-honor\/#primaryimage"},"thumbnailUrl":"http:\/\/kidworksoc.org\/wp-content\/uploads\/2023\/02\/Honor-Roll-banner.jpg","datePublished":"2023-01-25T18:57:12+00:00","dateModified":"2023-07-04T16:52:14+00:00","description":"Apoye a los alumnos de KidWorks para que puedan ir al colegio sinti\u00e9ndose seguros y preparados. \u00danete a nuestro grupo de dedicados donantes mensuales en","breadcrumb":{"@id":"https:\/\/kidworksoc.org\/es\/donar\/cuadro-de-honor\/#breadcrumb"},"inLanguage":"es","potentialAction":[{"@type":"ReadAction","target":["https:\/\/kidworksoc.org\/es\/donar\/cuadro-de-honor\/"]}]},{"@type":"ImageObject","inLanguage":"es","@id":"https:\/\/kidworksoc.org\/es\/donar\/cuadro-de-honor\/#primaryimage","url":"http:\/\/kidworksoc.org\/wp-content\/uploads\/2023\/02\/Honor-Roll-banner.jpg","contentUrl":"http:\/\/kidworksoc.org\/wp-content\/uploads\/2023\/02\/Honor-Roll-banner.jpg"},{"@type":"BreadcrumbList","@id":"https:\/\/kidworksoc.org\/es\/donar\/cuadro-de-honor\/#breadcrumb","itemListElement":[{"@type":"ListItem","position":1,"name":"Home","item":"https:\/\/kidworksoc.org\/es\/"},{"@type":"ListItem","position":2,"name":"Donar","item":"https:\/\/kidworksoc.org\/es\/donar\/"},{"@type":"ListItem","position":3,"name":"Cuadro de honor"}]},{"@type":"WebSite","@id":"https:\/\/kidworksoc.org\/es\/#website","url":"https:\/\/kidworksoc.org\/es\/","name":"KidWorks","description":"Unleashing Youth Potential\u2122","publisher":{"@id":"https:\/\/kidworksoc.org\/es\/#organization"},"potentialAction":[{"@type":"SearchAction","target":{"@type":"EntryPoint","urlTemplate":"https:\/\/kidworksoc.org\/es\/?s={search_term_string}"},"query-input":{"@type":"PropertyValueSpecification","valueRequired":true,"valueName":"search_term_string"}}],"inLanguage":"es"},{"@type":"Organization","@id":"https:\/\/kidworksoc.org\/es\/#organization","name":"KidWorks","url":"https:\/\/kidworksoc.org\/es\/","logo":{"@type":"ImageObject","inLanguage":"es","@id":"https:\/\/kidworksoc.org\/es\/#\/schema\/logo\/image\/","url":"https:\/\/kidworksoc.org\/wp-content\/uploads\/2023\/01\/kidworks-anniversary-logo.png","contentUrl":"https:\/\/kidworksoc.org\/wp-content\/uploads\/2023\/01\/kidworks-anniversary-logo.png","width":420,"height":114,"caption":"KidWorks"},"image":{"@id":"https:\/\/kidworksoc.org\/es\/#\/schema\/logo\/image\/"},"sameAs":["https:\/\/www.facebook.com\/kidworkscdc","https:\/\/x.com\/kidworks","https:\/\/www.instagram.com\/kidworks\/","https:\/\/www.yelp.com\/biz\/kidworks-santa-ana?osq=kidworks","https:\/\/www.youtube.com\/user\/KidWorksCDC","https:\/\/www.linkedin.com\/company\/kidworkscdc"]}]}},"_links":{"self":[{"href":"https:\/\/kidworksoc.org\/es\/wp-json\/wp\/v2\/pages\/3159","targetHints":{"allow":["GET"]}}],"collection":[{"href":"https:\/\/kidworksoc.org\/es\/wp-json\/wp\/v2\/pages"}],"about":[{"href":"https:\/\/kidworksoc.org\/es\/wp-json\/wp\/v2\/types\/page"}],"author":[{"embeddable":true,"href":"https:\/\/kidworksoc.org\/es\/wp-json\/wp\/v2\/users\/1"}],"replies":[{"embeddable":true,"href":"https:\/\/kidworksoc.org\/es\/wp-json\/wp\/v2\/comments?post=3159"}],"version-history":[{"count":0,"href":"https:\/\/kidworksoc.org\/es\/wp-json\/wp\/v2\/pages\/3159\/revisions"}],"up":[{"embeddable":true,"href":"https:\/\/kidworksoc.org\/es\/wp-json\/wp\/v2\/pages\/3344"}],"wp:attachment":[{"href":"https:\/\/kidworksoc.org\/es\/wp-json\/wp\/v2\/media?parent=3159"}],"curies":[{"name":"wp","href":"https:\/\/api.w.org\/{rel}","templated":true}]}}