{"id":3155,"date":"2023-01-25T10:26:17","date_gmt":"2023-01-25T18:26:17","guid":{"rendered":"http:\/\/kidworksoc.org\/programas-extraescolares\/"},"modified":"2023-07-13T13:51:53","modified_gmt":"2023-07-13T20:51:53","slug":"programas-extraescolares","status":"publish","type":"page","link":"https:\/\/kidworksoc.org\/es\/programas-extraescolares\/","title":{"rendered":"Programas extraescolares"},"content":{"rendered":"\n<div class=\"wp-block-cover alignfull is-light\" style=\"padding-top:var(--wp--preset--spacing--300);padding-right:var(--wp--preset--spacing--30);padding-bottom:var(--wp--preset--spacing--150);padding-left:var(--wp--preset--spacing--30)\"><span aria-hidden=\"true\" class=\"wp-block-cover__background has-background-dim wp-block-cover__gradient-background has-background-gradient\" style=\"background:linear-gradient(0deg,rgb(24,49,111) 0%,rgba(25,49,112,0.35) 100%)\"><\/span><img decoding=\"async\" width=\"2560\" height=\"1707\" class=\"wp-block-cover__image-background wp-image-2919\" alt=\"\" src=\"http:\/\/kidworksoc.org\/wp-content\/uploads\/2023\/06\/9hIYYqBI-scaled.jpeg\" data-object-fit=\"cover\" srcset=\"https:\/\/kidworksoc.org\/wp-content\/uploads\/2023\/06\/9hIYYqBI-scaled.jpeg 2560w, https:\/\/kidworksoc.org\/wp-content\/uploads\/2023\/06\/9hIYYqBI-1280x853.jpeg 1280w, https:\/\/kidworksoc.org\/wp-content\/uploads\/2023\/06\/9hIYYqBI-1600x1067.jpeg 1600w, https:\/\/kidworksoc.org\/wp-content\/uploads\/2023\/06\/9hIYYqBI-1440x960.jpeg 1440w, https:\/\/kidworksoc.org\/wp-content\/uploads\/2023\/06\/9hIYYqBI-1536x1024.jpeg 1536w, https:\/\/kidworksoc.org\/wp-content\/uploads\/2023\/06\/9hIYYqBI-2048x1365.jpeg 2048w, https:\/\/kidworksoc.org\/wp-content\/uploads\/2023\/06\/9hIYYqBI-600x400.jpeg 600w\" sizes=\"(max-width: 2560px) 100vw, 2560px\" \/><div class=\"wp-block-cover__inner-container is-layout-flow wp-block-cover-is-layout-flow\">\n<div class=\"wp-block-group has-white-color has-text-color has-global-padding is-layout-constrained wp-container-core-group-is-layout-9b5fd1f6 wp-block-group-is-layout-constrained\">\n<h1 class=\"wp-block-heading has-text-align-center is-style-muted-heading has-accent-color has-text-color\"><strong>Programas extraescolares<\/strong><\/h1>\n\n\n\n<h2 class=\"wp-block-heading has-text-align-center is-style-dashed-heading\" style=\"font-size:clamp(33.419px, 2.089rem + ((1vw - 3.2px) * 2.769), 60px);\"><strong>Apoyo integral a los alumnos de los grados K-12  <\/strong><\/h2>\n\n\n\n<p class=\"has-text-align-center has-medium-font-size\">M\u00e1s que acad\u00e9micos, los programas extraescolares de KidWorks se centran en el desarrollo integral de la persona, proporcionando un espacio seguro para el aprendizaje, el crecimiento personal y el desarrollo del liderazgo.  <\/p>\n<\/div>\n<\/div><\/div>\n\n<div class=\"wp-block-group alignfull has-tertiary-background-color has-background has-global-padding is-layout-constrained wp-container-core-group-is-layout-9629f533 wp-block-group-is-layout-constrained\" style=\"padding-top:var(--wp--preset--spacing--100);padding-right:var(--wp--preset--spacing--30);padding-bottom:var(--wp--preset--spacing--100);padding-left:var(--wp--preset--spacing--30)\">\n<div class=\"wp-block-columns alignwide is-style-lg-gap is-layout-flex wp-container-core-columns-is-layout-28f84493 wp-block-columns-is-layout-flex\">\n<div class=\"wp-block-column is-style-sticky is-layout-flow wp-block-column-is-layout-flow\" style=\"flex-basis:33.33%\">\n<h2 class=\"wp-block-heading has-x-large-font-size\"><strong>Nuestros distintivos<\/strong><\/h2>\n\n\n\n<p>Todo el aprendizaje tiene lugar en un programa seguro, divertido y de alta calidad que se adapta a las necesidades tanto suyas como de su hijo.<\/p>\n\n\n\n<div class=\"wp-block-buttons is-layout-flex wp-block-buttons-is-layout-flex\">\n<div class=\"wp-block-button\"><a class=\"wp-block-button__link wp-element-button\" href=\"http:\/\/kidworksoc.org\/es\/inscripcion-en-el-programa\/\">Reg\u00edstrese hoy<\/a><\/div>\n<\/div>\n<\/div>\n\n\n\n<div class=\"wp-block-column is-layout-flow wp-block-column-is-layout-flow\" style=\"flex-basis:66.66%\">\n<section class=\"blocks block-blurbs is-style-icon-inline-blurb\" id=\"block_b33c32492d3d83f56fceb7a7a0621ad2\">\n    <ul>\n            <li>\n                            <figure>\n                    <img decoding=\"async\" width=\"512\" height=\"512\" src=\"https:\/\/kidworksoc.org\/wp-content\/uploads\/2023\/03\/icon-heart.png\" class=\"attachment-thumb_uncropped size-thumb_uncropped\" alt=\"\" srcset=\"https:\/\/kidworksoc.org\/wp-content\/uploads\/2023\/03\/icon-heart.png 512w, https:\/\/kidworksoc.org\/wp-content\/uploads\/2023\/03\/icon-heart-150x150.png 150w\" sizes=\"(max-width: 512px) 100vw, 512px\" \/>                <\/figure>\n                        <div class=\"content\">\n                <h3>Desarrollo hol\u00edstico<\/h3>\n                                <p>\n                    Cuando un ni\u00f1o cree en s\u00ed mismo, se abre un mundo de posibilidades. Los alumnos desarrollan el car\u00e1cter, la confianza y las herramientas para alcanzar el potencial que Dios les ha dado.                <\/p>\n                            <\/div>\n                    <\/li>\n            <li>\n                            <figure>\n                    <img decoding=\"async\" width=\"512\" height=\"512\" src=\"https:\/\/kidworksoc.org\/wp-content\/uploads\/2023\/03\/icon-hands.png\" class=\"attachment-thumb_uncropped size-thumb_uncropped\" alt=\"\" srcset=\"https:\/\/kidworksoc.org\/wp-content\/uploads\/2023\/03\/icon-hands.png 512w, https:\/\/kidworksoc.org\/wp-content\/uploads\/2023\/03\/icon-hands-150x150.png 150w\" sizes=\"(max-width: 512px) 100vw, 512px\" \/>                <\/figure>\n                        <div class=\"content\">\n                <h3>Basado en las relaciones<\/h3>\n                                <p>\n                    La transformaci\u00f3n de la vida se produce en las relaciones. Los estudiantes establecen v\u00ednculos con el personal, los mentores y los voluntarios.                  <\/p>\n                            <\/div>\n                    <\/li>\n            <li>\n                            <figure>\n                    <img decoding=\"async\" width=\"512\" height=\"512\" src=\"https:\/\/kidworksoc.org\/wp-content\/uploads\/2023\/03\/icon-leader.png\" class=\"attachment-thumb_uncropped size-thumb_uncropped\" alt=\"\" srcset=\"https:\/\/kidworksoc.org\/wp-content\/uploads\/2023\/03\/icon-leader.png 512w, https:\/\/kidworksoc.org\/wp-content\/uploads\/2023\/03\/icon-leader-150x150.png 150w\" sizes=\"(max-width: 512px) 100vw, 512px\" \/>                <\/figure>\n                        <div class=\"content\">\n                <h3>Liderazgo impulsado<\/h3>\n                                <p>\n                    Cada ni\u00f1o es un l\u00edder. Utilizando el plan de estudios \u00abEl l\u00edder que hay en m\u00ed \u00bb de Franklin Covey, los estudiantes desarrollan los conocimientos, la compasi\u00f3n y las habilidades necesarias para descubrir sus puntos fuertes de liderazgo personal y, a su vez, retribuir a la comunidad.                 <\/p>\n                            <\/div>\n                    <\/li>\n            <li>\n                            <figure>\n                                    <\/figure>\n                        <div class=\"content\">\n                <h3>Enriquecimiento acad\u00e9mico y personal<\/h3>\n                                <p>\n                    La ayuda con los deberes y las tutor\u00edas individualizadas garantizan que los estudiantes se mantengan en el buen camino acad\u00e9mico. Los talleres y excursiones de KidWorks permiten a los alumnos descubrir sus propias pasiones y talentos en los campos del arte, la danza, los deportes, STEM y mucho m\u00e1s.                <\/p>\n                            <\/div>\n                    <\/li>\n        <\/ul>\n<\/section>\n\n\n\n<div style=\"height:60px\" aria-hidden=\"true\" class=\"wp-block-spacer\"><\/div>\n\n\n\n<div class=\"wp-block-group has-background has-global-padding is-layout-constrained wp-container-core-group-is-layout-301020a0 wp-block-group-is-layout-constrained\" style=\"background-color:#7ba5db17;padding-top:var(--wp--preset--spacing--50);padding-right:var(--wp--preset--spacing--50);padding-bottom:var(--wp--preset--spacing--50);padding-left:var(--wp--preset--spacing--50)\">\n<h5 class=\"wp-block-heading\"><strong>Informaci\u00f3n sobre el programa<\/strong><\/h5>\n\n\n\n<p><strong>Horario: <\/strong>de 15.00 a 19.00 horas<br\/><strong>Grados: <\/strong>K &#8211; 12<br\/><strong>Coste: <\/strong>$25 por familia\/$25 per family*.<\/p>\n<\/div>\n<\/div>\n<\/div>\n<\/div>\n\n<div class=\"wp-block-cover alignfull\" style=\"padding-top:var(--wp--preset--spacing--100);padding-right:var(--wp--preset--spacing--30);padding-bottom:var(--wp--preset--spacing--100);padding-left:var(--wp--preset--spacing--30);min-height:400px;aspect-ratio:unset;\"><span aria-hidden=\"true\" class=\"wp-block-cover__background has-background-dim-100 has-background-dim wp-block-cover__gradient-background has-background-gradient\" style=\"background:linear-gradient(90deg,rgb(0,83,165) 0%,rgba(0,83,166,0) 99%)\"><\/span><img decoding=\"async\" width=\"1600\" height=\"1067\" class=\"wp-block-cover__image-background wp-image-838\" alt=\"\" src=\"http:\/\/kidworksoc.org\/wp-content\/uploads\/2023\/01\/IMG_9267.jpg\" data-object-fit=\"cover\" srcset=\"https:\/\/kidworksoc.org\/wp-content\/uploads\/2023\/01\/IMG_9267.jpg 1600w, https:\/\/kidworksoc.org\/wp-content\/uploads\/2023\/01\/IMG_9267-1280x854.jpg 1280w, https:\/\/kidworksoc.org\/wp-content\/uploads\/2023\/01\/IMG_9267-1440x960.jpg 1440w, https:\/\/kidworksoc.org\/wp-content\/uploads\/2023\/01\/IMG_9267-1536x1024.jpg 1536w, https:\/\/kidworksoc.org\/wp-content\/uploads\/2023\/01\/IMG_9267-600x400.jpg 600w\" sizes=\"(max-width: 1600px) 100vw, 1600px\" \/><div class=\"wp-block-cover__inner-container is-layout-flow wp-block-cover-is-layout-flow\">\n<div class=\"wp-block-group has-global-padding is-layout-constrained wp-container-core-group-is-layout-4383d167 wp-block-group-is-layout-constrained\">\n<div class=\"wp-block-columns is-layout-flex wp-container-core-columns-is-layout-28f84493 wp-block-columns-is-layout-flex\">\n<div class=\"wp-block-column is-layout-flow wp-block-column-is-layout-flow\" style=\"flex-basis:40%\">\n<blockquote class=\"wp-block-quote is-layout-flow wp-block-quote-is-layout-flow\">\n<p class=\"has-white-color has-text-color\" style=\"font-size:clamp(21.536px, 1.346rem + ((1vw - 3.2px) * 1.403), 35px);line-height:1.3\">\u00abKidWorks es la mejor parte de mi d\u00eda\u00bb<\/p>\n<cite><strong><strong>Maximilio<\/strong><\/strong><\/cite><\/blockquote>\n<\/div>\n\n\n\n<div class=\"wp-block-column is-layout-flow wp-block-column-is-layout-flow\"><\/div>\n<\/div>\n<\/div>\n<\/div><\/div>\n\n<div style=\"height:100px\" aria-hidden=\"true\" class=\"wp-block-spacer\"><\/div>\n\n<h2 class=\"wp-block-heading has-text-align-center\"><strong>Horarios semanales del programa extraescolar 2023-24<\/strong><\/h2>\n\n<p class=\"has-text-align-center\">De <strong>lunes a jueves por grados<\/strong> y ubicaci\u00f3n<\/p>\n\n<div style=\"height:60px\" aria-hidden=\"true\" class=\"wp-block-spacer\"><\/div>\n\n<h4 class=\"wp-block-heading has-text-align-center\"><strong><a href=\"https:\/\/www.google.com\/maps\/place\/KidWorks\/@33.7424592,-117.8951517,15z\/data=!4m6!3m5!1s0x80dcd8f6059d56c1:0xa83d4390b906fbf9!8m2!3d33.7424592!4d-117.8951517!16s%2Fg%2F1vhkkvm8\" target=\"_blank\" rel=\"noreferrer noopener\">Centro Dan Donahue<\/a><\/strong><\/h4>\n\n<div class=\"wp-block-group alignfull has-global-padding is-layout-constrained wp-container-core-group-is-layout-9b5fd1f6 wp-block-group-is-layout-constrained\">\n<figure class=\"wp-block-table is-style-stripes\"><table><thead><tr><th>Plazos<\/th><th>Duraci\u00f3n<\/th><th>Grado<\/th><\/tr><\/thead><tbody><tr><td>15:00 &#8211; 17:00<\/td><td>2 horas<\/td><td>Kinder &#8211; 5\u00ba<\/td><\/tr><tr><td><\/td><td>DESCANSO<\/td><td><\/td><\/tr><tr><td>17:30 &#8211; 19:00 h<\/td><td>1 h y 30 min<\/td><td>6\u00ba &#8211; 12\u00ba curso<\/td><\/tr><\/tbody><\/table><\/figure>\n<\/div>\n\n<div style=\"height:60px\" aria-hidden=\"true\" class=\"wp-block-spacer\"><\/div>\n\n<h4 class=\"wp-block-heading has-text-align-center\"><strong><a href=\"https:\/\/www.google.com\/maps\/place\/KidWorks+Cedar-Evergreen+(KCE)\/@33.7248486,-117.8572651,15z\/data=!4m2!3m1!1s0x0:0x16e03d2480ca7a58?sa=X&amp;ved=2ahUKEwjPmdzR8_L9AhXtNkQIHeC7CJAQ_BJ6BAhcEAc\" target=\"_blank\" rel=\"noreferrer noopener\">Cedro de hoja perenne<\/a><\/strong><\/h4>\n\n<div class=\"wp-block-group alignfull has-global-padding is-layout-constrained wp-container-core-group-is-layout-9b5fd1f6 wp-block-group-is-layout-constrained\">\n<figure class=\"wp-block-table is-style-stripes\"><table><thead><tr><th>Plazos<\/th><th>Duraci\u00f3n<\/th><th>Grado<\/th><\/tr><\/thead><tbody><tr><td>15:00 &#8211; 16:15<\/td><td>1 hora y 15 minutos<\/td><td>Kinder &#8211; 2\u00ba, 6\u00ba grado<\/td><\/tr><tr><td>16:30 &#8211; 17:45<\/td><td>1 hora y 15 minutos<\/td><td>3\u00ba &#8211; 5\u00ba curso<\/td><\/tr><tr><td>18:00 &#8211; 19:00<\/td><td>1 hora <\/td><td>6\u00ba &#8211; 12\u00ba curso<\/td><\/tr><\/tbody><\/table><\/figure>\n<\/div>\n\n<div style=\"height:60px\" aria-hidden=\"true\" class=\"wp-block-spacer\"><\/div>\n\n<h4 class=\"wp-block-heading has-text-align-center\"><strong><a href=\"https:\/\/www.google.com\/maps\/place\/817+S+Townsend+St,+Santa+Ana,+CA+92704\/@33.7363198,-117.895228,18z\/data=!4m6!3m5!1s0x80dcd8f16e59f397:0x3c1c842bf0663a!8m2!3d33.7362582!4d-117.8946335!16s%2Fg%2F11cpns5jyl\" target=\"_blank\" rel=\"noreferrer noopener\">Centro Townsend<\/a><\/strong><\/h4>\n\n<div class=\"wp-block-group alignfull has-global-padding is-layout-constrained wp-container-core-group-is-layout-9b5fd1f6 wp-block-group-is-layout-constrained\">\n<figure class=\"wp-block-table is-style-stripes\"><table><thead><tr><th>Plazos<\/th><th>Duraci\u00f3n<\/th><th>Grado<\/th><\/tr><\/thead><tbody><tr><td>15:00 &#8211; 16:15<\/td><td>1 h y 15 min<\/td><td>Kinder &#8211; 2\u00ba, 6\u00ba grado<\/td><\/tr><tr><td>16:30 &#8211; 17:45<\/td><td>1 hora<\/td><td>3\u00ba &#8211; 5\u00ba curso<\/td><\/tr><tr><td>18:00 &#8211; 19:00<\/td><td>1 hora<\/td><td>6\u00ba &#8211; 8\u00ba curso<\/td><\/tr><\/tbody><\/table><\/figure>\n<\/div>\n","protected":false},"excerpt":{"rendered":"<p>Nuestros distintivos Todo el aprendizaje tiene lugar en un programa seguro, divertido y de alta calidad que se adapta a las necesidades tanto suyas como de su hijo. Informaci\u00f3n sobre&hellip; <a class=\"more-link\" href=\"https:\/\/kidworksoc.org\/es\/programas-extraescolares\/\">Siga Leyendo<\/a><\/p>\n","protected":false},"author":1,"featured_media":2481,"parent":0,"menu_order":0,"comment_status":"closed","ping_status":"closed","template":"","meta":{"_acf_changed":false,"_searchwp_excluded":"","_monsterinsights_skip_tracking":false,"_monsterinsights_sitenote_active":false,"_monsterinsights_sitenote_note":"","_monsterinsights_sitenote_category":0,"_uf_show_specific_survey":0,"_uf_disable_surveys":false,"footnotes":""},"class_list":["post-3155","page","type-page","status-publish","has-post-thumbnail","hentry"],"acf":[],"aioseo_notices":[],"yoast_head":"<!-- This site is optimized with the Yoast SEO plugin v27.4 - https:\/\/yoast.com\/product\/yoast-seo-wordpress\/ -->\n<title>Programas extraescolares - KidWorks<\/title>\n<meta name=\"description\" content=\"Programas extraescolares Apoyo integral a los alumnos de los grados K-12 M\u00e1s que acad\u00e9micos, los programas extraescolares de KidWorks se centran en el\" \/>\n<meta name=\"robots\" content=\"index, follow, max-snippet:-1, max-image-preview:large, max-video-preview:-1\" \/>\n<link rel=\"canonical\" href=\"https:\/\/kidworksoc.org\/es\/programas-extraescolares\/\" \/>\n<meta property=\"og:locale\" content=\"es_ES\" \/>\n<meta property=\"og:type\" content=\"article\" \/>\n<meta property=\"og:title\" content=\"Programas extraescolares - KidWorks\" \/>\n<meta property=\"og:description\" content=\"Programas extraescolares Apoyo integral a los alumnos de los grados K-12 M\u00e1s que acad\u00e9micos, los programas extraescolares de KidWorks se centran en el\" \/>\n<meta property=\"og:url\" content=\"https:\/\/kidworksoc.org\/es\/programas-extraescolares\/\" \/>\n<meta property=\"og:site_name\" content=\"KidWorks\" \/>\n<meta property=\"article:publisher\" content=\"https:\/\/www.facebook.com\/kidworkscdc\" \/>\n<meta property=\"article:modified_time\" content=\"2023-07-13T20:51:53+00:00\" \/>\n<meta property=\"og:image\" content=\"https:\/\/kidworksoc.org\/wp-content\/uploads\/2023\/02\/DSC5631.jpg\" \/>\n\t<meta property=\"og:image:width\" content=\"1600\" \/>\n\t<meta property=\"og:image:height\" content=\"1069\" \/>\n\t<meta property=\"og:image:type\" content=\"image\/jpeg\" \/>\n<meta name=\"twitter:card\" content=\"summary_large_image\" \/>\n<meta name=\"twitter:site\" content=\"@kidworks\" \/>\n<script type=\"application\/ld+json\" class=\"yoast-schema-graph\">{\"@context\":\"https:\\\/\\\/schema.org\",\"@graph\":[{\"@type\":\"WebPage\",\"@id\":\"https:\\\/\\\/kidworksoc.org\\\/es\\\/programas-extraescolares\\\/\",\"url\":\"https:\\\/\\\/kidworksoc.org\\\/es\\\/programas-extraescolares\\\/\",\"name\":\"Programas extraescolares - KidWorks\",\"isPartOf\":{\"@id\":\"https:\\\/\\\/kidworksoc.org\\\/es\\\/#website\"},\"primaryImageOfPage\":{\"@id\":\"https:\\\/\\\/kidworksoc.org\\\/es\\\/programas-extraescolares\\\/#primaryimage\"},\"image\":{\"@id\":\"https:\\\/\\\/kidworksoc.org\\\/es\\\/programas-extraescolares\\\/#primaryimage\"},\"thumbnailUrl\":\"https:\\\/\\\/kidworksoc.org\\\/wp-content\\\/uploads\\\/2023\\\/02\\\/DSC5631.jpg\",\"datePublished\":\"2023-01-25T18:26:17+00:00\",\"dateModified\":\"2023-07-13T20:51:53+00:00\",\"description\":\"Programas extraescolares Apoyo integral a los alumnos de los grados K-12 M\u00e1s que acad\u00e9micos, los programas extraescolares de KidWorks se centran en el\",\"breadcrumb\":{\"@id\":\"https:\\\/\\\/kidworksoc.org\\\/es\\\/programas-extraescolares\\\/#breadcrumb\"},\"inLanguage\":\"es\",\"potentialAction\":[{\"@type\":\"ReadAction\",\"target\":[\"https:\\\/\\\/kidworksoc.org\\\/es\\\/programas-extraescolares\\\/\"]}]},{\"@type\":\"ImageObject\",\"inLanguage\":\"es\",\"@id\":\"https:\\\/\\\/kidworksoc.org\\\/es\\\/programas-extraescolares\\\/#primaryimage\",\"url\":\"https:\\\/\\\/kidworksoc.org\\\/wp-content\\\/uploads\\\/2023\\\/02\\\/DSC5631.jpg\",\"contentUrl\":\"https:\\\/\\\/kidworksoc.org\\\/wp-content\\\/uploads\\\/2023\\\/02\\\/DSC5631.jpg\",\"width\":1600,\"height\":1069},{\"@type\":\"BreadcrumbList\",\"@id\":\"https:\\\/\\\/kidworksoc.org\\\/es\\\/programas-extraescolares\\\/#breadcrumb\",\"itemListElement\":[{\"@type\":\"ListItem\",\"position\":1,\"name\":\"Home\",\"item\":\"https:\\\/\\\/kidworksoc.org\\\/es\\\/\"},{\"@type\":\"ListItem\",\"position\":2,\"name\":\"Programas extraescolares\"}]},{\"@type\":\"WebSite\",\"@id\":\"https:\\\/\\\/kidworksoc.org\\\/es\\\/#website\",\"url\":\"https:\\\/\\\/kidworksoc.org\\\/es\\\/\",\"name\":\"KidWorks\",\"description\":\"Unleashing Youth Potential\u2122\",\"publisher\":{\"@id\":\"https:\\\/\\\/kidworksoc.org\\\/es\\\/#organization\"},\"potentialAction\":[{\"@type\":\"SearchAction\",\"target\":{\"@type\":\"EntryPoint\",\"urlTemplate\":\"https:\\\/\\\/kidworksoc.org\\\/es\\\/?s={search_term_string}\"},\"query-input\":{\"@type\":\"PropertyValueSpecification\",\"valueRequired\":true,\"valueName\":\"search_term_string\"}}],\"inLanguage\":\"es\"},{\"@type\":\"Organization\",\"@id\":\"https:\\\/\\\/kidworksoc.org\\\/es\\\/#organization\",\"name\":\"KidWorks\",\"url\":\"https:\\\/\\\/kidworksoc.org\\\/es\\\/\",\"logo\":{\"@type\":\"ImageObject\",\"inLanguage\":\"es\",\"@id\":\"https:\\\/\\\/kidworksoc.org\\\/es\\\/#\\\/schema\\\/logo\\\/image\\\/\",\"url\":\"https:\\\/\\\/kidworksoc.org\\\/wp-content\\\/uploads\\\/2023\\\/01\\\/kidworks-anniversary-logo.png\",\"contentUrl\":\"https:\\\/\\\/kidworksoc.org\\\/wp-content\\\/uploads\\\/2023\\\/01\\\/kidworks-anniversary-logo.png\",\"width\":420,\"height\":114,\"caption\":\"KidWorks\"},\"image\":{\"@id\":\"https:\\\/\\\/kidworksoc.org\\\/es\\\/#\\\/schema\\\/logo\\\/image\\\/\"},\"sameAs\":[\"https:\\\/\\\/www.facebook.com\\\/kidworkscdc\",\"https:\\\/\\\/x.com\\\/kidworks\",\"https:\\\/\\\/www.instagram.com\\\/kidworks\\\/\",\"https:\\\/\\\/www.yelp.com\\\/biz\\\/kidworks-santa-ana?osq=kidworks\",\"https:\\\/\\\/www.youtube.com\\\/user\\\/KidWorksCDC\",\"https:\\\/\\\/www.linkedin.com\\\/company\\\/kidworkscdc\"]}]}<\/script>\n<!-- \/ Yoast SEO plugin. -->","yoast_head_json":{"title":"Programas extraescolares - KidWorks","description":"Programas extraescolares Apoyo integral a los alumnos de los grados K-12 M\u00e1s que acad\u00e9micos, los programas extraescolares de KidWorks se centran en el","robots":{"index":"index","follow":"follow","max-snippet":"max-snippet:-1","max-image-preview":"max-image-preview:large","max-video-preview":"max-video-preview:-1"},"canonical":"https:\/\/kidworksoc.org\/es\/programas-extraescolares\/","og_locale":"es_ES","og_type":"article","og_title":"Programas extraescolares - KidWorks","og_description":"Programas extraescolares Apoyo integral a los alumnos de los grados K-12 M\u00e1s que acad\u00e9micos, los programas extraescolares de KidWorks se centran en el","og_url":"https:\/\/kidworksoc.org\/es\/programas-extraescolares\/","og_site_name":"KidWorks","article_publisher":"https:\/\/www.facebook.com\/kidworkscdc","article_modified_time":"2023-07-13T20:51:53+00:00","og_image":[{"width":1600,"height":1069,"url":"https:\/\/kidworksoc.org\/wp-content\/uploads\/2023\/02\/DSC5631.jpg","type":"image\/jpeg"}],"twitter_card":"summary_large_image","twitter_site":"@kidworks","schema":{"@context":"https:\/\/schema.org","@graph":[{"@type":"WebPage","@id":"https:\/\/kidworksoc.org\/es\/programas-extraescolares\/","url":"https:\/\/kidworksoc.org\/es\/programas-extraescolares\/","name":"Programas extraescolares - KidWorks","isPartOf":{"@id":"https:\/\/kidworksoc.org\/es\/#website"},"primaryImageOfPage":{"@id":"https:\/\/kidworksoc.org\/es\/programas-extraescolares\/#primaryimage"},"image":{"@id":"https:\/\/kidworksoc.org\/es\/programas-extraescolares\/#primaryimage"},"thumbnailUrl":"https:\/\/kidworksoc.org\/wp-content\/uploads\/2023\/02\/DSC5631.jpg","datePublished":"2023-01-25T18:26:17+00:00","dateModified":"2023-07-13T20:51:53+00:00","description":"Programas extraescolares Apoyo integral a los alumnos de los grados K-12 M\u00e1s que acad\u00e9micos, los programas extraescolares de KidWorks se centran en el","breadcrumb":{"@id":"https:\/\/kidworksoc.org\/es\/programas-extraescolares\/#breadcrumb"},"inLanguage":"es","potentialAction":[{"@type":"ReadAction","target":["https:\/\/kidworksoc.org\/es\/programas-extraescolares\/"]}]},{"@type":"ImageObject","inLanguage":"es","@id":"https:\/\/kidworksoc.org\/es\/programas-extraescolares\/#primaryimage","url":"https:\/\/kidworksoc.org\/wp-content\/uploads\/2023\/02\/DSC5631.jpg","contentUrl":"https:\/\/kidworksoc.org\/wp-content\/uploads\/2023\/02\/DSC5631.jpg","width":1600,"height":1069},{"@type":"BreadcrumbList","@id":"https:\/\/kidworksoc.org\/es\/programas-extraescolares\/#breadcrumb","itemListElement":[{"@type":"ListItem","position":1,"name":"Home","item":"https:\/\/kidworksoc.org\/es\/"},{"@type":"ListItem","position":2,"name":"Programas extraescolares"}]},{"@type":"WebSite","@id":"https:\/\/kidworksoc.org\/es\/#website","url":"https:\/\/kidworksoc.org\/es\/","name":"KidWorks","description":"Unleashing Youth Potential\u2122","publisher":{"@id":"https:\/\/kidworksoc.org\/es\/#organization"},"potentialAction":[{"@type":"SearchAction","target":{"@type":"EntryPoint","urlTemplate":"https:\/\/kidworksoc.org\/es\/?s={search_term_string}"},"query-input":{"@type":"PropertyValueSpecification","valueRequired":true,"valueName":"search_term_string"}}],"inLanguage":"es"},{"@type":"Organization","@id":"https:\/\/kidworksoc.org\/es\/#organization","name":"KidWorks","url":"https:\/\/kidworksoc.org\/es\/","logo":{"@type":"ImageObject","inLanguage":"es","@id":"https:\/\/kidworksoc.org\/es\/#\/schema\/logo\/image\/","url":"https:\/\/kidworksoc.org\/wp-content\/uploads\/2023\/01\/kidworks-anniversary-logo.png","contentUrl":"https:\/\/kidworksoc.org\/wp-content\/uploads\/2023\/01\/kidworks-anniversary-logo.png","width":420,"height":114,"caption":"KidWorks"},"image":{"@id":"https:\/\/kidworksoc.org\/es\/#\/schema\/logo\/image\/"},"sameAs":["https:\/\/www.facebook.com\/kidworkscdc","https:\/\/x.com\/kidworks","https:\/\/www.instagram.com\/kidworks\/","https:\/\/www.yelp.com\/biz\/kidworks-santa-ana?osq=kidworks","https:\/\/www.youtube.com\/user\/KidWorksCDC","https:\/\/www.linkedin.com\/company\/kidworkscdc"]}]}},"_links":{"self":[{"href":"https:\/\/kidworksoc.org\/es\/wp-json\/wp\/v2\/pages\/3155","targetHints":{"allow":["GET"]}}],"collection":[{"href":"https:\/\/kidworksoc.org\/es\/wp-json\/wp\/v2\/pages"}],"about":[{"href":"https:\/\/kidworksoc.org\/es\/wp-json\/wp\/v2\/types\/page"}],"author":[{"embeddable":true,"href":"https:\/\/kidworksoc.org\/es\/wp-json\/wp\/v2\/users\/1"}],"replies":[{"embeddable":true,"href":"https:\/\/kidworksoc.org\/es\/wp-json\/wp\/v2\/comments?post=3155"}],"version-history":[{"count":0,"href":"https:\/\/kidworksoc.org\/es\/wp-json\/wp\/v2\/pages\/3155\/revisions"}],"wp:featuredmedia":[{"embeddable":true,"href":"https:\/\/kidworksoc.org\/es\/wp-json\/wp\/v2\/media\/2481"}],"wp:attachment":[{"href":"https:\/\/kidworksoc.org\/es\/wp-json\/wp\/v2\/media?parent=3155"}],"curies":[{"name":"wp","href":"https:\/\/api.w.org\/{rel}","templated":true}]}}