{"id":3154,"date":"2022-12-05T21:13:39","date_gmt":"2022-12-06T05:13:39","guid":{"rendered":"http:\/\/kidworksoc.org\/familias\/"},"modified":"2023-07-12T16:41:00","modified_gmt":"2023-07-12T23:41:00","slug":"familias","status":"publish","type":"page","link":"https:\/\/kidworksoc.org\/es\/familias\/","title":{"rendered":"Familias"},"content":{"rendered":"\n<div class=\"wp-block-cover alignfull is-light\" style=\"padding-top:var(--wp--preset--spacing--300);padding-right:var(--wp--preset--spacing--30);padding-bottom:var(--wp--preset--spacing--150);padding-left:var(--wp--preset--spacing--30);min-height:800px;aspect-ratio:unset;\"><span aria-hidden=\"true\" class=\"wp-block-cover__background has-background-dim-100 has-background-dim has-background-gradient\" style=\"background:linear-gradient(0deg,rgb(24,49,111) 0%,rgba(25,49,112,0.35) 100%)\"><\/span><img decoding=\"async\" width=\"2000\" height=\"1124\" src=\"https:\/\/kidworksoc.org\/wp-content\/uploads\/2023\/01\/KidWorks-PAC-Group.jpg\" class=\"wp-block-cover__image-background wp-post-image\" alt=\"\" data-object-fit=\"cover\" data-object-position=\"50% 60%\" style=\"object-position:50% 60%;\" srcset=\"https:\/\/kidworksoc.org\/wp-content\/uploads\/2023\/01\/KidWorks-PAC-Group.jpg 2000w, https:\/\/kidworksoc.org\/wp-content\/uploads\/2023\/01\/KidWorks-PAC-Group-1280x719.jpg 1280w, https:\/\/kidworksoc.org\/wp-content\/uploads\/2023\/01\/KidWorks-PAC-Group-1600x899.jpg 1600w, https:\/\/kidworksoc.org\/wp-content\/uploads\/2023\/01\/KidWorks-PAC-Group-1440x809.jpg 1440w, https:\/\/kidworksoc.org\/wp-content\/uploads\/2023\/01\/KidWorks-PAC-Group-1536x863.jpg 1536w, https:\/\/kidworksoc.org\/wp-content\/uploads\/2023\/01\/KidWorks-PAC-Group-600x337.jpg 600w\" sizes=\"(max-width: 2000px) 100vw, 2000px\" \/><div class=\"wp-block-cover__inner-container is-layout-flow wp-block-cover-is-layout-flow\">\n<div class=\"wp-block-group has-white-color has-text-color has-global-padding is-layout-constrained wp-container-core-group-is-layout-9b5fd1f6 wp-block-group-is-layout-constrained\">\n<h1 class=\"wp-block-heading has-text-align-center is-style-muted-heading has-accent-color has-text-color\"><strong>Familias<\/strong><\/h1>\n\n\n\n<h2 class=\"wp-block-heading has-text-align-center is-style-dashed-heading has-white-color has-text-color\" style=\"font-size:clamp(33.419px, 2.089rem + ((1vw - 3.2px) * 2.769), 60px);\"><strong>Asociarse con los padres para un ma\u00f1ana mejor<\/strong><\/h2>\n\n\n\n<p class=\"has-text-align-center has-tertiary-light-color has-text-color has-medium-font-size\">Libere el potencial de su hijo con recursos de tutor\u00eda y desarrollo del liderazgo para toda la familia.<\/p>\n<\/div>\n<\/div><\/div>\n\n<div class=\"wp-block-group alignfull has-tertiary-background-color has-background has-global-padding is-layout-constrained wp-container-core-group-is-layout-9629f533 wp-block-group-is-layout-constrained\" style=\"padding-top:var(--wp--preset--spacing--100);padding-right:var(--wp--preset--spacing--30);padding-bottom:var(--wp--preset--spacing--100);padding-left:var(--wp--preset--spacing--30)\">\n<div class=\"wp-block-columns alignwide is-style-lg-gap is-layout-flex wp-container-core-columns-is-layout-28f84493 wp-block-columns-is-layout-flex\">\n<div class=\"wp-block-column is-style-sticky is-layout-flow wp-block-column-is-layout-flow\" style=\"flex-basis:33.33%\">\n<h2 class=\"wp-block-heading has-x-large-font-size\"><strong>Nuestros distintivos<\/strong><\/h2>\n\n\n\n<p>Creemos que los padres son los primeros educadores de sus hijos. Y para que los ni\u00f1os tengan \u00e9xito, los padres deben participar y recibir apoyo.  <\/p>\n\n\n\n<div class=\"wp-block-buttons is-layout-flex wp-block-buttons-is-layout-flex\">\n<div class=\"wp-block-button\"><a class=\"wp-block-button__link wp-element-button\" href=\"http:\/\/kidworksoc.org\/es\/inscripcion-en-el-programa\/\">Reg\u00edstrese hoy<\/a><\/div>\n<\/div>\n\n\n<\/div>\n\n\n\n<div class=\"wp-block-column is-layout-flow wp-block-column-is-layout-flow\" style=\"flex-basis:66.66%\">\n<section class=\"blocks block-blurbs is-style-icon-inline-blurb\" id=\"block_2ccd7046bbb8650624621662d5638cad\">\n    <ul>\n            <li>\n                            <figure>\n                    <img decoding=\"async\" width=\"512\" height=\"512\" src=\"https:\/\/kidworksoc.org\/wp-content\/uploads\/2023\/03\/icon-parents.png\" class=\"attachment-thumb_uncropped size-thumb_uncropped\" alt=\"\" srcset=\"https:\/\/kidworksoc.org\/wp-content\/uploads\/2023\/03\/icon-parents.png 512w, https:\/\/kidworksoc.org\/wp-content\/uploads\/2023\/03\/icon-parents-150x150.png 150w\" sizes=\"(max-width: 512px) 100vw, 512px\" \/>                <\/figure>\n                        <div class=\"content\">\n                <h3>Impulsado por los padres<\/h3>\n                                <p>\n                    KidWorks Parent Advisory Council (PAC) is a highly active group of parent leaders who meet monthly to discuss issues facing the community, and devise strategies to overcome those challenges.  They also plan events for parents in the community, including Posada and our parents conference.                <\/p>\n                            <\/div>\n                    <\/li>\n            <li>\n                            <figure>\n                                    <\/figure>\n                        <div class=\"content\">\n                <h3>Educaci\u00f3n<\/h3>\n                                <p>\n                    La educaci\u00f3n es un esfuerzo permanente. KidWorks ofrece una variedad de clases y talleres dirigidos por expertos en el campo del desarrollo infantil, la salud, las finanzas y la tecnolog\u00eda para proporcionar una mayor educaci\u00f3n a los padres.                <\/p>\n                            <\/div>\n                    <\/li>\n            <li>\n                            <figure>\n                    <img decoding=\"async\" width=\"512\" height=\"512\" src=\"https:\/\/kidworksoc.org\/wp-content\/uploads\/2023\/03\/icon-leader.png\" class=\"attachment-thumb_uncropped size-thumb_uncropped\" alt=\"\" srcset=\"https:\/\/kidworksoc.org\/wp-content\/uploads\/2023\/03\/icon-leader.png 512w, https:\/\/kidworksoc.org\/wp-content\/uploads\/2023\/03\/icon-leader-150x150.png 150w\" sizes=\"(max-width: 512px) 100vw, 512px\" \/>                <\/figure>\n                        <div class=\"content\">\n                <h3>Apoyo a los padres<\/h3>\n                                <p>\n                    El personal de KidWorks proporciona referencias y recursos para apoyar a los padres y familiares.                  <\/p>\n                            <\/div>\n                    <\/li>\n            <li>\n                            <figure>\n                    <img decoding=\"async\" width=\"512\" height=\"512\" src=\"https:\/\/kidworksoc.org\/wp-content\/uploads\/2023\/03\/icon-hand-shake.png\" class=\"attachment-thumb_uncropped size-thumb_uncropped\" alt=\"\" srcset=\"https:\/\/kidworksoc.org\/wp-content\/uploads\/2023\/03\/icon-hand-shake.png 512w, https:\/\/kidworksoc.org\/wp-content\/uploads\/2023\/03\/icon-hand-shake-150x150.png 150w\" sizes=\"(max-width: 512px) 100vw, 512px\" \/>                <\/figure>\n                        <div class=\"content\">\n                <h3>Comunidad reforzada<\/h3>\n                                <p>\n                    Aprovechando los puntos fuertes del centro de Santa Ana, los padres trabajan junto con socios de la comunidad para hacer de los barrios que rodean KidWorks un lugar mejor.                <\/p>\n                            <\/div>\n                    <\/li>\n        <\/ul>\n<\/section>\n\n\n\n<div style=\"height:70px\" aria-hidden=\"true\" class=\"wp-block-spacer\"><\/div>\n\n\n<script data-js='tribe-events-view-nonce-data' type='application\/json'>{\"tvn1\":\"6ee1659465\",\"tvn2\":\"\"}<\/script><\/div>\n<\/div>\n<\/div>\n\n<div style=\"height:100px\" aria-hidden=\"true\" class=\"wp-block-spacer\"><\/div>\n\n<figure class=\"wp-block-gallery alignwide has-nested-images columns-default is-cropped wp-block-gallery-1 is-layout-flex wp-block-gallery-is-layout-flex\">\n<figure class=\"wp-block-image size-medium\"><img decoding=\"async\" width=\"1280\" height=\"719\" data-id=\"883\" src=\"http:\/\/kidworksoc.org\/wp-content\/uploads\/2023\/01\/IMG_1142-1280x719.jpg\" alt=\"\" class=\"wp-image-883\" srcset=\"https:\/\/kidworksoc.org\/wp-content\/uploads\/2023\/01\/IMG_1142-1280x719.jpg 1280w, https:\/\/kidworksoc.org\/wp-content\/uploads\/2023\/01\/IMG_1142-1600x899.jpg 1600w, https:\/\/kidworksoc.org\/wp-content\/uploads\/2023\/01\/IMG_1142-1440x809.jpg 1440w, https:\/\/kidworksoc.org\/wp-content\/uploads\/2023\/01\/IMG_1142-1536x863.jpg 1536w, https:\/\/kidworksoc.org\/wp-content\/uploads\/2023\/01\/IMG_1142-600x337.jpg 600w, https:\/\/kidworksoc.org\/wp-content\/uploads\/2023\/01\/IMG_1142.jpg 2000w\" sizes=\"(max-width: 1280px) 100vw, 1280px\" \/><\/figure>\n\n\n\n<figure class=\"wp-block-image size-medium\"><img decoding=\"async\" width=\"1280\" height=\"719\" data-id=\"886\" src=\"http:\/\/kidworksoc.org\/wp-content\/uploads\/2023\/01\/IMG_2159-1280x719.jpg\" alt=\"\" class=\"wp-image-886\" srcset=\"https:\/\/kidworksoc.org\/wp-content\/uploads\/2023\/01\/IMG_2159-1280x719.jpg 1280w, https:\/\/kidworksoc.org\/wp-content\/uploads\/2023\/01\/IMG_2159-1600x899.jpg 1600w, https:\/\/kidworksoc.org\/wp-content\/uploads\/2023\/01\/IMG_2159-1440x809.jpg 1440w, https:\/\/kidworksoc.org\/wp-content\/uploads\/2023\/01\/IMG_2159-1536x863.jpg 1536w, https:\/\/kidworksoc.org\/wp-content\/uploads\/2023\/01\/IMG_2159-600x337.jpg 600w, https:\/\/kidworksoc.org\/wp-content\/uploads\/2023\/01\/IMG_2159.jpg 2000w\" sizes=\"(max-width: 1280px) 100vw, 1280px\" \/><\/figure>\n\n\n\n<figure class=\"wp-block-image size-medium\"><img decoding=\"async\" width=\"1280\" height=\"719\" data-id=\"881\" src=\"http:\/\/kidworksoc.org\/wp-content\/uploads\/2023\/01\/KidWorks-PAC-Group-1280x719.jpg\" alt=\"\" class=\"wp-image-881\" srcset=\"https:\/\/kidworksoc.org\/wp-content\/uploads\/2023\/01\/KidWorks-PAC-Group-1280x719.jpg 1280w, https:\/\/kidworksoc.org\/wp-content\/uploads\/2023\/01\/KidWorks-PAC-Group-1600x899.jpg 1600w, https:\/\/kidworksoc.org\/wp-content\/uploads\/2023\/01\/KidWorks-PAC-Group-1440x809.jpg 1440w, https:\/\/kidworksoc.org\/wp-content\/uploads\/2023\/01\/KidWorks-PAC-Group-1536x863.jpg 1536w, https:\/\/kidworksoc.org\/wp-content\/uploads\/2023\/01\/KidWorks-PAC-Group-600x337.jpg 600w, https:\/\/kidworksoc.org\/wp-content\/uploads\/2023\/01\/KidWorks-PAC-Group.jpg 2000w\" sizes=\"(max-width: 1280px) 100vw, 1280px\" \/><\/figure>\n<\/figure>\n\n<div style=\"height:100px\" aria-hidden=\"true\" class=\"wp-block-spacer\"><\/div>\n\n<div class=\"wp-block-cover alignfull\" style=\"padding-top:var(--wp--preset--spacing--150);padding-right:var(--wp--preset--spacing--30);padding-bottom:var(--wp--preset--spacing--150);padding-left:var(--wp--preset--spacing--30);min-height:400px;aspect-ratio:unset;\"><span aria-hidden=\"true\" class=\"wp-block-cover__background has-background-dim-100 has-background-dim wp-block-cover__gradient-background has-background-gradient\" style=\"background:linear-gradient(275deg,rgb(0,83,165) 20%,rgba(0,83,166,0) 100%)\"><\/span><img decoding=\"async\" width=\"1800\" height=\"800\" class=\"wp-block-cover__image-background wp-image-2836\" alt=\"\" src=\"http:\/\/kidworksoc.org\/wp-content\/uploads\/2023\/04\/Dominga-Sanchez.jpg\" style=\"object-position:29% 44%\" data-object-fit=\"cover\" data-object-position=\"29% 44%\" srcset=\"https:\/\/kidworksoc.org\/wp-content\/uploads\/2023\/04\/Dominga-Sanchez.jpg 1800w, https:\/\/kidworksoc.org\/wp-content\/uploads\/2023\/04\/Dominga-Sanchez-1280x569.jpg 1280w, https:\/\/kidworksoc.org\/wp-content\/uploads\/2023\/04\/Dominga-Sanchez-1600x711.jpg 1600w, https:\/\/kidworksoc.org\/wp-content\/uploads\/2023\/04\/Dominga-Sanchez-1440x640.jpg 1440w, https:\/\/kidworksoc.org\/wp-content\/uploads\/2023\/04\/Dominga-Sanchez-1536x683.jpg 1536w, https:\/\/kidworksoc.org\/wp-content\/uploads\/2023\/04\/Dominga-Sanchez-600x267.jpg 600w\" sizes=\"(max-width: 1800px) 100vw, 1800px\" \/><div class=\"wp-block-cover__inner-container is-layout-flow wp-block-cover-is-layout-flow\">\n<div class=\"wp-block-group has-global-padding is-layout-constrained wp-container-core-group-is-layout-4383d167 wp-block-group-is-layout-constrained\">\n<div class=\"wp-block-columns is-layout-flex wp-container-core-columns-is-layout-28f84493 wp-block-columns-is-layout-flex\">\n<div class=\"wp-block-column is-layout-flow wp-block-column-is-layout-flow\"><\/div>\n\n\n\n<div class=\"wp-block-column is-layout-flow wp-block-column-is-layout-flow\" style=\"flex-basis:50%\">\n<blockquote class=\"wp-block-quote is-layout-flow wp-block-quote-is-layout-flow\">\n<p class=\"has-white-color has-text-color\" style=\"font-size:clamp(20px, 1.25rem + ((1vw - 3.2px) * 1.25), 32px);line-height:1.3\">\u00abNo puedo imaginar mi vida sin KidWorks, esta organizaci\u00f3n es verdaderamente una bendici\u00f3n de Dios. Estoy muy orgullosa de representar a KidWorks all\u00e1 donde voy\u00bb.<\/p>\n<cite><br><strong><br><strong>Dominga S.<\/strong><\/strong><\/cite><\/blockquote>\n<\/div>\n<\/div>\n<\/div>\n<\/div><\/div>\n","protected":false},"excerpt":{"rendered":"<p>Nuestros distintivos Creemos que los padres son los primeros educadores de sus hijos. Y para que los ni\u00f1os tengan \u00e9xito, los padres deben participar y recibir apoyo.<\/p>\n","protected":false},"author":1,"featured_media":882,"parent":0,"menu_order":0,"comment_status":"closed","ping_status":"closed","template":"","meta":{"_acf_changed":false,"_searchwp_excluded":"","_monsterinsights_skip_tracking":false,"_monsterinsights_sitenote_active":false,"_monsterinsights_sitenote_note":"","_monsterinsights_sitenote_category":0,"_uf_show_specific_survey":0,"_uf_disable_surveys":false,"footnotes":""},"class_list":["post-3154","page","type-page","status-publish","has-post-thumbnail","hentry"],"acf":[],"aioseo_notices":[],"yoast_head":"<!-- This site is optimized with the Yoast SEO plugin v27.5 - https:\/\/yoast.com\/product\/yoast-seo-wordpress\/ -->\n<title>Familias - KidWorks<\/title>\n<meta name=\"description\" content=\"Familias Asociarse con los padres para un ma\u00f1ana mejor Libere el potencial de su hijo con recursos de tutor\u00eda y desarrollo del liderazgo para toda la\" \/>\n<meta name=\"robots\" content=\"index, follow, max-snippet:-1, max-image-preview:large, max-video-preview:-1\" \/>\n<link rel=\"canonical\" href=\"https:\/\/kidworksoc.org\/es\/familias\/\" \/>\n<meta property=\"og:locale\" content=\"es_ES\" \/>\n<meta property=\"og:type\" content=\"article\" \/>\n<meta property=\"og:title\" content=\"Familias - KidWorks\" \/>\n<meta property=\"og:description\" content=\"Familias Asociarse con los padres para un ma\u00f1ana mejor Libere el potencial de su hijo con recursos de tutor\u00eda y desarrollo del liderazgo para toda la\" \/>\n<meta property=\"og:url\" content=\"https:\/\/kidworksoc.org\/es\/familias\/\" \/>\n<meta property=\"og:site_name\" content=\"KidWorks\" \/>\n<meta property=\"article:publisher\" content=\"https:\/\/www.facebook.com\/kidworkscdc\" \/>\n<meta property=\"article:modified_time\" content=\"2023-07-12T23:41:00+00:00\" \/>\n<meta property=\"og:image\" content=\"https:\/\/kidworksoc.org\/wp-content\/uploads\/2023\/01\/KidWorks-PAC-Group.jpg\" \/>\n\t<meta property=\"og:image:width\" content=\"2000\" \/>\n\t<meta property=\"og:image:height\" content=\"1124\" \/>\n\t<meta property=\"og:image:type\" content=\"image\/jpeg\" \/>\n<meta name=\"twitter:card\" content=\"summary_large_image\" \/>\n<meta name=\"twitter:site\" content=\"@kidworks\" \/>\n<script type=\"application\/ld+json\" class=\"yoast-schema-graph\">{\"@context\":\"https:\\\/\\\/schema.org\",\"@graph\":[{\"@type\":\"WebPage\",\"@id\":\"https:\\\/\\\/kidworksoc.org\\\/es\\\/familias\\\/\",\"url\":\"https:\\\/\\\/kidworksoc.org\\\/es\\\/familias\\\/\",\"name\":\"Familias - KidWorks\",\"isPartOf\":{\"@id\":\"https:\\\/\\\/kidworksoc.org\\\/es\\\/#website\"},\"primaryImageOfPage\":{\"@id\":\"https:\\\/\\\/kidworksoc.org\\\/es\\\/familias\\\/#primaryimage\"},\"image\":{\"@id\":\"https:\\\/\\\/kidworksoc.org\\\/es\\\/familias\\\/#primaryimage\"},\"thumbnailUrl\":\"https:\\\/\\\/kidworksoc.org\\\/wp-content\\\/uploads\\\/2023\\\/01\\\/KidWorks-PAC-Group.jpg\",\"datePublished\":\"2022-12-06T05:13:39+00:00\",\"dateModified\":\"2023-07-12T23:41:00+00:00\",\"description\":\"Familias Asociarse con los padres para un ma\u00f1ana mejor Libere el potencial de su hijo con recursos de tutor\u00eda y desarrollo del liderazgo para toda la\",\"breadcrumb\":{\"@id\":\"https:\\\/\\\/kidworksoc.org\\\/es\\\/familias\\\/#breadcrumb\"},\"inLanguage\":\"es\",\"potentialAction\":[{\"@type\":\"ReadAction\",\"target\":[\"https:\\\/\\\/kidworksoc.org\\\/es\\\/familias\\\/\"]}]},{\"@type\":\"ImageObject\",\"inLanguage\":\"es\",\"@id\":\"https:\\\/\\\/kidworksoc.org\\\/es\\\/familias\\\/#primaryimage\",\"url\":\"https:\\\/\\\/kidworksoc.org\\\/wp-content\\\/uploads\\\/2023\\\/01\\\/KidWorks-PAC-Group.jpg\",\"contentUrl\":\"https:\\\/\\\/kidworksoc.org\\\/wp-content\\\/uploads\\\/2023\\\/01\\\/KidWorks-PAC-Group.jpg\",\"width\":2000,\"height\":1124},{\"@type\":\"BreadcrumbList\",\"@id\":\"https:\\\/\\\/kidworksoc.org\\\/es\\\/familias\\\/#breadcrumb\",\"itemListElement\":[{\"@type\":\"ListItem\",\"position\":1,\"name\":\"Home\",\"item\":\"https:\\\/\\\/kidworksoc.org\\\/es\\\/\"},{\"@type\":\"ListItem\",\"position\":2,\"name\":\"Familias\"}]},{\"@type\":\"WebSite\",\"@id\":\"https:\\\/\\\/kidworksoc.org\\\/es\\\/#website\",\"url\":\"https:\\\/\\\/kidworksoc.org\\\/es\\\/\",\"name\":\"KidWorks\",\"description\":\"Unleashing Youth Potential\u2122\",\"publisher\":{\"@id\":\"https:\\\/\\\/kidworksoc.org\\\/es\\\/#organization\"},\"potentialAction\":[{\"@type\":\"SearchAction\",\"target\":{\"@type\":\"EntryPoint\",\"urlTemplate\":\"https:\\\/\\\/kidworksoc.org\\\/es\\\/?s={search_term_string}\"},\"query-input\":{\"@type\":\"PropertyValueSpecification\",\"valueRequired\":true,\"valueName\":\"search_term_string\"}}],\"inLanguage\":\"es\"},{\"@type\":\"Organization\",\"@id\":\"https:\\\/\\\/kidworksoc.org\\\/es\\\/#organization\",\"name\":\"KidWorks\",\"url\":\"https:\\\/\\\/kidworksoc.org\\\/es\\\/\",\"logo\":{\"@type\":\"ImageObject\",\"inLanguage\":\"es\",\"@id\":\"https:\\\/\\\/kidworksoc.org\\\/es\\\/#\\\/schema\\\/logo\\\/image\\\/\",\"url\":\"https:\\\/\\\/kidworksoc.org\\\/wp-content\\\/uploads\\\/2023\\\/01\\\/kidworks-anniversary-logo.png\",\"contentUrl\":\"https:\\\/\\\/kidworksoc.org\\\/wp-content\\\/uploads\\\/2023\\\/01\\\/kidworks-anniversary-logo.png\",\"width\":420,\"height\":114,\"caption\":\"KidWorks\"},\"image\":{\"@id\":\"https:\\\/\\\/kidworksoc.org\\\/es\\\/#\\\/schema\\\/logo\\\/image\\\/\"},\"sameAs\":[\"https:\\\/\\\/www.facebook.com\\\/kidworkscdc\",\"https:\\\/\\\/x.com\\\/kidworks\",\"https:\\\/\\\/www.instagram.com\\\/kidworks\\\/\",\"https:\\\/\\\/www.yelp.com\\\/biz\\\/kidworks-santa-ana?osq=kidworks\",\"https:\\\/\\\/www.youtube.com\\\/user\\\/KidWorksCDC\",\"https:\\\/\\\/www.linkedin.com\\\/company\\\/kidworkscdc\"]}]}<\/script>\n<!-- \/ Yoast SEO plugin. -->","yoast_head_json":{"title":"Familias - KidWorks","description":"Familias Asociarse con los padres para un ma\u00f1ana mejor Libere el potencial de su hijo con recursos de tutor\u00eda y desarrollo del liderazgo para toda la","robots":{"index":"index","follow":"follow","max-snippet":"max-snippet:-1","max-image-preview":"max-image-preview:large","max-video-preview":"max-video-preview:-1"},"canonical":"https:\/\/kidworksoc.org\/es\/familias\/","og_locale":"es_ES","og_type":"article","og_title":"Familias - KidWorks","og_description":"Familias Asociarse con los padres para un ma\u00f1ana mejor Libere el potencial de su hijo con recursos de tutor\u00eda y desarrollo del liderazgo para toda la","og_url":"https:\/\/kidworksoc.org\/es\/familias\/","og_site_name":"KidWorks","article_publisher":"https:\/\/www.facebook.com\/kidworkscdc","article_modified_time":"2023-07-12T23:41:00+00:00","og_image":[{"width":2000,"height":1124,"url":"https:\/\/kidworksoc.org\/wp-content\/uploads\/2023\/01\/KidWorks-PAC-Group.jpg","type":"image\/jpeg"}],"twitter_card":"summary_large_image","twitter_site":"@kidworks","schema":{"@context":"https:\/\/schema.org","@graph":[{"@type":"WebPage","@id":"https:\/\/kidworksoc.org\/es\/familias\/","url":"https:\/\/kidworksoc.org\/es\/familias\/","name":"Familias - KidWorks","isPartOf":{"@id":"https:\/\/kidworksoc.org\/es\/#website"},"primaryImageOfPage":{"@id":"https:\/\/kidworksoc.org\/es\/familias\/#primaryimage"},"image":{"@id":"https:\/\/kidworksoc.org\/es\/familias\/#primaryimage"},"thumbnailUrl":"https:\/\/kidworksoc.org\/wp-content\/uploads\/2023\/01\/KidWorks-PAC-Group.jpg","datePublished":"2022-12-06T05:13:39+00:00","dateModified":"2023-07-12T23:41:00+00:00","description":"Familias Asociarse con los padres para un ma\u00f1ana mejor Libere el potencial de su hijo con recursos de tutor\u00eda y desarrollo del liderazgo para toda la","breadcrumb":{"@id":"https:\/\/kidworksoc.org\/es\/familias\/#breadcrumb"},"inLanguage":"es","potentialAction":[{"@type":"ReadAction","target":["https:\/\/kidworksoc.org\/es\/familias\/"]}]},{"@type":"ImageObject","inLanguage":"es","@id":"https:\/\/kidworksoc.org\/es\/familias\/#primaryimage","url":"https:\/\/kidworksoc.org\/wp-content\/uploads\/2023\/01\/KidWorks-PAC-Group.jpg","contentUrl":"https:\/\/kidworksoc.org\/wp-content\/uploads\/2023\/01\/KidWorks-PAC-Group.jpg","width":2000,"height":1124},{"@type":"BreadcrumbList","@id":"https:\/\/kidworksoc.org\/es\/familias\/#breadcrumb","itemListElement":[{"@type":"ListItem","position":1,"name":"Home","item":"https:\/\/kidworksoc.org\/es\/"},{"@type":"ListItem","position":2,"name":"Familias"}]},{"@type":"WebSite","@id":"https:\/\/kidworksoc.org\/es\/#website","url":"https:\/\/kidworksoc.org\/es\/","name":"KidWorks","description":"Unleashing Youth Potential\u2122","publisher":{"@id":"https:\/\/kidworksoc.org\/es\/#organization"},"potentialAction":[{"@type":"SearchAction","target":{"@type":"EntryPoint","urlTemplate":"https:\/\/kidworksoc.org\/es\/?s={search_term_string}"},"query-input":{"@type":"PropertyValueSpecification","valueRequired":true,"valueName":"search_term_string"}}],"inLanguage":"es"},{"@type":"Organization","@id":"https:\/\/kidworksoc.org\/es\/#organization","name":"KidWorks","url":"https:\/\/kidworksoc.org\/es\/","logo":{"@type":"ImageObject","inLanguage":"es","@id":"https:\/\/kidworksoc.org\/es\/#\/schema\/logo\/image\/","url":"https:\/\/kidworksoc.org\/wp-content\/uploads\/2023\/01\/kidworks-anniversary-logo.png","contentUrl":"https:\/\/kidworksoc.org\/wp-content\/uploads\/2023\/01\/kidworks-anniversary-logo.png","width":420,"height":114,"caption":"KidWorks"},"image":{"@id":"https:\/\/kidworksoc.org\/es\/#\/schema\/logo\/image\/"},"sameAs":["https:\/\/www.facebook.com\/kidworkscdc","https:\/\/x.com\/kidworks","https:\/\/www.instagram.com\/kidworks\/","https:\/\/www.yelp.com\/biz\/kidworks-santa-ana?osq=kidworks","https:\/\/www.youtube.com\/user\/KidWorksCDC","https:\/\/www.linkedin.com\/company\/kidworkscdc"]}]}},"_links":{"self":[{"href":"https:\/\/kidworksoc.org\/es\/wp-json\/wp\/v2\/pages\/3154","targetHints":{"allow":["GET"]}}],"collection":[{"href":"https:\/\/kidworksoc.org\/es\/wp-json\/wp\/v2\/pages"}],"about":[{"href":"https:\/\/kidworksoc.org\/es\/wp-json\/wp\/v2\/types\/page"}],"author":[{"embeddable":true,"href":"https:\/\/kidworksoc.org\/es\/wp-json\/wp\/v2\/users\/1"}],"replies":[{"embeddable":true,"href":"https:\/\/kidworksoc.org\/es\/wp-json\/wp\/v2\/comments?post=3154"}],"version-history":[{"count":0,"href":"https:\/\/kidworksoc.org\/es\/wp-json\/wp\/v2\/pages\/3154\/revisions"}],"wp:featuredmedia":[{"embeddable":true,"href":"https:\/\/kidworksoc.org\/es\/wp-json\/wp\/v2\/media\/882"}],"wp:attachment":[{"href":"https:\/\/kidworksoc.org\/es\/wp-json\/wp\/v2\/media?parent=3154"}],"curies":[{"name":"wp","href":"https:\/\/api.w.org\/{rel}","templated":true}]}}