{"id":3153,"date":"2024-07-25T11:58:46","date_gmt":"2024-07-25T18:58:46","guid":{"rendered":"http:\/\/kidworksoc.org\/rosa-en-la-bahia\/"},"modified":"2023-07-03T15:45:24","modified_gmt":"2023-07-03T22:45:24","slug":"rosa-en-la-bahia","status":"publish","type":"page","link":"https:\/\/kidworksoc.org\/es\/rosa-en-la-bahia\/","title":{"rendered":"Rosa\u00bb en la bah\u00eda"},"content":{"rendered":"\n<div class=\"wp-block-cover alignfull is-light\" style=\"padding-top:var(--wp--preset--spacing--300);padding-right:var(--wp--preset--spacing--30);padding-bottom:var(--wp--preset--spacing--150);padding-left:var(--wp--preset--spacing--30)\"><span aria-hidden=\"true\" class=\"wp-block-cover__background has-background-dim-100 has-background-dim has-background-gradient\" style=\"background:linear-gradient(0deg,rgb(24,49,111) 0%,rgba(24,49,111,0.35) 100%)\"><\/span><img decoding=\"async\" width=\"1148\" height=\"599\" src=\"https:\/\/kidworksoc.org\/wp-content\/uploads\/2025\/05\/54556342499_e222046515_k-1.jpg\" class=\"wp-block-cover__image-background wp-post-image\" alt=\"\" data-object-fit=\"cover\" srcset=\"https:\/\/kidworksoc.org\/wp-content\/uploads\/2025\/05\/54556342499_e222046515_k-1.jpg 1148w, https:\/\/kidworksoc.org\/wp-content\/uploads\/2025\/05\/54556342499_e222046515_k-1-600x313.jpg 600w\" sizes=\"(max-width: 1148px) 100vw, 1148px\" \/><div class=\"wp-block-cover__inner-container is-layout-flow wp-block-cover-is-layout-flow\">\n<div class=\"wp-block-group has-white-color has-text-color has-global-padding is-layout-constrained wp-container-core-group-is-layout-9b5fd1f6 wp-block-group-is-layout-constrained\">\n<h1 class=\"wp-block-heading has-text-align-center has-white-color has-text-color\" style=\"font-size:clamp(33.419px, 2.089rem + ((1vw - 3.2px) * 2.769), 60px);\"><strong>Rosa\u00bb en la bah\u00eda<\/strong><\/h1>\n\n\n\n<p class=\"has-text-align-center has-medium-font-size\">20 de septiembre de 2023 de 17.00 a 19.00 horas En casa de Arlene Silvers, frente a la bah\u00eda  <\/p>\n\n\n\n<div class=\"wp-block-buttons is-content-justification-center is-layout-flex wp-container-core-buttons-is-layout-7878cfa4 wp-block-buttons-is-layout-flex\">\n<div class=\"wp-block-button\"><a class=\"wp-block-button__link wp-element-button\" href=\"https:\/\/4agc.com\/commerce_pages\/7eac4c18-0db0-46e4-91a2-4f96cafedc77\" target=\"_blank\" rel=\"noreferrer noopener\">Patrocinar ahora<\/a><\/div>\n\n\n\n<div class=\"wp-block-button is-style-secondary-btn\"><a class=\"wp-block-button__link wp-element-button\" href=\"https:\/\/flic.kr\/s\/aHBqjA7hh3\" target=\"_blank\" rel=\"noreferrer noopener\">Fotos del evento de 2022<\/a><\/div>\n<\/div>\n<\/div>\n<\/div><\/div>\n\n<div style=\"height:100px\" aria-hidden=\"true\" class=\"wp-block-spacer\"><\/div>\n\n<div class=\"wp-block-columns are-vertically-aligned-center is-style-xl-gap is-layout-flex wp-container-core-columns-is-layout-28f84493 wp-block-columns-is-layout-flex\">\n<div class=\"wp-block-column is-vertically-aligned-center is-style-default is-layout-flow wp-block-column-is-layout-flow\" style=\"flex-basis:30%\">\n<figure class=\"wp-block-image size-full\"><img decoding=\"async\" width=\"1501\" height=\"978\" src=\"http:\/\/kidworksoc.org\/wp-content\/uploads\/2023\/01\/1dhb89Sw.jpg\" alt=\"\" class=\"wp-image-996\" srcset=\"https:\/\/kidworksoc.org\/wp-content\/uploads\/2023\/01\/1dhb89Sw.jpg 1501w, https:\/\/kidworksoc.org\/wp-content\/uploads\/2023\/01\/1dhb89Sw-1280x834.jpg 1280w, https:\/\/kidworksoc.org\/wp-content\/uploads\/2023\/01\/1dhb89Sw-1440x938.jpg 1440w, https:\/\/kidworksoc.org\/wp-content\/uploads\/2023\/01\/1dhb89Sw-600x391.jpg 600w\" sizes=\"(max-width: 1501px) 100vw, 1501px\" \/><\/figure>\n<\/div>\n\n\n\n<div class=\"wp-block-column is-vertically-aligned-center is-layout-flow wp-block-column-is-layout-flow\" style=\"flex-basis:70%\">\n<p>Disfrute de una velada llena de comida, vino e inspiraci\u00f3n con vistas al pintoresco puerto de Newport. Vino, aperitivos, m\u00fasica en directo y premios forman parte de la experiencia.<br\/><strong>\n  <em>P\u00f3ngase en contacto con <\/em>\n<\/strong><a href=\"mailto:Lisa.gels@kidworksoc.org?subject=Rose%27%20on%20the%20Bay\">\n  <strong>\n    <em>Lisa.gels@kidworksoc.org<\/em>\n  <\/strong>\n<\/a><strong>\n  <em> si tiene alguna pregunta.<\/em>\n<\/strong><\/p>\n\n\n\n<h3 class=\"wp-block-heading has-medium-font-size\"><strong>Rose&#8217; en el Comit\u00e9 de la Bah\u00eda:<\/strong><\/h3>\n\n\n\n<p>Sue Willett &#8211; <em>Presidenta <\/em>Kim CarpenterSandy DeYoung<br\/>Emily MandrupLori McKay Heidi Mendoza<br\/>Arlene Silvers Ellen Small Equipo Kyle<br\/>Amanda Zimmerman<\/p>\n<\/div>\n<\/div>\n\n<div style=\"height:100px\" aria-hidden=\"true\" class=\"wp-block-spacer\"><\/div>\n\n<div class=\"wp-block-group alignfull has-tertiary-background-color has-background has-global-padding is-layout-constrained wp-container-core-group-is-layout-9629f533 wp-block-group-is-layout-constrained\" style=\"padding-top:var(--wp--preset--spacing--100);padding-right:var(--wp--preset--spacing--30);padding-bottom:var(--wp--preset--spacing--100);padding-left:var(--wp--preset--spacing--30)\">\n<h3 class=\"wp-block-heading has-text-align-center\"><strong>Gracias a nuestros patrocinadores<\/strong><\/h3>\n\n\n\n<div class=\"wp-block-columns alignwide is-layout-flex wp-container-core-columns-is-layout-28f84493 wp-block-columns-is-layout-flex\">\n<div class=\"wp-block-column is-layout-flow wp-block-column-is-layout-flow\">\n<h5 class=\"wp-block-heading has-text-align-center\"><strong>ORO<\/strong><\/h5>\n\n\n\n<p class=\"has-text-align-center\">Kim Bibb Emily Mandrup Heidi Mendoza<br\/>Lori McKay Arlene Silvers Equipo Kyle<br\/>Kathy Ursini Sue Willett<\/p>\n<\/div>\n\n\n\n<div class=\"wp-block-column is-layout-flow wp-block-column-is-layout-flow\">\n<h5 class=\"wp-block-heading has-text-align-center\"><strong>PLATA<\/strong><\/h5>\n\n\n\n<p class=\"has-text-align-center\">Sandra Ayers Diane Connelly Helen Fedalen<br\/>Leonie Lumpkin Monica Mendoza Suzy Metcalfe<br\/>Ellen Small Diana Tomei<\/p>\n<\/div>\n\n\n\n<div class=\"wp-block-column is-layout-flow wp-block-column-is-layout-flow\">\n<h5 class=\"wp-block-heading has-text-align-center\"><strong>BRONCE<\/strong><\/h5>\n\n\n\n<p class=\"has-text-align-center\">An\u00f3nimo Sharon Kline Sandy DeYoung<br\/>KZ Companies, LLC<\/p>\n<\/div>\n<\/div>\n<\/div>\n\n<div style=\"height:70px\" aria-hidden=\"true\" class=\"wp-block-spacer\"><\/div>\n\n<h5 class=\"wp-block-heading has-text-align-center\"><strong>PATROCINADORES EN ESPECIE<\/strong><\/h5>\n\n<figure class=\"wp-block-gallery alignwide has-nested-images columns-5 is-cropped wp-block-gallery-1 is-layout-flex wp-block-gallery-is-layout-flex\">\n<figure class=\"wp-block-image size-large\"><img decoding=\"async\" width=\"500\" height=\"500\" data-id=\"1002\" src=\"http:\/\/kidworksoc.org\/wp-content\/uploads\/2023\/01\/2.png\" alt=\"\" class=\"wp-image-1002\" srcset=\"https:\/\/kidworksoc.org\/wp-content\/uploads\/2023\/01\/2.png 500w, https:\/\/kidworksoc.org\/wp-content\/uploads\/2023\/01\/2-150x150.png 150w\" sizes=\"(max-width: 500px) 100vw, 500px\" \/><\/figure>\n\n\n\n<figure class=\"wp-block-image size-large\"><img decoding=\"async\" width=\"500\" height=\"500\" data-id=\"1006\" src=\"http:\/\/kidworksoc.org\/wp-content\/uploads\/2023\/01\/3.png\" alt=\"\" class=\"wp-image-1006\" srcset=\"https:\/\/kidworksoc.org\/wp-content\/uploads\/2023\/01\/3.png 500w, https:\/\/kidworksoc.org\/wp-content\/uploads\/2023\/01\/3-150x150.png 150w\" sizes=\"(max-width: 500px) 100vw, 500px\" \/><\/figure>\n\n\n\n<figure class=\"wp-block-image size-large\"><img decoding=\"async\" width=\"500\" height=\"500\" data-id=\"1000\" src=\"http:\/\/kidworksoc.org\/wp-content\/uploads\/2023\/01\/4.png\" alt=\"\" class=\"wp-image-1000\" srcset=\"https:\/\/kidworksoc.org\/wp-content\/uploads\/2023\/01\/4.png 500w, https:\/\/kidworksoc.org\/wp-content\/uploads\/2023\/01\/4-150x150.png 150w\" sizes=\"(max-width: 500px) 100vw, 500px\" \/><\/figure>\n\n\n\n<figure class=\"wp-block-image size-large\"><img decoding=\"async\" width=\"500\" height=\"500\" data-id=\"1004\" src=\"http:\/\/kidworksoc.org\/wp-content\/uploads\/2023\/01\/5.png\" alt=\"\" class=\"wp-image-1004\" srcset=\"https:\/\/kidworksoc.org\/wp-content\/uploads\/2023\/01\/5.png 500w, https:\/\/kidworksoc.org\/wp-content\/uploads\/2023\/01\/5-150x150.png 150w\" sizes=\"(max-width: 500px) 100vw, 500px\" \/><\/figure>\n\n\n\n<figure class=\"wp-block-image size-large\"><img decoding=\"async\" width=\"500\" height=\"500\" data-id=\"1008\" src=\"http:\/\/kidworksoc.org\/wp-content\/uploads\/2023\/01\/SRx9Z8-P.png\" alt=\"\" class=\"wp-image-1008\" srcset=\"https:\/\/kidworksoc.org\/wp-content\/uploads\/2023\/01\/SRx9Z8-P.png 500w, https:\/\/kidworksoc.org\/wp-content\/uploads\/2023\/01\/SRx9Z8-P-150x150.png 150w\" sizes=\"(max-width: 500px) 100vw, 500px\" \/><\/figure>\n<figcaption class=\"blocks-gallery-caption wp-element-caption\"><em><em>*Patrocinadores recibidos a 14\/09\/22<\/em><\/em><\/figcaption><\/figure>\n","protected":false},"excerpt":{"rendered":"<p>Disfrute de una velada llena de comida, vino e inspiraci\u00f3n con vistas al pintoresco puerto de Newport. Vino, aperitivos, m\u00fasica en directo y premios forman parte de la experiencia. P\u00f3ngase&hellip; <a class=\"more-link\" href=\"https:\/\/kidworksoc.org\/es\/rosa-en-la-bahia\/\">Siga Leyendo<\/a><\/p>\n","protected":false},"author":1,"featured_media":7818,"parent":0,"menu_order":0,"comment_status":"closed","ping_status":"closed","template":"","meta":{"_acf_changed":false,"_searchwp_excluded":"","_monsterinsights_skip_tracking":false,"_monsterinsights_sitenote_active":false,"_monsterinsights_sitenote_note":"","_monsterinsights_sitenote_category":0,"_uf_show_specific_survey":0,"_uf_disable_surveys":false,"footnotes":""},"class_list":["post-3153","page","type-page","status-publish","has-post-thumbnail","hentry"],"acf":[],"aioseo_notices":[],"yoast_head":"<!-- This site is optimized with the Yoast SEO plugin v27.4 - https:\/\/yoast.com\/product\/yoast-seo-wordpress\/ -->\n<title>Rosa&quot; en la bah\u00eda - KidWorks<\/title>\n<meta name=\"description\" content=\"Rosa&quot; en la bah\u00eda 20 de septiembre de 2023 de 17.00 a 19.00 horas En casa de Arlene Silvers, frente a la bah\u00eda Patrocinar ahora Fotos del evento de 2022\" \/>\n<meta name=\"robots\" content=\"index, follow, max-snippet:-1, max-image-preview:large, max-video-preview:-1\" \/>\n<link rel=\"canonical\" href=\"https:\/\/kidworksoc.org\/es\/rosa-en-la-bahia\/\" \/>\n<meta property=\"og:locale\" content=\"es_ES\" \/>\n<meta property=\"og:type\" content=\"article\" \/>\n<meta property=\"og:title\" content=\"Rosa&quot; en la bah\u00eda - KidWorks\" \/>\n<meta property=\"og:description\" content=\"Rosa&quot; en la bah\u00eda 20 de septiembre de 2023 de 17.00 a 19.00 horas En casa de Arlene Silvers, frente a la bah\u00eda Patrocinar ahora Fotos del evento de 2022\" \/>\n<meta property=\"og:url\" content=\"https:\/\/kidworksoc.org\/es\/rosa-en-la-bahia\/\" \/>\n<meta property=\"og:site_name\" content=\"KidWorks\" \/>\n<meta property=\"article:publisher\" content=\"https:\/\/www.facebook.com\/kidworkscdc\" \/>\n<meta property=\"og:image\" content=\"https:\/\/kidworksoc.org\/wp-content\/uploads\/2025\/05\/54556342499_e222046515_k-1.jpg\" \/>\n\t<meta property=\"og:image:width\" content=\"1148\" \/>\n\t<meta property=\"og:image:height\" content=\"599\" \/>\n\t<meta property=\"og:image:type\" content=\"image\/jpeg\" \/>\n<meta name=\"twitter:card\" content=\"summary_large_image\" \/>\n<meta name=\"twitter:site\" content=\"@kidworks\" \/>\n<script type=\"application\/ld+json\" class=\"yoast-schema-graph\">{\"@context\":\"https:\\\/\\\/schema.org\",\"@graph\":[{\"@type\":\"WebPage\",\"@id\":\"https:\\\/\\\/kidworksoc.org\\\/es\\\/rosa-en-la-bahia\\\/\",\"url\":\"https:\\\/\\\/kidworksoc.org\\\/es\\\/rosa-en-la-bahia\\\/\",\"name\":\"Rosa\\\" en la bah\u00eda - KidWorks\",\"isPartOf\":{\"@id\":\"https:\\\/\\\/kidworksoc.org\\\/es\\\/#website\"},\"primaryImageOfPage\":{\"@id\":\"https:\\\/\\\/kidworksoc.org\\\/es\\\/rosa-en-la-bahia\\\/#primaryimage\"},\"image\":{\"@id\":\"https:\\\/\\\/kidworksoc.org\\\/es\\\/rosa-en-la-bahia\\\/#primaryimage\"},\"thumbnailUrl\":\"https:\\\/\\\/kidworksoc.org\\\/wp-content\\\/uploads\\\/2025\\\/05\\\/54556342499_e222046515_k-1.jpg\",\"datePublished\":\"2024-07-25T18:58:46+00:00\",\"description\":\"Rosa\\\" en la bah\u00eda 20 de septiembre de 2023 de 17.00 a 19.00 horas En casa de Arlene Silvers, frente a la bah\u00eda Patrocinar ahora Fotos del evento de 2022\",\"breadcrumb\":{\"@id\":\"https:\\\/\\\/kidworksoc.org\\\/es\\\/rosa-en-la-bahia\\\/#breadcrumb\"},\"inLanguage\":\"es\",\"potentialAction\":[{\"@type\":\"ReadAction\",\"target\":[\"https:\\\/\\\/kidworksoc.org\\\/es\\\/rosa-en-la-bahia\\\/\"]}]},{\"@type\":\"ImageObject\",\"inLanguage\":\"es\",\"@id\":\"https:\\\/\\\/kidworksoc.org\\\/es\\\/rosa-en-la-bahia\\\/#primaryimage\",\"url\":\"https:\\\/\\\/kidworksoc.org\\\/wp-content\\\/uploads\\\/2025\\\/05\\\/54556342499_e222046515_k-1.jpg\",\"contentUrl\":\"https:\\\/\\\/kidworksoc.org\\\/wp-content\\\/uploads\\\/2025\\\/05\\\/54556342499_e222046515_k-1.jpg\",\"width\":1148,\"height\":599},{\"@type\":\"BreadcrumbList\",\"@id\":\"https:\\\/\\\/kidworksoc.org\\\/es\\\/rosa-en-la-bahia\\\/#breadcrumb\",\"itemListElement\":[{\"@type\":\"ListItem\",\"position\":1,\"name\":\"Home\",\"item\":\"https:\\\/\\\/kidworksoc.org\\\/es\\\/\"},{\"@type\":\"ListItem\",\"position\":2,\"name\":\"Rosa\u00bb en la bah\u00eda\"}]},{\"@type\":\"WebSite\",\"@id\":\"https:\\\/\\\/kidworksoc.org\\\/es\\\/#website\",\"url\":\"https:\\\/\\\/kidworksoc.org\\\/es\\\/\",\"name\":\"KidWorks\",\"description\":\"Unleashing Youth Potential\u2122\",\"publisher\":{\"@id\":\"https:\\\/\\\/kidworksoc.org\\\/es\\\/#organization\"},\"potentialAction\":[{\"@type\":\"SearchAction\",\"target\":{\"@type\":\"EntryPoint\",\"urlTemplate\":\"https:\\\/\\\/kidworksoc.org\\\/es\\\/?s={search_term_string}\"},\"query-input\":{\"@type\":\"PropertyValueSpecification\",\"valueRequired\":true,\"valueName\":\"search_term_string\"}}],\"inLanguage\":\"es\"},{\"@type\":\"Organization\",\"@id\":\"https:\\\/\\\/kidworksoc.org\\\/es\\\/#organization\",\"name\":\"KidWorks\",\"url\":\"https:\\\/\\\/kidworksoc.org\\\/es\\\/\",\"logo\":{\"@type\":\"ImageObject\",\"inLanguage\":\"es\",\"@id\":\"https:\\\/\\\/kidworksoc.org\\\/es\\\/#\\\/schema\\\/logo\\\/image\\\/\",\"url\":\"https:\\\/\\\/kidworksoc.org\\\/wp-content\\\/uploads\\\/2023\\\/01\\\/kidworks-anniversary-logo.png\",\"contentUrl\":\"https:\\\/\\\/kidworksoc.org\\\/wp-content\\\/uploads\\\/2023\\\/01\\\/kidworks-anniversary-logo.png\",\"width\":420,\"height\":114,\"caption\":\"KidWorks\"},\"image\":{\"@id\":\"https:\\\/\\\/kidworksoc.org\\\/es\\\/#\\\/schema\\\/logo\\\/image\\\/\"},\"sameAs\":[\"https:\\\/\\\/www.facebook.com\\\/kidworkscdc\",\"https:\\\/\\\/x.com\\\/kidworks\",\"https:\\\/\\\/www.instagram.com\\\/kidworks\\\/\",\"https:\\\/\\\/www.yelp.com\\\/biz\\\/kidworks-santa-ana?osq=kidworks\",\"https:\\\/\\\/www.youtube.com\\\/user\\\/KidWorksCDC\",\"https:\\\/\\\/www.linkedin.com\\\/company\\\/kidworkscdc\"]}]}<\/script>\n<!-- \/ Yoast SEO plugin. -->","yoast_head_json":{"title":"Rosa\" en la bah\u00eda - KidWorks","description":"Rosa\" en la bah\u00eda 20 de septiembre de 2023 de 17.00 a 19.00 horas En casa de Arlene Silvers, frente a la bah\u00eda Patrocinar ahora Fotos del evento de 2022","robots":{"index":"index","follow":"follow","max-snippet":"max-snippet:-1","max-image-preview":"max-image-preview:large","max-video-preview":"max-video-preview:-1"},"canonical":"https:\/\/kidworksoc.org\/es\/rosa-en-la-bahia\/","og_locale":"es_ES","og_type":"article","og_title":"Rosa\" en la bah\u00eda - KidWorks","og_description":"Rosa\" en la bah\u00eda 20 de septiembre de 2023 de 17.00 a 19.00 horas En casa de Arlene Silvers, frente a la bah\u00eda Patrocinar ahora Fotos del evento de 2022","og_url":"https:\/\/kidworksoc.org\/es\/rosa-en-la-bahia\/","og_site_name":"KidWorks","article_publisher":"https:\/\/www.facebook.com\/kidworkscdc","og_image":[{"width":1148,"height":599,"url":"https:\/\/kidworksoc.org\/wp-content\/uploads\/2025\/05\/54556342499_e222046515_k-1.jpg","type":"image\/jpeg"}],"twitter_card":"summary_large_image","twitter_site":"@kidworks","schema":{"@context":"https:\/\/schema.org","@graph":[{"@type":"WebPage","@id":"https:\/\/kidworksoc.org\/es\/rosa-en-la-bahia\/","url":"https:\/\/kidworksoc.org\/es\/rosa-en-la-bahia\/","name":"Rosa\" en la bah\u00eda - KidWorks","isPartOf":{"@id":"https:\/\/kidworksoc.org\/es\/#website"},"primaryImageOfPage":{"@id":"https:\/\/kidworksoc.org\/es\/rosa-en-la-bahia\/#primaryimage"},"image":{"@id":"https:\/\/kidworksoc.org\/es\/rosa-en-la-bahia\/#primaryimage"},"thumbnailUrl":"https:\/\/kidworksoc.org\/wp-content\/uploads\/2025\/05\/54556342499_e222046515_k-1.jpg","datePublished":"2024-07-25T18:58:46+00:00","description":"Rosa\" en la bah\u00eda 20 de septiembre de 2023 de 17.00 a 19.00 horas En casa de Arlene Silvers, frente a la bah\u00eda Patrocinar ahora Fotos del evento de 2022","breadcrumb":{"@id":"https:\/\/kidworksoc.org\/es\/rosa-en-la-bahia\/#breadcrumb"},"inLanguage":"es","potentialAction":[{"@type":"ReadAction","target":["https:\/\/kidworksoc.org\/es\/rosa-en-la-bahia\/"]}]},{"@type":"ImageObject","inLanguage":"es","@id":"https:\/\/kidworksoc.org\/es\/rosa-en-la-bahia\/#primaryimage","url":"https:\/\/kidworksoc.org\/wp-content\/uploads\/2025\/05\/54556342499_e222046515_k-1.jpg","contentUrl":"https:\/\/kidworksoc.org\/wp-content\/uploads\/2025\/05\/54556342499_e222046515_k-1.jpg","width":1148,"height":599},{"@type":"BreadcrumbList","@id":"https:\/\/kidworksoc.org\/es\/rosa-en-la-bahia\/#breadcrumb","itemListElement":[{"@type":"ListItem","position":1,"name":"Home","item":"https:\/\/kidworksoc.org\/es\/"},{"@type":"ListItem","position":2,"name":"Rosa\u00bb en la bah\u00eda"}]},{"@type":"WebSite","@id":"https:\/\/kidworksoc.org\/es\/#website","url":"https:\/\/kidworksoc.org\/es\/","name":"KidWorks","description":"Unleashing Youth Potential\u2122","publisher":{"@id":"https:\/\/kidworksoc.org\/es\/#organization"},"potentialAction":[{"@type":"SearchAction","target":{"@type":"EntryPoint","urlTemplate":"https:\/\/kidworksoc.org\/es\/?s={search_term_string}"},"query-input":{"@type":"PropertyValueSpecification","valueRequired":true,"valueName":"search_term_string"}}],"inLanguage":"es"},{"@type":"Organization","@id":"https:\/\/kidworksoc.org\/es\/#organization","name":"KidWorks","url":"https:\/\/kidworksoc.org\/es\/","logo":{"@type":"ImageObject","inLanguage":"es","@id":"https:\/\/kidworksoc.org\/es\/#\/schema\/logo\/image\/","url":"https:\/\/kidworksoc.org\/wp-content\/uploads\/2023\/01\/kidworks-anniversary-logo.png","contentUrl":"https:\/\/kidworksoc.org\/wp-content\/uploads\/2023\/01\/kidworks-anniversary-logo.png","width":420,"height":114,"caption":"KidWorks"},"image":{"@id":"https:\/\/kidworksoc.org\/es\/#\/schema\/logo\/image\/"},"sameAs":["https:\/\/www.facebook.com\/kidworkscdc","https:\/\/x.com\/kidworks","https:\/\/www.instagram.com\/kidworks\/","https:\/\/www.yelp.com\/biz\/kidworks-santa-ana?osq=kidworks","https:\/\/www.youtube.com\/user\/KidWorksCDC","https:\/\/www.linkedin.com\/company\/kidworkscdc"]}]}},"_links":{"self":[{"href":"https:\/\/kidworksoc.org\/es\/wp-json\/wp\/v2\/pages\/3153","targetHints":{"allow":["GET"]}}],"collection":[{"href":"https:\/\/kidworksoc.org\/es\/wp-json\/wp\/v2\/pages"}],"about":[{"href":"https:\/\/kidworksoc.org\/es\/wp-json\/wp\/v2\/types\/page"}],"author":[{"embeddable":true,"href":"https:\/\/kidworksoc.org\/es\/wp-json\/wp\/v2\/users\/1"}],"replies":[{"embeddable":true,"href":"https:\/\/kidworksoc.org\/es\/wp-json\/wp\/v2\/comments?post=3153"}],"version-history":[{"count":0,"href":"https:\/\/kidworksoc.org\/es\/wp-json\/wp\/v2\/pages\/3153\/revisions"}],"wp:featuredmedia":[{"embeddable":true,"href":"https:\/\/kidworksoc.org\/es\/wp-json\/wp\/v2\/media\/7818"}],"wp:attachment":[{"href":"https:\/\/kidworksoc.org\/es\/wp-json\/wp\/v2\/media?parent=3153"}],"curies":[{"name":"wp","href":"https:\/\/api.w.org\/{rel}","templated":true}]}}