{"id":3152,"date":"2023-01-25T10:54:09","date_gmt":"2023-01-25T18:54:09","guid":{"rendered":"http:\/\/kidworksoc.org\/alumni\/"},"modified":"2023-07-12T16:22:24","modified_gmt":"2023-07-12T23:22:24","slug":"alumni","status":"publish","type":"page","link":"https:\/\/kidworksoc.org\/es\/alumni\/","title":{"rendered":"Alumni"},"content":{"rendered":"\n<div class=\"wp-block-cover alignfull is-light\" style=\"padding-top:var(--wp--preset--spacing--300);padding-right:var(--wp--preset--spacing--30);padding-bottom:var(--wp--preset--spacing--150);padding-left:var(--wp--preset--spacing--30)\"><span aria-hidden=\"true\" class=\"wp-block-cover__background has-background-dim-100 has-background-dim has-background-gradient\" style=\"background:linear-gradient(0deg,rgb(24,49,111) 1%,rgba(24,49,111,0.35) 100%)\"><\/span><img decoding=\"async\" width=\"2000\" height=\"1333\" src=\"https:\/\/kidworksoc.org\/wp-content\/uploads\/2023\/02\/IMG_6127-student.jpeg\" class=\"wp-block-cover__image-background wp-post-image\" alt=\"\" data-object-fit=\"cover\" data-object-position=\"28% 43%\" style=\"object-position:28% 43%;\" srcset=\"https:\/\/kidworksoc.org\/wp-content\/uploads\/2023\/02\/IMG_6127-student.jpeg 2000w, https:\/\/kidworksoc.org\/wp-content\/uploads\/2023\/02\/IMG_6127-student-1280x853.jpeg 1280w, https:\/\/kidworksoc.org\/wp-content\/uploads\/2023\/02\/IMG_6127-student-1600x1066.jpeg 1600w, https:\/\/kidworksoc.org\/wp-content\/uploads\/2023\/02\/IMG_6127-student-1440x960.jpeg 1440w, https:\/\/kidworksoc.org\/wp-content\/uploads\/2023\/02\/IMG_6127-student-1536x1024.jpeg 1536w, https:\/\/kidworksoc.org\/wp-content\/uploads\/2023\/02\/IMG_6127-student-600x400.jpeg 600w\" sizes=\"(max-width: 2000px) 100vw, 2000px\" \/><div class=\"wp-block-cover__inner-container is-layout-flow wp-block-cover-is-layout-flow\">\n<div class=\"wp-block-group has-tertiary-color has-text-color has-global-padding is-layout-constrained wp-container-core-group-is-layout-9b5fd1f6 wp-block-group-is-layout-constrained\">\n<h1 class=\"wp-block-heading has-text-align-center is-style-muted-heading has-accent-color has-text-color\">Antiguos alumnos de KidWorks<\/h1>\n\n\n\n<h2 class=\"wp-block-heading has-text-align-center has-white-color has-text-color\" style=\"font-size:clamp(33.419px, 2.089rem + ((1vw - 3.2px) * 2.769), 60px);\"><strong><strong>Mant\u00e9ngase en contacto con KidWorks<\/strong><\/strong><\/h2>\n\n\n\n<p class=\"has-text-align-center has-tertiary-light-color has-text-color has-medium-font-size\">Tanto si se gradu\u00f3 en KidWorks hace cinco a\u00f1os como si lo hizo hace 25, queremos que siga participando. Nada nos enorgullece m\u00e1s que escuchar historias de c\u00f3mo KidWorks ha influido en las vidas y los \u00e9xitos de los antiguos alumnos.<\/p>\n<\/div>\n<\/div><\/div>\n\n<div style=\"height:100px\" aria-hidden=\"true\" class=\"wp-block-spacer\"><\/div>\n\n<h2 class=\"wp-block-heading has-text-align-center\"><strong>Formas de participar<\/strong><\/h2>\n\n<div style=\"height:40px\" aria-hidden=\"true\" class=\"wp-block-spacer\"><\/div>\n\n<div class=\"wp-block-group alignfull has-global-padding is-layout-constrained wp-container-core-group-is-layout-530ec779 wp-block-group-is-layout-constrained\">\n<section class=\"blocks block-blurbs is-style-img-blurb\" id=\"block_7101504bcf9e741c338a89bce402fbfb\">\n    <ul>\n            <li>\n                            <figure>\n                    <img decoding=\"async\" width=\"600\" height=\"467\" src=\"https:\/\/kidworksoc.org\/wp-content\/uploads\/2023\/02\/IMG_5115-2-2-600x467.jpeg\" class=\"attachment-thumb_uncropped size-thumb_uncropped\" alt=\"Mentor\" srcset=\"https:\/\/kidworksoc.org\/wp-content\/uploads\/2023\/02\/IMG_5115-2-2-600x467.jpeg 600w, https:\/\/kidworksoc.org\/wp-content\/uploads\/2023\/02\/IMG_5115-2-2-1280x996.jpeg 1280w, https:\/\/kidworksoc.org\/wp-content\/uploads\/2023\/02\/IMG_5115-2-2.jpeg 1388w\" sizes=\"(max-width: 600px) 100vw, 600px\" \/>                <\/figure>\n                        <div class=\"content\">\n                <h3>Mentor<\/h3>\n                                <p>\n                    Matching 12th grade students with a young professional who supports them through career goals.                <\/p>\n                            <\/div>\n                            <a class=\"button button--style--primary-outlined\" href=\"http:\/\/kidworksoc.org\/volunteer\/mentors\/\" target=\"_self\">Aprender M\u00e1s<\/a>\n                    <\/li>\n            <li>\n                            <figure>\n                    <img decoding=\"async\" width=\"600\" height=\"475\" src=\"https:\/\/kidworksoc.org\/wp-content\/uploads\/2023\/01\/alumni-600x475.jpeg\" class=\"attachment-thumb_uncropped size-thumb_uncropped\" alt=\"Kidworks alumni network\" srcset=\"https:\/\/kidworksoc.org\/wp-content\/uploads\/2023\/01\/alumni-600x475.jpeg 600w, https:\/\/kidworksoc.org\/wp-content\/uploads\/2023\/01\/alumni-1280x1013.jpeg 1280w, https:\/\/kidworksoc.org\/wp-content\/uploads\/2023\/01\/alumni-1600x1266.jpeg 1600w, https:\/\/kidworksoc.org\/wp-content\/uploads\/2023\/01\/alumni-1440x1140.jpeg 1440w, https:\/\/kidworksoc.org\/wp-content\/uploads\/2023\/01\/alumni-1536x1215.jpeg 1536w, https:\/\/kidworksoc.org\/wp-content\/uploads\/2023\/01\/alumni.jpeg 1730w\" sizes=\"(max-width: 600px) 100vw, 600px\" \/>                <\/figure>\n                        <div class=\"content\">\n                <h3>Red de antiguos alumnos<\/h3>\n                                <p>\n                    Tanto si se gradu\u00f3 en KidWorks hace cinco a\u00f1os como si lo hizo hace 25, queremos seguir en contacto con usted.                <\/p>\n                            <\/div>\n                            <a class=\"button button--style--primary-outlined\" href=\"http:\/\/kidworksoc.org\/college-career-success-initiative\/alumni-network\/\" target=\"_self\">Aprender M\u00e1s<\/a>\n                    <\/li>\n            <li>\n                            <figure>\n                    <img decoding=\"async\" width=\"600\" height=\"400\" src=\"https:\/\/kidworksoc.org\/wp-content\/uploads\/2023\/02\/UNADJUSTEDRAW_thumb_442b-600x400.jpg\" class=\"attachment-thumb_uncropped size-thumb_uncropped\" alt=\"Tutoring volunteers\" srcset=\"https:\/\/kidworksoc.org\/wp-content\/uploads\/2023\/02\/UNADJUSTEDRAW_thumb_442b-600x400.jpg 600w, https:\/\/kidworksoc.org\/wp-content\/uploads\/2023\/02\/UNADJUSTEDRAW_thumb_442b.jpg 1086w\" sizes=\"(max-width: 600px) 100vw, 600px\" \/>                <\/figure>\n                        <div class=\"content\">\n                <h3>Voluntario<\/h3>\n                                <p>\n                    KidWorks would not exist today without the expertise, time, and enthusiasm of its volunteers.                <\/p>\n                            <\/div>\n                            <a class=\"button button--style--primary-outlined\" href=\"http:\/\/kidworksoc.org\/volunteer\/\" target=\"_self\">Aprender M\u00e1s<\/a>\n                    <\/li>\n        <\/ul>\n<\/section>\n<\/div>\n","protected":false},"excerpt":{"rendered":"<p>Formas de participar<\/p>\n","protected":false},"author":1,"featured_media":2591,"parent":0,"menu_order":0,"comment_status":"closed","ping_status":"closed","template":"","meta":{"_acf_changed":false,"_searchwp_excluded":"","_monsterinsights_skip_tracking":false,"_monsterinsights_sitenote_active":false,"_monsterinsights_sitenote_note":"","_monsterinsights_sitenote_category":0,"_uf_show_specific_survey":0,"_uf_disable_surveys":false,"footnotes":""},"class_list":["post-3152","page","type-page","status-publish","has-post-thumbnail","hentry"],"acf":[],"aioseo_notices":[],"yoast_head":"<!-- This site is optimized with the Yoast SEO plugin v27.4 - https:\/\/yoast.com\/product\/yoast-seo-wordpress\/ -->\n<title>Alumni - KidWorks<\/title>\n<meta name=\"description\" content=\"Antiguos alumnos de KidWorks Mant\u00e9ngase en contacto con KidWorks Tanto si se gradu\u00f3 en KidWorks hace cinco a\u00f1os como si lo hizo hace 25, queremos que siga\" \/>\n<meta name=\"robots\" content=\"index, follow, max-snippet:-1, max-image-preview:large, max-video-preview:-1\" \/>\n<link rel=\"canonical\" href=\"https:\/\/kidworksoc.org\/es\/alumni\/\" \/>\n<meta property=\"og:locale\" content=\"es_ES\" \/>\n<meta property=\"og:type\" content=\"article\" \/>\n<meta property=\"og:title\" content=\"Alumni - KidWorks\" \/>\n<meta property=\"og:description\" content=\"Antiguos alumnos de KidWorks Mant\u00e9ngase en contacto con KidWorks Tanto si se gradu\u00f3 en KidWorks hace cinco a\u00f1os como si lo hizo hace 25, queremos que siga\" \/>\n<meta property=\"og:url\" content=\"https:\/\/kidworksoc.org\/es\/alumni\/\" \/>\n<meta property=\"og:site_name\" content=\"KidWorks\" \/>\n<meta property=\"article:publisher\" content=\"https:\/\/www.facebook.com\/kidworkscdc\" \/>\n<meta property=\"article:modified_time\" content=\"2023-07-12T23:22:24+00:00\" \/>\n<meta property=\"og:image\" content=\"https:\/\/kidworksoc.org\/wp-content\/uploads\/2023\/02\/IMG_6127-student.jpeg\" \/>\n\t<meta property=\"og:image:width\" content=\"2000\" \/>\n\t<meta property=\"og:image:height\" content=\"1333\" \/>\n\t<meta property=\"og:image:type\" content=\"image\/jpeg\" \/>\n<meta name=\"twitter:card\" content=\"summary_large_image\" \/>\n<meta name=\"twitter:site\" content=\"@kidworks\" \/>\n<script type=\"application\/ld+json\" class=\"yoast-schema-graph\">{\"@context\":\"https:\\\/\\\/schema.org\",\"@graph\":[{\"@type\":\"WebPage\",\"@id\":\"https:\\\/\\\/kidworksoc.org\\\/es\\\/alumni\\\/\",\"url\":\"https:\\\/\\\/kidworksoc.org\\\/es\\\/alumni\\\/\",\"name\":\"Alumni - KidWorks\",\"isPartOf\":{\"@id\":\"https:\\\/\\\/kidworksoc.org\\\/es\\\/#website\"},\"primaryImageOfPage\":{\"@id\":\"https:\\\/\\\/kidworksoc.org\\\/es\\\/alumni\\\/#primaryimage\"},\"image\":{\"@id\":\"https:\\\/\\\/kidworksoc.org\\\/es\\\/alumni\\\/#primaryimage\"},\"thumbnailUrl\":\"https:\\\/\\\/kidworksoc.org\\\/wp-content\\\/uploads\\\/2023\\\/02\\\/IMG_6127-student.jpeg\",\"datePublished\":\"2023-01-25T18:54:09+00:00\",\"dateModified\":\"2023-07-12T23:22:24+00:00\",\"description\":\"Antiguos alumnos de KidWorks Mant\u00e9ngase en contacto con KidWorks Tanto si se gradu\u00f3 en KidWorks hace cinco a\u00f1os como si lo hizo hace 25, queremos que siga\",\"breadcrumb\":{\"@id\":\"https:\\\/\\\/kidworksoc.org\\\/es\\\/alumni\\\/#breadcrumb\"},\"inLanguage\":\"es\",\"potentialAction\":[{\"@type\":\"ReadAction\",\"target\":[\"https:\\\/\\\/kidworksoc.org\\\/es\\\/alumni\\\/\"]}]},{\"@type\":\"ImageObject\",\"inLanguage\":\"es\",\"@id\":\"https:\\\/\\\/kidworksoc.org\\\/es\\\/alumni\\\/#primaryimage\",\"url\":\"https:\\\/\\\/kidworksoc.org\\\/wp-content\\\/uploads\\\/2023\\\/02\\\/IMG_6127-student.jpeg\",\"contentUrl\":\"https:\\\/\\\/kidworksoc.org\\\/wp-content\\\/uploads\\\/2023\\\/02\\\/IMG_6127-student.jpeg\",\"width\":2000,\"height\":1333},{\"@type\":\"BreadcrumbList\",\"@id\":\"https:\\\/\\\/kidworksoc.org\\\/es\\\/alumni\\\/#breadcrumb\",\"itemListElement\":[{\"@type\":\"ListItem\",\"position\":1,\"name\":\"Home\",\"item\":\"https:\\\/\\\/kidworksoc.org\\\/es\\\/\"},{\"@type\":\"ListItem\",\"position\":2,\"name\":\"Alumni\"}]},{\"@type\":\"WebSite\",\"@id\":\"https:\\\/\\\/kidworksoc.org\\\/es\\\/#website\",\"url\":\"https:\\\/\\\/kidworksoc.org\\\/es\\\/\",\"name\":\"KidWorks\",\"description\":\"Unleashing Youth Potential\u2122\",\"publisher\":{\"@id\":\"https:\\\/\\\/kidworksoc.org\\\/es\\\/#organization\"},\"potentialAction\":[{\"@type\":\"SearchAction\",\"target\":{\"@type\":\"EntryPoint\",\"urlTemplate\":\"https:\\\/\\\/kidworksoc.org\\\/es\\\/?s={search_term_string}\"},\"query-input\":{\"@type\":\"PropertyValueSpecification\",\"valueRequired\":true,\"valueName\":\"search_term_string\"}}],\"inLanguage\":\"es\"},{\"@type\":\"Organization\",\"@id\":\"https:\\\/\\\/kidworksoc.org\\\/es\\\/#organization\",\"name\":\"KidWorks\",\"url\":\"https:\\\/\\\/kidworksoc.org\\\/es\\\/\",\"logo\":{\"@type\":\"ImageObject\",\"inLanguage\":\"es\",\"@id\":\"https:\\\/\\\/kidworksoc.org\\\/es\\\/#\\\/schema\\\/logo\\\/image\\\/\",\"url\":\"https:\\\/\\\/kidworksoc.org\\\/wp-content\\\/uploads\\\/2023\\\/01\\\/kidworks-anniversary-logo.png\",\"contentUrl\":\"https:\\\/\\\/kidworksoc.org\\\/wp-content\\\/uploads\\\/2023\\\/01\\\/kidworks-anniversary-logo.png\",\"width\":420,\"height\":114,\"caption\":\"KidWorks\"},\"image\":{\"@id\":\"https:\\\/\\\/kidworksoc.org\\\/es\\\/#\\\/schema\\\/logo\\\/image\\\/\"},\"sameAs\":[\"https:\\\/\\\/www.facebook.com\\\/kidworkscdc\",\"https:\\\/\\\/x.com\\\/kidworks\",\"https:\\\/\\\/www.instagram.com\\\/kidworks\\\/\",\"https:\\\/\\\/www.yelp.com\\\/biz\\\/kidworks-santa-ana?osq=kidworks\",\"https:\\\/\\\/www.youtube.com\\\/user\\\/KidWorksCDC\",\"https:\\\/\\\/www.linkedin.com\\\/company\\\/kidworkscdc\"]}]}<\/script>\n<!-- \/ Yoast SEO plugin. -->","yoast_head_json":{"title":"Alumni - KidWorks","description":"Antiguos alumnos de KidWorks Mant\u00e9ngase en contacto con KidWorks Tanto si se gradu\u00f3 en KidWorks hace cinco a\u00f1os como si lo hizo hace 25, queremos que siga","robots":{"index":"index","follow":"follow","max-snippet":"max-snippet:-1","max-image-preview":"max-image-preview:large","max-video-preview":"max-video-preview:-1"},"canonical":"https:\/\/kidworksoc.org\/es\/alumni\/","og_locale":"es_ES","og_type":"article","og_title":"Alumni - KidWorks","og_description":"Antiguos alumnos de KidWorks Mant\u00e9ngase en contacto con KidWorks Tanto si se gradu\u00f3 en KidWorks hace cinco a\u00f1os como si lo hizo hace 25, queremos que siga","og_url":"https:\/\/kidworksoc.org\/es\/alumni\/","og_site_name":"KidWorks","article_publisher":"https:\/\/www.facebook.com\/kidworkscdc","article_modified_time":"2023-07-12T23:22:24+00:00","og_image":[{"width":2000,"height":1333,"url":"https:\/\/kidworksoc.org\/wp-content\/uploads\/2023\/02\/IMG_6127-student.jpeg","type":"image\/jpeg"}],"twitter_card":"summary_large_image","twitter_site":"@kidworks","schema":{"@context":"https:\/\/schema.org","@graph":[{"@type":"WebPage","@id":"https:\/\/kidworksoc.org\/es\/alumni\/","url":"https:\/\/kidworksoc.org\/es\/alumni\/","name":"Alumni - KidWorks","isPartOf":{"@id":"https:\/\/kidworksoc.org\/es\/#website"},"primaryImageOfPage":{"@id":"https:\/\/kidworksoc.org\/es\/alumni\/#primaryimage"},"image":{"@id":"https:\/\/kidworksoc.org\/es\/alumni\/#primaryimage"},"thumbnailUrl":"https:\/\/kidworksoc.org\/wp-content\/uploads\/2023\/02\/IMG_6127-student.jpeg","datePublished":"2023-01-25T18:54:09+00:00","dateModified":"2023-07-12T23:22:24+00:00","description":"Antiguos alumnos de KidWorks Mant\u00e9ngase en contacto con KidWorks Tanto si se gradu\u00f3 en KidWorks hace cinco a\u00f1os como si lo hizo hace 25, queremos que siga","breadcrumb":{"@id":"https:\/\/kidworksoc.org\/es\/alumni\/#breadcrumb"},"inLanguage":"es","potentialAction":[{"@type":"ReadAction","target":["https:\/\/kidworksoc.org\/es\/alumni\/"]}]},{"@type":"ImageObject","inLanguage":"es","@id":"https:\/\/kidworksoc.org\/es\/alumni\/#primaryimage","url":"https:\/\/kidworksoc.org\/wp-content\/uploads\/2023\/02\/IMG_6127-student.jpeg","contentUrl":"https:\/\/kidworksoc.org\/wp-content\/uploads\/2023\/02\/IMG_6127-student.jpeg","width":2000,"height":1333},{"@type":"BreadcrumbList","@id":"https:\/\/kidworksoc.org\/es\/alumni\/#breadcrumb","itemListElement":[{"@type":"ListItem","position":1,"name":"Home","item":"https:\/\/kidworksoc.org\/es\/"},{"@type":"ListItem","position":2,"name":"Alumni"}]},{"@type":"WebSite","@id":"https:\/\/kidworksoc.org\/es\/#website","url":"https:\/\/kidworksoc.org\/es\/","name":"KidWorks","description":"Unleashing Youth Potential\u2122","publisher":{"@id":"https:\/\/kidworksoc.org\/es\/#organization"},"potentialAction":[{"@type":"SearchAction","target":{"@type":"EntryPoint","urlTemplate":"https:\/\/kidworksoc.org\/es\/?s={search_term_string}"},"query-input":{"@type":"PropertyValueSpecification","valueRequired":true,"valueName":"search_term_string"}}],"inLanguage":"es"},{"@type":"Organization","@id":"https:\/\/kidworksoc.org\/es\/#organization","name":"KidWorks","url":"https:\/\/kidworksoc.org\/es\/","logo":{"@type":"ImageObject","inLanguage":"es","@id":"https:\/\/kidworksoc.org\/es\/#\/schema\/logo\/image\/","url":"https:\/\/kidworksoc.org\/wp-content\/uploads\/2023\/01\/kidworks-anniversary-logo.png","contentUrl":"https:\/\/kidworksoc.org\/wp-content\/uploads\/2023\/01\/kidworks-anniversary-logo.png","width":420,"height":114,"caption":"KidWorks"},"image":{"@id":"https:\/\/kidworksoc.org\/es\/#\/schema\/logo\/image\/"},"sameAs":["https:\/\/www.facebook.com\/kidworkscdc","https:\/\/x.com\/kidworks","https:\/\/www.instagram.com\/kidworks\/","https:\/\/www.yelp.com\/biz\/kidworks-santa-ana?osq=kidworks","https:\/\/www.youtube.com\/user\/KidWorksCDC","https:\/\/www.linkedin.com\/company\/kidworkscdc"]}]}},"_links":{"self":[{"href":"https:\/\/kidworksoc.org\/es\/wp-json\/wp\/v2\/pages\/3152","targetHints":{"allow":["GET"]}}],"collection":[{"href":"https:\/\/kidworksoc.org\/es\/wp-json\/wp\/v2\/pages"}],"about":[{"href":"https:\/\/kidworksoc.org\/es\/wp-json\/wp\/v2\/types\/page"}],"author":[{"embeddable":true,"href":"https:\/\/kidworksoc.org\/es\/wp-json\/wp\/v2\/users\/1"}],"replies":[{"embeddable":true,"href":"https:\/\/kidworksoc.org\/es\/wp-json\/wp\/v2\/comments?post=3152"}],"version-history":[{"count":0,"href":"https:\/\/kidworksoc.org\/es\/wp-json\/wp\/v2\/pages\/3152\/revisions"}],"wp:featuredmedia":[{"embeddable":true,"href":"https:\/\/kidworksoc.org\/es\/wp-json\/wp\/v2\/media\/2591"}],"wp:attachment":[{"href":"https:\/\/kidworksoc.org\/es\/wp-json\/wp\/v2\/media?parent=3152"}],"curies":[{"name":"wp","href":"https:\/\/api.w.org\/{rel}","templated":true}]}}