{"id":3150,"date":"2023-01-25T10:43:23","date_gmt":"2023-01-25T18:43:23","guid":{"rendered":"http:\/\/kidworksoc.org\/pray\/"},"modified":"2023-08-01T16:48:31","modified_gmt":"2023-08-01T23:48:31","slug":"pray","status":"publish","type":"page","link":"https:\/\/kidworksoc.org\/es\/pray\/","title":{"rendered":"Reza"},"content":{"rendered":"\n<div class=\"wp-block-cover alignfull is-light\" style=\"padding-top:400px;padding-right:var(--wp--preset--spacing--30);padding-bottom:var(--wp--preset--spacing--50);padding-left:var(--wp--preset--spacing--30)\"><span aria-hidden=\"true\" class=\"wp-block-cover__background has-background-dim-100 has-background-dim has-background-gradient\" style=\"background:linear-gradient(0deg,rgb(24,49,111) 0%,rgba(24,49,111,0.35) 100%)\"><\/span><img decoding=\"async\" width=\"1000\" height=\"667\" src=\"https:\/\/kidworksoc.org\/wp-content\/uploads\/2023\/02\/4EE1EC23-DD47-4D17-8FBF-C9B87497F0DF_1_100_o-2.jpeg\" class=\"wp-block-cover__image-background wp-post-image\" alt=\"\" data-object-fit=\"cover\" srcset=\"https:\/\/kidworksoc.org\/wp-content\/uploads\/2023\/02\/4EE1EC23-DD47-4D17-8FBF-C9B87497F0DF_1_100_o-2.jpeg 1000w, https:\/\/kidworksoc.org\/wp-content\/uploads\/2023\/02\/4EE1EC23-DD47-4D17-8FBF-C9B87497F0DF_1_100_o-2-600x400.jpeg 600w\" sizes=\"(max-width: 1000px) 100vw, 1000px\" \/><div class=\"wp-block-cover__inner-container is-layout-flow wp-block-cover-is-layout-flow\">\n<div class=\"wp-block-group has-tertiary-color has-text-color has-global-padding is-layout-constrained wp-container-core-group-is-layout-9b5fd1f6 wp-block-group-is-layout-constrained\">\n<h1 class=\"wp-block-heading has-text-align-center is-style-muted-heading has-accent-color has-text-color has-x-large-font-size\">Reza<\/h1>\n\n\n\n<h2 class=\"wp-block-heading has-text-align-center has-white-color has-text-color\" style=\"font-size:clamp(33.419px, 2.089rem + ((1vw - 3.2px) * 2.769), 60px);\"><strong>Rezar por KidWorks<\/strong><\/h2>\n\n\n\n<p class=\"has-text-align-center has-tertiary-light-color has-text-color has-medium-font-size\">Vemos a <strong>Dios obrando cada d\u00eda<\/strong> y te pedimos que <strong>reces junto a<\/strong> nuestras iglesias y asociados religiosos en la medida de tus posibilidades.<\/p>\n<\/div>\n<\/div><\/div>\n\n<div class=\"wp-block-group alignfull has-primary-dark-background-color has-text-color has-background has-global-padding is-layout-constrained wp-container-core-group-is-layout-1cfaef1a wp-block-group-is-layout-constrained\" style=\"color:#f0f4fac7;padding-top:40px;padding-right:var(--wp--preset--spacing--30);padding-bottom:var(--wp--preset--spacing--100);padding-left:var(--wp--preset--spacing--30)\">\n<div class=\"wp-block-columns is-layout-flex wp-container-core-columns-is-layout-0cd93624 wp-block-columns-is-layout-flex\">\n<div class=\"wp-block-column is-style-sticky is-layout-flow wp-block-column-is-layout-flow\" style=\"flex-basis:33.33%\">\n<h2 class=\"wp-block-heading has-white-color has-text-color has-x-large-font-size\">Aqu\u00ed tienes <strong><em>formas espec\u00edficas de rezar <\/em><\/strong>con nosotros este a\u00f1o<\/h2>\n<\/div>\n\n\n\n<div class=\"wp-block-column is-layout-flow wp-block-column-is-layout-flow\" style=\"flex-basis:66.66%\">\n<h4 class=\"wp-block-heading has-tertiary-color has-text-color\"><strong>Oraciones por los estudiantes<\/strong><\/h4>\n\n\n\n<div style=\"height:20px\" aria-hidden=\"true\" class=\"wp-block-spacer\"><\/div>\n\n\n\n<ul class=\"is-style-check-mark wp-block-list\">\n<li>Alabado sea Dios porque los j\u00f3venes est\u00e1n <strong>sedientos de conversaciones espirituales<\/strong>.<\/li>\n\n\n\n<li>Oren por<strong> oportunidades para compartir el Evangelio <\/strong>y <strong>discipular a nuestros adolescentes<\/strong>.<\/li>\n\n\n\n<li>Reza para que las <strong>lecciones de fe de los mi\u00e9rcoles<\/strong> y las <strong>noches mensuales para adolescentes <\/strong>ayuden a <strong>alimentar el amor de los alumnos por el Evangelio <\/strong>y el mundo que les rodea.<\/li>\n\n\n\n<li>Ore para que Dios traiga <strong>nuevos estudiantes y familias a KidWorks<\/strong>.<\/li>\n\n\n\n<li>El <strong>1 de noviembre<\/strong> <strong>finaliza el plazo de admisi\u00f3n anticipada<\/strong> en muchas universidades. Es una \u00e9poca de <strong>estr\u00e9s y ansiedad <\/strong>para las personas mayores. Reza para que tengan sabidur\u00eda y disciplina a la hora de <strong>tomar decisiones que afectar\u00e1n a su futuro.<\/strong><\/li>\n<\/ul>\n\n\n\n<div style=\"height:60px\" aria-hidden=\"true\" class=\"wp-block-spacer\"><\/div>\n\n\n\n<h4 class=\"wp-block-heading has-tertiary-color has-text-color\"><strong><strong>Oraciones por las familias<\/strong><\/strong><\/h4>\n\n\n\n<div style=\"height:20px\" aria-hidden=\"true\" class=\"wp-block-spacer\"><\/div>\n\n\n\n<ul class=\"is-style-check-mark wp-block-list\">\n<li>Los precios inflados de los alimentos y el combustible est\u00e1n afectando a nuestras familias. Reza por provisiones durante las fiestas navide\u00f1as.<\/li>\n\n\n\n<li>Alabado sea Dios porque KidWorks cuenta con personal adicional para atender mejor las necesidades de nuestras familias. Oremos por oportunidades para ministrar a las familias a las que servimos.<\/li>\n<\/ul>\n\n\n\n<div style=\"height:60px\" aria-hidden=\"true\" class=\"wp-block-spacer\"><\/div>\n\n\n\n<h4 class=\"wp-block-heading has-tertiary-color has-text-color\"><strong><strong><strong>Oraciones para divertirse<\/strong><\/strong><\/strong><\/h4>\n\n\n\n<div style=\"height:20px\" aria-hidden=\"true\" class=\"wp-block-spacer\"><\/div>\n\n\n\n<ul class=\"is-style-check-mark wp-block-list\">\n<li>Rezad para que los alumnos tengan ganas de venir a KidWorks cada d\u00eda y para que la risa impregne nuestras salas.<\/li>\n<\/ul>\n<\/div>\n<\/div>\n<\/div>\n\n<div style=\"height:100px\" aria-hidden=\"true\" class=\"wp-block-spacer\"><\/div>\n\n<h3 class=\"wp-block-heading has-text-align-center\"><strong>KidWorks comenz\u00f3 hace casi 30 a\u00f1os en el centro de Santa Ana como resultado directo de la colaboraci\u00f3n con las iglesias locales y sus congregaciones.<\/strong><\/h3>\n\n<p class=\"has-text-align-center\">Creemos que las congregaciones locales son catalizadores del cambio comunitario. Le invitamos a formar parte de este ministerio transformador de vidas. A continuaci\u00f3n le indicamos c\u00f3mo puede participar.<\/p>\n\n<div style=\"height:40px\" aria-hidden=\"true\" class=\"wp-block-spacer\"><\/div>\n\n<div class=\"wp-block-buttons is-content-justification-center is-layout-flex wp-container-core-buttons-is-layout-7cd643ec wp-block-buttons-is-layout-flex\">\n<div class=\"wp-block-button is-style-outline is-style-outline--1\"><a class=\"wp-block-button__link wp-element-button\" href=\"http:\/\/kidworksoc.org\/es\/nuestros-socios\/\">Socios<\/a><\/div>\n\n\n\n<div class=\"wp-block-button is-style-outline is-style-outline--2\"><a class=\"wp-block-button__link wp-element-button\" href=\"http:\/\/kidworksoc.org\/es\/in-kind\/\">En especie<\/a><\/div>\n\n\n\n<div class=\"wp-block-button is-style-outline is-style-outline--3\"><a class=\"wp-block-button__link wp-element-button\" href=\"https:\/\/4agc.com\/donation_pages\/f67bc412-aaca-4602-b4d1-618d9ea007a8\" target=\"_blank\" rel=\"noreferrer noopener\">Soporte<\/a><\/div>\n\n\n\n<div class=\"wp-block-button is-style-outline is-style-outline--4\"><a class=\"wp-block-button__link wp-element-button\" href=\"http:\/\/kidworksoc.org\/pray\/prayer-walk\/\">Caminata de oraci\u00f3n<\/a><\/div>\n<\/div>\n\n<div style=\"height:100px\" aria-hidden=\"true\" class=\"wp-block-spacer\"><\/div>\n\n<p class=\"has-text-align-center has-primary-dark-color has-text-color has-secondary-font-family has-x-large-font-size\" style=\"line-height:1.5\"><strong>\u00abEntonces me invocar\u00e9is y vendr\u00e9is a rezarme, y yo os escuchar\u00e9\u00bb.<\/strong><\/p>\n\n<p class=\"has-text-align-center has-text-color\" style=\"color:#acacac;text-transform:uppercase\"><strong>Jerem\u00edas 29:12<\/strong><\/p>\n","protected":false},"excerpt":{"rendered":"<p>Aqu\u00ed tienes formas espec\u00edficas de rezar con nosotros este a\u00f1o Oraciones por los estudiantes Oraciones por las familias Oraciones para divertirse KidWorks comenz\u00f3 hace casi 30 a\u00f1os en el centro&hellip; <a class=\"more-link\" href=\"https:\/\/kidworksoc.org\/es\/pray\/\">Siga Leyendo<\/a><\/p>\n","protected":false},"author":1,"featured_media":2439,"parent":0,"menu_order":0,"comment_status":"closed","ping_status":"closed","template":"","meta":{"_acf_changed":false,"_searchwp_excluded":"","_monsterinsights_skip_tracking":false,"_monsterinsights_sitenote_active":false,"_monsterinsights_sitenote_note":"","_monsterinsights_sitenote_category":0,"_uf_show_specific_survey":0,"_uf_disable_surveys":false,"footnotes":""},"class_list":["post-3150","page","type-page","status-publish","has-post-thumbnail","hentry"],"acf":[],"aioseo_notices":[],"yoast_head":"<!-- This site is optimized with the Yoast SEO plugin v27.5 - https:\/\/yoast.com\/product\/yoast-seo-wordpress\/ -->\n<title>Reza - KidWorks<\/title>\n<meta name=\"description\" content=\"Reza Rezar por KidWorks Vemos a Dios obrando cada d\u00eda y te pedimos que reces junto a nuestras iglesias y asociados religiosos en la medida de tus\" \/>\n<meta name=\"robots\" content=\"index, follow, max-snippet:-1, max-image-preview:large, max-video-preview:-1\" \/>\n<link rel=\"canonical\" href=\"https:\/\/kidworksoc.org\/es\/pray\/\" \/>\n<meta property=\"og:locale\" content=\"es_ES\" \/>\n<meta property=\"og:type\" content=\"article\" \/>\n<meta property=\"og:title\" content=\"Reza\" \/>\n<meta property=\"og:url\" content=\"https:\/\/kidworksoc.org\/es\/pray\/\" \/>\n<meta property=\"og:site_name\" content=\"KidWorks\" \/>\n<meta property=\"article:publisher\" content=\"https:\/\/www.facebook.com\/kidworkscdc\" \/>\n<meta property=\"article:modified_time\" content=\"2023-08-01T23:48:31+00:00\" \/>\n<meta property=\"og:image\" content=\"http:\/\/kidworksoc.org\/wp-content\/uploads\/2023\/02\/4EE1EC23-DD47-4D17-8FBF-C9B87497F0DF_1_100_o-2-600x600.jpeg\" \/>\n<meta name=\"twitter:card\" content=\"summary_large_image\" \/>\n<meta name=\"twitter:title\" content=\"Reza\" \/>\n<meta name=\"twitter:image\" content=\"http:\/\/kidworksoc.org\/wp-content\/uploads\/2023\/02\/4EE1EC23-DD47-4D17-8FBF-C9B87497F0DF_1_100_o-2-600x600.jpeg\" \/>\n<meta name=\"twitter:site\" content=\"@kidworks\" \/>\n<script type=\"application\/ld+json\" class=\"yoast-schema-graph\">{\"@context\":\"https:\\\/\\\/schema.org\",\"@graph\":[{\"@type\":\"WebPage\",\"@id\":\"https:\\\/\\\/kidworksoc.org\\\/es\\\/pray\\\/\",\"url\":\"https:\\\/\\\/kidworksoc.org\\\/es\\\/pray\\\/\",\"name\":\"Reza - KidWorks\",\"isPartOf\":{\"@id\":\"https:\\\/\\\/kidworksoc.org\\\/es\\\/#website\"},\"primaryImageOfPage\":{\"@id\":\"https:\\\/\\\/kidworksoc.org\\\/es\\\/pray\\\/#primaryimage\"},\"image\":{\"@id\":\"https:\\\/\\\/kidworksoc.org\\\/es\\\/pray\\\/#primaryimage\"},\"thumbnailUrl\":\"https:\\\/\\\/kidworksoc.org\\\/wp-content\\\/uploads\\\/2023\\\/02\\\/4EE1EC23-DD47-4D17-8FBF-C9B87497F0DF_1_100_o-2.jpeg\",\"datePublished\":\"2023-01-25T18:43:23+00:00\",\"dateModified\":\"2023-08-01T23:48:31+00:00\",\"description\":\"Reza Rezar por KidWorks Vemos a Dios obrando cada d\u00eda y te pedimos que reces junto a nuestras iglesias y asociados religiosos en la medida de tus\",\"breadcrumb\":{\"@id\":\"https:\\\/\\\/kidworksoc.org\\\/es\\\/pray\\\/#breadcrumb\"},\"inLanguage\":\"es\",\"potentialAction\":[{\"@type\":\"ReadAction\",\"target\":[\"https:\\\/\\\/kidworksoc.org\\\/es\\\/pray\\\/\"]}]},{\"@type\":\"ImageObject\",\"inLanguage\":\"es\",\"@id\":\"https:\\\/\\\/kidworksoc.org\\\/es\\\/pray\\\/#primaryimage\",\"url\":\"https:\\\/\\\/kidworksoc.org\\\/wp-content\\\/uploads\\\/2023\\\/02\\\/4EE1EC23-DD47-4D17-8FBF-C9B87497F0DF_1_100_o-2.jpeg\",\"contentUrl\":\"https:\\\/\\\/kidworksoc.org\\\/wp-content\\\/uploads\\\/2023\\\/02\\\/4EE1EC23-DD47-4D17-8FBF-C9B87497F0DF_1_100_o-2.jpeg\",\"width\":1000,\"height\":667},{\"@type\":\"BreadcrumbList\",\"@id\":\"https:\\\/\\\/kidworksoc.org\\\/es\\\/pray\\\/#breadcrumb\",\"itemListElement\":[{\"@type\":\"ListItem\",\"position\":1,\"name\":\"Home\",\"item\":\"https:\\\/\\\/kidworksoc.org\\\/es\\\/\"},{\"@type\":\"ListItem\",\"position\":2,\"name\":\"Reza\"}]},{\"@type\":\"WebSite\",\"@id\":\"https:\\\/\\\/kidworksoc.org\\\/es\\\/#website\",\"url\":\"https:\\\/\\\/kidworksoc.org\\\/es\\\/\",\"name\":\"KidWorks\",\"description\":\"Unleashing Youth Potential\u2122\",\"publisher\":{\"@id\":\"https:\\\/\\\/kidworksoc.org\\\/es\\\/#organization\"},\"potentialAction\":[{\"@type\":\"SearchAction\",\"target\":{\"@type\":\"EntryPoint\",\"urlTemplate\":\"https:\\\/\\\/kidworksoc.org\\\/es\\\/?s={search_term_string}\"},\"query-input\":{\"@type\":\"PropertyValueSpecification\",\"valueRequired\":true,\"valueName\":\"search_term_string\"}}],\"inLanguage\":\"es\"},{\"@type\":\"Organization\",\"@id\":\"https:\\\/\\\/kidworksoc.org\\\/es\\\/#organization\",\"name\":\"KidWorks\",\"url\":\"https:\\\/\\\/kidworksoc.org\\\/es\\\/\",\"logo\":{\"@type\":\"ImageObject\",\"inLanguage\":\"es\",\"@id\":\"https:\\\/\\\/kidworksoc.org\\\/es\\\/#\\\/schema\\\/logo\\\/image\\\/\",\"url\":\"https:\\\/\\\/kidworksoc.org\\\/wp-content\\\/uploads\\\/2023\\\/01\\\/kidworks-anniversary-logo.png\",\"contentUrl\":\"https:\\\/\\\/kidworksoc.org\\\/wp-content\\\/uploads\\\/2023\\\/01\\\/kidworks-anniversary-logo.png\",\"width\":420,\"height\":114,\"caption\":\"KidWorks\"},\"image\":{\"@id\":\"https:\\\/\\\/kidworksoc.org\\\/es\\\/#\\\/schema\\\/logo\\\/image\\\/\"},\"sameAs\":[\"https:\\\/\\\/www.facebook.com\\\/kidworkscdc\",\"https:\\\/\\\/x.com\\\/kidworks\",\"https:\\\/\\\/www.instagram.com\\\/kidworks\\\/\",\"https:\\\/\\\/www.yelp.com\\\/biz\\\/kidworks-santa-ana?osq=kidworks\",\"https:\\\/\\\/www.youtube.com\\\/user\\\/KidWorksCDC\",\"https:\\\/\\\/www.linkedin.com\\\/company\\\/kidworkscdc\"]}]}<\/script>\n<!-- \/ Yoast SEO plugin. -->","yoast_head_json":{"title":"Reza - KidWorks","description":"Reza Rezar por KidWorks Vemos a Dios obrando cada d\u00eda y te pedimos que reces junto a nuestras iglesias y asociados religiosos en la medida de tus","robots":{"index":"index","follow":"follow","max-snippet":"max-snippet:-1","max-image-preview":"max-image-preview:large","max-video-preview":"max-video-preview:-1"},"canonical":"https:\/\/kidworksoc.org\/es\/pray\/","og_locale":"es_ES","og_type":"article","og_title":"Reza","og_url":"https:\/\/kidworksoc.org\/es\/pray\/","og_site_name":"KidWorks","article_publisher":"https:\/\/www.facebook.com\/kidworkscdc","article_modified_time":"2023-08-01T23:48:31+00:00","og_image":[{"url":"http:\/\/kidworksoc.org\/wp-content\/uploads\/2023\/02\/4EE1EC23-DD47-4D17-8FBF-C9B87497F0DF_1_100_o-2-600x600.jpeg","type":"","width":"","height":""}],"twitter_card":"summary_large_image","twitter_title":"Reza","twitter_image":"http:\/\/kidworksoc.org\/wp-content\/uploads\/2023\/02\/4EE1EC23-DD47-4D17-8FBF-C9B87497F0DF_1_100_o-2-600x600.jpeg","twitter_site":"@kidworks","schema":{"@context":"https:\/\/schema.org","@graph":[{"@type":"WebPage","@id":"https:\/\/kidworksoc.org\/es\/pray\/","url":"https:\/\/kidworksoc.org\/es\/pray\/","name":"Reza - KidWorks","isPartOf":{"@id":"https:\/\/kidworksoc.org\/es\/#website"},"primaryImageOfPage":{"@id":"https:\/\/kidworksoc.org\/es\/pray\/#primaryimage"},"image":{"@id":"https:\/\/kidworksoc.org\/es\/pray\/#primaryimage"},"thumbnailUrl":"https:\/\/kidworksoc.org\/wp-content\/uploads\/2023\/02\/4EE1EC23-DD47-4D17-8FBF-C9B87497F0DF_1_100_o-2.jpeg","datePublished":"2023-01-25T18:43:23+00:00","dateModified":"2023-08-01T23:48:31+00:00","description":"Reza Rezar por KidWorks Vemos a Dios obrando cada d\u00eda y te pedimos que reces junto a nuestras iglesias y asociados religiosos en la medida de tus","breadcrumb":{"@id":"https:\/\/kidworksoc.org\/es\/pray\/#breadcrumb"},"inLanguage":"es","potentialAction":[{"@type":"ReadAction","target":["https:\/\/kidworksoc.org\/es\/pray\/"]}]},{"@type":"ImageObject","inLanguage":"es","@id":"https:\/\/kidworksoc.org\/es\/pray\/#primaryimage","url":"https:\/\/kidworksoc.org\/wp-content\/uploads\/2023\/02\/4EE1EC23-DD47-4D17-8FBF-C9B87497F0DF_1_100_o-2.jpeg","contentUrl":"https:\/\/kidworksoc.org\/wp-content\/uploads\/2023\/02\/4EE1EC23-DD47-4D17-8FBF-C9B87497F0DF_1_100_o-2.jpeg","width":1000,"height":667},{"@type":"BreadcrumbList","@id":"https:\/\/kidworksoc.org\/es\/pray\/#breadcrumb","itemListElement":[{"@type":"ListItem","position":1,"name":"Home","item":"https:\/\/kidworksoc.org\/es\/"},{"@type":"ListItem","position":2,"name":"Reza"}]},{"@type":"WebSite","@id":"https:\/\/kidworksoc.org\/es\/#website","url":"https:\/\/kidworksoc.org\/es\/","name":"KidWorks","description":"Unleashing Youth Potential\u2122","publisher":{"@id":"https:\/\/kidworksoc.org\/es\/#organization"},"potentialAction":[{"@type":"SearchAction","target":{"@type":"EntryPoint","urlTemplate":"https:\/\/kidworksoc.org\/es\/?s={search_term_string}"},"query-input":{"@type":"PropertyValueSpecification","valueRequired":true,"valueName":"search_term_string"}}],"inLanguage":"es"},{"@type":"Organization","@id":"https:\/\/kidworksoc.org\/es\/#organization","name":"KidWorks","url":"https:\/\/kidworksoc.org\/es\/","logo":{"@type":"ImageObject","inLanguage":"es","@id":"https:\/\/kidworksoc.org\/es\/#\/schema\/logo\/image\/","url":"https:\/\/kidworksoc.org\/wp-content\/uploads\/2023\/01\/kidworks-anniversary-logo.png","contentUrl":"https:\/\/kidworksoc.org\/wp-content\/uploads\/2023\/01\/kidworks-anniversary-logo.png","width":420,"height":114,"caption":"KidWorks"},"image":{"@id":"https:\/\/kidworksoc.org\/es\/#\/schema\/logo\/image\/"},"sameAs":["https:\/\/www.facebook.com\/kidworkscdc","https:\/\/x.com\/kidworks","https:\/\/www.instagram.com\/kidworks\/","https:\/\/www.yelp.com\/biz\/kidworks-santa-ana?osq=kidworks","https:\/\/www.youtube.com\/user\/KidWorksCDC","https:\/\/www.linkedin.com\/company\/kidworkscdc"]}]}},"_links":{"self":[{"href":"https:\/\/kidworksoc.org\/es\/wp-json\/wp\/v2\/pages\/3150","targetHints":{"allow":["GET"]}}],"collection":[{"href":"https:\/\/kidworksoc.org\/es\/wp-json\/wp\/v2\/pages"}],"about":[{"href":"https:\/\/kidworksoc.org\/es\/wp-json\/wp\/v2\/types\/page"}],"author":[{"embeddable":true,"href":"https:\/\/kidworksoc.org\/es\/wp-json\/wp\/v2\/users\/1"}],"replies":[{"embeddable":true,"href":"https:\/\/kidworksoc.org\/es\/wp-json\/wp\/v2\/comments?post=3150"}],"version-history":[{"count":0,"href":"https:\/\/kidworksoc.org\/es\/wp-json\/wp\/v2\/pages\/3150\/revisions"}],"wp:featuredmedia":[{"embeddable":true,"href":"https:\/\/kidworksoc.org\/es\/wp-json\/wp\/v2\/media\/2439"}],"wp:attachment":[{"href":"https:\/\/kidworksoc.org\/es\/wp-json\/wp\/v2\/media?parent=3150"}],"curies":[{"name":"wp","href":"https:\/\/api.w.org\/{rel}","templated":true}]}}