{"id":3146,"date":"2023-01-25T10:35:14","date_gmt":"2023-01-25T18:35:14","guid":{"rendered":"http:\/\/kidworksoc.org\/nuestros-socios\/"},"modified":"2023-07-12T16:48:16","modified_gmt":"2023-07-12T23:48:16","slug":"nuestros-socios","status":"publish","type":"page","link":"https:\/\/kidworksoc.org\/es\/nuestros-socios\/","title":{"rendered":"Nuestros socios"},"content":{"rendered":"\n<div class=\"wp-block-cover alignfull is-light\" style=\"padding-top:var(--wp--preset--spacing--300);padding-right:var(--wp--preset--spacing--30);padding-bottom:var(--wp--preset--spacing--150);padding-left:var(--wp--preset--spacing--30)\"><span aria-hidden=\"true\" class=\"wp-block-cover__background has-background-dim-100 has-background-dim has-background-gradient\" style=\"background:linear-gradient(0deg,rgb(24,49,111) 0%,rgba(25,49,112,0.35) 100%)\"><\/span><img decoding=\"async\" width=\"1536\" height=\"987\" src=\"https:\/\/kidworksoc.org\/wp-content\/uploads\/2023\/02\/6ukDQG1I.jpeg\" class=\"wp-block-cover__image-background wp-post-image\" alt=\"\" data-object-fit=\"cover\" srcset=\"https:\/\/kidworksoc.org\/wp-content\/uploads\/2023\/02\/6ukDQG1I.jpeg 1536w, https:\/\/kidworksoc.org\/wp-content\/uploads\/2023\/02\/6ukDQG1I-1280x823.jpeg 1280w, https:\/\/kidworksoc.org\/wp-content\/uploads\/2023\/02\/6ukDQG1I-1440x925.jpeg 1440w, https:\/\/kidworksoc.org\/wp-content\/uploads\/2023\/02\/6ukDQG1I-600x386.jpeg 600w\" sizes=\"(max-width: 1536px) 100vw, 1536px\" \/><div class=\"wp-block-cover__inner-container is-layout-flow wp-block-cover-is-layout-flow\">\n<div class=\"wp-block-group has-tertiary-color has-text-color has-global-padding is-layout-constrained wp-container-core-group-is-layout-50da5a02 wp-block-group-is-layout-constrained\">\n<h1 class=\"wp-block-heading has-text-align-center is-style-muted-heading has-accent-color has-text-color\">Nuestros socios<\/h1>\n\n\n\n<h2 class=\"wp-block-heading alignwide has-text-align-center has-white-color has-text-color\" style=\"font-size:clamp(33.419px, 2.089rem + ((1vw - 3.2px) * 2.769), 60px);\"><strong>Los socios apoyan a KidWorks de diversas maneras<\/strong><\/h2>\n\n\n\n<p class=\"has-text-align-center has-tertiary-light-color has-text-color has-medium-font-size\">Tu apoyo abre las puertas a los j\u00f3venes para que lideren sus comunidades e influyan positivamente en las generaciones futuras.<\/p>\n<\/div>\n<\/div><\/div>\n\n<div class=\"wp-block-group alignfull has-tertiary-background-color has-background has-global-padding is-layout-constrained wp-container-core-group-is-layout-1ac22c9f wp-block-group-is-layout-constrained\" style=\"padding-top:var(--wp--preset--spacing--100);padding-right:var(--wp--preset--spacing--50);padding-bottom:var(--wp--preset--spacing--150);padding-left:var(--wp--preset--spacing--50)\">\n<div class=\"wp-block-columns is-layout-flex wp-container-core-columns-is-layout-28f84493 wp-block-columns-is-layout-flex\">\n<div class=\"wp-block-column is-layout-flow wp-block-column-is-layout-flow\">\n<p class=\"has-text-align-center has-primary-dark-color has-text-color has-secondary-font-family\" style=\"font-size:clamp(16.834px, 1.052rem + ((1vw - 3.2px) * 0.955), 26px);\"><strong>Nos aliamos con empresas, corporaciones y fundaciones que valoran el apoyo a la educaci\u00f3n, los ni\u00f1os peque\u00f1os, las familias, los desfavorecidos, los ni\u00f1os en situaci\u00f3n de riesgo y las comunidades sanas, entre otros.<\/strong><\/p>\n<\/div>\n\n\n\n<div class=\"wp-block-column is-layout-flow wp-block-column-is-layout-flow\">\n<p class=\"has-text-align-center\">Let\u2019s have a conversation about your CSR goals, so together we can continue to ensure Orange County\u2019s young children are set on a path for well-being and success.<\/p>\n\n\n\n<div class=\"wp-block-buttons is-content-justification-center is-layout-flex wp-container-core-buttons-is-layout-7878cfa4 wp-block-buttons-is-layout-flex\">\n<div class=\"wp-block-button\"><a class=\"wp-block-button__link has-primary-dark-background-color has-background wp-element-button\" href=\"\/eventos\/\">Patrocinar un acto<\/a><\/div>\n\n\n\n<div class=\"wp-block-button\"><a class=\"wp-block-button__link wp-element-button\" href=\"https:\/\/4agc.com\/donation_pages\/f67bc412-aaca-4602-b4d1-618d9ea007a8\" target=\"_blank\" rel=\"noreferrer noopener\">Apoyar un programa<\/a><\/div>\n\n\n\n<div class=\"wp-block-button is-style-secondary-btn\"><a class=\"wp-block-button__link wp-element-button\" href=\"http:\/\/kidworksoc.org\/es\/voluntario\/\">Voluntario<\/a><\/div>\n<\/div>\n<\/div>\n<\/div>\n<\/div>\n\n<div style=\"height:100px\" aria-hidden=\"true\" class=\"wp-block-spacer\"><\/div>\n\n<h3 class=\"wp-block-heading has-text-align-center\"><strong>Socios de la misi\u00f3n<\/strong> que han apoyado a KidWorks durante m\u00e1s de 5 a\u00f1os con m\u00e1s de 250.000 d\u00f3lares de ayuda acumulada<\/h3>\n\n<div style=\"height:40px\" aria-hidden=\"true\" class=\"wp-block-spacer\"><\/div>\n\n<div class=\"wp-block-columns alignwide is-layout-flex wp-container-core-columns-is-layout-28f84493 wp-block-columns-is-layout-flex\">\n<div class=\"wp-block-column is-layout-flow wp-block-column-is-layout-flow\">\n<p class=\"has-text-align-center\">American Career College\/Universidad de la Costa Oeste<\/p>\n\n\n\n<p class=\"has-text-align-center\">Banco de Am\u00e9rica<\/p>\n\n\n\n<p class=\"has-text-align-center\">Brian Lawrence<\/p>\n\n\n\n<p class=\"has-text-align-center\">Fondo de la Fundaci\u00f3n Building Block<\/p>\n\n\n\n<p class=\"has-text-align-center\">Departamento de Educaci\u00f3n de California<\/p>\n\n\n\n<p class=\"has-text-align-center\">Ciudad de Santa Ana<\/p>\n\n\n\n<p class=\"has-text-align-center\">Fundaci\u00f3n de la Familia Dhont<\/p>\n\n\n\n<p class=\"has-text-align-center\">Donahue Schriber Realty Group<\/p>\n\n\n\n<p class=\"has-text-align-center\">Heidi y Rub\u00e9n Mendoza<\/p>\n\n\n\n<p class=\"has-text-align-center\">Jill y Tom Schriber<\/p>\n<\/div>\n\n\n\n<div class=\"wp-block-column is-layout-flow wp-block-column-is-layout-flow\">\n<p class=\"has-text-align-center\">United Way del Condado de Orange<\/p>\n\n\n\n<p class=\"has-text-align-center\">Paula y Patrick Donahue<\/p>\n\n\n\n<p class=\"has-text-align-center\">Priscilla y Ranney Draper<\/p>\n\n\n\n<p class=\"has-text-align-center\">Fundaci\u00f3n SAJE<\/p>\n\n\n\n<p class=\"has-text-align-center\">Fundaci\u00f3n Samueli<\/p>\n\n\n\n<p class=\"has-text-align-center\">Stacey y Greg Brown<\/p>\n\n\n\n<p class=\"has-text-align-center\">Fundaci\u00f3n Familia Sun<\/p>\n\n\n\n<p class=\"has-text-align-center\">Susie y Steve Perry<\/p>\n\n\n\n<p class=\"has-text-align-center\">Fundaci\u00f3n Tarsadia<\/p>\n\n\n\n<p class=\"has-text-align-center\">TELACU<\/p>\n<\/div>\n\n\n\n<div class=\"wp-block-column is-layout-flow wp-block-column-is-layout-flow\">\n<p class=\"has-text-align-center\">La Fundaci\u00f3n de California<\/p>\n\n\n\n<p class=\"has-text-align-center\">La Fundaci\u00f3n de Apoyo DevTo<\/p>\n\n\n\n<p class=\"has-text-align-center\">La Fundaci\u00f3n Doyle<\/p>\n\n\n\n<p class=\"has-text-align-center\">Fundaci\u00f3n Kremer<\/p>\n\n\n\n<p class=\"has-text-align-center\">Servicios financieros Toyota<\/p>\n\n\n\n<p class=\"has-text-align-center\">Fundaci\u00f3n de la Familia Ueberroth<\/p>\n\n\n\n<p class=\"has-text-align-center\">Banco de EE.UU.<\/p>\n\n\n\n<p class=\"has-text-align-center\">Fundaci\u00f3n Weingart<\/p>\n\n\n\n<p class=\"has-text-align-center\">Wells Fargo<\/p>\n<\/div>\n<\/div>\n\n<div style=\"height:100px\" aria-hidden=\"true\" class=\"wp-block-spacer\"><\/div>\n\n<div class=\"wp-block-group alignfull has-global-padding is-layout-constrained wp-container-core-group-is-layout-530ec779 wp-block-group-is-layout-constrained\"><section class=\"blocks block-logos \" id=\"block_8268de1051238b0e72711b0418ef6726\">\n    <ul>\n                <li><img decoding=\"async\" src=\"https:\/\/kidworksoc.org\/wp-content\/uploads\/2023\/02\/Child-Creativity-Lab.png\" alt=\"\" \/><\/li>\n                <li><img decoding=\"async\" src=\"https:\/\/kidworksoc.org\/wp-content\/uploads\/2023\/02\/Girl-Scout.png\" alt=\"\" \/><\/li>\n                <li><img decoding=\"async\" src=\"https:\/\/kidworksoc.org\/wp-content\/uploads\/2023\/02\/ip-logo.png\" alt=\"\" \/><\/li>\n                <li><img decoding=\"async\" src=\"https:\/\/kidworksoc.org\/wp-content\/uploads\/2023\/02\/leader-in-me-logo.png\" alt=\"\" \/><\/li>\n                <li><img decoding=\"async\" src=\"https:\/\/kidworksoc.org\/wp-content\/uploads\/2023\/02\/Logo-Horizontal-Color.png\" alt=\"\" \/><\/li>\n                <li><img decoding=\"async\" src=\"https:\/\/kidworksoc.org\/wp-content\/uploads\/2023\/02\/logo.png\" alt=\"\" \/><\/li>\n                <li><img decoding=\"async\" src=\"https:\/\/kidworksoc.org\/wp-content\/uploads\/2023\/02\/socal-logo.png\" alt=\"\" \/><\/li>\n                <li><img decoding=\"async\" src=\"https:\/\/kidworksoc.org\/wp-content\/uploads\/2023\/02\/Pure-Game.png\" alt=\"\" \/><\/li>\n                <li><img decoding=\"async\" src=\"https:\/\/kidworksoc.org\/wp-content\/uploads\/2023\/07\/OCDE_007_logo_2019_small.png\" alt=\"\" \/><\/li>\n                <li><img decoding=\"async\" src=\"https:\/\/kidworksoc.org\/wp-content\/uploads\/2023\/07\/Revive20Santa20Ana20Logos2028129-600x600-4.png\" alt=\"\" \/><\/li>\n                <li><img decoding=\"async\" src=\"https:\/\/kidworksoc.org\/wp-content\/uploads\/2023\/07\/Second-Harvest-3-2.jpg\" alt=\"\" \/><\/li>\n                <li><img decoding=\"async\" src=\"https:\/\/kidworksoc.org\/wp-content\/uploads\/2023\/02\/Start-Well_Logo.png\" alt=\"\" \/><\/li>\n            <\/ul>\n<\/section>\n\n<\/div>\n","protected":false},"excerpt":{"rendered":"<p>Nos aliamos con empresas, corporaciones y fundaciones que valoran el apoyo a la educaci\u00f3n, los ni\u00f1os peque\u00f1os, las familias, los desfavorecidos, los ni\u00f1os en situaci\u00f3n de riesgo y las comunidades&hellip; <a class=\"more-link\" href=\"https:\/\/kidworksoc.org\/es\/nuestros-socios\/\">Siga Leyendo<\/a><\/p>\n","protected":false},"author":1,"featured_media":2368,"parent":0,"menu_order":0,"comment_status":"closed","ping_status":"closed","template":"","meta":{"_acf_changed":false,"_searchwp_excluded":"","_monsterinsights_skip_tracking":false,"_monsterinsights_sitenote_active":false,"_monsterinsights_sitenote_note":"","_monsterinsights_sitenote_category":0,"_uf_show_specific_survey":0,"_uf_disable_surveys":false,"footnotes":""},"class_list":["post-3146","page","type-page","status-publish","has-post-thumbnail","hentry"],"acf":[],"aioseo_notices":[],"yoast_head":"<!-- This site is optimized with the Yoast SEO plugin v27.4 - https:\/\/yoast.com\/product\/yoast-seo-wordpress\/ -->\n<title>Nuestros socios - KidWorks<\/title>\n<meta name=\"description\" content=\"Nuestros socios Los socios apoyan a KidWorks de diversas maneras Tu apoyo abre las puertas a los j\u00f3venes para que lideren sus comunidades e influyan\" \/>\n<meta name=\"robots\" content=\"index, follow, max-snippet:-1, max-image-preview:large, max-video-preview:-1\" \/>\n<link rel=\"canonical\" href=\"https:\/\/kidworksoc.org\/es\/nuestros-socios\/\" \/>\n<meta property=\"og:locale\" content=\"es_ES\" \/>\n<meta property=\"og:type\" content=\"article\" \/>\n<meta property=\"og:title\" content=\"Nuestros socios - KidWorks\" \/>\n<meta property=\"og:description\" content=\"Nuestros socios Los socios apoyan a KidWorks de diversas maneras Tu apoyo abre las puertas a los j\u00f3venes para que lideren sus comunidades e influyan\" \/>\n<meta property=\"og:url\" content=\"https:\/\/kidworksoc.org\/es\/nuestros-socios\/\" \/>\n<meta property=\"og:site_name\" content=\"KidWorks\" \/>\n<meta property=\"article:publisher\" content=\"https:\/\/www.facebook.com\/kidworkscdc\" \/>\n<meta property=\"article:modified_time\" content=\"2023-07-12T23:48:16+00:00\" \/>\n<meta property=\"og:image\" content=\"https:\/\/kidworksoc.org\/wp-content\/uploads\/2023\/02\/6ukDQG1I.jpeg\" \/>\n\t<meta property=\"og:image:width\" content=\"1536\" \/>\n\t<meta property=\"og:image:height\" content=\"987\" \/>\n\t<meta property=\"og:image:type\" content=\"image\/jpeg\" \/>\n<meta name=\"twitter:card\" content=\"summary_large_image\" \/>\n<meta name=\"twitter:site\" content=\"@kidworks\" \/>\n<script type=\"application\/ld+json\" class=\"yoast-schema-graph\">{\"@context\":\"https:\\\/\\\/schema.org\",\"@graph\":[{\"@type\":\"WebPage\",\"@id\":\"https:\\\/\\\/kidworksoc.org\\\/es\\\/nuestros-socios\\\/\",\"url\":\"https:\\\/\\\/kidworksoc.org\\\/es\\\/nuestros-socios\\\/\",\"name\":\"Nuestros socios - KidWorks\",\"isPartOf\":{\"@id\":\"https:\\\/\\\/kidworksoc.org\\\/es\\\/#website\"},\"primaryImageOfPage\":{\"@id\":\"https:\\\/\\\/kidworksoc.org\\\/es\\\/nuestros-socios\\\/#primaryimage\"},\"image\":{\"@id\":\"https:\\\/\\\/kidworksoc.org\\\/es\\\/nuestros-socios\\\/#primaryimage\"},\"thumbnailUrl\":\"https:\\\/\\\/kidworksoc.org\\\/wp-content\\\/uploads\\\/2023\\\/02\\\/6ukDQG1I.jpeg\",\"datePublished\":\"2023-01-25T18:35:14+00:00\",\"dateModified\":\"2023-07-12T23:48:16+00:00\",\"description\":\"Nuestros socios Los socios apoyan a KidWorks de diversas maneras Tu apoyo abre las puertas a los j\u00f3venes para que lideren sus comunidades e influyan\",\"breadcrumb\":{\"@id\":\"https:\\\/\\\/kidworksoc.org\\\/es\\\/nuestros-socios\\\/#breadcrumb\"},\"inLanguage\":\"es\",\"potentialAction\":[{\"@type\":\"ReadAction\",\"target\":[\"https:\\\/\\\/kidworksoc.org\\\/es\\\/nuestros-socios\\\/\"]}]},{\"@type\":\"ImageObject\",\"inLanguage\":\"es\",\"@id\":\"https:\\\/\\\/kidworksoc.org\\\/es\\\/nuestros-socios\\\/#primaryimage\",\"url\":\"https:\\\/\\\/kidworksoc.org\\\/wp-content\\\/uploads\\\/2023\\\/02\\\/6ukDQG1I.jpeg\",\"contentUrl\":\"https:\\\/\\\/kidworksoc.org\\\/wp-content\\\/uploads\\\/2023\\\/02\\\/6ukDQG1I.jpeg\",\"width\":1536,\"height\":987},{\"@type\":\"BreadcrumbList\",\"@id\":\"https:\\\/\\\/kidworksoc.org\\\/es\\\/nuestros-socios\\\/#breadcrumb\",\"itemListElement\":[{\"@type\":\"ListItem\",\"position\":1,\"name\":\"Home\",\"item\":\"https:\\\/\\\/kidworksoc.org\\\/es\\\/\"},{\"@type\":\"ListItem\",\"position\":2,\"name\":\"Nuestros socios\"}]},{\"@type\":\"WebSite\",\"@id\":\"https:\\\/\\\/kidworksoc.org\\\/es\\\/#website\",\"url\":\"https:\\\/\\\/kidworksoc.org\\\/es\\\/\",\"name\":\"KidWorks\",\"description\":\"Unleashing Youth Potential\u2122\",\"publisher\":{\"@id\":\"https:\\\/\\\/kidworksoc.org\\\/es\\\/#organization\"},\"potentialAction\":[{\"@type\":\"SearchAction\",\"target\":{\"@type\":\"EntryPoint\",\"urlTemplate\":\"https:\\\/\\\/kidworksoc.org\\\/es\\\/?s={search_term_string}\"},\"query-input\":{\"@type\":\"PropertyValueSpecification\",\"valueRequired\":true,\"valueName\":\"search_term_string\"}}],\"inLanguage\":\"es\"},{\"@type\":\"Organization\",\"@id\":\"https:\\\/\\\/kidworksoc.org\\\/es\\\/#organization\",\"name\":\"KidWorks\",\"url\":\"https:\\\/\\\/kidworksoc.org\\\/es\\\/\",\"logo\":{\"@type\":\"ImageObject\",\"inLanguage\":\"es\",\"@id\":\"https:\\\/\\\/kidworksoc.org\\\/es\\\/#\\\/schema\\\/logo\\\/image\\\/\",\"url\":\"https:\\\/\\\/kidworksoc.org\\\/wp-content\\\/uploads\\\/2023\\\/01\\\/kidworks-anniversary-logo.png\",\"contentUrl\":\"https:\\\/\\\/kidworksoc.org\\\/wp-content\\\/uploads\\\/2023\\\/01\\\/kidworks-anniversary-logo.png\",\"width\":420,\"height\":114,\"caption\":\"KidWorks\"},\"image\":{\"@id\":\"https:\\\/\\\/kidworksoc.org\\\/es\\\/#\\\/schema\\\/logo\\\/image\\\/\"},\"sameAs\":[\"https:\\\/\\\/www.facebook.com\\\/kidworkscdc\",\"https:\\\/\\\/x.com\\\/kidworks\",\"https:\\\/\\\/www.instagram.com\\\/kidworks\\\/\",\"https:\\\/\\\/www.yelp.com\\\/biz\\\/kidworks-santa-ana?osq=kidworks\",\"https:\\\/\\\/www.youtube.com\\\/user\\\/KidWorksCDC\",\"https:\\\/\\\/www.linkedin.com\\\/company\\\/kidworkscdc\"]}]}<\/script>\n<!-- \/ Yoast SEO plugin. -->","yoast_head_json":{"title":"Nuestros socios - KidWorks","description":"Nuestros socios Los socios apoyan a KidWorks de diversas maneras Tu apoyo abre las puertas a los j\u00f3venes para que lideren sus comunidades e influyan","robots":{"index":"index","follow":"follow","max-snippet":"max-snippet:-1","max-image-preview":"max-image-preview:large","max-video-preview":"max-video-preview:-1"},"canonical":"https:\/\/kidworksoc.org\/es\/nuestros-socios\/","og_locale":"es_ES","og_type":"article","og_title":"Nuestros socios - KidWorks","og_description":"Nuestros socios Los socios apoyan a KidWorks de diversas maneras Tu apoyo abre las puertas a los j\u00f3venes para que lideren sus comunidades e influyan","og_url":"https:\/\/kidworksoc.org\/es\/nuestros-socios\/","og_site_name":"KidWorks","article_publisher":"https:\/\/www.facebook.com\/kidworkscdc","article_modified_time":"2023-07-12T23:48:16+00:00","og_image":[{"width":1536,"height":987,"url":"https:\/\/kidworksoc.org\/wp-content\/uploads\/2023\/02\/6ukDQG1I.jpeg","type":"image\/jpeg"}],"twitter_card":"summary_large_image","twitter_site":"@kidworks","schema":{"@context":"https:\/\/schema.org","@graph":[{"@type":"WebPage","@id":"https:\/\/kidworksoc.org\/es\/nuestros-socios\/","url":"https:\/\/kidworksoc.org\/es\/nuestros-socios\/","name":"Nuestros socios - KidWorks","isPartOf":{"@id":"https:\/\/kidworksoc.org\/es\/#website"},"primaryImageOfPage":{"@id":"https:\/\/kidworksoc.org\/es\/nuestros-socios\/#primaryimage"},"image":{"@id":"https:\/\/kidworksoc.org\/es\/nuestros-socios\/#primaryimage"},"thumbnailUrl":"https:\/\/kidworksoc.org\/wp-content\/uploads\/2023\/02\/6ukDQG1I.jpeg","datePublished":"2023-01-25T18:35:14+00:00","dateModified":"2023-07-12T23:48:16+00:00","description":"Nuestros socios Los socios apoyan a KidWorks de diversas maneras Tu apoyo abre las puertas a los j\u00f3venes para que lideren sus comunidades e influyan","breadcrumb":{"@id":"https:\/\/kidworksoc.org\/es\/nuestros-socios\/#breadcrumb"},"inLanguage":"es","potentialAction":[{"@type":"ReadAction","target":["https:\/\/kidworksoc.org\/es\/nuestros-socios\/"]}]},{"@type":"ImageObject","inLanguage":"es","@id":"https:\/\/kidworksoc.org\/es\/nuestros-socios\/#primaryimage","url":"https:\/\/kidworksoc.org\/wp-content\/uploads\/2023\/02\/6ukDQG1I.jpeg","contentUrl":"https:\/\/kidworksoc.org\/wp-content\/uploads\/2023\/02\/6ukDQG1I.jpeg","width":1536,"height":987},{"@type":"BreadcrumbList","@id":"https:\/\/kidworksoc.org\/es\/nuestros-socios\/#breadcrumb","itemListElement":[{"@type":"ListItem","position":1,"name":"Home","item":"https:\/\/kidworksoc.org\/es\/"},{"@type":"ListItem","position":2,"name":"Nuestros socios"}]},{"@type":"WebSite","@id":"https:\/\/kidworksoc.org\/es\/#website","url":"https:\/\/kidworksoc.org\/es\/","name":"KidWorks","description":"Unleashing Youth Potential\u2122","publisher":{"@id":"https:\/\/kidworksoc.org\/es\/#organization"},"potentialAction":[{"@type":"SearchAction","target":{"@type":"EntryPoint","urlTemplate":"https:\/\/kidworksoc.org\/es\/?s={search_term_string}"},"query-input":{"@type":"PropertyValueSpecification","valueRequired":true,"valueName":"search_term_string"}}],"inLanguage":"es"},{"@type":"Organization","@id":"https:\/\/kidworksoc.org\/es\/#organization","name":"KidWorks","url":"https:\/\/kidworksoc.org\/es\/","logo":{"@type":"ImageObject","inLanguage":"es","@id":"https:\/\/kidworksoc.org\/es\/#\/schema\/logo\/image\/","url":"https:\/\/kidworksoc.org\/wp-content\/uploads\/2023\/01\/kidworks-anniversary-logo.png","contentUrl":"https:\/\/kidworksoc.org\/wp-content\/uploads\/2023\/01\/kidworks-anniversary-logo.png","width":420,"height":114,"caption":"KidWorks"},"image":{"@id":"https:\/\/kidworksoc.org\/es\/#\/schema\/logo\/image\/"},"sameAs":["https:\/\/www.facebook.com\/kidworkscdc","https:\/\/x.com\/kidworks","https:\/\/www.instagram.com\/kidworks\/","https:\/\/www.yelp.com\/biz\/kidworks-santa-ana?osq=kidworks","https:\/\/www.youtube.com\/user\/KidWorksCDC","https:\/\/www.linkedin.com\/company\/kidworkscdc"]}]}},"_links":{"self":[{"href":"https:\/\/kidworksoc.org\/es\/wp-json\/wp\/v2\/pages\/3146","targetHints":{"allow":["GET"]}}],"collection":[{"href":"https:\/\/kidworksoc.org\/es\/wp-json\/wp\/v2\/pages"}],"about":[{"href":"https:\/\/kidworksoc.org\/es\/wp-json\/wp\/v2\/types\/page"}],"author":[{"embeddable":true,"href":"https:\/\/kidworksoc.org\/es\/wp-json\/wp\/v2\/users\/1"}],"replies":[{"embeddable":true,"href":"https:\/\/kidworksoc.org\/es\/wp-json\/wp\/v2\/comments?post=3146"}],"version-history":[{"count":0,"href":"https:\/\/kidworksoc.org\/es\/wp-json\/wp\/v2\/pages\/3146\/revisions"}],"wp:featuredmedia":[{"embeddable":true,"href":"https:\/\/kidworksoc.org\/es\/wp-json\/wp\/v2\/media\/2368"}],"wp:attachment":[{"href":"https:\/\/kidworksoc.org\/es\/wp-json\/wp\/v2\/media?parent=3146"}],"curies":[{"name":"wp","href":"https:\/\/api.w.org\/{rel}","templated":true}]}}