{"id":3135,"date":"2022-12-05T21:14:06","date_gmt":"2022-12-06T05:14:06","guid":{"rendered":"http:\/\/kidworksoc.org\/our-story\/"},"modified":"2023-10-05T10:26:24","modified_gmt":"2023-10-05T17:26:24","slug":"our-story","status":"publish","type":"page","link":"https:\/\/kidworksoc.org\/es\/our-story\/","title":{"rendered":"Nuestra historia"},"content":{"rendered":"\n<figure class=\"wp-block-image alignfull size-large\"><img decoding=\"async\" width=\"1600\" height=\"702\" src=\"http:\/\/kidworksoc.org\/wp-content\/uploads\/2023\/02\/20020301-KIDWORKS_Staff-1-1600x702.jpg\" alt=\"\" class=\"wp-image-2403\" srcset=\"https:\/\/kidworksoc.org\/wp-content\/uploads\/2023\/02\/20020301-KIDWORKS_Staff-1-1600x702.jpg 1600w, https:\/\/kidworksoc.org\/wp-content\/uploads\/2023\/02\/20020301-KIDWORKS_Staff-1-1280x561.jpg 1280w, https:\/\/kidworksoc.org\/wp-content\/uploads\/2023\/02\/20020301-KIDWORKS_Staff-1-1440x632.jpg 1440w, https:\/\/kidworksoc.org\/wp-content\/uploads\/2023\/02\/20020301-KIDWORKS_Staff-1-1536x674.jpg 1536w, https:\/\/kidworksoc.org\/wp-content\/uploads\/2023\/02\/20020301-KIDWORKS_Staff-1-2048x898.jpg 2048w, https:\/\/kidworksoc.org\/wp-content\/uploads\/2023\/02\/20020301-KIDWORKS_Staff-1-600x263.jpg 600w\" sizes=\"(max-width: 1600px) 100vw, 1600px\" \/><\/figure>\n\n<div class=\"wp-block-group alignfull has-tertiary-background-color has-background has-global-padding is-layout-constrained wp-container-core-group-is-layout-9629f533 wp-block-group-is-layout-constrained\" style=\"padding-top:var(--wp--preset--spacing--100);padding-right:var(--wp--preset--spacing--30);padding-bottom:var(--wp--preset--spacing--100);padding-left:var(--wp--preset--spacing--30)\">\n<div class=\"wp-block-columns alignwide is-layout-flex wp-container-core-columns-is-layout-28f84493 wp-block-columns-is-layout-flex\">\n<div class=\"wp-block-column is-style-sticky is-layout-flow wp-block-column-is-layout-flow\" style=\"flex-basis:40%\">\n<h1 class=\"wp-block-heading has-text-align-center has-xx-large-font-size\"><strong>30 a\u00f1os de impacto<\/strong><\/h1>\n\n\n\n<p>KidWorks libera el potencial de los j\u00f3venes desarrollando la pr\u00f3xima generaci\u00f3n de estudiantes preparados para la vida que son l\u00edderes.<\/p>\n\n\n\n<figure class=\"wp-block-embed is-type-video is-provider-youtube wp-block-embed-youtube wp-embed-aspect-16-9 wp-has-aspect-ratio\"><div class=\"wp-block-embed__wrapper\">\n<iframe loading=\"lazy\" title=\"KidWorks 2023\" width=\"500\" height=\"281\" src=\"https:\/\/www.youtube.com\/embed\/XumIEWbaCXo?feature=oembed\" frameborder=\"0\" allow=\"accelerometer; autoplay; clipboard-write; encrypted-media; gyroscope; picture-in-picture; web-share\" referrerpolicy=\"strict-origin-when-cross-origin\" allowfullscreen><\/iframe>\n<\/div><\/figure>\n<\/div>\n\n\n\n<div class=\"wp-block-column is-layout-flow wp-block-column-is-layout-flow\" style=\"flex-basis:60%\">\n<p>KidWorks fue fundada en 1993 por Larry Acosta, pastor de j\u00f3venes, y su esposa, Jayme, maestra de escuela. Comenz\u00f3 como clubes b\u00edblicos de verano y grupos de mentores en barrios desfavorecidos de Santa Ana. En 1996 abrimos nuestro primer centro comunitario en un peque\u00f1o apartamento de una sola habitaci\u00f3n de la calle Townsend, como refugio seguro para ni\u00f1os y j\u00f3venes.<\/p>\n\n\n\n<div style=\"height:36px\" aria-hidden=\"true\" class=\"wp-block-spacer\"><\/div>\n\n\n\n<p>Desde el principio, KidWorks reclut\u00f3 a estudiantes universitarios para que vivieran y sirvieran en la comunidad. Nuestro Director Ejecutivo, David Benavides, fue uno de los primeros estudiantes voluntarios. Su estancia en KidWorks comenz\u00f3 con un programa de ocho semanas que cambi\u00f3 su vida, y la nuestra, para siempre.<\/p>\n\n\n\n<div style=\"height:33px\" aria-hidden=\"true\" class=\"wp-block-spacer\"><\/div>\n\n\n\n<p>Desde 1993, KidWorks se ha convertido en una vibrante organizaci\u00f3n sin \u00e1nimo de lucro dedicada al desarrollo comunitario, con presencia en varios barrios del centro de Santa Ana. Atendemos a j\u00f3venes y familias a trav\u00e9s de un centro preescolar autorizado, programas extraescolares, tutor\u00edas, mentores, preparaci\u00f3n para la universidad y la carrera profesional, servicios familiares y desarrollo del liderazgo.<\/p>\n\n\n\n<div class=\"wp-block-buttons is-content-justification-center is-layout-flex wp-container-core-buttons-is-layout-a89b3969 wp-block-buttons-is-layout-flex\">\n<div class=\"wp-block-button\"><a class=\"wp-block-button__link has-text-align-center wp-element-button\" href=\"https:\/\/www.flipsnack.com\/kidsoc\/vb-final-compressed.html\" target=\"_blank\" rel=\"noreferrer noopener\">Nuestra visi\u00f3n<\/a><\/div>\n<\/div>\n<\/div>\n<\/div>\n<\/div>\n\n<div style=\"height:100px\" aria-hidden=\"true\" class=\"wp-block-spacer\"><\/div>\n\n<h2 class=\"wp-block-heading has-text-align-center has-x-large-font-size\"><strong>Principales hitos<\/strong><\/h2>\n\n<div class=\"wp-block-group alignfull has-global-padding is-layout-constrained wp-container-core-group-is-layout-8353663b wp-block-group-is-layout-constrained\" style=\"padding-right:var(--wp--preset--spacing--50);padding-left:var(--wp--preset--spacing--50)\">\n<section class=\"blocks block-timeline \" id=\"block_abcaf8a18e5216c8618c2c5f47bf7195\">\n    <ul>\n                    <li>\n                <time>1993<\/time>\n                <h4>Fundaci\u00f3n de KidWorks<\/h4>\n                <p>KidWorks se fund\u00f3 como un programa de verano dependiente del Centro del Ministerio Hispano (HMC). Becarios universitarios se trasladan a barrios marginados del centro de Santa Ana para dirigir clubes b\u00edblicos y grupos de mentores para los j\u00f3venes de la zona.  <\/p>\n<p>En 1995, los becarios del programa de verano empiezan a vivir en los barrios durante todo el a\u00f1o para establecer relaciones m\u00e1s profundas en la comunidad.<\/p>\n            <\/li>\n                    <li>\n                <time>1996<\/time>\n                <h4>Apertura del primer centro KidWorks en Townsend St.<\/h4>\n                <p>  Los primeros internos se forman en la calle Townsend de Santa Ana. David Benavides es uno de los primeros becarios de KidWorks y posteriormente se convierte en Director del Programa KidWorks. En aquella \u00e9poca, este barrio era m\u00e1s duro de lo que es hoy, con una fuerte violencia de bandas y visibles guerras de drogas.<\/p>\n<p>Durante el oto\u00f1o, el programa KidWorks abre el Centro Los Puentes en Townsend. Este apartamento se convierte en la ubicaci\u00f3n central del programa extraescolar Homework Club y de los programas de educaci\u00f3n para adultos.<\/p>\n            <\/li>\n                    <li>\n                <time>1999<\/time>\n                <h4>Apertura del segundo centro KidWorks en la calle Myrtle<\/h4>\n                <p>KidWorks abre el Centro de Myrtle Street, cerca de Daisy Street, en un apartamento de dos habitaciones.<\/p>\n<p>Ava Steaffens, abogada de inmigraci\u00f3n, conoce KidWorks a trav\u00e9s de su iglesia. Se involucra y, poco despu\u00e9s, deja su consulta para convertirse en la primera directora de oficina del Centro del Ministerio Hispano.<\/p>\n            <\/li>\n                    <li>\n                <time>2000<\/time>\n                <h4>Lanzamiento de la Academia de Liderazgo para Adolescentes<\/h4>\n                <p>KidWorks lanza la Academia de Liderazgo para Adolescentes, un programa de verano que recluta a adolescentes del barrio para que participen en KidWorks durante todo el a\u00f1o. Los adolescentes organizan y ponen en marcha campamentos de d\u00eda para ni\u00f1os y dan clases particulares a los m\u00e1s peque\u00f1os. Las excursiones educativas y las clases particulares sirven para animar a los j\u00f3venes a decir \u00abs\u00ed\u00bb a la escuela y \u00abs\u00ed\u00bb a un futuro diferente.<\/p>\n<p>La Teahouse Gang, un grupo de influyentes ejecutivos del sector inmobiliario comercial, se involucra con KidWorks.<\/p>\n<p>Dan Donahue, uno de los l\u00edderes del grupo, sugiri\u00f3 que empezaran a retribuir a la comunidad local. Durante su primer a\u00f1o, proporcionaron cestas de alimentos y pavos navide\u00f1os a las familias de KidWorks.<\/p>\n            <\/li>\n                    <li>\n                <time>2002<\/time>\n                <h4>Corporaci\u00f3n de Desarrollo KidWorks<\/h4>\n                <p>Despu\u00e9s de que la Junta Directiva del Centro del Ministerio Hispano decide que el programa KidWorks tiene potencial para crecer m\u00e1s all\u00e1 de su organizaci\u00f3n matriz, Ava Steaffens y David Benavides, lideran la incorporaci\u00f3n de KidWorks como su propia organizaci\u00f3n 501 (c)(3) llamada El Puente Community Development Corporation (m\u00e1s tarde renombrada KidWorks Community Development Corporation).<\/p>\n<p>El 31 de diciembre, KidWorks pierde a un querido amigo y colaborador, Dan Donahue. Dan trabaj\u00f3 incansablemente para llevar esperanza y recursos a los ni\u00f1os de KidWorks.<\/p>\n            <\/li>\n                    <li>\n                <time>2003<\/time>\n                <h4>Celebraci\u00f3n de Dan Donahue<\/h4>\n                <p>Para honrar su memoria, amigos y familiares de Dan Donahue recaudan m\u00e1s de un mill\u00f3n de d\u00f3lares en un luau de \u00abcelebraci\u00f3n de la vida\u00bb. Estos fondos se donaron \u00edntegramente a KidWorks.<\/p>\n<p>La Junta de KidWorks utiliza su donaci\u00f3n para adquirir un edificio muy necesario para transformarlo en un centro comunitario. El trabajo y la memoria de Dan siguen dejando una huella indeleble en KidWorks.  <\/p>\n            <\/li>\n                    <li>\n                <time>2005<\/time>\n                <h4>Centro KidWorks Dan Donahue <\/h4>\n                <p>Tras una exitosa campa\u00f1a de capital de 3 millones de d\u00f3lares, KidWorks se traslada a un edificio de 10.000 m2 reci\u00e9n renovado. ft. el 27 de octubre de 2005. El edificio lleva el nombre de KidWorks Dan Donahue Center, en memoria de su estimado amigo y promotor.<\/p>\n            <\/li>\n                    <li>\n                <time>2006<\/time>\n                <h4>Apertura del centro preescolar KidWorks<\/h4>\n                <p>KidWorks abre su centro preescolar para ni\u00f1os de cuatro y cinco a\u00f1os. Se dirige a las familias con rentas m\u00e1s bajas de la zona de servicio. La financiaci\u00f3n inicial corre a cargo de la Comisi\u00f3n de Ni\u00f1os y Familias del Condado de Orange.<\/p>\n            <\/li>\n                    <li>\n                <time>2007<\/time>\n                <h4>Primer almuerzo anual de KidWorks Foundation For Success<\/h4>\n                <p>El 15 de noviembre, Pat y Paula Donahue inauguran el Primer Almuerzo Anual de la Fundaci\u00f3n KidWorks para el \u00c9xito, con el orador principal John Wooden, legendario entrenador de baloncesto de la UCLA.<\/p>\n            <\/li>\n                    <li>\n                <time>2009<\/time>\n                <h4>Nueva sede del KidWorks Center en Townsend St.<\/h4>\n                <p>El Centro KidWorks de Townsend abre sus puertas al final de la calle del apartamento original de Townsend, gracias a una generosa donaci\u00f3n en especie de Orange Housing y C&amp;C Development. Desde este centro se atiende diariamente a 80 ni\u00f1os.<\/p>\n            <\/li>\n                    <li>\n                <time>2015<\/time>\n                <h4>David Benavides ser\u00e1 Consejero Delegado<\/h4>\n                <p>El consejo de administraci\u00f3n de KidWorks nombra consejero delegado a David Benavides, miembro del ayuntamiento de Santa Ana y antiguo becario de KidWorks. Ava Steaffens sigue colaborando con KidWorks como embajadora apasionada.<\/p>\n<p>Los j\u00f3venes de KidWorks reciben una subvenci\u00f3n de 2,3 millones de d\u00f3lares del Estado de California para financiar la creaci\u00f3n de carriles bici en el centro de Santa Ana.<\/p>\n<p>KidWorks lanza su campa\u00f1a de capital Building Dreams, presidida por Steve Perry, para ampliar el Dan Donahue Center y eliminar la lista de espera de 300 alumnos.<\/p>\n<p>KidWorks recauda 3,5 millones de d\u00f3lares gracias a la donaci\u00f3n de un mill\u00f3n de d\u00f3lares de la Fundaci\u00f3n Sacred Harvest. En 2016 se inicia la construcci\u00f3n.<\/p>\n            <\/li>\n                    <li>\n                <time>2017<\/time>\n                <h4>Inauguraci\u00f3n del centro Dan Donahue<\/h4>\n                <p>KidWorks celebra la gran inauguraci\u00f3n del centro ampliado KidWorks Dan Donahue. El nuevo edificio incluye laboratorios de aprendizaje adicionales, pista deportiva al aire libre, huerto urbano y tecnolog\u00eda del siglo XXI. La campa\u00f1a de capital fue todo un \u00e9xito, ya que se recaudaron todos los fondos necesarios para las adquisiciones y mejoras inmobiliarias.<\/p>\n<p>El amigo y fil\u00e1ntropo de KidWorks, David A. Pyle, concede a KidWorks una subvenci\u00f3n de un mill\u00f3n de d\u00f3lares para lanzar su Iniciativa de \u00e9xito universitario. Este innovador programa permitir\u00e1 a KidWorks atender a estudiantes desde preescolar hasta bachillerato.<\/p>\n            <\/li>\n                    <li>\n                <time>2018<\/time>\n                <h4>Lanzamiento de la iniciativa KidWorks para el \u00e9xito universitario<\/h4>\n                <p>La primera promoci\u00f3n de alumnos de \u00faltimo curso de KidWorks High School se inscribe en la Iniciativa para el \u00e9xito universitario como parte del D\u00eda de la inscripci\u00f3n en la universidad.<\/p>\n<p>KidWorks ya no est\u00e1 limitado por el espacio, sino que matricula a nuevos alumnos que antes estaban en lista de espera.<\/p>\n<p>El 15 de mayo, Steve Craig, de Craig Realty Group, presidi\u00f3 la reuni\u00f3n inaugural del Consejo Asesor de KidWorks. El Consejo Asesor incluye a destacados l\u00edderes empresariales y comunitarios de todo el Condado de Orange.<\/p>\n            <\/li>\n                    <li>\n                <time>2020<\/time>\n                <h4>Mantener vivos sus sue\u00f1os<\/h4>\n                <p>En respuesta a COVID-19, KidWorks lanza su campa\u00f1a \u00abKeep their Dreams Alive\u00bb para mantener KidWorks plenamente operativo durante la pandemia. Se distribuyeron m\u00e1s de 516.000 libras de alimentos a las familias de KidWorks, as\u00ed como ayuda con tecnolog\u00eda y servicios b\u00e1sicos para que los alumnos pudieran asistir a la escuela y a KidWorks en l\u00ednea.<\/p>\n            <\/li>\n                    <li>\n                <time>2021<\/time>\n                <h4>La iniciativa KidWorks para el \u00e9xito universitario arroja resultados positivos<\/h4>\n                <p>Comienza la graduaci\u00f3n de la primera cohorte de estudiantes del CCSI<\/p>\n            <\/li>\n                    <li>\n                <time>2023<\/time>\n                <h4>Celebramos 30 a\u00f1os<\/h4>\n                <p>KidWorks celebra treinta a\u00f1os de impacto en el centro de Santa Ana con festividades a lo largo de los doce meses.<\/p>\n            <\/li>\n            <\/ul>\n<\/section>\n<\/div>\n","protected":false},"excerpt":{"rendered":"<p>30 a\u00f1os de impacto KidWorks libera el potencial de los j\u00f3venes desarrollando la pr\u00f3xima generaci\u00f3n de estudiantes preparados para la vida que son l\u00edderes. KidWorks fue fundada en 1993 por&hellip; <a class=\"more-link\" href=\"https:\/\/kidworksoc.org\/es\/our-story\/\">Siga Leyendo<\/a><\/p>\n","protected":false},"author":6,"featured_media":0,"parent":0,"menu_order":0,"comment_status":"closed","ping_status":"closed","template":"","meta":{"_acf_changed":false,"_searchwp_excluded":"","_monsterinsights_skip_tracking":false,"_monsterinsights_sitenote_active":false,"_monsterinsights_sitenote_note":"","_monsterinsights_sitenote_category":0,"_uf_show_specific_survey":0,"_uf_disable_surveys":false,"footnotes":""},"class_list":["post-3135","page","type-page","status-publish","hentry"],"acf":[],"aioseo_notices":[],"yoast_head":"<!-- This site is optimized with the Yoast SEO plugin v27.4 - https:\/\/yoast.com\/product\/yoast-seo-wordpress\/ -->\n<title>Nuestra historia - KidWorks<\/title>\n<meta name=\"description\" content=\"30 a\u00f1os de impacto KidWorks libera el potencial de los j\u00f3venes desarrollando la pr\u00f3xima generaci\u00f3n de estudiantes preparados para la vida que son l\u00edderes.\" \/>\n<meta name=\"robots\" content=\"index, follow, max-snippet:-1, max-image-preview:large, max-video-preview:-1\" \/>\n<link rel=\"canonical\" href=\"https:\/\/kidworksoc.org\/es\/our-story\/\" \/>\n<meta property=\"og:locale\" content=\"es_ES\" \/>\n<meta property=\"og:type\" content=\"article\" \/>\n<meta property=\"og:title\" content=\"Nuestra historia - KidWorks\" \/>\n<meta property=\"og:description\" content=\"30 a\u00f1os de impacto KidWorks libera el potencial de los j\u00f3venes desarrollando la pr\u00f3xima generaci\u00f3n de estudiantes preparados para la vida que son l\u00edderes.\" \/>\n<meta property=\"og:url\" content=\"https:\/\/kidworksoc.org\/es\/our-story\/\" \/>\n<meta property=\"og:site_name\" content=\"KidWorks\" \/>\n<meta property=\"article:publisher\" content=\"https:\/\/www.facebook.com\/kidworkscdc\" \/>\n<meta property=\"article:modified_time\" content=\"2023-10-05T17:26:24+00:00\" \/>\n<meta property=\"og:image\" content=\"http:\/\/kidworksoc.org\/wp-content\/uploads\/2023\/02\/20020301-KIDWORKS_Staff-1-1600x702.jpg\" \/>\n<meta name=\"twitter:card\" content=\"summary_large_image\" \/>\n<meta name=\"twitter:site\" content=\"@kidworks\" \/>\n<script type=\"application\/ld+json\" class=\"yoast-schema-graph\">{\"@context\":\"https:\\\/\\\/schema.org\",\"@graph\":[{\"@type\":\"WebPage\",\"@id\":\"https:\\\/\\\/kidworksoc.org\\\/es\\\/our-story\\\/\",\"url\":\"https:\\\/\\\/kidworksoc.org\\\/es\\\/our-story\\\/\",\"name\":\"Nuestra historia - KidWorks\",\"isPartOf\":{\"@id\":\"https:\\\/\\\/kidworksoc.org\\\/es\\\/#website\"},\"primaryImageOfPage\":{\"@id\":\"https:\\\/\\\/kidworksoc.org\\\/es\\\/our-story\\\/#primaryimage\"},\"image\":{\"@id\":\"https:\\\/\\\/kidworksoc.org\\\/es\\\/our-story\\\/#primaryimage\"},\"thumbnailUrl\":\"http:\\\/\\\/kidworksoc.org\\\/wp-content\\\/uploads\\\/2023\\\/02\\\/20020301-KIDWORKS_Staff-1-1600x702.jpg\",\"datePublished\":\"2022-12-06T05:14:06+00:00\",\"dateModified\":\"2023-10-05T17:26:24+00:00\",\"description\":\"30 a\u00f1os de impacto KidWorks libera el potencial de los j\u00f3venes desarrollando la pr\u00f3xima generaci\u00f3n de estudiantes preparados para la vida que son l\u00edderes.\",\"breadcrumb\":{\"@id\":\"https:\\\/\\\/kidworksoc.org\\\/es\\\/our-story\\\/#breadcrumb\"},\"inLanguage\":\"es\",\"potentialAction\":[{\"@type\":\"ReadAction\",\"target\":[\"https:\\\/\\\/kidworksoc.org\\\/es\\\/our-story\\\/\"]}]},{\"@type\":\"ImageObject\",\"inLanguage\":\"es\",\"@id\":\"https:\\\/\\\/kidworksoc.org\\\/es\\\/our-story\\\/#primaryimage\",\"url\":\"http:\\\/\\\/kidworksoc.org\\\/wp-content\\\/uploads\\\/2023\\\/02\\\/20020301-KIDWORKS_Staff-1-1600x702.jpg\",\"contentUrl\":\"http:\\\/\\\/kidworksoc.org\\\/wp-content\\\/uploads\\\/2023\\\/02\\\/20020301-KIDWORKS_Staff-1-1600x702.jpg\"},{\"@type\":\"BreadcrumbList\",\"@id\":\"https:\\\/\\\/kidworksoc.org\\\/es\\\/our-story\\\/#breadcrumb\",\"itemListElement\":[{\"@type\":\"ListItem\",\"position\":1,\"name\":\"Home\",\"item\":\"https:\\\/\\\/kidworksoc.org\\\/es\\\/\"},{\"@type\":\"ListItem\",\"position\":2,\"name\":\"Nuestra historia\"}]},{\"@type\":\"WebSite\",\"@id\":\"https:\\\/\\\/kidworksoc.org\\\/es\\\/#website\",\"url\":\"https:\\\/\\\/kidworksoc.org\\\/es\\\/\",\"name\":\"KidWorks\",\"description\":\"Unleashing Youth Potential\u2122\",\"publisher\":{\"@id\":\"https:\\\/\\\/kidworksoc.org\\\/es\\\/#organization\"},\"potentialAction\":[{\"@type\":\"SearchAction\",\"target\":{\"@type\":\"EntryPoint\",\"urlTemplate\":\"https:\\\/\\\/kidworksoc.org\\\/es\\\/?s={search_term_string}\"},\"query-input\":{\"@type\":\"PropertyValueSpecification\",\"valueRequired\":true,\"valueName\":\"search_term_string\"}}],\"inLanguage\":\"es\"},{\"@type\":\"Organization\",\"@id\":\"https:\\\/\\\/kidworksoc.org\\\/es\\\/#organization\",\"name\":\"KidWorks\",\"url\":\"https:\\\/\\\/kidworksoc.org\\\/es\\\/\",\"logo\":{\"@type\":\"ImageObject\",\"inLanguage\":\"es\",\"@id\":\"https:\\\/\\\/kidworksoc.org\\\/es\\\/#\\\/schema\\\/logo\\\/image\\\/\",\"url\":\"https:\\\/\\\/kidworksoc.org\\\/wp-content\\\/uploads\\\/2023\\\/01\\\/kidworks-anniversary-logo.png\",\"contentUrl\":\"https:\\\/\\\/kidworksoc.org\\\/wp-content\\\/uploads\\\/2023\\\/01\\\/kidworks-anniversary-logo.png\",\"width\":420,\"height\":114,\"caption\":\"KidWorks\"},\"image\":{\"@id\":\"https:\\\/\\\/kidworksoc.org\\\/es\\\/#\\\/schema\\\/logo\\\/image\\\/\"},\"sameAs\":[\"https:\\\/\\\/www.facebook.com\\\/kidworkscdc\",\"https:\\\/\\\/x.com\\\/kidworks\",\"https:\\\/\\\/www.instagram.com\\\/kidworks\\\/\",\"https:\\\/\\\/www.yelp.com\\\/biz\\\/kidworks-santa-ana?osq=kidworks\",\"https:\\\/\\\/www.youtube.com\\\/user\\\/KidWorksCDC\",\"https:\\\/\\\/www.linkedin.com\\\/company\\\/kidworkscdc\"]}]}<\/script>\n<!-- \/ Yoast SEO plugin. -->","yoast_head_json":{"title":"Nuestra historia - KidWorks","description":"30 a\u00f1os de impacto KidWorks libera el potencial de los j\u00f3venes desarrollando la pr\u00f3xima generaci\u00f3n de estudiantes preparados para la vida que son l\u00edderes.","robots":{"index":"index","follow":"follow","max-snippet":"max-snippet:-1","max-image-preview":"max-image-preview:large","max-video-preview":"max-video-preview:-1"},"canonical":"https:\/\/kidworksoc.org\/es\/our-story\/","og_locale":"es_ES","og_type":"article","og_title":"Nuestra historia - KidWorks","og_description":"30 a\u00f1os de impacto KidWorks libera el potencial de los j\u00f3venes desarrollando la pr\u00f3xima generaci\u00f3n de estudiantes preparados para la vida que son l\u00edderes.","og_url":"https:\/\/kidworksoc.org\/es\/our-story\/","og_site_name":"KidWorks","article_publisher":"https:\/\/www.facebook.com\/kidworkscdc","article_modified_time":"2023-10-05T17:26:24+00:00","og_image":[{"url":"http:\/\/kidworksoc.org\/wp-content\/uploads\/2023\/02\/20020301-KIDWORKS_Staff-1-1600x702.jpg","type":"","width":"","height":""}],"twitter_card":"summary_large_image","twitter_site":"@kidworks","schema":{"@context":"https:\/\/schema.org","@graph":[{"@type":"WebPage","@id":"https:\/\/kidworksoc.org\/es\/our-story\/","url":"https:\/\/kidworksoc.org\/es\/our-story\/","name":"Nuestra historia - KidWorks","isPartOf":{"@id":"https:\/\/kidworksoc.org\/es\/#website"},"primaryImageOfPage":{"@id":"https:\/\/kidworksoc.org\/es\/our-story\/#primaryimage"},"image":{"@id":"https:\/\/kidworksoc.org\/es\/our-story\/#primaryimage"},"thumbnailUrl":"http:\/\/kidworksoc.org\/wp-content\/uploads\/2023\/02\/20020301-KIDWORKS_Staff-1-1600x702.jpg","datePublished":"2022-12-06T05:14:06+00:00","dateModified":"2023-10-05T17:26:24+00:00","description":"30 a\u00f1os de impacto KidWorks libera el potencial de los j\u00f3venes desarrollando la pr\u00f3xima generaci\u00f3n de estudiantes preparados para la vida que son l\u00edderes.","breadcrumb":{"@id":"https:\/\/kidworksoc.org\/es\/our-story\/#breadcrumb"},"inLanguage":"es","potentialAction":[{"@type":"ReadAction","target":["https:\/\/kidworksoc.org\/es\/our-story\/"]}]},{"@type":"ImageObject","inLanguage":"es","@id":"https:\/\/kidworksoc.org\/es\/our-story\/#primaryimage","url":"http:\/\/kidworksoc.org\/wp-content\/uploads\/2023\/02\/20020301-KIDWORKS_Staff-1-1600x702.jpg","contentUrl":"http:\/\/kidworksoc.org\/wp-content\/uploads\/2023\/02\/20020301-KIDWORKS_Staff-1-1600x702.jpg"},{"@type":"BreadcrumbList","@id":"https:\/\/kidworksoc.org\/es\/our-story\/#breadcrumb","itemListElement":[{"@type":"ListItem","position":1,"name":"Home","item":"https:\/\/kidworksoc.org\/es\/"},{"@type":"ListItem","position":2,"name":"Nuestra historia"}]},{"@type":"WebSite","@id":"https:\/\/kidworksoc.org\/es\/#website","url":"https:\/\/kidworksoc.org\/es\/","name":"KidWorks","description":"Unleashing Youth Potential\u2122","publisher":{"@id":"https:\/\/kidworksoc.org\/es\/#organization"},"potentialAction":[{"@type":"SearchAction","target":{"@type":"EntryPoint","urlTemplate":"https:\/\/kidworksoc.org\/es\/?s={search_term_string}"},"query-input":{"@type":"PropertyValueSpecification","valueRequired":true,"valueName":"search_term_string"}}],"inLanguage":"es"},{"@type":"Organization","@id":"https:\/\/kidworksoc.org\/es\/#organization","name":"KidWorks","url":"https:\/\/kidworksoc.org\/es\/","logo":{"@type":"ImageObject","inLanguage":"es","@id":"https:\/\/kidworksoc.org\/es\/#\/schema\/logo\/image\/","url":"https:\/\/kidworksoc.org\/wp-content\/uploads\/2023\/01\/kidworks-anniversary-logo.png","contentUrl":"https:\/\/kidworksoc.org\/wp-content\/uploads\/2023\/01\/kidworks-anniversary-logo.png","width":420,"height":114,"caption":"KidWorks"},"image":{"@id":"https:\/\/kidworksoc.org\/es\/#\/schema\/logo\/image\/"},"sameAs":["https:\/\/www.facebook.com\/kidworkscdc","https:\/\/x.com\/kidworks","https:\/\/www.instagram.com\/kidworks\/","https:\/\/www.yelp.com\/biz\/kidworks-santa-ana?osq=kidworks","https:\/\/www.youtube.com\/user\/KidWorksCDC","https:\/\/www.linkedin.com\/company\/kidworkscdc"]}]}},"_links":{"self":[{"href":"https:\/\/kidworksoc.org\/es\/wp-json\/wp\/v2\/pages\/3135","targetHints":{"allow":["GET"]}}],"collection":[{"href":"https:\/\/kidworksoc.org\/es\/wp-json\/wp\/v2\/pages"}],"about":[{"href":"https:\/\/kidworksoc.org\/es\/wp-json\/wp\/v2\/types\/page"}],"author":[{"embeddable":true,"href":"https:\/\/kidworksoc.org\/es\/wp-json\/wp\/v2\/users\/6"}],"replies":[{"embeddable":true,"href":"https:\/\/kidworksoc.org\/es\/wp-json\/wp\/v2\/comments?post=3135"}],"version-history":[{"count":2,"href":"https:\/\/kidworksoc.org\/es\/wp-json\/wp\/v2\/pages\/3135\/revisions"}],"predecessor-version":[{"id":4176,"href":"https:\/\/kidworksoc.org\/es\/wp-json\/wp\/v2\/pages\/3135\/revisions\/4176"}],"wp:attachment":[{"href":"https:\/\/kidworksoc.org\/es\/wp-json\/wp\/v2\/media?parent=3135"}],"curies":[{"name":"wp","href":"https:\/\/api.w.org\/{rel}","templated":true}]}}