{"id":3120,"date":"2023-01-25T11:58:22","date_gmt":"2023-01-25T19:58:22","guid":{"rendered":"http:\/\/kidworksoc.org\/our-mission\/"},"modified":"2023-07-04T09:55:54","modified_gmt":"2023-07-04T16:55:54","slug":"our-mission","status":"publish","type":"page","link":"https:\/\/kidworksoc.org\/es\/our-mission\/","title":{"rendered":"Nuestra misi\u00f3n"},"content":{"rendered":"\n<div class=\"wp-block-cover alignfull is-light\" style=\"padding-top:var(--wp--preset--spacing--300);padding-right:var(--wp--preset--spacing--30);padding-bottom:var(--wp--preset--spacing--50);padding-left:var(--wp--preset--spacing--30)\"><span aria-hidden=\"true\" class=\"wp-block-cover__background has-background-dim-100 has-background-dim has-background-gradient\" style=\"background:linear-gradient(0deg,rgb(24,49,111) 0%,rgba(25,49,112,0.35) 100%)\"><\/span><img decoding=\"async\" width=\"1170\" height=\"1150\" src=\"https:\/\/kidworksoc.org\/wp-content\/uploads\/2023\/02\/0ABD13CD-CCA4-44A4-9858-710BEE36972C.jpeg\" class=\"wp-block-cover__image-background wp-post-image\" alt=\"\" data-object-fit=\"cover\" srcset=\"https:\/\/kidworksoc.org\/wp-content\/uploads\/2023\/02\/0ABD13CD-CCA4-44A4-9858-710BEE36972C.jpeg 1170w, https:\/\/kidworksoc.org\/wp-content\/uploads\/2023\/02\/0ABD13CD-CCA4-44A4-9858-710BEE36972C-600x590.jpeg 600w\" sizes=\"(max-width: 1170px) 100vw, 1170px\" \/><div class=\"wp-block-cover__inner-container is-layout-flow wp-block-cover-is-layout-flow\">\n<div class=\"wp-block-group has-tertiary-color has-text-color has-global-padding is-layout-constrained wp-container-core-group-is-layout-9b5fd1f6 wp-block-group-is-layout-constrained\">\n<h2 class=\"wp-block-heading has-text-align-center has-white-color has-text-color\" style=\"font-size:clamp(33.419px, 2.089rem + ((1vw - 3.2px) * 2.769), 60px);\"><strong>Nuestra visi\u00f3n y nuestros valores<\/strong><\/h2>\n\n\n\n<p class=\"has-text-align-center has-tertiary-light-color has-text-color has-medium-font-size\">KidWorks acompa\u00f1a a los alumnos desde preescolar hasta bachillerato para formar adultos seguros de s\u00ed mismos, preparados para el mundo laboral y motivados para retribuir.<\/p>\n<\/div>\n<\/div><\/div>\n\n<div class=\"wp-block-group alignfull has-tertiary-color has-primary-dark-background-color has-text-color has-background has-global-padding is-layout-constrained wp-block-group-is-layout-constrained\" style=\"padding-bottom:var(--wp--preset--spacing--100)\">\n<div class=\"wp-block-columns alignwide is-layout-flex wp-container-core-columns-is-layout-28f84493 wp-block-columns-is-layout-flex\">\n<div class=\"wp-block-column is-layout-flow wp-block-column-is-layout-flow\">\n<p>Creemos que cada ni\u00f1o nace con dones y talentos \u00fanicos que pueden utilizarse para influir en nuestro mundo y crear cambios significativos y duraderos en nuestra comunidad.<\/p>\n<\/div>\n\n\n\n<div class=\"wp-block-column is-layout-flow wp-block-column-is-layout-flow\">\n<p>Desde una edad temprana, los alumnos de KidWorks reciben un camino claro y apoyo hacia la educaci\u00f3n superior y una futura carrera profesional.<\/p>\n<\/div>\n\n\n\n<div class=\"wp-block-column is-layout-flow wp-block-column-is-layout-flow\">\n<p>Aunque nos comprometemos a que nuestros alumnos prosperen acad\u00e9micamente, las notas no definen a una persona ni son el \u00fanico objetivo de nuestros programas.<\/p>\n<\/div>\n<\/div>\n<\/div>\n\n<div class=\"wp-block-cover alignfull wp-duotone-2c4c80-ffffff-1\" style=\"padding-top:var(--wp--preset--spacing--150)\"><span aria-hidden=\"true\" class=\"wp-block-cover__background has-background-dim-100 has-background-dim wp-block-cover__gradient-background has-background-gradient\" style=\"background:linear-gradient(180deg,rgba(237,243,250,0.86) 0%,rgb(255,255,255) 100%)\"><\/span><img decoding=\"async\" width=\"1440\" height=\"960\" class=\"wp-block-cover__image-background wp-image-1819\" alt=\"\" src=\"http:\/\/kidworksoc.org\/wp-content\/uploads\/2023\/02\/IMG_3690.jpg\" data-object-fit=\"cover\" srcset=\"https:\/\/kidworksoc.org\/wp-content\/uploads\/2023\/02\/IMG_3690.jpg 1440w, https:\/\/kidworksoc.org\/wp-content\/uploads\/2023\/02\/IMG_3690-1280x853.jpg 1280w, https:\/\/kidworksoc.org\/wp-content\/uploads\/2023\/02\/IMG_3690-600x400.jpg 600w\" sizes=\"(max-width: 1440px) 100vw, 1440px\" \/><div class=\"wp-block-cover__inner-container is-layout-flow wp-block-cover-is-layout-flow\">\n<div class=\"wp-block-group has-text-color has-global-padding is-layout-constrained wp-container-core-group-is-layout-5fb0786f wp-block-group-is-layout-constrained\" style=\"color:#444444\">\n<div class=\"wp-block-columns alignwide is-layout-flex wp-container-core-columns-is-layout-0cd93624 wp-block-columns-is-layout-flex\">\n<div class=\"wp-block-column is-style-sticky is-layout-flow wp-block-column-is-layout-flow\" style=\"flex-basis:40%\">\n<h2 class=\"wp-block-heading has-primary-dark-color has-text-color has-x-large-font-size\"><strong>Nuestra misi\u00f3n<\/strong><\/h2>\n\n\n\n<p>KidWorks inspira el prop\u00f3sito de los j\u00f3venes, impulsa su crecimiento y cataliza su impacto en la comunidad.  <\/p>\n<\/div>\n\n\n\n<div class=\"wp-block-column is-layout-flow wp-block-column-is-layout-flow\" style=\"flex-basis:60%\">\n<h2 class=\"wp-block-heading has-primary-dark-color has-text-color has-x-large-font-size\"><strong>Nuestros valores<\/strong><\/h2>\n\n\n\n<div style=\"height:40px\" aria-hidden=\"true\" class=\"wp-block-spacer\"><\/div>\n\n\n\n<h4 class=\"wp-block-heading has-primary-color has-text-color\"><strong>Creencia<\/strong><\/h4>\n\n\n\n<p>Anclados en el amor de Dios y en los valores de Cristo, creemos que todos los ni\u00f1os nacen para influir en el mundo.<\/p>\n\n\n\n<hr class=\"wp-block-separator has-text-color has-alpha-channel-opacity has-background is-style-wide\" style=\"background-color:#d9d9d9;color:#d9d9d9\"\/>\n\n\n\n<h4 class=\"wp-block-heading has-primary-color has-text-color\"><strong>Esperanza<\/strong><\/h4>\n\n\n\n<p>Miramos hacia delante con la determinaci\u00f3n de crear un futuro mejor.<\/p>\n\n\n\n<hr class=\"wp-block-separator has-text-color has-alpha-channel-opacity has-background is-style-wide\" style=\"background-color:#d9d9d9;color:#d9d9d9\"\/>\n\n\n\n<h4 class=\"wp-block-heading has-primary-color has-text-color\"><strong>Perseverancia<\/strong><\/h4>\n\n\n\n<p>Ante los retos, seguimos adelante con valent\u00eda en busca de nuestro mayor potencial.<\/p>\n\n\n\n<hr class=\"wp-block-separator has-text-color has-alpha-channel-opacity has-background is-style-wide\" style=\"background-color:#d9d9d9;color:#d9d9d9\"\/>\n\n\n\n<h4 class=\"wp-block-heading has-primary-color has-text-color\"><strong>Confianza<\/strong><\/h4>\n\n\n\n<p>Desarrollamos personas resistentes e ingeniosas, seguras de su identidad y preparadas para prosperar.<\/p>\n\n\n\n<hr class=\"wp-block-separator has-text-color has-alpha-channel-opacity has-background is-style-wide\" style=\"background-color:#d9d9d9;color:#d9d9d9\"\/>\n\n\n\n<h4 class=\"wp-block-heading has-primary-color has-text-color\"><strong>Impacto<\/strong><\/h4>\n\n\n\n<p>Utilizamos nuestros dones \u00fanicos para crear cambios significativos y duraderos en nuestra comunidad.<\/p>\n<\/div>\n<\/div>\n<\/div>\n<\/div><\/div>\n","protected":false},"excerpt":{"rendered":"<p>Creemos que cada ni\u00f1o nace con dones y talentos \u00fanicos que pueden utilizarse para influir en nuestro mundo y crear cambios significativos y duraderos en nuestra comunidad. Desde una edad&hellip; <a class=\"more-link\" href=\"https:\/\/kidworksoc.org\/es\/our-mission\/\">Siga Leyendo<\/a><\/p>\n","protected":false},"author":1,"featured_media":2399,"parent":0,"menu_order":0,"comment_status":"closed","ping_status":"closed","template":"","meta":{"_acf_changed":false,"_searchwp_excluded":"","_monsterinsights_skip_tracking":false,"_monsterinsights_sitenote_active":false,"_monsterinsights_sitenote_note":"","_monsterinsights_sitenote_category":0,"_uf_show_specific_survey":0,"_uf_disable_surveys":false,"footnotes":""},"class_list":["post-3120","page","type-page","status-publish","has-post-thumbnail","hentry"],"acf":[],"aioseo_notices":[],"yoast_head":"<!-- This site is optimized with the Yoast SEO plugin v27.6 - https:\/\/yoast.com\/product\/yoast-seo-wordpress\/ -->\n<title>Nuestra misi\u00f3n - KidWorks<\/title>\n<meta name=\"description\" content=\"Nuestra visi\u00f3n y nuestros valores KidWorks acompa\u00f1a a los alumnos desde preescolar hasta bachillerato para formar adultos seguros de s\u00ed mismos, preparados\" \/>\n<meta name=\"robots\" content=\"index, follow, max-snippet:-1, max-image-preview:large, max-video-preview:-1\" \/>\n<link rel=\"canonical\" href=\"https:\/\/kidworksoc.org\/es\/our-mission\/\" \/>\n<meta property=\"og:locale\" content=\"es_ES\" \/>\n<meta property=\"og:type\" content=\"article\" \/>\n<meta property=\"og:title\" content=\"Nuestra misi\u00f3n - KidWorks\" \/>\n<meta property=\"og:description\" content=\"Nuestra visi\u00f3n y nuestros valores KidWorks acompa\u00f1a a los alumnos desde preescolar hasta bachillerato para formar adultos seguros de s\u00ed mismos, preparados\" \/>\n<meta property=\"og:url\" content=\"https:\/\/kidworksoc.org\/es\/our-mission\/\" \/>\n<meta property=\"og:site_name\" content=\"KidWorks\" \/>\n<meta property=\"article:publisher\" content=\"https:\/\/www.facebook.com\/kidworkscdc\" \/>\n<meta property=\"article:modified_time\" content=\"2023-07-04T16:55:54+00:00\" \/>\n<meta property=\"og:image\" content=\"https:\/\/kidworksoc.org\/wp-content\/uploads\/2023\/02\/0ABD13CD-CCA4-44A4-9858-710BEE36972C.jpeg\" \/>\n\t<meta property=\"og:image:width\" content=\"1170\" \/>\n\t<meta property=\"og:image:height\" content=\"1150\" \/>\n\t<meta property=\"og:image:type\" content=\"image\/jpeg\" \/>\n<meta name=\"twitter:card\" content=\"summary_large_image\" \/>\n<meta name=\"twitter:site\" content=\"@kidworks\" \/>\n<script type=\"application\/ld+json\" class=\"yoast-schema-graph\">{\"@context\":\"https:\\\/\\\/schema.org\",\"@graph\":[{\"@type\":\"WebPage\",\"@id\":\"https:\\\/\\\/kidworksoc.org\\\/es\\\/our-mission\\\/\",\"url\":\"https:\\\/\\\/kidworksoc.org\\\/es\\\/our-mission\\\/\",\"name\":\"Nuestra misi\u00f3n - KidWorks\",\"isPartOf\":{\"@id\":\"https:\\\/\\\/kidworksoc.org\\\/es\\\/#website\"},\"primaryImageOfPage\":{\"@id\":\"https:\\\/\\\/kidworksoc.org\\\/es\\\/our-mission\\\/#primaryimage\"},\"image\":{\"@id\":\"https:\\\/\\\/kidworksoc.org\\\/es\\\/our-mission\\\/#primaryimage\"},\"thumbnailUrl\":\"https:\\\/\\\/kidworksoc.org\\\/wp-content\\\/uploads\\\/2023\\\/02\\\/0ABD13CD-CCA4-44A4-9858-710BEE36972C.jpeg\",\"datePublished\":\"2023-01-25T19:58:22+00:00\",\"dateModified\":\"2023-07-04T16:55:54+00:00\",\"description\":\"Nuestra visi\u00f3n y nuestros valores KidWorks acompa\u00f1a a los alumnos desde preescolar hasta bachillerato para formar adultos seguros de s\u00ed mismos, preparados\",\"breadcrumb\":{\"@id\":\"https:\\\/\\\/kidworksoc.org\\\/es\\\/our-mission\\\/#breadcrumb\"},\"inLanguage\":\"es\",\"potentialAction\":[{\"@type\":\"ReadAction\",\"target\":[\"https:\\\/\\\/kidworksoc.org\\\/es\\\/our-mission\\\/\"]}]},{\"@type\":\"ImageObject\",\"inLanguage\":\"es\",\"@id\":\"https:\\\/\\\/kidworksoc.org\\\/es\\\/our-mission\\\/#primaryimage\",\"url\":\"https:\\\/\\\/kidworksoc.org\\\/wp-content\\\/uploads\\\/2023\\\/02\\\/0ABD13CD-CCA4-44A4-9858-710BEE36972C.jpeg\",\"contentUrl\":\"https:\\\/\\\/kidworksoc.org\\\/wp-content\\\/uploads\\\/2023\\\/02\\\/0ABD13CD-CCA4-44A4-9858-710BEE36972C.jpeg\",\"width\":1170,\"height\":1150},{\"@type\":\"BreadcrumbList\",\"@id\":\"https:\\\/\\\/kidworksoc.org\\\/es\\\/our-mission\\\/#breadcrumb\",\"itemListElement\":[{\"@type\":\"ListItem\",\"position\":1,\"name\":\"Home\",\"item\":\"https:\\\/\\\/kidworksoc.org\\\/es\\\/\"},{\"@type\":\"ListItem\",\"position\":2,\"name\":\"Nuestra misi\u00f3n\"}]},{\"@type\":\"WebSite\",\"@id\":\"https:\\\/\\\/kidworksoc.org\\\/es\\\/#website\",\"url\":\"https:\\\/\\\/kidworksoc.org\\\/es\\\/\",\"name\":\"KidWorks\",\"description\":\"Unleashing Youth Potential\u2122\",\"publisher\":{\"@id\":\"https:\\\/\\\/kidworksoc.org\\\/es\\\/#organization\"},\"potentialAction\":[{\"@type\":\"SearchAction\",\"target\":{\"@type\":\"EntryPoint\",\"urlTemplate\":\"https:\\\/\\\/kidworksoc.org\\\/es\\\/?s={search_term_string}\"},\"query-input\":{\"@type\":\"PropertyValueSpecification\",\"valueRequired\":true,\"valueName\":\"search_term_string\"}}],\"inLanguage\":\"es\"},{\"@type\":\"Organization\",\"@id\":\"https:\\\/\\\/kidworksoc.org\\\/es\\\/#organization\",\"name\":\"KidWorks\",\"url\":\"https:\\\/\\\/kidworksoc.org\\\/es\\\/\",\"logo\":{\"@type\":\"ImageObject\",\"inLanguage\":\"es\",\"@id\":\"https:\\\/\\\/kidworksoc.org\\\/es\\\/#\\\/schema\\\/logo\\\/image\\\/\",\"url\":\"https:\\\/\\\/kidworksoc.org\\\/wp-content\\\/uploads\\\/2023\\\/01\\\/kidworks-anniversary-logo.png\",\"contentUrl\":\"https:\\\/\\\/kidworksoc.org\\\/wp-content\\\/uploads\\\/2023\\\/01\\\/kidworks-anniversary-logo.png\",\"width\":420,\"height\":114,\"caption\":\"KidWorks\"},\"image\":{\"@id\":\"https:\\\/\\\/kidworksoc.org\\\/es\\\/#\\\/schema\\\/logo\\\/image\\\/\"},\"sameAs\":[\"https:\\\/\\\/www.facebook.com\\\/kidworkscdc\",\"https:\\\/\\\/x.com\\\/kidworks\",\"https:\\\/\\\/www.instagram.com\\\/kidworks\\\/\",\"https:\\\/\\\/www.yelp.com\\\/biz\\\/kidworks-santa-ana?osq=kidworks\",\"https:\\\/\\\/www.youtube.com\\\/user\\\/KidWorksCDC\",\"https:\\\/\\\/www.linkedin.com\\\/company\\\/kidworkscdc\"]}]}<\/script>\n<!-- \/ Yoast SEO plugin. -->","yoast_head_json":{"title":"Nuestra misi\u00f3n - KidWorks","description":"Nuestra visi\u00f3n y nuestros valores KidWorks acompa\u00f1a a los alumnos desde preescolar hasta bachillerato para formar adultos seguros de s\u00ed mismos, preparados","robots":{"index":"index","follow":"follow","max-snippet":"max-snippet:-1","max-image-preview":"max-image-preview:large","max-video-preview":"max-video-preview:-1"},"canonical":"https:\/\/kidworksoc.org\/es\/our-mission\/","og_locale":"es_ES","og_type":"article","og_title":"Nuestra misi\u00f3n - KidWorks","og_description":"Nuestra visi\u00f3n y nuestros valores KidWorks acompa\u00f1a a los alumnos desde preescolar hasta bachillerato para formar adultos seguros de s\u00ed mismos, preparados","og_url":"https:\/\/kidworksoc.org\/es\/our-mission\/","og_site_name":"KidWorks","article_publisher":"https:\/\/www.facebook.com\/kidworkscdc","article_modified_time":"2023-07-04T16:55:54+00:00","og_image":[{"width":1170,"height":1150,"url":"https:\/\/kidworksoc.org\/wp-content\/uploads\/2023\/02\/0ABD13CD-CCA4-44A4-9858-710BEE36972C.jpeg","type":"image\/jpeg"}],"twitter_card":"summary_large_image","twitter_site":"@kidworks","schema":{"@context":"https:\/\/schema.org","@graph":[{"@type":"WebPage","@id":"https:\/\/kidworksoc.org\/es\/our-mission\/","url":"https:\/\/kidworksoc.org\/es\/our-mission\/","name":"Nuestra misi\u00f3n - KidWorks","isPartOf":{"@id":"https:\/\/kidworksoc.org\/es\/#website"},"primaryImageOfPage":{"@id":"https:\/\/kidworksoc.org\/es\/our-mission\/#primaryimage"},"image":{"@id":"https:\/\/kidworksoc.org\/es\/our-mission\/#primaryimage"},"thumbnailUrl":"https:\/\/kidworksoc.org\/wp-content\/uploads\/2023\/02\/0ABD13CD-CCA4-44A4-9858-710BEE36972C.jpeg","datePublished":"2023-01-25T19:58:22+00:00","dateModified":"2023-07-04T16:55:54+00:00","description":"Nuestra visi\u00f3n y nuestros valores KidWorks acompa\u00f1a a los alumnos desde preescolar hasta bachillerato para formar adultos seguros de s\u00ed mismos, preparados","breadcrumb":{"@id":"https:\/\/kidworksoc.org\/es\/our-mission\/#breadcrumb"},"inLanguage":"es","potentialAction":[{"@type":"ReadAction","target":["https:\/\/kidworksoc.org\/es\/our-mission\/"]}]},{"@type":"ImageObject","inLanguage":"es","@id":"https:\/\/kidworksoc.org\/es\/our-mission\/#primaryimage","url":"https:\/\/kidworksoc.org\/wp-content\/uploads\/2023\/02\/0ABD13CD-CCA4-44A4-9858-710BEE36972C.jpeg","contentUrl":"https:\/\/kidworksoc.org\/wp-content\/uploads\/2023\/02\/0ABD13CD-CCA4-44A4-9858-710BEE36972C.jpeg","width":1170,"height":1150},{"@type":"BreadcrumbList","@id":"https:\/\/kidworksoc.org\/es\/our-mission\/#breadcrumb","itemListElement":[{"@type":"ListItem","position":1,"name":"Home","item":"https:\/\/kidworksoc.org\/es\/"},{"@type":"ListItem","position":2,"name":"Nuestra misi\u00f3n"}]},{"@type":"WebSite","@id":"https:\/\/kidworksoc.org\/es\/#website","url":"https:\/\/kidworksoc.org\/es\/","name":"KidWorks","description":"Unleashing Youth Potential\u2122","publisher":{"@id":"https:\/\/kidworksoc.org\/es\/#organization"},"potentialAction":[{"@type":"SearchAction","target":{"@type":"EntryPoint","urlTemplate":"https:\/\/kidworksoc.org\/es\/?s={search_term_string}"},"query-input":{"@type":"PropertyValueSpecification","valueRequired":true,"valueName":"search_term_string"}}],"inLanguage":"es"},{"@type":"Organization","@id":"https:\/\/kidworksoc.org\/es\/#organization","name":"KidWorks","url":"https:\/\/kidworksoc.org\/es\/","logo":{"@type":"ImageObject","inLanguage":"es","@id":"https:\/\/kidworksoc.org\/es\/#\/schema\/logo\/image\/","url":"https:\/\/kidworksoc.org\/wp-content\/uploads\/2023\/01\/kidworks-anniversary-logo.png","contentUrl":"https:\/\/kidworksoc.org\/wp-content\/uploads\/2023\/01\/kidworks-anniversary-logo.png","width":420,"height":114,"caption":"KidWorks"},"image":{"@id":"https:\/\/kidworksoc.org\/es\/#\/schema\/logo\/image\/"},"sameAs":["https:\/\/www.facebook.com\/kidworkscdc","https:\/\/x.com\/kidworks","https:\/\/www.instagram.com\/kidworks\/","https:\/\/www.yelp.com\/biz\/kidworks-santa-ana?osq=kidworks","https:\/\/www.youtube.com\/user\/KidWorksCDC","https:\/\/www.linkedin.com\/company\/kidworkscdc"]}]}},"_links":{"self":[{"href":"https:\/\/kidworksoc.org\/es\/wp-json\/wp\/v2\/pages\/3120","targetHints":{"allow":["GET"]}}],"collection":[{"href":"https:\/\/kidworksoc.org\/es\/wp-json\/wp\/v2\/pages"}],"about":[{"href":"https:\/\/kidworksoc.org\/es\/wp-json\/wp\/v2\/types\/page"}],"author":[{"embeddable":true,"href":"https:\/\/kidworksoc.org\/es\/wp-json\/wp\/v2\/users\/1"}],"replies":[{"embeddable":true,"href":"https:\/\/kidworksoc.org\/es\/wp-json\/wp\/v2\/comments?post=3120"}],"version-history":[{"count":0,"href":"https:\/\/kidworksoc.org\/es\/wp-json\/wp\/v2\/pages\/3120\/revisions"}],"wp:featuredmedia":[{"embeddable":true,"href":"https:\/\/kidworksoc.org\/es\/wp-json\/wp\/v2\/media\/2399"}],"wp:attachment":[{"href":"https:\/\/kidworksoc.org\/es\/wp-json\/wp\/v2\/media?parent=3120"}],"curies":[{"name":"wp","href":"https:\/\/api.w.org\/{rel}","templated":true}]}}