{"id":3119,"date":"2022-12-05T21:14:15","date_gmt":"2022-12-06T05:14:15","guid":{"rendered":"http:\/\/kidworksoc.org\/our-impact\/"},"modified":"2023-07-04T09:53:07","modified_gmt":"2023-07-04T16:53:07","slug":"our-impact","status":"publish","type":"page","link":"https:\/\/kidworksoc.org\/es\/our-impact\/","title":{"rendered":"Nuestro Impacto"},"content":{"rendered":"\n<div class=\"wp-block-group alignfull has-global-padding is-layout-constrained wp-container-core-group-is-layout-00f579c5 wp-block-group-is-layout-constrained\">\n<div class=\"wp-block-columns is-layout-flex wp-container-core-columns-is-layout-0cd93624 wp-block-columns-is-layout-flex\">\n<div class=\"wp-block-column is-style-sticky is-layout-flow wp-block-column-is-layout-flow\">\n<figure class=\"wp-block-image size-large\"><img decoding=\"async\" width=\"1600\" height=\"1236\" src=\"http:\/\/kidworksoc.org\/wp-content\/uploads\/2023\/07\/202320VISION20BROCHURE-10-1_page-0001-1600x1236.jpg\" alt=\"\" class=\"wp-image-3116\" srcset=\"https:\/\/kidworksoc.org\/wp-content\/uploads\/2023\/07\/202320VISION20BROCHURE-10-1_page-0001-1600x1236.jpg 1600w, https:\/\/kidworksoc.org\/wp-content\/uploads\/2023\/07\/202320VISION20BROCHURE-10-1_page-0001-1280x989.jpg 1280w, https:\/\/kidworksoc.org\/wp-content\/uploads\/2023\/07\/202320VISION20BROCHURE-10-1_page-0001-1440x1113.jpg 1440w, https:\/\/kidworksoc.org\/wp-content\/uploads\/2023\/07\/202320VISION20BROCHURE-10-1_page-0001-1536x1187.jpg 1536w, https:\/\/kidworksoc.org\/wp-content\/uploads\/2023\/07\/202320VISION20BROCHURE-10-1_page-0001-600x464.jpg 600w, https:\/\/kidworksoc.org\/wp-content\/uploads\/2023\/07\/202320VISION20BROCHURE-10-1_page-0001.jpg 1650w\" sizes=\"(max-width: 1600px) 100vw, 1600px\" \/><\/figure>\n<\/div>\n\n\n\n<div class=\"wp-block-column is-vertically-aligned-center is-layout-flow wp-block-column-is-layout-flow\">\n<h1 class=\"wp-block-heading\" style=\"font-size:clamp(22.544px, 1.409rem + ((1vw - 3.2px) * 1.506), 37px);\"><em>Capacitar a estudiantes brillantes de barrios ignorados para que vivan una vida influyente.  <\/em><\/h1>\n\n\n\n<p>Cada a\u00f1o KidWorks influye en las vidas de cientos de estudiantes y familias a trav\u00e9s de nuestros programas en el centro de Santa Ana.<\/p>\n\n\n\n<h2 class=\"wp-block-heading is-style-muted-heading has-large-font-size\">Apoyando a la comunidad de KidWorks, usted capacita a los estudiantes en su viaje educativo hacia profesiones significativas.<\/h2>\n\n\n\n<div style=\"height:10px\" aria-hidden=\"true\" class=\"wp-block-spacer\"><\/div>\n\n\n\n<p>Lea c\u00f3mo su colaboraci\u00f3n permiti\u00f3 a los alumnos de KidWorks convertirse en l\u00edderes dentro y fuera del aula.<\/p>\n\n\n\n<ul class=\"is-style-link-list wp-block-list\">\n<li><a href=\"https:\/\/www.flipsnack.com\/kidsoc\/kidworks-vision-brochure.html%E2%80%8B\" target=\"_blank\" rel=\"noreferrer noopener\">Visi\u00f3n de KidWorks<\/a>    <\/li>\n\n\n\n<li><a href=\"https:\/\/www.flipsnack.com\/kidsoc\/2021-mpact-report-final\/full-view.html\" target=\"_blank\" rel=\"noreferrer noopener\">Informe de impacto 2021<\/a><\/li>\n\n\n\n<li><a href=\"https:\/\/www.flipsnack.com\/kidsoc\/kidworks-impact-report.html\" target=\"_blank\" rel=\"noreferrer noopener\">Informe de impacto 2020<\/a><\/li>\n<\/ul>\n<\/div>\n<\/div>\n<\/div>\n","protected":false},"excerpt":{"rendered":"<p>Capacitar a estudiantes brillantes de barrios ignorados para que vivan una vida influyente. Cada a\u00f1o KidWorks influye en las vidas de cientos de estudiantes y familias a trav\u00e9s de nuestros&hellip; <a class=\"more-link\" href=\"https:\/\/kidworksoc.org\/es\/our-impact\/\">Siga Leyendo<\/a><\/p>\n","protected":false},"author":1,"featured_media":0,"parent":0,"menu_order":0,"comment_status":"closed","ping_status":"closed","template":"","meta":{"_acf_changed":false,"_searchwp_excluded":"","_monsterinsights_skip_tracking":false,"_monsterinsights_sitenote_active":false,"_monsterinsights_sitenote_note":"","_monsterinsights_sitenote_category":0,"_uf_show_specific_survey":0,"_uf_disable_surveys":false,"footnotes":""},"class_list":["post-3119","page","type-page","status-publish","hentry"],"acf":[],"aioseo_notices":[],"yoast_head":"<!-- This site is optimized with the Yoast SEO plugin v27.6 - https:\/\/yoast.com\/product\/yoast-seo-wordpress\/ -->\n<title>Nuestro Impacto - KidWorks<\/title>\n<meta name=\"description\" content=\"Capacitar a estudiantes brillantes de barrios ignorados para que vivan una vida influyente. Cada a\u00f1o KidWorks influye en las vidas de cientos de\" \/>\n<meta name=\"robots\" content=\"index, follow, max-snippet:-1, max-image-preview:large, max-video-preview:-1\" \/>\n<link rel=\"canonical\" href=\"https:\/\/kidworksoc.org\/es\/our-impact\/\" \/>\n<meta property=\"og:locale\" content=\"es_ES\" \/>\n<meta property=\"og:type\" content=\"article\" \/>\n<meta property=\"og:title\" content=\"Nuestro Impacto - KidWorks\" \/>\n<meta property=\"og:description\" content=\"Capacitar a estudiantes brillantes de barrios ignorados para que vivan una vida influyente. Cada a\u00f1o KidWorks influye en las vidas de cientos de\" \/>\n<meta property=\"og:url\" content=\"https:\/\/kidworksoc.org\/es\/our-impact\/\" \/>\n<meta property=\"og:site_name\" content=\"KidWorks\" \/>\n<meta property=\"article:publisher\" content=\"https:\/\/www.facebook.com\/kidworkscdc\" \/>\n<meta property=\"article:modified_time\" content=\"2023-07-04T16:53:07+00:00\" \/>\n<meta property=\"og:image\" content=\"http:\/\/kidworksoc.org\/wp-content\/uploads\/2023\/07\/202320VISION20BROCHURE-10-1_page-0001-1600x1236.jpg\" \/>\n<meta name=\"twitter:card\" content=\"summary_large_image\" \/>\n<meta name=\"twitter:site\" content=\"@kidworks\" \/>\n<script type=\"application\/ld+json\" class=\"yoast-schema-graph\">{\"@context\":\"https:\\\/\\\/schema.org\",\"@graph\":[{\"@type\":\"WebPage\",\"@id\":\"https:\\\/\\\/kidworksoc.org\\\/es\\\/our-impact\\\/\",\"url\":\"https:\\\/\\\/kidworksoc.org\\\/es\\\/our-impact\\\/\",\"name\":\"Nuestro Impacto - KidWorks\",\"isPartOf\":{\"@id\":\"https:\\\/\\\/kidworksoc.org\\\/es\\\/#website\"},\"primaryImageOfPage\":{\"@id\":\"https:\\\/\\\/kidworksoc.org\\\/es\\\/our-impact\\\/#primaryimage\"},\"image\":{\"@id\":\"https:\\\/\\\/kidworksoc.org\\\/es\\\/our-impact\\\/#primaryimage\"},\"thumbnailUrl\":\"http:\\\/\\\/kidworksoc.org\\\/wp-content\\\/uploads\\\/2023\\\/07\\\/202320VISION20BROCHURE-10-1_page-0001-1600x1236.jpg\",\"datePublished\":\"2022-12-06T05:14:15+00:00\",\"dateModified\":\"2023-07-04T16:53:07+00:00\",\"description\":\"Capacitar a estudiantes brillantes de barrios ignorados para que vivan una vida influyente. Cada a\u00f1o KidWorks influye en las vidas de cientos de\",\"breadcrumb\":{\"@id\":\"https:\\\/\\\/kidworksoc.org\\\/es\\\/our-impact\\\/#breadcrumb\"},\"inLanguage\":\"es\",\"potentialAction\":[{\"@type\":\"ReadAction\",\"target\":[\"https:\\\/\\\/kidworksoc.org\\\/es\\\/our-impact\\\/\"]}]},{\"@type\":\"ImageObject\",\"inLanguage\":\"es\",\"@id\":\"https:\\\/\\\/kidworksoc.org\\\/es\\\/our-impact\\\/#primaryimage\",\"url\":\"http:\\\/\\\/kidworksoc.org\\\/wp-content\\\/uploads\\\/2023\\\/07\\\/202320VISION20BROCHURE-10-1_page-0001-1600x1236.jpg\",\"contentUrl\":\"http:\\\/\\\/kidworksoc.org\\\/wp-content\\\/uploads\\\/2023\\\/07\\\/202320VISION20BROCHURE-10-1_page-0001-1600x1236.jpg\"},{\"@type\":\"BreadcrumbList\",\"@id\":\"https:\\\/\\\/kidworksoc.org\\\/es\\\/our-impact\\\/#breadcrumb\",\"itemListElement\":[{\"@type\":\"ListItem\",\"position\":1,\"name\":\"Home\",\"item\":\"https:\\\/\\\/kidworksoc.org\\\/es\\\/\"},{\"@type\":\"ListItem\",\"position\":2,\"name\":\"Nuestro Impacto\"}]},{\"@type\":\"WebSite\",\"@id\":\"https:\\\/\\\/kidworksoc.org\\\/es\\\/#website\",\"url\":\"https:\\\/\\\/kidworksoc.org\\\/es\\\/\",\"name\":\"KidWorks\",\"description\":\"Unleashing Youth Potential\u2122\",\"publisher\":{\"@id\":\"https:\\\/\\\/kidworksoc.org\\\/es\\\/#organization\"},\"potentialAction\":[{\"@type\":\"SearchAction\",\"target\":{\"@type\":\"EntryPoint\",\"urlTemplate\":\"https:\\\/\\\/kidworksoc.org\\\/es\\\/?s={search_term_string}\"},\"query-input\":{\"@type\":\"PropertyValueSpecification\",\"valueRequired\":true,\"valueName\":\"search_term_string\"}}],\"inLanguage\":\"es\"},{\"@type\":\"Organization\",\"@id\":\"https:\\\/\\\/kidworksoc.org\\\/es\\\/#organization\",\"name\":\"KidWorks\",\"url\":\"https:\\\/\\\/kidworksoc.org\\\/es\\\/\",\"logo\":{\"@type\":\"ImageObject\",\"inLanguage\":\"es\",\"@id\":\"https:\\\/\\\/kidworksoc.org\\\/es\\\/#\\\/schema\\\/logo\\\/image\\\/\",\"url\":\"https:\\\/\\\/kidworksoc.org\\\/wp-content\\\/uploads\\\/2023\\\/01\\\/kidworks-anniversary-logo.png\",\"contentUrl\":\"https:\\\/\\\/kidworksoc.org\\\/wp-content\\\/uploads\\\/2023\\\/01\\\/kidworks-anniversary-logo.png\",\"width\":420,\"height\":114,\"caption\":\"KidWorks\"},\"image\":{\"@id\":\"https:\\\/\\\/kidworksoc.org\\\/es\\\/#\\\/schema\\\/logo\\\/image\\\/\"},\"sameAs\":[\"https:\\\/\\\/www.facebook.com\\\/kidworkscdc\",\"https:\\\/\\\/x.com\\\/kidworks\",\"https:\\\/\\\/www.instagram.com\\\/kidworks\\\/\",\"https:\\\/\\\/www.yelp.com\\\/biz\\\/kidworks-santa-ana?osq=kidworks\",\"https:\\\/\\\/www.youtube.com\\\/user\\\/KidWorksCDC\",\"https:\\\/\\\/www.linkedin.com\\\/company\\\/kidworkscdc\"]}]}<\/script>\n<!-- \/ Yoast SEO plugin. -->","yoast_head_json":{"title":"Nuestro Impacto - KidWorks","description":"Capacitar a estudiantes brillantes de barrios ignorados para que vivan una vida influyente. Cada a\u00f1o KidWorks influye en las vidas de cientos de","robots":{"index":"index","follow":"follow","max-snippet":"max-snippet:-1","max-image-preview":"max-image-preview:large","max-video-preview":"max-video-preview:-1"},"canonical":"https:\/\/kidworksoc.org\/es\/our-impact\/","og_locale":"es_ES","og_type":"article","og_title":"Nuestro Impacto - KidWorks","og_description":"Capacitar a estudiantes brillantes de barrios ignorados para que vivan una vida influyente. Cada a\u00f1o KidWorks influye en las vidas de cientos de","og_url":"https:\/\/kidworksoc.org\/es\/our-impact\/","og_site_name":"KidWorks","article_publisher":"https:\/\/www.facebook.com\/kidworkscdc","article_modified_time":"2023-07-04T16:53:07+00:00","og_image":[{"url":"http:\/\/kidworksoc.org\/wp-content\/uploads\/2023\/07\/202320VISION20BROCHURE-10-1_page-0001-1600x1236.jpg","type":"","width":"","height":""}],"twitter_card":"summary_large_image","twitter_site":"@kidworks","schema":{"@context":"https:\/\/schema.org","@graph":[{"@type":"WebPage","@id":"https:\/\/kidworksoc.org\/es\/our-impact\/","url":"https:\/\/kidworksoc.org\/es\/our-impact\/","name":"Nuestro Impacto - KidWorks","isPartOf":{"@id":"https:\/\/kidworksoc.org\/es\/#website"},"primaryImageOfPage":{"@id":"https:\/\/kidworksoc.org\/es\/our-impact\/#primaryimage"},"image":{"@id":"https:\/\/kidworksoc.org\/es\/our-impact\/#primaryimage"},"thumbnailUrl":"http:\/\/kidworksoc.org\/wp-content\/uploads\/2023\/07\/202320VISION20BROCHURE-10-1_page-0001-1600x1236.jpg","datePublished":"2022-12-06T05:14:15+00:00","dateModified":"2023-07-04T16:53:07+00:00","description":"Capacitar a estudiantes brillantes de barrios ignorados para que vivan una vida influyente. Cada a\u00f1o KidWorks influye en las vidas de cientos de","breadcrumb":{"@id":"https:\/\/kidworksoc.org\/es\/our-impact\/#breadcrumb"},"inLanguage":"es","potentialAction":[{"@type":"ReadAction","target":["https:\/\/kidworksoc.org\/es\/our-impact\/"]}]},{"@type":"ImageObject","inLanguage":"es","@id":"https:\/\/kidworksoc.org\/es\/our-impact\/#primaryimage","url":"http:\/\/kidworksoc.org\/wp-content\/uploads\/2023\/07\/202320VISION20BROCHURE-10-1_page-0001-1600x1236.jpg","contentUrl":"http:\/\/kidworksoc.org\/wp-content\/uploads\/2023\/07\/202320VISION20BROCHURE-10-1_page-0001-1600x1236.jpg"},{"@type":"BreadcrumbList","@id":"https:\/\/kidworksoc.org\/es\/our-impact\/#breadcrumb","itemListElement":[{"@type":"ListItem","position":1,"name":"Home","item":"https:\/\/kidworksoc.org\/es\/"},{"@type":"ListItem","position":2,"name":"Nuestro Impacto"}]},{"@type":"WebSite","@id":"https:\/\/kidworksoc.org\/es\/#website","url":"https:\/\/kidworksoc.org\/es\/","name":"KidWorks","description":"Unleashing Youth Potential\u2122","publisher":{"@id":"https:\/\/kidworksoc.org\/es\/#organization"},"potentialAction":[{"@type":"SearchAction","target":{"@type":"EntryPoint","urlTemplate":"https:\/\/kidworksoc.org\/es\/?s={search_term_string}"},"query-input":{"@type":"PropertyValueSpecification","valueRequired":true,"valueName":"search_term_string"}}],"inLanguage":"es"},{"@type":"Organization","@id":"https:\/\/kidworksoc.org\/es\/#organization","name":"KidWorks","url":"https:\/\/kidworksoc.org\/es\/","logo":{"@type":"ImageObject","inLanguage":"es","@id":"https:\/\/kidworksoc.org\/es\/#\/schema\/logo\/image\/","url":"https:\/\/kidworksoc.org\/wp-content\/uploads\/2023\/01\/kidworks-anniversary-logo.png","contentUrl":"https:\/\/kidworksoc.org\/wp-content\/uploads\/2023\/01\/kidworks-anniversary-logo.png","width":420,"height":114,"caption":"KidWorks"},"image":{"@id":"https:\/\/kidworksoc.org\/es\/#\/schema\/logo\/image\/"},"sameAs":["https:\/\/www.facebook.com\/kidworkscdc","https:\/\/x.com\/kidworks","https:\/\/www.instagram.com\/kidworks\/","https:\/\/www.yelp.com\/biz\/kidworks-santa-ana?osq=kidworks","https:\/\/www.youtube.com\/user\/KidWorksCDC","https:\/\/www.linkedin.com\/company\/kidworkscdc"]}]}},"_links":{"self":[{"href":"https:\/\/kidworksoc.org\/es\/wp-json\/wp\/v2\/pages\/3119","targetHints":{"allow":["GET"]}}],"collection":[{"href":"https:\/\/kidworksoc.org\/es\/wp-json\/wp\/v2\/pages"}],"about":[{"href":"https:\/\/kidworksoc.org\/es\/wp-json\/wp\/v2\/types\/page"}],"author":[{"embeddable":true,"href":"https:\/\/kidworksoc.org\/es\/wp-json\/wp\/v2\/users\/1"}],"replies":[{"embeddable":true,"href":"https:\/\/kidworksoc.org\/es\/wp-json\/wp\/v2\/comments?post=3119"}],"version-history":[{"count":0,"href":"https:\/\/kidworksoc.org\/es\/wp-json\/wp\/v2\/pages\/3119\/revisions"}],"wp:attachment":[{"href":"https:\/\/kidworksoc.org\/es\/wp-json\/wp\/v2\/media?parent=3119"}],"curies":[{"name":"wp","href":"https:\/\/api.w.org\/{rel}","templated":true}]}}