{"id":3110,"date":"2023-01-25T10:58:01","date_gmt":"2023-01-25T18:58:01","guid":{"rendered":"http:\/\/kidworksoc.org\/in-kind\/"},"modified":"2023-07-13T15:53:18","modified_gmt":"2023-07-13T22:53:18","slug":"in-kind","status":"publish","type":"page","link":"https:\/\/kidworksoc.org\/es\/donar\/in-kind\/","title":{"rendered":"En especie"},"content":{"rendered":"\n<div class=\"wp-block-cover alignfull is-light\" style=\"padding-top:var(--wp--preset--spacing--300);padding-right:var(--wp--preset--spacing--30);padding-bottom:var(--wp--preset--spacing--150);padding-left:var(--wp--preset--spacing--30)\"><span aria-hidden=\"true\" class=\"wp-block-cover__background has-background-dim-100 has-background-dim has-background-gradient\" style=\"background:linear-gradient(0deg,rgb(0,28,74) 0%,rgba(0,28,74,0.35) 100%)\"><\/span><img decoding=\"async\" width=\"2000\" height=\"1122\" src=\"https:\/\/kidworksoc.org\/wp-content\/uploads\/2023\/02\/IMG_7616.jpeg\" class=\"wp-block-cover__image-background wp-post-image\" alt=\"\" data-object-fit=\"cover\" srcset=\"https:\/\/kidworksoc.org\/wp-content\/uploads\/2023\/02\/IMG_7616.jpeg 2000w, https:\/\/kidworksoc.org\/wp-content\/uploads\/2023\/02\/IMG_7616-1280x718.jpeg 1280w, https:\/\/kidworksoc.org\/wp-content\/uploads\/2023\/02\/IMG_7616-1600x898.jpeg 1600w, https:\/\/kidworksoc.org\/wp-content\/uploads\/2023\/02\/IMG_7616-1440x808.jpeg 1440w, https:\/\/kidworksoc.org\/wp-content\/uploads\/2023\/02\/IMG_7616-1536x862.jpeg 1536w, https:\/\/kidworksoc.org\/wp-content\/uploads\/2023\/02\/IMG_7616-600x337.jpeg 600w\" sizes=\"(max-width: 2000px) 100vw, 2000px\" \/><div class=\"wp-block-cover__inner-container is-layout-flow wp-block-cover-is-layout-flow\">\n<div class=\"wp-block-group has-global-padding is-layout-constrained wp-container-core-group-is-layout-9b5fd1f6 wp-block-group-is-layout-constrained\">\n<h2 class=\"wp-block-heading has-text-align-center has-white-color has-text-color\" style=\"font-size:clamp(33.419px, 2.089rem + ((1vw - 3.2px) * 2.769), 60px);\"><strong>En especie<\/strong><\/h2>\n\n\n\n<p class=\"has-text-align-center has-white-color has-text-color has-medium-font-size\">A lo largo del a\u00f1o, KidWorks necesita donaciones de material escolar, materiales para programas y mucho m\u00e1s. Las contribuciones grandes y peque\u00f1as siguen marcando la diferencia en las vidas de los alumnos de KidWorks.<\/p>\n<\/div>\n<\/div><\/div>\n\n<div style=\"height:100px\" aria-hidden=\"true\" class=\"wp-block-spacer\"><\/div>\n\n<h3 class=\"wp-block-heading\"><strong>Paquetes <\/strong> escolares (marzo)<\/h3>\n\n<div class=\"wp-block-columns is-layout-flex wp-container-core-columns-is-layout-28f84493 wp-block-columns-is-layout-flex\">\n<div class=\"wp-block-column is-layout-flow wp-block-column-is-layout-flow\">\n<ul class=\"wp-block-list\">\n<li>Galletas<\/li>\n\n\n\n<li>Galletas<\/li>\n\n\n\n<li>Caramelos de tama\u00f1o divertido<\/li>\n<\/ul>\n<\/div>\n\n\n\n<div class=\"wp-block-column is-layout-flow wp-block-column-is-layout-flow\">\n<ul class=\"wp-block-list\">\n<li>Resaltadores<\/li>\n\n\n\n<li>Lazos para el pelo<\/li>\n\n\n\n<li>Palomitas para microondas<\/li>\n<\/ul>\n<\/div>\n\n\n\n<div class=\"wp-block-column is-layout-flow wp-block-column-is-layout-flow\">\n<ul class=\"wp-block-list\">\n<li>Barritas de prote\u00ednas<\/li>\n\n\n\n<li>Tarjetas regalo Starbucks<\/li>\n\n\n\n<li>Acordes USB<\/li>\n<\/ul>\n<\/div>\n<\/div>\n\n<div style=\"height:60px\" aria-hidden=\"true\" class=\"wp-block-spacer\"><\/div>\n\n<h3 class=\"wp-block-heading\"><strong>Colecta de material<\/strong> escolar (junio\/julio)<\/h3>\n\n<div class=\"wp-block-columns is-layout-flex wp-container-core-columns-is-layout-28f84493 wp-block-columns-is-layout-flex\">\n<div class=\"wp-block-column is-layout-flow wp-block-column-is-layout-flow\">\n<ul class=\"wp-block-list\">\n<li>Mochilas<\/li>\n\n\n\n<li>Bol\u00edgrafos<\/li>\n\n\n\n<li>Gomas de borrar<\/li>\n\n\n\n<li>Carpetas<\/li>\n\n\n\n<li>Resaltadores<\/li>\n<\/ul>\n<\/div>\n\n\n\n<div class=\"wp-block-column is-layout-flow wp-block-column-is-layout-flow\">\n<ul class=\"wp-block-list\">\n<li>Fichas<\/li>\n\n\n\n<li>Pegamento en barra  <\/li>\n\n\n\n<li>Fiambrera<\/li>\n\n\n\n<li>Cuadernos<\/li>\n\n\n\n<li>Papel<\/li>\n<\/ul>\n<\/div>\n\n\n\n<div class=\"wp-block-column is-layout-flow wp-block-column-is-layout-flow\">\n<ul class=\"wp-block-list\">\n<li>Sacapuntas<\/li>\n\n\n\n<li>L\u00e1pices<\/li>\n\n\n\n<li>Sharpies<\/li>\n<\/ul>\n<\/div>\n<\/div>\n\n<div style=\"height:60px\" aria-hidden=\"true\" class=\"wp-block-spacer\"><\/div>\n\n<div class=\"wp-block-columns is-layout-flex wp-container-core-columns-is-layout-28f84493 wp-block-columns-is-layout-flex\">\n<div class=\"wp-block-column is-layout-flow wp-block-column-is-layout-flow\">\n<h3 class=\"wp-block-heading has-text-align-left\"><strong>Tronco o trato <\/strong>(septiembre\/octubre)<\/h3>\n<\/div>\n\n\n\n<div class=\"wp-block-column is-layout-flow wp-block-column-is-layout-flow\">\n<h3 class=\"wp-block-heading has-text-align-left\"><strong>Tienda de Navidad <\/strong>(noviembre\/diciembre)<\/h3>\n<\/div>\n<\/div>\n\n<div style=\"height:100px\" aria-hidden=\"true\" class=\"wp-block-spacer\"><\/div>\n\n<div class=\"wp-block-media-text alignwide is-stacked-on-mobile\"><figure class=\"wp-block-media-text__media\"><img decoding=\"async\" width=\"1600\" height=\"1067\" src=\"http:\/\/kidworksoc.org\/wp-content\/uploads\/2023\/02\/Care-packages.jpg\" alt=\"\" class=\"wp-image-2476 size-full\" srcset=\"https:\/\/kidworksoc.org\/wp-content\/uploads\/2023\/02\/Care-packages.jpg 1600w, https:\/\/kidworksoc.org\/wp-content\/uploads\/2023\/02\/Care-packages-1280x854.jpg 1280w, https:\/\/kidworksoc.org\/wp-content\/uploads\/2023\/02\/Care-packages-1440x960.jpg 1440w, https:\/\/kidworksoc.org\/wp-content\/uploads\/2023\/02\/Care-packages-1536x1024.jpg 1536w, https:\/\/kidworksoc.org\/wp-content\/uploads\/2023\/02\/Care-packages-600x400.jpg 600w\" sizes=\"(max-width: 1600px) 100vw, 1600px\" \/><\/figure><div class=\"wp-block-media-text__content\">\n<p>Si tiene alguna pregunta, p\u00f3ngase en contacto con Jacquelynn Hernandez en el (714) 834-9400 x119 o env\u00ede un correo electr\u00f3nico <a href=\"mailto:jacquelynn.hernandez@kidworksoc.org\" target=\"_blank\" rel=\"noreferrer noopener\">a jacquelynn.hernandez@kidworksoc.org<\/a>.<\/p>\n\n\n\n<p>Las donaciones en especie pueden ser objeto de deducci\u00f3n fiscal. Para m\u00e1s informaci\u00f3n, consulte a su asesor fiscal. Le proporcionaremos un recibo de su donaci\u00f3n para que lo utilice con este fin.<\/p>\n\n\n\n<div class=\"wp-block-buttons is-layout-flex wp-block-buttons-is-layout-flex\">\n<div class=\"wp-block-button\"><a class=\"wp-block-button__link wp-element-button\" href=\"http:\/\/kidworksoc.org\/wp-content\/uploads\/2023\/02\/KidWorksIn-kindDonationForm.xlsx\">FORMULARIO DE DONACI\u00d3N FISCAL EN ESPECIE<\/a><\/div>\n<\/div>\n\n\n\n<p><strong>Gracias por donar a KidWorks, \u00a1su contribuci\u00f3n est\u00e1 transformando vidas!<\/strong><\/p>\n<\/div><\/div>\n","protected":false},"excerpt":{"rendered":"<p>Paquetes escolares (marzo) Colecta de material escolar (junio\/julio) Tronco o trato (septiembre\/octubre) Tienda de Navidad (noviembre\/diciembre)<\/p>\n","protected":false},"author":1,"featured_media":2475,"parent":3344,"menu_order":0,"comment_status":"closed","ping_status":"closed","template":"","meta":{"_acf_changed":false,"_searchwp_excluded":"","_monsterinsights_skip_tracking":false,"_monsterinsights_sitenote_active":false,"_monsterinsights_sitenote_note":"","_monsterinsights_sitenote_category":0,"_uf_show_specific_survey":0,"_uf_disable_surveys":false,"footnotes":""},"class_list":["post-3110","page","type-page","status-publish","has-post-thumbnail","hentry"],"acf":[],"aioseo_notices":[],"yoast_head":"<!-- This site is optimized with the Yoast SEO plugin v27.4 - https:\/\/yoast.com\/product\/yoast-seo-wordpress\/ -->\n<title>En especie - KidWorks<\/title>\n<meta name=\"description\" content=\"En especie A lo largo del a\u00f1o, KidWorks necesita donaciones de material escolar, materiales para programas y mucho m\u00e1s. Las contribuciones grandes y\" \/>\n<meta name=\"robots\" content=\"index, follow, max-snippet:-1, max-image-preview:large, max-video-preview:-1\" \/>\n<link rel=\"canonical\" href=\"https:\/\/kidworksoc.org\/es\/donar\/in-kind\/\" \/>\n<meta property=\"og:locale\" content=\"es_ES\" \/>\n<meta property=\"og:type\" content=\"article\" \/>\n<meta property=\"og:title\" content=\"En especie - KidWorks\" \/>\n<meta property=\"og:description\" content=\"En especie A lo largo del a\u00f1o, KidWorks necesita donaciones de material escolar, materiales para programas y mucho m\u00e1s. Las contribuciones grandes y\" \/>\n<meta property=\"og:url\" content=\"https:\/\/kidworksoc.org\/es\/donar\/in-kind\/\" \/>\n<meta property=\"og:site_name\" content=\"KidWorks\" \/>\n<meta property=\"article:publisher\" content=\"https:\/\/www.facebook.com\/kidworkscdc\" \/>\n<meta property=\"article:modified_time\" content=\"2023-07-13T22:53:18+00:00\" \/>\n<meta property=\"og:image\" content=\"https:\/\/kidworksoc.org\/wp-content\/uploads\/2023\/02\/IMG_7616.jpeg\" \/>\n\t<meta property=\"og:image:width\" content=\"2000\" \/>\n\t<meta property=\"og:image:height\" content=\"1122\" \/>\n\t<meta property=\"og:image:type\" content=\"image\/jpeg\" \/>\n<meta name=\"twitter:card\" content=\"summary_large_image\" \/>\n<meta name=\"twitter:site\" content=\"@kidworks\" \/>\n<script type=\"application\/ld+json\" class=\"yoast-schema-graph\">{\"@context\":\"https:\\\/\\\/schema.org\",\"@graph\":[{\"@type\":\"WebPage\",\"@id\":\"https:\\\/\\\/kidworksoc.org\\\/es\\\/donar\\\/in-kind\\\/\",\"url\":\"https:\\\/\\\/kidworksoc.org\\\/es\\\/donar\\\/in-kind\\\/\",\"name\":\"En especie - KidWorks\",\"isPartOf\":{\"@id\":\"https:\\\/\\\/kidworksoc.org\\\/es\\\/#website\"},\"primaryImageOfPage\":{\"@id\":\"https:\\\/\\\/kidworksoc.org\\\/es\\\/donar\\\/in-kind\\\/#primaryimage\"},\"image\":{\"@id\":\"https:\\\/\\\/kidworksoc.org\\\/es\\\/donar\\\/in-kind\\\/#primaryimage\"},\"thumbnailUrl\":\"https:\\\/\\\/kidworksoc.org\\\/wp-content\\\/uploads\\\/2023\\\/02\\\/IMG_7616.jpeg\",\"datePublished\":\"2023-01-25T18:58:01+00:00\",\"dateModified\":\"2023-07-13T22:53:18+00:00\",\"description\":\"En especie A lo largo del a\u00f1o, KidWorks necesita donaciones de material escolar, materiales para programas y mucho m\u00e1s. Las contribuciones grandes y\",\"breadcrumb\":{\"@id\":\"https:\\\/\\\/kidworksoc.org\\\/es\\\/donar\\\/in-kind\\\/#breadcrumb\"},\"inLanguage\":\"es\",\"potentialAction\":[{\"@type\":\"ReadAction\",\"target\":[\"https:\\\/\\\/kidworksoc.org\\\/es\\\/donar\\\/in-kind\\\/\"]}]},{\"@type\":\"ImageObject\",\"inLanguage\":\"es\",\"@id\":\"https:\\\/\\\/kidworksoc.org\\\/es\\\/donar\\\/in-kind\\\/#primaryimage\",\"url\":\"https:\\\/\\\/kidworksoc.org\\\/wp-content\\\/uploads\\\/2023\\\/02\\\/IMG_7616.jpeg\",\"contentUrl\":\"https:\\\/\\\/kidworksoc.org\\\/wp-content\\\/uploads\\\/2023\\\/02\\\/IMG_7616.jpeg\",\"width\":2000,\"height\":1122},{\"@type\":\"BreadcrumbList\",\"@id\":\"https:\\\/\\\/kidworksoc.org\\\/es\\\/donar\\\/in-kind\\\/#breadcrumb\",\"itemListElement\":[{\"@type\":\"ListItem\",\"position\":1,\"name\":\"Home\",\"item\":\"https:\\\/\\\/kidworksoc.org\\\/es\\\/\"},{\"@type\":\"ListItem\",\"position\":2,\"name\":\"Donar\",\"item\":\"https:\\\/\\\/kidworksoc.org\\\/es\\\/donar\\\/\"},{\"@type\":\"ListItem\",\"position\":3,\"name\":\"En especie\"}]},{\"@type\":\"WebSite\",\"@id\":\"https:\\\/\\\/kidworksoc.org\\\/es\\\/#website\",\"url\":\"https:\\\/\\\/kidworksoc.org\\\/es\\\/\",\"name\":\"KidWorks\",\"description\":\"Unleashing Youth Potential\u2122\",\"publisher\":{\"@id\":\"https:\\\/\\\/kidworksoc.org\\\/es\\\/#organization\"},\"potentialAction\":[{\"@type\":\"SearchAction\",\"target\":{\"@type\":\"EntryPoint\",\"urlTemplate\":\"https:\\\/\\\/kidworksoc.org\\\/es\\\/?s={search_term_string}\"},\"query-input\":{\"@type\":\"PropertyValueSpecification\",\"valueRequired\":true,\"valueName\":\"search_term_string\"}}],\"inLanguage\":\"es\"},{\"@type\":\"Organization\",\"@id\":\"https:\\\/\\\/kidworksoc.org\\\/es\\\/#organization\",\"name\":\"KidWorks\",\"url\":\"https:\\\/\\\/kidworksoc.org\\\/es\\\/\",\"logo\":{\"@type\":\"ImageObject\",\"inLanguage\":\"es\",\"@id\":\"https:\\\/\\\/kidworksoc.org\\\/es\\\/#\\\/schema\\\/logo\\\/image\\\/\",\"url\":\"https:\\\/\\\/kidworksoc.org\\\/wp-content\\\/uploads\\\/2023\\\/01\\\/kidworks-anniversary-logo.png\",\"contentUrl\":\"https:\\\/\\\/kidworksoc.org\\\/wp-content\\\/uploads\\\/2023\\\/01\\\/kidworks-anniversary-logo.png\",\"width\":420,\"height\":114,\"caption\":\"KidWorks\"},\"image\":{\"@id\":\"https:\\\/\\\/kidworksoc.org\\\/es\\\/#\\\/schema\\\/logo\\\/image\\\/\"},\"sameAs\":[\"https:\\\/\\\/www.facebook.com\\\/kidworkscdc\",\"https:\\\/\\\/x.com\\\/kidworks\",\"https:\\\/\\\/www.instagram.com\\\/kidworks\\\/\",\"https:\\\/\\\/www.yelp.com\\\/biz\\\/kidworks-santa-ana?osq=kidworks\",\"https:\\\/\\\/www.youtube.com\\\/user\\\/KidWorksCDC\",\"https:\\\/\\\/www.linkedin.com\\\/company\\\/kidworkscdc\"]}]}<\/script>\n<!-- \/ Yoast SEO plugin. -->","yoast_head_json":{"title":"En especie - KidWorks","description":"En especie A lo largo del a\u00f1o, KidWorks necesita donaciones de material escolar, materiales para programas y mucho m\u00e1s. Las contribuciones grandes y","robots":{"index":"index","follow":"follow","max-snippet":"max-snippet:-1","max-image-preview":"max-image-preview:large","max-video-preview":"max-video-preview:-1"},"canonical":"https:\/\/kidworksoc.org\/es\/donar\/in-kind\/","og_locale":"es_ES","og_type":"article","og_title":"En especie - KidWorks","og_description":"En especie A lo largo del a\u00f1o, KidWorks necesita donaciones de material escolar, materiales para programas y mucho m\u00e1s. Las contribuciones grandes y","og_url":"https:\/\/kidworksoc.org\/es\/donar\/in-kind\/","og_site_name":"KidWorks","article_publisher":"https:\/\/www.facebook.com\/kidworkscdc","article_modified_time":"2023-07-13T22:53:18+00:00","og_image":[{"width":2000,"height":1122,"url":"https:\/\/kidworksoc.org\/wp-content\/uploads\/2023\/02\/IMG_7616.jpeg","type":"image\/jpeg"}],"twitter_card":"summary_large_image","twitter_site":"@kidworks","schema":{"@context":"https:\/\/schema.org","@graph":[{"@type":"WebPage","@id":"https:\/\/kidworksoc.org\/es\/donar\/in-kind\/","url":"https:\/\/kidworksoc.org\/es\/donar\/in-kind\/","name":"En especie - KidWorks","isPartOf":{"@id":"https:\/\/kidworksoc.org\/es\/#website"},"primaryImageOfPage":{"@id":"https:\/\/kidworksoc.org\/es\/donar\/in-kind\/#primaryimage"},"image":{"@id":"https:\/\/kidworksoc.org\/es\/donar\/in-kind\/#primaryimage"},"thumbnailUrl":"https:\/\/kidworksoc.org\/wp-content\/uploads\/2023\/02\/IMG_7616.jpeg","datePublished":"2023-01-25T18:58:01+00:00","dateModified":"2023-07-13T22:53:18+00:00","description":"En especie A lo largo del a\u00f1o, KidWorks necesita donaciones de material escolar, materiales para programas y mucho m\u00e1s. Las contribuciones grandes y","breadcrumb":{"@id":"https:\/\/kidworksoc.org\/es\/donar\/in-kind\/#breadcrumb"},"inLanguage":"es","potentialAction":[{"@type":"ReadAction","target":["https:\/\/kidworksoc.org\/es\/donar\/in-kind\/"]}]},{"@type":"ImageObject","inLanguage":"es","@id":"https:\/\/kidworksoc.org\/es\/donar\/in-kind\/#primaryimage","url":"https:\/\/kidworksoc.org\/wp-content\/uploads\/2023\/02\/IMG_7616.jpeg","contentUrl":"https:\/\/kidworksoc.org\/wp-content\/uploads\/2023\/02\/IMG_7616.jpeg","width":2000,"height":1122},{"@type":"BreadcrumbList","@id":"https:\/\/kidworksoc.org\/es\/donar\/in-kind\/#breadcrumb","itemListElement":[{"@type":"ListItem","position":1,"name":"Home","item":"https:\/\/kidworksoc.org\/es\/"},{"@type":"ListItem","position":2,"name":"Donar","item":"https:\/\/kidworksoc.org\/es\/donar\/"},{"@type":"ListItem","position":3,"name":"En especie"}]},{"@type":"WebSite","@id":"https:\/\/kidworksoc.org\/es\/#website","url":"https:\/\/kidworksoc.org\/es\/","name":"KidWorks","description":"Unleashing Youth Potential\u2122","publisher":{"@id":"https:\/\/kidworksoc.org\/es\/#organization"},"potentialAction":[{"@type":"SearchAction","target":{"@type":"EntryPoint","urlTemplate":"https:\/\/kidworksoc.org\/es\/?s={search_term_string}"},"query-input":{"@type":"PropertyValueSpecification","valueRequired":true,"valueName":"search_term_string"}}],"inLanguage":"es"},{"@type":"Organization","@id":"https:\/\/kidworksoc.org\/es\/#organization","name":"KidWorks","url":"https:\/\/kidworksoc.org\/es\/","logo":{"@type":"ImageObject","inLanguage":"es","@id":"https:\/\/kidworksoc.org\/es\/#\/schema\/logo\/image\/","url":"https:\/\/kidworksoc.org\/wp-content\/uploads\/2023\/01\/kidworks-anniversary-logo.png","contentUrl":"https:\/\/kidworksoc.org\/wp-content\/uploads\/2023\/01\/kidworks-anniversary-logo.png","width":420,"height":114,"caption":"KidWorks"},"image":{"@id":"https:\/\/kidworksoc.org\/es\/#\/schema\/logo\/image\/"},"sameAs":["https:\/\/www.facebook.com\/kidworkscdc","https:\/\/x.com\/kidworks","https:\/\/www.instagram.com\/kidworks\/","https:\/\/www.yelp.com\/biz\/kidworks-santa-ana?osq=kidworks","https:\/\/www.youtube.com\/user\/KidWorksCDC","https:\/\/www.linkedin.com\/company\/kidworkscdc"]}]}},"_links":{"self":[{"href":"https:\/\/kidworksoc.org\/es\/wp-json\/wp\/v2\/pages\/3110","targetHints":{"allow":["GET"]}}],"collection":[{"href":"https:\/\/kidworksoc.org\/es\/wp-json\/wp\/v2\/pages"}],"about":[{"href":"https:\/\/kidworksoc.org\/es\/wp-json\/wp\/v2\/types\/page"}],"author":[{"embeddable":true,"href":"https:\/\/kidworksoc.org\/es\/wp-json\/wp\/v2\/users\/1"}],"replies":[{"embeddable":true,"href":"https:\/\/kidworksoc.org\/es\/wp-json\/wp\/v2\/comments?post=3110"}],"version-history":[{"count":0,"href":"https:\/\/kidworksoc.org\/es\/wp-json\/wp\/v2\/pages\/3110\/revisions"}],"up":[{"embeddable":true,"href":"https:\/\/kidworksoc.org\/es\/wp-json\/wp\/v2\/pages\/3344"}],"wp:featuredmedia":[{"embeddable":true,"href":"https:\/\/kidworksoc.org\/es\/wp-json\/wp\/v2\/media\/2475"}],"wp:attachment":[{"href":"https:\/\/kidworksoc.org\/es\/wp-json\/wp\/v2\/media?parent=3110"}],"curies":[{"name":"wp","href":"https:\/\/api.w.org\/{rel}","templated":true}]}}