{"id":3104,"date":"2023-01-25T10:30:27","date_gmt":"2023-01-25T18:30:27","guid":{"rendered":"http:\/\/kidworksoc.org\/college-career-success-initiative\/academia-de-aplicaciones-universitarias\/"},"modified":"2023-07-03T15:45:23","modified_gmt":"2023-07-03T22:45:23","slug":"academia-de-aplicaciones-universitarias","status":"publish","type":"page","link":"https:\/\/kidworksoc.org\/es\/college-career-success-initiative\/academia-de-aplicaciones-universitarias\/","title":{"rendered":"Academia de aplicaciones universitarias"},"content":{"rendered":"\n<div class=\"wp-block-media-text alignwide is-stacked-on-mobile\"><figure class=\"wp-block-media-text__media\"><img decoding=\"async\" width=\"1600\" height=\"1200\" src=\"http:\/\/kidworksoc.org\/wp-content\/uploads\/2023\/01\/IMG_7676-1600x1200.jpeg\" alt=\"\" class=\"wp-image-874 size-full\" srcset=\"https:\/\/kidworksoc.org\/wp-content\/uploads\/2023\/01\/IMG_7676-1600x1200.jpeg 1600w, https:\/\/kidworksoc.org\/wp-content\/uploads\/2023\/01\/IMG_7676-1280x960.jpeg 1280w, https:\/\/kidworksoc.org\/wp-content\/uploads\/2023\/01\/IMG_7676-1440x1080.jpeg 1440w, https:\/\/kidworksoc.org\/wp-content\/uploads\/2023\/01\/IMG_7676-1536x1152.jpeg 1536w, https:\/\/kidworksoc.org\/wp-content\/uploads\/2023\/01\/IMG_7676-600x450.jpeg 600w, https:\/\/kidworksoc.org\/wp-content\/uploads\/2023\/01\/IMG_7676.jpeg 2000w\" sizes=\"(max-width: 1600px) 100vw, 1600px\" \/><\/figure><div class=\"wp-block-media-text__content\">\n<h3 class=\"wp-block-heading\"><strong>Informaci\u00f3n sobre el programa<\/strong><\/h3>\n\n\n\n<ul class=\"wp-block-list\">\n<li><strong>Hora: <\/strong>mi\u00e9rcoles de 17.00 a 18.00 horas<\/li>\n\n\n\n<li><strong>Grados:<\/strong> alumnos de 12\u00ba curso residentes en Santa Ana<\/li>\n\n\n\n<li><strong>Coste:<\/strong> Gratis<\/li>\n<\/ul>\n\n\n\n<div class=\"wp-block-buttons is-layout-flex wp-block-buttons-is-layout-flex\">\n<div class=\"wp-block-button\"><a class=\"wp-block-button__link wp-element-button\" href=\"http:\/\/kidworksoc.org\/es\/inscripcion-en-el-programa\/\">Reg\u00edstrese hoy<\/a><\/div>\n<\/div>\n<\/div><\/div>\n\n<div style=\"height:100px\" aria-hidden=\"true\" class=\"wp-block-spacer\"><\/div>\n\n<div class=\"wp-block-columns alignwide is-layout-flex wp-container-core-columns-is-layout-28f84493 wp-block-columns-is-layout-flex\">\n<div class=\"wp-block-column is-layout-flow wp-block-column-is-layout-flow\">\n<blockquote class=\"wp-block-quote is-layout-flow wp-block-quote-is-layout-flow\">\n<p>\u00abViniendo de un entorno hispano y siendo la primera de mi familia en ir a la universidad, KidWorks me ayud\u00f3 a descubrir la universidad adecuada para m\u00ed\u00bb.<\/p>\n<cite><strong><strong>Jasmine O. (comprometida con CS Dominguez Hills)<\/strong><\/strong><\/cite><\/blockquote>\n<\/div>\n\n\n\n<div class=\"wp-block-column is-layout-flow wp-block-column-is-layout-flow\">\n<blockquote class=\"wp-block-quote has-text-align-left is-style-default is-layout-flow wp-block-quote-is-layout-flow\">\n<p class=\"has-text-align-left\">  \u00abKidWorks me ayud\u00f3 a entender las muchas opciones y caminos hacia el \u00e9xito universitario. Me ayudaron a descubrir mis sue\u00f1os y a fijar objetivos\u00bb.<\/p>\n<cite><strong><strong>Nathan V. (comprometido con Santa Ana College)<\/strong><\/strong><\/cite><\/blockquote>\n<\/div>\n<\/div>\n","protected":false},"excerpt":{"rendered":"<p>\u00abViniendo de un entorno hispano y siendo la primera de mi familia en ir a la universidad, KidWorks me ayud\u00f3 a descubrir la universidad adecuada para m\u00ed\u00bb. \u00abKidWorks me ayud\u00f3&hellip; <a class=\"more-link\" href=\"https:\/\/kidworksoc.org\/es\/college-career-success-initiative\/academia-de-aplicaciones-universitarias\/\">Siga Leyendo<\/a><\/p>\n","protected":false},"author":1,"featured_media":0,"parent":3094,"menu_order":0,"comment_status":"closed","ping_status":"closed","template":"","meta":{"_acf_changed":false,"_searchwp_excluded":"","_monsterinsights_skip_tracking":false,"_monsterinsights_sitenote_active":false,"_monsterinsights_sitenote_note":"","_monsterinsights_sitenote_category":0,"_uf_show_specific_survey":0,"_uf_disable_surveys":false,"footnotes":""},"class_list":["post-3104","page","type-page","status-publish","hentry"],"acf":[],"aioseo_notices":[],"yoast_head":"<!-- This site is optimized with the Yoast SEO plugin v27.4 - https:\/\/yoast.com\/product\/yoast-seo-wordpress\/ -->\n<title>Academia de aplicaciones universitarias - KidWorks<\/title>\n<meta name=\"description\" content=\"Informaci\u00f3n sobre el programa Hora: mi\u00e9rcoles de 17.00 a 18.00 horas Grados: alumnos de 12\u00ba curso residentes en Santa Ana Coste: Gratis Reg\u00edstrese hoy\" \/>\n<meta name=\"robots\" content=\"index, follow, max-snippet:-1, max-image-preview:large, max-video-preview:-1\" \/>\n<link rel=\"canonical\" href=\"https:\/\/kidworksoc.org\/es\/college-career-success-initiative\/academia-de-aplicaciones-universitarias\/\" \/>\n<meta property=\"og:locale\" content=\"es_ES\" \/>\n<meta property=\"og:type\" content=\"article\" \/>\n<meta property=\"og:title\" content=\"Academia de aplicaciones universitarias - KidWorks\" \/>\n<meta property=\"og:description\" content=\"Informaci\u00f3n sobre el programa Hora: mi\u00e9rcoles de 17.00 a 18.00 horas Grados: alumnos de 12\u00ba curso residentes en Santa Ana Coste: Gratis Reg\u00edstrese hoy\" \/>\n<meta property=\"og:url\" content=\"https:\/\/kidworksoc.org\/es\/college-career-success-initiative\/academia-de-aplicaciones-universitarias\/\" \/>\n<meta property=\"og:site_name\" content=\"KidWorks\" \/>\n<meta property=\"article:publisher\" content=\"https:\/\/www.facebook.com\/kidworkscdc\" \/>\n<meta property=\"article:modified_time\" content=\"2023-07-03T22:45:23+00:00\" \/>\n<meta property=\"og:image\" content=\"http:\/\/kidworksoc.org\/wp-content\/uploads\/2023\/01\/IMG_7676-1600x1200.jpeg\" \/>\n<meta name=\"twitter:card\" content=\"summary_large_image\" \/>\n<meta name=\"twitter:site\" content=\"@kidworks\" \/>\n<script type=\"application\/ld+json\" class=\"yoast-schema-graph\">{\"@context\":\"https:\\\/\\\/schema.org\",\"@graph\":[{\"@type\":\"WebPage\",\"@id\":\"https:\\\/\\\/kidworksoc.org\\\/es\\\/college-career-success-initiative\\\/academia-de-aplicaciones-universitarias\\\/\",\"url\":\"https:\\\/\\\/kidworksoc.org\\\/es\\\/college-career-success-initiative\\\/academia-de-aplicaciones-universitarias\\\/\",\"name\":\"Academia de aplicaciones universitarias - KidWorks\",\"isPartOf\":{\"@id\":\"https:\\\/\\\/kidworksoc.org\\\/es\\\/#website\"},\"primaryImageOfPage\":{\"@id\":\"https:\\\/\\\/kidworksoc.org\\\/es\\\/college-career-success-initiative\\\/academia-de-aplicaciones-universitarias\\\/#primaryimage\"},\"image\":{\"@id\":\"https:\\\/\\\/kidworksoc.org\\\/es\\\/college-career-success-initiative\\\/academia-de-aplicaciones-universitarias\\\/#primaryimage\"},\"thumbnailUrl\":\"http:\\\/\\\/kidworksoc.org\\\/wp-content\\\/uploads\\\/2023\\\/01\\\/IMG_7676-1600x1200.jpeg\",\"datePublished\":\"2023-01-25T18:30:27+00:00\",\"dateModified\":\"2023-07-03T22:45:23+00:00\",\"description\":\"Informaci\u00f3n sobre el programa Hora: mi\u00e9rcoles de 17.00 a 18.00 horas Grados: alumnos de 12\u00ba curso residentes en Santa Ana Coste: Gratis Reg\u00edstrese hoy\",\"breadcrumb\":{\"@id\":\"https:\\\/\\\/kidworksoc.org\\\/es\\\/college-career-success-initiative\\\/academia-de-aplicaciones-universitarias\\\/#breadcrumb\"},\"inLanguage\":\"es\",\"potentialAction\":[{\"@type\":\"ReadAction\",\"target\":[\"https:\\\/\\\/kidworksoc.org\\\/es\\\/college-career-success-initiative\\\/academia-de-aplicaciones-universitarias\\\/\"]}]},{\"@type\":\"ImageObject\",\"inLanguage\":\"es\",\"@id\":\"https:\\\/\\\/kidworksoc.org\\\/es\\\/college-career-success-initiative\\\/academia-de-aplicaciones-universitarias\\\/#primaryimage\",\"url\":\"http:\\\/\\\/kidworksoc.org\\\/wp-content\\\/uploads\\\/2023\\\/01\\\/IMG_7676-1600x1200.jpeg\",\"contentUrl\":\"http:\\\/\\\/kidworksoc.org\\\/wp-content\\\/uploads\\\/2023\\\/01\\\/IMG_7676-1600x1200.jpeg\"},{\"@type\":\"BreadcrumbList\",\"@id\":\"https:\\\/\\\/kidworksoc.org\\\/es\\\/college-career-success-initiative\\\/academia-de-aplicaciones-universitarias\\\/#breadcrumb\",\"itemListElement\":[{\"@type\":\"ListItem\",\"position\":1,\"name\":\"Home\",\"item\":\"https:\\\/\\\/kidworksoc.org\\\/es\\\/\"},{\"@type\":\"ListItem\",\"position\":2,\"name\":\"Iniciativa para el \u00e9xito universitario y profesional\",\"item\":\"https:\\\/\\\/kidworksoc.org\\\/es\\\/college-career-success-initiative\\\/\"},{\"@type\":\"ListItem\",\"position\":3,\"name\":\"Academia de aplicaciones universitarias\"}]},{\"@type\":\"WebSite\",\"@id\":\"https:\\\/\\\/kidworksoc.org\\\/es\\\/#website\",\"url\":\"https:\\\/\\\/kidworksoc.org\\\/es\\\/\",\"name\":\"KidWorks\",\"description\":\"Unleashing Youth Potential\u2122\",\"publisher\":{\"@id\":\"https:\\\/\\\/kidworksoc.org\\\/es\\\/#organization\"},\"potentialAction\":[{\"@type\":\"SearchAction\",\"target\":{\"@type\":\"EntryPoint\",\"urlTemplate\":\"https:\\\/\\\/kidworksoc.org\\\/es\\\/?s={search_term_string}\"},\"query-input\":{\"@type\":\"PropertyValueSpecification\",\"valueRequired\":true,\"valueName\":\"search_term_string\"}}],\"inLanguage\":\"es\"},{\"@type\":\"Organization\",\"@id\":\"https:\\\/\\\/kidworksoc.org\\\/es\\\/#organization\",\"name\":\"KidWorks\",\"url\":\"https:\\\/\\\/kidworksoc.org\\\/es\\\/\",\"logo\":{\"@type\":\"ImageObject\",\"inLanguage\":\"es\",\"@id\":\"https:\\\/\\\/kidworksoc.org\\\/es\\\/#\\\/schema\\\/logo\\\/image\\\/\",\"url\":\"https:\\\/\\\/kidworksoc.org\\\/wp-content\\\/uploads\\\/2023\\\/01\\\/kidworks-anniversary-logo.png\",\"contentUrl\":\"https:\\\/\\\/kidworksoc.org\\\/wp-content\\\/uploads\\\/2023\\\/01\\\/kidworks-anniversary-logo.png\",\"width\":420,\"height\":114,\"caption\":\"KidWorks\"},\"image\":{\"@id\":\"https:\\\/\\\/kidworksoc.org\\\/es\\\/#\\\/schema\\\/logo\\\/image\\\/\"},\"sameAs\":[\"https:\\\/\\\/www.facebook.com\\\/kidworkscdc\",\"https:\\\/\\\/x.com\\\/kidworks\",\"https:\\\/\\\/www.instagram.com\\\/kidworks\\\/\",\"https:\\\/\\\/www.yelp.com\\\/biz\\\/kidworks-santa-ana?osq=kidworks\",\"https:\\\/\\\/www.youtube.com\\\/user\\\/KidWorksCDC\",\"https:\\\/\\\/www.linkedin.com\\\/company\\\/kidworkscdc\"]}]}<\/script>\n<!-- \/ Yoast SEO plugin. -->","yoast_head_json":{"title":"Academia de aplicaciones universitarias - KidWorks","description":"Informaci\u00f3n sobre el programa Hora: mi\u00e9rcoles de 17.00 a 18.00 horas Grados: alumnos de 12\u00ba curso residentes en Santa Ana Coste: Gratis Reg\u00edstrese hoy","robots":{"index":"index","follow":"follow","max-snippet":"max-snippet:-1","max-image-preview":"max-image-preview:large","max-video-preview":"max-video-preview:-1"},"canonical":"https:\/\/kidworksoc.org\/es\/college-career-success-initiative\/academia-de-aplicaciones-universitarias\/","og_locale":"es_ES","og_type":"article","og_title":"Academia de aplicaciones universitarias - KidWorks","og_description":"Informaci\u00f3n sobre el programa Hora: mi\u00e9rcoles de 17.00 a 18.00 horas Grados: alumnos de 12\u00ba curso residentes en Santa Ana Coste: Gratis Reg\u00edstrese hoy","og_url":"https:\/\/kidworksoc.org\/es\/college-career-success-initiative\/academia-de-aplicaciones-universitarias\/","og_site_name":"KidWorks","article_publisher":"https:\/\/www.facebook.com\/kidworkscdc","article_modified_time":"2023-07-03T22:45:23+00:00","og_image":[{"url":"http:\/\/kidworksoc.org\/wp-content\/uploads\/2023\/01\/IMG_7676-1600x1200.jpeg","type":"","width":"","height":""}],"twitter_card":"summary_large_image","twitter_site":"@kidworks","schema":{"@context":"https:\/\/schema.org","@graph":[{"@type":"WebPage","@id":"https:\/\/kidworksoc.org\/es\/college-career-success-initiative\/academia-de-aplicaciones-universitarias\/","url":"https:\/\/kidworksoc.org\/es\/college-career-success-initiative\/academia-de-aplicaciones-universitarias\/","name":"Academia de aplicaciones universitarias - KidWorks","isPartOf":{"@id":"https:\/\/kidworksoc.org\/es\/#website"},"primaryImageOfPage":{"@id":"https:\/\/kidworksoc.org\/es\/college-career-success-initiative\/academia-de-aplicaciones-universitarias\/#primaryimage"},"image":{"@id":"https:\/\/kidworksoc.org\/es\/college-career-success-initiative\/academia-de-aplicaciones-universitarias\/#primaryimage"},"thumbnailUrl":"http:\/\/kidworksoc.org\/wp-content\/uploads\/2023\/01\/IMG_7676-1600x1200.jpeg","datePublished":"2023-01-25T18:30:27+00:00","dateModified":"2023-07-03T22:45:23+00:00","description":"Informaci\u00f3n sobre el programa Hora: mi\u00e9rcoles de 17.00 a 18.00 horas Grados: alumnos de 12\u00ba curso residentes en Santa Ana Coste: Gratis Reg\u00edstrese hoy","breadcrumb":{"@id":"https:\/\/kidworksoc.org\/es\/college-career-success-initiative\/academia-de-aplicaciones-universitarias\/#breadcrumb"},"inLanguage":"es","potentialAction":[{"@type":"ReadAction","target":["https:\/\/kidworksoc.org\/es\/college-career-success-initiative\/academia-de-aplicaciones-universitarias\/"]}]},{"@type":"ImageObject","inLanguage":"es","@id":"https:\/\/kidworksoc.org\/es\/college-career-success-initiative\/academia-de-aplicaciones-universitarias\/#primaryimage","url":"http:\/\/kidworksoc.org\/wp-content\/uploads\/2023\/01\/IMG_7676-1600x1200.jpeg","contentUrl":"http:\/\/kidworksoc.org\/wp-content\/uploads\/2023\/01\/IMG_7676-1600x1200.jpeg"},{"@type":"BreadcrumbList","@id":"https:\/\/kidworksoc.org\/es\/college-career-success-initiative\/academia-de-aplicaciones-universitarias\/#breadcrumb","itemListElement":[{"@type":"ListItem","position":1,"name":"Home","item":"https:\/\/kidworksoc.org\/es\/"},{"@type":"ListItem","position":2,"name":"Iniciativa para el \u00e9xito universitario y profesional","item":"https:\/\/kidworksoc.org\/es\/college-career-success-initiative\/"},{"@type":"ListItem","position":3,"name":"Academia de aplicaciones universitarias"}]},{"@type":"WebSite","@id":"https:\/\/kidworksoc.org\/es\/#website","url":"https:\/\/kidworksoc.org\/es\/","name":"KidWorks","description":"Unleashing Youth Potential\u2122","publisher":{"@id":"https:\/\/kidworksoc.org\/es\/#organization"},"potentialAction":[{"@type":"SearchAction","target":{"@type":"EntryPoint","urlTemplate":"https:\/\/kidworksoc.org\/es\/?s={search_term_string}"},"query-input":{"@type":"PropertyValueSpecification","valueRequired":true,"valueName":"search_term_string"}}],"inLanguage":"es"},{"@type":"Organization","@id":"https:\/\/kidworksoc.org\/es\/#organization","name":"KidWorks","url":"https:\/\/kidworksoc.org\/es\/","logo":{"@type":"ImageObject","inLanguage":"es","@id":"https:\/\/kidworksoc.org\/es\/#\/schema\/logo\/image\/","url":"https:\/\/kidworksoc.org\/wp-content\/uploads\/2023\/01\/kidworks-anniversary-logo.png","contentUrl":"https:\/\/kidworksoc.org\/wp-content\/uploads\/2023\/01\/kidworks-anniversary-logo.png","width":420,"height":114,"caption":"KidWorks"},"image":{"@id":"https:\/\/kidworksoc.org\/es\/#\/schema\/logo\/image\/"},"sameAs":["https:\/\/www.facebook.com\/kidworkscdc","https:\/\/x.com\/kidworks","https:\/\/www.instagram.com\/kidworks\/","https:\/\/www.yelp.com\/biz\/kidworks-santa-ana?osq=kidworks","https:\/\/www.youtube.com\/user\/KidWorksCDC","https:\/\/www.linkedin.com\/company\/kidworkscdc"]}]}},"_links":{"self":[{"href":"https:\/\/kidworksoc.org\/es\/wp-json\/wp\/v2\/pages\/3104","targetHints":{"allow":["GET"]}}],"collection":[{"href":"https:\/\/kidworksoc.org\/es\/wp-json\/wp\/v2\/pages"}],"about":[{"href":"https:\/\/kidworksoc.org\/es\/wp-json\/wp\/v2\/types\/page"}],"author":[{"embeddable":true,"href":"https:\/\/kidworksoc.org\/es\/wp-json\/wp\/v2\/users\/1"}],"replies":[{"embeddable":true,"href":"https:\/\/kidworksoc.org\/es\/wp-json\/wp\/v2\/comments?post=3104"}],"version-history":[{"count":0,"href":"https:\/\/kidworksoc.org\/es\/wp-json\/wp\/v2\/pages\/3104\/revisions"}],"up":[{"embeddable":true,"href":"https:\/\/kidworksoc.org\/es\/wp-json\/wp\/v2\/pages\/3094"}],"wp:attachment":[{"href":"https:\/\/kidworksoc.org\/es\/wp-json\/wp\/v2\/media?parent=3104"}],"curies":[{"name":"wp","href":"https:\/\/api.w.org\/{rel}","templated":true}]}}