{"id":3103,"date":"2023-01-25T10:29:52","date_gmt":"2023-01-25T18:29:52","guid":{"rendered":"http:\/\/kidworksoc.org\/college-career-success-initiative\/choque-en-el-campus\/"},"modified":"2023-07-04T09:44:27","modified_gmt":"2023-07-04T16:44:27","slug":"choque-en-el-campus","status":"publish","type":"page","link":"https:\/\/kidworksoc.org\/es\/college-career-success-initiative\/choque-en-el-campus\/","title":{"rendered":"Choque en el campus"},"content":{"rendered":"\n<div class=\"wp-block-media-text alignwide is-stacked-on-mobile is-image-fill\"><figure class=\"wp-block-media-text__media\" style=\"background-image:url(http:\/\/kidworksoc.org\/wp-content\/uploads\/2023\/01\/IMG_5484-1600x1069.jpeg);background-position:50% 50%\"><img decoding=\"async\" width=\"1600\" height=\"1069\" src=\"http:\/\/kidworksoc.org\/wp-content\/uploads\/2023\/01\/IMG_5484-1600x1069.jpeg\" alt=\"\" class=\"wp-image-871 size-full\" srcset=\"https:\/\/kidworksoc.org\/wp-content\/uploads\/2023\/01\/IMG_5484-1600x1069.jpeg 1600w, https:\/\/kidworksoc.org\/wp-content\/uploads\/2023\/01\/IMG_5484-1280x855.jpeg 1280w, https:\/\/kidworksoc.org\/wp-content\/uploads\/2023\/01\/IMG_5484-1440x962.jpeg 1440w, https:\/\/kidworksoc.org\/wp-content\/uploads\/2023\/01\/IMG_5484-1536x1027.jpeg 1536w, https:\/\/kidworksoc.org\/wp-content\/uploads\/2023\/01\/IMG_5484-600x401.jpeg 600w, https:\/\/kidworksoc.org\/wp-content\/uploads\/2023\/01\/IMG_5484.jpeg 1616w\" sizes=\"(max-width: 1600px) 100vw, 1600px\" \/><\/figure><div class=\"wp-block-media-text__content\">\n<h3 class=\"wp-block-heading has-x-large-font-size\"><strong>Los aspectos m\u00e1s destacados de Campus Crash son<\/strong><\/h3>\n\n\n\n<ul class=\"is-style-check-mark wp-block-list\">\n<li>Visitas al campus<\/li>\n\n\n\n<li>Interacciones significativas con estudiantes universitarios, profesores y personal<\/li>\n\n\n\n<li>Experimentar la vida en el campus a trav\u00e9s de juegos, desaf\u00edos, comidas en el campus y diversi\u00f3n con los amigos.<\/li>\n\n\n\n<li>Bolsas de regalos, golosinas y obsequios<\/li>\n<\/ul>\n\n\n\n<p><strong>Informaci\u00f3n sobre el programa:<\/strong><\/p>\n\n\n\n<ul class=\"is-style-check-mark wp-block-list\">\n<li>Fechas: Primavera 2024<\/li>\n\n\n\n<li>Horarios: Var\u00eda seg\u00fan la fecha<\/li>\n\n\n\n<li>Grados: Alumnos de 6\u00ba a 12\u00ba curso<\/li>\n<\/ul>\n\n\n\n<p>Durante el Campus Crash, los estudiantes universitarios de primera generaci\u00f3n empiezan a visualizarse como futuros universitarios.  <\/p>\n<\/div><\/div>\n\n<div style=\"height:100px\" aria-hidden=\"true\" class=\"wp-block-spacer\"><\/div>\n\n<blockquote class=\"wp-block-quote is-layout-flow wp-block-quote-is-layout-flow\">\n<p>\u00abAhora estoy aplicando a Cal Poly Pomona debido a las oportunidades de pr\u00e1cticas y experiencias pr\u00e1cticas que aprend\u00ed a trav\u00e9s de asistir a Campus Crash. El jard\u00edn japon\u00e9s y el ambiente del campus de Cal Poly me gustaron\u00bb.  <\/p>\n<cite><strong><strong>Pedro E. (9\u00ba curso)<\/strong><\/strong><\/cite><\/blockquote>\n","protected":false},"excerpt":{"rendered":"<p>\u00abAhora estoy aplicando a Cal Poly Pomona debido a las oportunidades de pr\u00e1cticas y experiencias pr\u00e1cticas que aprend\u00ed a trav\u00e9s de asistir a Campus Crash. El jard\u00edn japon\u00e9s y el&hellip; <a class=\"more-link\" href=\"https:\/\/kidworksoc.org\/es\/college-career-success-initiative\/choque-en-el-campus\/\">Siga Leyendo<\/a><\/p>\n","protected":false},"author":1,"featured_media":4812,"parent":3094,"menu_order":0,"comment_status":"closed","ping_status":"closed","template":"","meta":{"_acf_changed":false,"_searchwp_excluded":"","_monsterinsights_skip_tracking":false,"_monsterinsights_sitenote_active":false,"_monsterinsights_sitenote_note":"","_monsterinsights_sitenote_category":0,"_uf_show_specific_survey":0,"_uf_disable_surveys":false,"footnotes":""},"class_list":["post-3103","page","type-page","status-publish","has-post-thumbnail","hentry"],"acf":[],"aioseo_notices":[],"yoast_head":"<!-- This site is optimized with the Yoast SEO plugin v27.4 - https:\/\/yoast.com\/product\/yoast-seo-wordpress\/ -->\n<title>Choque en el campus - KidWorks<\/title>\n<meta name=\"description\" content=\"Los aspectos m\u00e1s destacados de Campus Crash son Visitas al campus Interacciones significativas con estudiantes universitarios, profesores y personal\" \/>\n<meta name=\"robots\" content=\"index, follow, max-snippet:-1, max-image-preview:large, max-video-preview:-1\" \/>\n<link rel=\"canonical\" href=\"https:\/\/kidworksoc.org\/es\/college-career-success-initiative\/choque-en-el-campus\/\" \/>\n<meta property=\"og:locale\" content=\"es_ES\" \/>\n<meta property=\"og:type\" content=\"article\" \/>\n<meta property=\"og:title\" content=\"Choque en el campus - KidWorks\" \/>\n<meta property=\"og:description\" content=\"Los aspectos m\u00e1s destacados de Campus Crash son Visitas al campus Interacciones significativas con estudiantes universitarios, profesores y personal\" \/>\n<meta property=\"og:url\" content=\"https:\/\/kidworksoc.org\/es\/college-career-success-initiative\/choque-en-el-campus\/\" \/>\n<meta property=\"og:site_name\" content=\"KidWorks\" \/>\n<meta property=\"article:publisher\" content=\"https:\/\/www.facebook.com\/kidworkscdc\" \/>\n<meta property=\"article:modified_time\" content=\"2023-07-04T16:44:27+00:00\" \/>\n<meta property=\"og:image\" content=\"https:\/\/kidworksoc.org\/wp-content\/uploads\/2024\/01\/Melisa-email-Email-Header-2.png\" \/>\n\t<meta property=\"og:image:width\" content=\"600\" \/>\n\t<meta property=\"og:image:height\" content=\"200\" \/>\n\t<meta property=\"og:image:type\" content=\"image\/png\" \/>\n<meta name=\"twitter:card\" content=\"summary_large_image\" \/>\n<meta name=\"twitter:site\" content=\"@kidworks\" \/>\n<script type=\"application\/ld+json\" class=\"yoast-schema-graph\">{\"@context\":\"https:\\\/\\\/schema.org\",\"@graph\":[{\"@type\":\"WebPage\",\"@id\":\"https:\\\/\\\/kidworksoc.org\\\/es\\\/college-career-success-initiative\\\/choque-en-el-campus\\\/\",\"url\":\"https:\\\/\\\/kidworksoc.org\\\/es\\\/college-career-success-initiative\\\/choque-en-el-campus\\\/\",\"name\":\"Choque en el campus - KidWorks\",\"isPartOf\":{\"@id\":\"https:\\\/\\\/kidworksoc.org\\\/es\\\/#website\"},\"primaryImageOfPage\":{\"@id\":\"https:\\\/\\\/kidworksoc.org\\\/es\\\/college-career-success-initiative\\\/choque-en-el-campus\\\/#primaryimage\"},\"image\":{\"@id\":\"https:\\\/\\\/kidworksoc.org\\\/es\\\/college-career-success-initiative\\\/choque-en-el-campus\\\/#primaryimage\"},\"thumbnailUrl\":\"https:\\\/\\\/kidworksoc.org\\\/wp-content\\\/uploads\\\/2024\\\/01\\\/Melisa-email-Email-Header-2.png\",\"datePublished\":\"2023-01-25T18:29:52+00:00\",\"dateModified\":\"2023-07-04T16:44:27+00:00\",\"description\":\"Los aspectos m\u00e1s destacados de Campus Crash son Visitas al campus Interacciones significativas con estudiantes universitarios, profesores y personal\",\"breadcrumb\":{\"@id\":\"https:\\\/\\\/kidworksoc.org\\\/es\\\/college-career-success-initiative\\\/choque-en-el-campus\\\/#breadcrumb\"},\"inLanguage\":\"es\",\"potentialAction\":[{\"@type\":\"ReadAction\",\"target\":[\"https:\\\/\\\/kidworksoc.org\\\/es\\\/college-career-success-initiative\\\/choque-en-el-campus\\\/\"]}]},{\"@type\":\"ImageObject\",\"inLanguage\":\"es\",\"@id\":\"https:\\\/\\\/kidworksoc.org\\\/es\\\/college-career-success-initiative\\\/choque-en-el-campus\\\/#primaryimage\",\"url\":\"https:\\\/\\\/kidworksoc.org\\\/wp-content\\\/uploads\\\/2024\\\/01\\\/Melisa-email-Email-Header-2.png\",\"contentUrl\":\"https:\\\/\\\/kidworksoc.org\\\/wp-content\\\/uploads\\\/2024\\\/01\\\/Melisa-email-Email-Header-2.png\",\"width\":600,\"height\":200},{\"@type\":\"BreadcrumbList\",\"@id\":\"https:\\\/\\\/kidworksoc.org\\\/es\\\/college-career-success-initiative\\\/choque-en-el-campus\\\/#breadcrumb\",\"itemListElement\":[{\"@type\":\"ListItem\",\"position\":1,\"name\":\"Home\",\"item\":\"https:\\\/\\\/kidworksoc.org\\\/es\\\/\"},{\"@type\":\"ListItem\",\"position\":2,\"name\":\"Iniciativa para el \u00e9xito universitario y profesional\",\"item\":\"https:\\\/\\\/kidworksoc.org\\\/es\\\/college-career-success-initiative\\\/\"},{\"@type\":\"ListItem\",\"position\":3,\"name\":\"Choque en el campus\"}]},{\"@type\":\"WebSite\",\"@id\":\"https:\\\/\\\/kidworksoc.org\\\/es\\\/#website\",\"url\":\"https:\\\/\\\/kidworksoc.org\\\/es\\\/\",\"name\":\"KidWorks\",\"description\":\"Unleashing Youth Potential\u2122\",\"publisher\":{\"@id\":\"https:\\\/\\\/kidworksoc.org\\\/es\\\/#organization\"},\"potentialAction\":[{\"@type\":\"SearchAction\",\"target\":{\"@type\":\"EntryPoint\",\"urlTemplate\":\"https:\\\/\\\/kidworksoc.org\\\/es\\\/?s={search_term_string}\"},\"query-input\":{\"@type\":\"PropertyValueSpecification\",\"valueRequired\":true,\"valueName\":\"search_term_string\"}}],\"inLanguage\":\"es\"},{\"@type\":\"Organization\",\"@id\":\"https:\\\/\\\/kidworksoc.org\\\/es\\\/#organization\",\"name\":\"KidWorks\",\"url\":\"https:\\\/\\\/kidworksoc.org\\\/es\\\/\",\"logo\":{\"@type\":\"ImageObject\",\"inLanguage\":\"es\",\"@id\":\"https:\\\/\\\/kidworksoc.org\\\/es\\\/#\\\/schema\\\/logo\\\/image\\\/\",\"url\":\"https:\\\/\\\/kidworksoc.org\\\/wp-content\\\/uploads\\\/2023\\\/01\\\/kidworks-anniversary-logo.png\",\"contentUrl\":\"https:\\\/\\\/kidworksoc.org\\\/wp-content\\\/uploads\\\/2023\\\/01\\\/kidworks-anniversary-logo.png\",\"width\":420,\"height\":114,\"caption\":\"KidWorks\"},\"image\":{\"@id\":\"https:\\\/\\\/kidworksoc.org\\\/es\\\/#\\\/schema\\\/logo\\\/image\\\/\"},\"sameAs\":[\"https:\\\/\\\/www.facebook.com\\\/kidworkscdc\",\"https:\\\/\\\/x.com\\\/kidworks\",\"https:\\\/\\\/www.instagram.com\\\/kidworks\\\/\",\"https:\\\/\\\/www.yelp.com\\\/biz\\\/kidworks-santa-ana?osq=kidworks\",\"https:\\\/\\\/www.youtube.com\\\/user\\\/KidWorksCDC\",\"https:\\\/\\\/www.linkedin.com\\\/company\\\/kidworkscdc\"]}]}<\/script>\n<!-- \/ Yoast SEO plugin. -->","yoast_head_json":{"title":"Choque en el campus - KidWorks","description":"Los aspectos m\u00e1s destacados de Campus Crash son Visitas al campus Interacciones significativas con estudiantes universitarios, profesores y personal","robots":{"index":"index","follow":"follow","max-snippet":"max-snippet:-1","max-image-preview":"max-image-preview:large","max-video-preview":"max-video-preview:-1"},"canonical":"https:\/\/kidworksoc.org\/es\/college-career-success-initiative\/choque-en-el-campus\/","og_locale":"es_ES","og_type":"article","og_title":"Choque en el campus - KidWorks","og_description":"Los aspectos m\u00e1s destacados de Campus Crash son Visitas al campus Interacciones significativas con estudiantes universitarios, profesores y personal","og_url":"https:\/\/kidworksoc.org\/es\/college-career-success-initiative\/choque-en-el-campus\/","og_site_name":"KidWorks","article_publisher":"https:\/\/www.facebook.com\/kidworkscdc","article_modified_time":"2023-07-04T16:44:27+00:00","og_image":[{"width":600,"height":200,"url":"https:\/\/kidworksoc.org\/wp-content\/uploads\/2024\/01\/Melisa-email-Email-Header-2.png","type":"image\/png"}],"twitter_card":"summary_large_image","twitter_site":"@kidworks","schema":{"@context":"https:\/\/schema.org","@graph":[{"@type":"WebPage","@id":"https:\/\/kidworksoc.org\/es\/college-career-success-initiative\/choque-en-el-campus\/","url":"https:\/\/kidworksoc.org\/es\/college-career-success-initiative\/choque-en-el-campus\/","name":"Choque en el campus - KidWorks","isPartOf":{"@id":"https:\/\/kidworksoc.org\/es\/#website"},"primaryImageOfPage":{"@id":"https:\/\/kidworksoc.org\/es\/college-career-success-initiative\/choque-en-el-campus\/#primaryimage"},"image":{"@id":"https:\/\/kidworksoc.org\/es\/college-career-success-initiative\/choque-en-el-campus\/#primaryimage"},"thumbnailUrl":"https:\/\/kidworksoc.org\/wp-content\/uploads\/2024\/01\/Melisa-email-Email-Header-2.png","datePublished":"2023-01-25T18:29:52+00:00","dateModified":"2023-07-04T16:44:27+00:00","description":"Los aspectos m\u00e1s destacados de Campus Crash son Visitas al campus Interacciones significativas con estudiantes universitarios, profesores y personal","breadcrumb":{"@id":"https:\/\/kidworksoc.org\/es\/college-career-success-initiative\/choque-en-el-campus\/#breadcrumb"},"inLanguage":"es","potentialAction":[{"@type":"ReadAction","target":["https:\/\/kidworksoc.org\/es\/college-career-success-initiative\/choque-en-el-campus\/"]}]},{"@type":"ImageObject","inLanguage":"es","@id":"https:\/\/kidworksoc.org\/es\/college-career-success-initiative\/choque-en-el-campus\/#primaryimage","url":"https:\/\/kidworksoc.org\/wp-content\/uploads\/2024\/01\/Melisa-email-Email-Header-2.png","contentUrl":"https:\/\/kidworksoc.org\/wp-content\/uploads\/2024\/01\/Melisa-email-Email-Header-2.png","width":600,"height":200},{"@type":"BreadcrumbList","@id":"https:\/\/kidworksoc.org\/es\/college-career-success-initiative\/choque-en-el-campus\/#breadcrumb","itemListElement":[{"@type":"ListItem","position":1,"name":"Home","item":"https:\/\/kidworksoc.org\/es\/"},{"@type":"ListItem","position":2,"name":"Iniciativa para el \u00e9xito universitario y profesional","item":"https:\/\/kidworksoc.org\/es\/college-career-success-initiative\/"},{"@type":"ListItem","position":3,"name":"Choque en el campus"}]},{"@type":"WebSite","@id":"https:\/\/kidworksoc.org\/es\/#website","url":"https:\/\/kidworksoc.org\/es\/","name":"KidWorks","description":"Unleashing Youth Potential\u2122","publisher":{"@id":"https:\/\/kidworksoc.org\/es\/#organization"},"potentialAction":[{"@type":"SearchAction","target":{"@type":"EntryPoint","urlTemplate":"https:\/\/kidworksoc.org\/es\/?s={search_term_string}"},"query-input":{"@type":"PropertyValueSpecification","valueRequired":true,"valueName":"search_term_string"}}],"inLanguage":"es"},{"@type":"Organization","@id":"https:\/\/kidworksoc.org\/es\/#organization","name":"KidWorks","url":"https:\/\/kidworksoc.org\/es\/","logo":{"@type":"ImageObject","inLanguage":"es","@id":"https:\/\/kidworksoc.org\/es\/#\/schema\/logo\/image\/","url":"https:\/\/kidworksoc.org\/wp-content\/uploads\/2023\/01\/kidworks-anniversary-logo.png","contentUrl":"https:\/\/kidworksoc.org\/wp-content\/uploads\/2023\/01\/kidworks-anniversary-logo.png","width":420,"height":114,"caption":"KidWorks"},"image":{"@id":"https:\/\/kidworksoc.org\/es\/#\/schema\/logo\/image\/"},"sameAs":["https:\/\/www.facebook.com\/kidworkscdc","https:\/\/x.com\/kidworks","https:\/\/www.instagram.com\/kidworks\/","https:\/\/www.yelp.com\/biz\/kidworks-santa-ana?osq=kidworks","https:\/\/www.youtube.com\/user\/KidWorksCDC","https:\/\/www.linkedin.com\/company\/kidworkscdc"]}]}},"_links":{"self":[{"href":"https:\/\/kidworksoc.org\/es\/wp-json\/wp\/v2\/pages\/3103","targetHints":{"allow":["GET"]}}],"collection":[{"href":"https:\/\/kidworksoc.org\/es\/wp-json\/wp\/v2\/pages"}],"about":[{"href":"https:\/\/kidworksoc.org\/es\/wp-json\/wp\/v2\/types\/page"}],"author":[{"embeddable":true,"href":"https:\/\/kidworksoc.org\/es\/wp-json\/wp\/v2\/users\/1"}],"replies":[{"embeddable":true,"href":"https:\/\/kidworksoc.org\/es\/wp-json\/wp\/v2\/comments?post=3103"}],"version-history":[{"count":0,"href":"https:\/\/kidworksoc.org\/es\/wp-json\/wp\/v2\/pages\/3103\/revisions"}],"up":[{"embeddable":true,"href":"https:\/\/kidworksoc.org\/es\/wp-json\/wp\/v2\/pages\/3094"}],"wp:featuredmedia":[{"embeddable":true,"href":"https:\/\/kidworksoc.org\/es\/wp-json\/wp\/v2\/media\/4812"}],"wp:attachment":[{"href":"https:\/\/kidworksoc.org\/es\/wp-json\/wp\/v2\/media?parent=3103"}],"curies":[{"name":"wp","href":"https:\/\/api.w.org\/{rel}","templated":true}]}}