{"id":3095,"date":"2023-02-06T13:17:16","date_gmt":"2023-02-06T21:17:16","guid":{"rendered":"http:\/\/kidworksoc.org\/tienda-de-navidad\/"},"modified":"2023-07-12T16:24:04","modified_gmt":"2023-07-12T23:24:04","slug":"tienda-de-navidad","status":"publish","type":"page","link":"https:\/\/kidworksoc.org\/es\/tienda-de-navidad\/","title":{"rendered":"Tienda de Navidad"},"content":{"rendered":"\n<div class=\"wp-block-media-text alignwide is-stacked-on-mobile\"><figure class=\"wp-block-media-text__media\"><img decoding=\"async\" width=\"1600\" height=\"1385\" src=\"http:\/\/kidworksoc.org\/wp-content\/uploads\/2023\/02\/xmas-party-095.jpg\" alt=\"\" class=\"wp-image-2524 size-full\" srcset=\"https:\/\/kidworksoc.org\/wp-content\/uploads\/2023\/02\/xmas-party-095.jpg 1600w, https:\/\/kidworksoc.org\/wp-content\/uploads\/2023\/02\/xmas-party-095-1280x1108.jpg 1280w, https:\/\/kidworksoc.org\/wp-content\/uploads\/2023\/02\/xmas-party-095-1440x1247.jpg 1440w, https:\/\/kidworksoc.org\/wp-content\/uploads\/2023\/02\/xmas-party-095-1536x1330.jpg 1536w, https:\/\/kidworksoc.org\/wp-content\/uploads\/2023\/02\/xmas-party-095-600x519.jpg 600w\" sizes=\"(max-width: 1600px) 100vw, 1600px\" \/><\/figure><div class=\"wp-block-media-text__content\">\n<h2 class=\"wp-block-heading\"><strong>Each year, KidWorks collects over 1,500 gifts for our Annual KidWorks Christmas Store.<\/strong><\/h2>\n\n\n\n<p>Para que nuestros padres tengan la alegr\u00eda de comprar regalos de Navidad para sus hijos, los juguetes se ponen a su disposici\u00f3n por una fracci\u00f3n de su valor al por menor. La recaudaci\u00f3n de la tienda se destina a un fondo de benevolencia para ayudar a las familias m\u00e1s necesitadas durante todo el a\u00f1o.<\/p>\n\n\n\n<p id=\"yui_3_17_2_1_1669071331414_249\">La Tienda de Navidad de KidWorks ofrece una opci\u00f3n asequible para las familias, contribuyendo a la dignidad y el orgullo que experimentan al hacerse regalos navide\u00f1os unos a otros. Estamos empoderando a las familias y ayudando a devolver la esperanza a una comunidad que se enfrenta a multitud de retos.<\/p>\n<\/div><\/div>\n\n<div style=\"height:70px\" aria-hidden=\"true\" class=\"wp-block-spacer\"><\/div>\n\n<h2 class=\"wp-block-heading has-text-align-center\"><strong>Hay 3 formas sencillas de ayudar estas fiestas.<\/strong><\/h2>\n\n<div style=\"height:40px\" aria-hidden=\"true\" class=\"wp-block-spacer\"><\/div>\n\n<div class=\"wp-block-buttons is-content-justification-center is-layout-flex wp-container-core-buttons-is-layout-7878cfa4 wp-block-buttons-is-layout-flex\">\n<div class=\"wp-block-button\"><a class=\"wp-block-button__link wp-element-button\" href=\"http:\/\/kidworksoc.org\/wp-content\/uploads\/2023\/02\/TOYDRIVEPOSTER.png\" target=\"_blank\" rel=\"noreferrer noopener\">Recogida de juguetes<\/a><\/div>\n\n\n\n<div class=\"wp-block-button\"><a class=\"wp-block-button__link wp-element-button\" href=\"https:\/\/smile.amazon.com\/hz\/wishlist\/ls\/2ZJKK1YQ6XNYE\/ref=hz_ls_biz_ex\">Enviar juguetes a KidWorks<\/a><\/div>\n\n\n\n<div class=\"wp-block-button\"><a class=\"wp-block-button__link wp-element-button\" href=\"https:\/\/kidworksoc.org\/es\/voluntario\/\">Voluntario<\/a><\/div>\n<\/div>\n\n<p class=\"has-text-align-center\">Si desea m\u00e1s informaci\u00f3n sobre c\u00f3mo ser voluntario, donar un obsequio u organizar la recogida de su donaci\u00f3n, p\u00f3ngase en contacto con Vanessa Sedano en el 714.834.9400, Ext. 115. <\/p>\n","protected":false},"excerpt":{"rendered":"<p>Each year, KidWorks collects over 1,500 gifts for our Annual KidWorks Christmas Store. Para que nuestros padres tengan la alegr\u00eda de comprar regalos de Navidad para sus hijos, los juguetes&hellip; <a class=\"more-link\" href=\"https:\/\/kidworksoc.org\/es\/tienda-de-navidad\/\">Siga Leyendo<\/a><\/p>\n","protected":false},"author":1,"featured_media":0,"parent":0,"menu_order":0,"comment_status":"closed","ping_status":"closed","template":"","meta":{"_acf_changed":false,"_searchwp_excluded":"","_monsterinsights_skip_tracking":false,"_monsterinsights_sitenote_active":false,"_monsterinsights_sitenote_note":"","_monsterinsights_sitenote_category":0,"_uf_show_specific_survey":0,"_uf_disable_surveys":false,"footnotes":""},"class_list":["post-3095","page","type-page","status-publish","hentry"],"acf":[],"aioseo_notices":[],"yoast_head":"<!-- This site is optimized with the Yoast SEO plugin v27.6 - https:\/\/yoast.com\/product\/yoast-seo-wordpress\/ -->\n<title>Tienda de Navidad - KidWorks<\/title>\n<meta name=\"description\" content=\"Each year, KidWorks collects over 1,500 gifts for our Annual KidWorks Christmas Store. Para que nuestros padres tengan la alegr\u00eda de comprar regalos de\" \/>\n<meta name=\"robots\" content=\"index, follow, max-snippet:-1, max-image-preview:large, max-video-preview:-1\" \/>\n<link rel=\"canonical\" href=\"https:\/\/kidworksoc.org\/es\/tienda-de-navidad\/\" \/>\n<meta property=\"og:locale\" content=\"es_ES\" \/>\n<meta property=\"og:type\" content=\"article\" \/>\n<meta property=\"og:title\" content=\"Tienda de Navidad - KidWorks\" \/>\n<meta property=\"og:description\" content=\"Each year, KidWorks collects over 1,500 gifts for our Annual KidWorks Christmas Store. Para que nuestros padres tengan la alegr\u00eda de comprar regalos de\" \/>\n<meta property=\"og:url\" content=\"https:\/\/kidworksoc.org\/es\/tienda-de-navidad\/\" \/>\n<meta property=\"og:site_name\" content=\"KidWorks\" \/>\n<meta property=\"article:publisher\" content=\"https:\/\/www.facebook.com\/kidworkscdc\" \/>\n<meta property=\"article:modified_time\" content=\"2023-07-12T23:24:04+00:00\" \/>\n<meta property=\"og:image\" content=\"http:\/\/kidworksoc.org\/wp-content\/uploads\/2023\/02\/xmas-party-095.jpg\" \/>\n<meta name=\"twitter:card\" content=\"summary_large_image\" \/>\n<meta name=\"twitter:site\" content=\"@kidworks\" \/>\n<script type=\"application\/ld+json\" class=\"yoast-schema-graph\">{\"@context\":\"https:\\\/\\\/schema.org\",\"@graph\":[{\"@type\":\"WebPage\",\"@id\":\"https:\\\/\\\/kidworksoc.org\\\/es\\\/tienda-de-navidad\\\/\",\"url\":\"https:\\\/\\\/kidworksoc.org\\\/es\\\/tienda-de-navidad\\\/\",\"name\":\"Tienda de Navidad - KidWorks\",\"isPartOf\":{\"@id\":\"https:\\\/\\\/kidworksoc.org\\\/es\\\/#website\"},\"primaryImageOfPage\":{\"@id\":\"https:\\\/\\\/kidworksoc.org\\\/es\\\/tienda-de-navidad\\\/#primaryimage\"},\"image\":{\"@id\":\"https:\\\/\\\/kidworksoc.org\\\/es\\\/tienda-de-navidad\\\/#primaryimage\"},\"thumbnailUrl\":\"http:\\\/\\\/kidworksoc.org\\\/wp-content\\\/uploads\\\/2023\\\/02\\\/xmas-party-095.jpg\",\"datePublished\":\"2023-02-06T21:17:16+00:00\",\"dateModified\":\"2023-07-12T23:24:04+00:00\",\"description\":\"Each year, KidWorks collects over 1,500 gifts for our Annual KidWorks Christmas Store. Para que nuestros padres tengan la alegr\u00eda de comprar regalos de\",\"breadcrumb\":{\"@id\":\"https:\\\/\\\/kidworksoc.org\\\/es\\\/tienda-de-navidad\\\/#breadcrumb\"},\"inLanguage\":\"es\",\"potentialAction\":[{\"@type\":\"ReadAction\",\"target\":[\"https:\\\/\\\/kidworksoc.org\\\/es\\\/tienda-de-navidad\\\/\"]}]},{\"@type\":\"ImageObject\",\"inLanguage\":\"es\",\"@id\":\"https:\\\/\\\/kidworksoc.org\\\/es\\\/tienda-de-navidad\\\/#primaryimage\",\"url\":\"http:\\\/\\\/kidworksoc.org\\\/wp-content\\\/uploads\\\/2023\\\/02\\\/xmas-party-095.jpg\",\"contentUrl\":\"http:\\\/\\\/kidworksoc.org\\\/wp-content\\\/uploads\\\/2023\\\/02\\\/xmas-party-095.jpg\"},{\"@type\":\"BreadcrumbList\",\"@id\":\"https:\\\/\\\/kidworksoc.org\\\/es\\\/tienda-de-navidad\\\/#breadcrumb\",\"itemListElement\":[{\"@type\":\"ListItem\",\"position\":1,\"name\":\"Home\",\"item\":\"https:\\\/\\\/kidworksoc.org\\\/es\\\/\"},{\"@type\":\"ListItem\",\"position\":2,\"name\":\"Tienda de Navidad\"}]},{\"@type\":\"WebSite\",\"@id\":\"https:\\\/\\\/kidworksoc.org\\\/es\\\/#website\",\"url\":\"https:\\\/\\\/kidworksoc.org\\\/es\\\/\",\"name\":\"KidWorks\",\"description\":\"Unleashing Youth Potential\u2122\",\"publisher\":{\"@id\":\"https:\\\/\\\/kidworksoc.org\\\/es\\\/#organization\"},\"potentialAction\":[{\"@type\":\"SearchAction\",\"target\":{\"@type\":\"EntryPoint\",\"urlTemplate\":\"https:\\\/\\\/kidworksoc.org\\\/es\\\/?s={search_term_string}\"},\"query-input\":{\"@type\":\"PropertyValueSpecification\",\"valueRequired\":true,\"valueName\":\"search_term_string\"}}],\"inLanguage\":\"es\"},{\"@type\":\"Organization\",\"@id\":\"https:\\\/\\\/kidworksoc.org\\\/es\\\/#organization\",\"name\":\"KidWorks\",\"url\":\"https:\\\/\\\/kidworksoc.org\\\/es\\\/\",\"logo\":{\"@type\":\"ImageObject\",\"inLanguage\":\"es\",\"@id\":\"https:\\\/\\\/kidworksoc.org\\\/es\\\/#\\\/schema\\\/logo\\\/image\\\/\",\"url\":\"https:\\\/\\\/kidworksoc.org\\\/wp-content\\\/uploads\\\/2023\\\/01\\\/kidworks-anniversary-logo.png\",\"contentUrl\":\"https:\\\/\\\/kidworksoc.org\\\/wp-content\\\/uploads\\\/2023\\\/01\\\/kidworks-anniversary-logo.png\",\"width\":420,\"height\":114,\"caption\":\"KidWorks\"},\"image\":{\"@id\":\"https:\\\/\\\/kidworksoc.org\\\/es\\\/#\\\/schema\\\/logo\\\/image\\\/\"},\"sameAs\":[\"https:\\\/\\\/www.facebook.com\\\/kidworkscdc\",\"https:\\\/\\\/x.com\\\/kidworks\",\"https:\\\/\\\/www.instagram.com\\\/kidworks\\\/\",\"https:\\\/\\\/www.yelp.com\\\/biz\\\/kidworks-santa-ana?osq=kidworks\",\"https:\\\/\\\/www.youtube.com\\\/user\\\/KidWorksCDC\",\"https:\\\/\\\/www.linkedin.com\\\/company\\\/kidworkscdc\"]}]}<\/script>\n<!-- \/ Yoast SEO plugin. -->","yoast_head_json":{"title":"Tienda de Navidad - KidWorks","description":"Each year, KidWorks collects over 1,500 gifts for our Annual KidWorks Christmas Store. Para que nuestros padres tengan la alegr\u00eda de comprar regalos de","robots":{"index":"index","follow":"follow","max-snippet":"max-snippet:-1","max-image-preview":"max-image-preview:large","max-video-preview":"max-video-preview:-1"},"canonical":"https:\/\/kidworksoc.org\/es\/tienda-de-navidad\/","og_locale":"es_ES","og_type":"article","og_title":"Tienda de Navidad - KidWorks","og_description":"Each year, KidWorks collects over 1,500 gifts for our Annual KidWorks Christmas Store. Para que nuestros padres tengan la alegr\u00eda de comprar regalos de","og_url":"https:\/\/kidworksoc.org\/es\/tienda-de-navidad\/","og_site_name":"KidWorks","article_publisher":"https:\/\/www.facebook.com\/kidworkscdc","article_modified_time":"2023-07-12T23:24:04+00:00","og_image":[{"url":"http:\/\/kidworksoc.org\/wp-content\/uploads\/2023\/02\/xmas-party-095.jpg","type":"","width":"","height":""}],"twitter_card":"summary_large_image","twitter_site":"@kidworks","schema":{"@context":"https:\/\/schema.org","@graph":[{"@type":"WebPage","@id":"https:\/\/kidworksoc.org\/es\/tienda-de-navidad\/","url":"https:\/\/kidworksoc.org\/es\/tienda-de-navidad\/","name":"Tienda de Navidad - KidWorks","isPartOf":{"@id":"https:\/\/kidworksoc.org\/es\/#website"},"primaryImageOfPage":{"@id":"https:\/\/kidworksoc.org\/es\/tienda-de-navidad\/#primaryimage"},"image":{"@id":"https:\/\/kidworksoc.org\/es\/tienda-de-navidad\/#primaryimage"},"thumbnailUrl":"http:\/\/kidworksoc.org\/wp-content\/uploads\/2023\/02\/xmas-party-095.jpg","datePublished":"2023-02-06T21:17:16+00:00","dateModified":"2023-07-12T23:24:04+00:00","description":"Each year, KidWorks collects over 1,500 gifts for our Annual KidWorks Christmas Store. Para que nuestros padres tengan la alegr\u00eda de comprar regalos de","breadcrumb":{"@id":"https:\/\/kidworksoc.org\/es\/tienda-de-navidad\/#breadcrumb"},"inLanguage":"es","potentialAction":[{"@type":"ReadAction","target":["https:\/\/kidworksoc.org\/es\/tienda-de-navidad\/"]}]},{"@type":"ImageObject","inLanguage":"es","@id":"https:\/\/kidworksoc.org\/es\/tienda-de-navidad\/#primaryimage","url":"http:\/\/kidworksoc.org\/wp-content\/uploads\/2023\/02\/xmas-party-095.jpg","contentUrl":"http:\/\/kidworksoc.org\/wp-content\/uploads\/2023\/02\/xmas-party-095.jpg"},{"@type":"BreadcrumbList","@id":"https:\/\/kidworksoc.org\/es\/tienda-de-navidad\/#breadcrumb","itemListElement":[{"@type":"ListItem","position":1,"name":"Home","item":"https:\/\/kidworksoc.org\/es\/"},{"@type":"ListItem","position":2,"name":"Tienda de Navidad"}]},{"@type":"WebSite","@id":"https:\/\/kidworksoc.org\/es\/#website","url":"https:\/\/kidworksoc.org\/es\/","name":"KidWorks","description":"Unleashing Youth Potential\u2122","publisher":{"@id":"https:\/\/kidworksoc.org\/es\/#organization"},"potentialAction":[{"@type":"SearchAction","target":{"@type":"EntryPoint","urlTemplate":"https:\/\/kidworksoc.org\/es\/?s={search_term_string}"},"query-input":{"@type":"PropertyValueSpecification","valueRequired":true,"valueName":"search_term_string"}}],"inLanguage":"es"},{"@type":"Organization","@id":"https:\/\/kidworksoc.org\/es\/#organization","name":"KidWorks","url":"https:\/\/kidworksoc.org\/es\/","logo":{"@type":"ImageObject","inLanguage":"es","@id":"https:\/\/kidworksoc.org\/es\/#\/schema\/logo\/image\/","url":"https:\/\/kidworksoc.org\/wp-content\/uploads\/2023\/01\/kidworks-anniversary-logo.png","contentUrl":"https:\/\/kidworksoc.org\/wp-content\/uploads\/2023\/01\/kidworks-anniversary-logo.png","width":420,"height":114,"caption":"KidWorks"},"image":{"@id":"https:\/\/kidworksoc.org\/es\/#\/schema\/logo\/image\/"},"sameAs":["https:\/\/www.facebook.com\/kidworkscdc","https:\/\/x.com\/kidworks","https:\/\/www.instagram.com\/kidworks\/","https:\/\/www.yelp.com\/biz\/kidworks-santa-ana?osq=kidworks","https:\/\/www.youtube.com\/user\/KidWorksCDC","https:\/\/www.linkedin.com\/company\/kidworkscdc"]}]}},"_links":{"self":[{"href":"https:\/\/kidworksoc.org\/es\/wp-json\/wp\/v2\/pages\/3095","targetHints":{"allow":["GET"]}}],"collection":[{"href":"https:\/\/kidworksoc.org\/es\/wp-json\/wp\/v2\/pages"}],"about":[{"href":"https:\/\/kidworksoc.org\/es\/wp-json\/wp\/v2\/types\/page"}],"author":[{"embeddable":true,"href":"https:\/\/kidworksoc.org\/es\/wp-json\/wp\/v2\/users\/1"}],"replies":[{"embeddable":true,"href":"https:\/\/kidworksoc.org\/es\/wp-json\/wp\/v2\/comments?post=3095"}],"version-history":[{"count":0,"href":"https:\/\/kidworksoc.org\/es\/wp-json\/wp\/v2\/pages\/3095\/revisions"}],"wp:attachment":[{"href":"https:\/\/kidworksoc.org\/es\/wp-json\/wp\/v2\/media?parent=3095"}],"curies":[{"name":"wp","href":"https:\/\/api.w.org\/{rel}","templated":true}]}}