{"id":3093,"date":"2022-12-05T21:15:06","date_gmt":"2022-12-06T05:15:06","guid":{"rendered":"http:\/\/kidworksoc.org\/carreras\/"},"modified":"2023-07-13T13:55:31","modified_gmt":"2023-07-13T20:55:31","slug":"carreras","status":"publish","type":"page","link":"https:\/\/kidworksoc.org\/es\/carreras\/","title":{"rendered":"Carreras"},"content":{"rendered":"\n<div class=\"wp-block-group alignfull has-tertiary-color has-primary-dark-background-color has-text-color has-background has-global-padding is-layout-constrained wp-container-core-group-is-layout-9629f533 wp-block-group-is-layout-constrained\" style=\"padding-top:var(--wp--preset--spacing--100);padding-right:var(--wp--preset--spacing--30);padding-bottom:var(--wp--preset--spacing--100);padding-left:var(--wp--preset--spacing--30)\">\n<h1 class=\"wp-block-heading has-text-align-center is-style-muted-heading has-accent-color has-text-color\">Carreras<\/h1>\n\n\n\n<h2 class=\"wp-block-heading has-text-align-center has-white-color has-text-color has-xx-large-font-size\"><strong>Hacer el trabajo que importa.<\/strong><\/h2>\n\n\n\n<p class=\"has-text-align-center has-tertiary-light-color has-text-color\">Gracias por su inter\u00e9s en influir en la vida de los j\u00f3venes de Santa Ana.<\/p>\n<\/div>\n\n<div style=\"height:100px\" aria-hidden=\"true\" class=\"wp-block-spacer\"><\/div>\n\n<div class=\"wp-block-media-text alignwide has-media-on-the-right is-stacked-on-mobile\"><div class=\"wp-block-media-text__content\">\n<h3 class=\"wp-block-heading is-style-dashed-heading has-x-large-font-size\"><strong>Forme parte de nuestro equipo diverso y con talento.<\/strong><\/h3>\n\n\n\n<p>Nuestro objetivo es atraer, desarrollar, retener y promover una plantilla diversa y con talento en la que todos los empleados puedan contribuir al m\u00e1ximo de su potencial.<\/p>\n\n\n\n<p>Somos una empresa que ofrece igualdad de oportunidades y animamos a todas las personas cualificadas a solicitar puestos vacantes independientemente de su raza, color, religi\u00f3n, sexo, edad, nacionalidad, discapacidad cualificada, estado civil, condici\u00f3n de veterano o cualquier otra condici\u00f3n protegida por la ley.<\/p>\n<\/div><figure class=\"wp-block-media-text__media\"><img decoding=\"async\" width=\"1600\" height=\"1066\" src=\"http:\/\/kidworksoc.org\/wp-content\/uploads\/2023\/01\/kids-1600x1066.jpg\" alt=\"\" class=\"wp-image-1015 size-full\" srcset=\"https:\/\/kidworksoc.org\/wp-content\/uploads\/2023\/01\/kids-1600x1066.jpg 1600w, https:\/\/kidworksoc.org\/wp-content\/uploads\/2023\/01\/kids-1280x853.jpg 1280w, https:\/\/kidworksoc.org\/wp-content\/uploads\/2023\/01\/kids-1440x960.jpg 1440w, https:\/\/kidworksoc.org\/wp-content\/uploads\/2023\/01\/kids-1536x1024.jpg 1536w, https:\/\/kidworksoc.org\/wp-content\/uploads\/2023\/01\/kids-600x400.jpg 600w, https:\/\/kidworksoc.org\/wp-content\/uploads\/2023\/01\/kids.jpg 2000w\" sizes=\"(max-width: 1600px) 100vw, 1600px\" \/><\/figure><\/div>\n\n<div style=\"height:100px\" aria-hidden=\"true\" class=\"wp-block-spacer\"><\/div>\n\n<div class=\"wp-block-group alignfull has-tertiary-background-color has-background has-global-padding is-layout-constrained wp-container-core-group-is-layout-9629f533 wp-block-group-is-layout-constrained\" style=\"padding-top:var(--wp--preset--spacing--100);padding-right:var(--wp--preset--spacing--30);padding-bottom:var(--wp--preset--spacing--100);padding-left:var(--wp--preset--spacing--30)\">\n<h2 class=\"wp-block-heading has-text-align-center has-x-large-font-size\"><strong>Puestos disponibles<\/strong><\/h2>\n\n\n\n<div style=\"height:40px\" aria-hidden=\"true\" class=\"wp-block-spacer\"><\/div>\n\n\n\n<section class=\"blocks block-job-openings \" id=\"block_7f36ec8461fb018084d21744e0aa82fe\">\n        <ul>\n                <li>\n                        <small class=\"department\">Programa extraescolar<\/small>\n                        <h3>Program Assistant<\/h3>\n            <p class=\"description\">Reportando al Director del Sitio DDC, el Asistente del Programa implementa elementos program\u00e1ticos de tutor\u00eda durante todo el a\u00f1o, instrucci\u00f3n educativa y actividades de enriquecimiento para los estudiantes que van desde Kinder &#8211; 12 \u00ba grado.<\/p>\n            \n                        <small class=\"responds\"><i><svg xmlns=\"http:\/\/www.w3.org\/2000\/svg\" viewBox=\"0 0 512 512\"><!--! Font Awesome Pro 6.2.1 by @fontawesome - https:\/\/fontawesome.com License - https:\/\/fontawesome.com\/license (Commercial License) Copyright 2022 Fonticons, Inc. --><path d=\"M243.8 339.8C232.9 350.7 215.1 350.7 204.2 339.8L140.2 275.8C129.3 264.9 129.3 247.1 140.2 236.2C151.1 225.3 168.9 225.3 179.8 236.2L224 280.4L332.2 172.2C343.1 161.3 360.9 161.3 371.8 172.2C382.7 183.1 382.7 200.9 371.8 211.8L243.8 339.8zM512 256C512 397.4 397.4 512 256 512C114.6 512 0 397.4 0 256C0 114.6 114.6 0 256 0C397.4 0 512 114.6 512 256zM256 48C141.1 48 48 141.1 48 256C48 370.9 141.1 464 256 464C370.9 464 464 370.9 464 256C464 141.1 370.9 48 256 48z\" fill=\"currentColor\"><\/path><\/svg>\n<\/i> Director del centro DDC<\/small>\n                        \n                        <small class=\"classification\"><i><svg xmlns=\"http:\/\/www.w3.org\/2000\/svg\" viewBox=\"0 0 512 512\"><!--! Font Awesome Pro 6.2.1 by @fontawesome - https:\/\/fontawesome.com License - https:\/\/fontawesome.com\/license (Commercial License) Copyright 2022 Fonticons, Inc. --><path d=\"M232 120C232 106.7 242.7 96 256 96C269.3 96 280 106.7 280 120V243.2L365.3 300C376.3 307.4 379.3 322.3 371.1 333.3C364.6 344.3 349.7 347.3 338.7 339.1L242.7 275.1C236 271.5 232 264 232 255.1L232 120zM256 0C397.4 0 512 114.6 512 256C512 397.4 397.4 512 256 512C114.6 512 0 397.4 0 256C0 114.6 114.6 0 256 0zM48 256C48 370.9 141.1 464 256 464C370.9 464 464 370.9 464 256C464 141.1 370.9 48 256 48C141.1 48 48 141.1 48 256z\" fill=\"currentColor\"><\/path><\/svg>\n<\/i> No exento\/Tiempo parcial<\/small>\n                        \n                        <small class=\"benefits\"><i><svg xmlns=\"http:\/\/www.w3.org\/2000\/svg\" viewBox=\"0 0 512 512\"><!--! Font Awesome Pro 6.2.1 by @fontawesome - https:\/\/fontawesome.com License - https:\/\/fontawesome.com\/license (Commercial License) Copyright 2022 Fonticons, Inc. --><path d=\"M244 84L255.1 96L267.1 84.02C300.6 51.37 347 36.51 392.6 44.1C461.5 55.58 512 115.2 512 185.1V190.9C512 232.4 494.8 272.1 464.4 300.4L283.7 469.1C276.2 476.1 266.3 480 256 480C245.7 480 235.8 476.1 228.3 469.1L47.59 300.4C17.23 272.1 0 232.4 0 190.9V185.1C0 115.2 50.52 55.58 119.4 44.1C164.1 36.51 211.4 51.37 244 84C243.1 84 244 84.01 244 84L244 84zM255.1 163.9L210.1 117.1C188.4 96.28 157.6 86.4 127.3 91.44C81.55 99.07 48 138.7 48 185.1V190.9C48 219.1 59.71 246.1 80.34 265.3L256 429.3L431.7 265.3C452.3 246.1 464 219.1 464 190.9V185.1C464 138.7 430.4 99.07 384.7 91.44C354.4 86.4 323.6 96.28 301.9 117.1L255.1 163.9z\" fill=\"currentColor\"><\/path><\/svg>\n<\/i> Acumulaci\u00f3n de tiempo por enfermedad seg\u00fan los requisitos laborales de California<\/small>\n                        \n                            <div class=\"job-cta\"><a class=\"button button--style--primary-outlined\" href=\"\/wp-content\/uploads\/2023\/01\/ASP20DDC20Program20Assistant202021-2022.pdf\" target=\"_blank\">Learn More<\/a><\/div>\n                    <\/li>\n                <li>\n                        <small class=\"department\">Preescolar<\/small>\n                        <h3>Preschool Teacher\/Assistant Substitute<\/h3>\n            <p class=\"description\">Reportando al Director de Preescolar, el Sustituto de Preescolar es responsable de apoyar la planificaci\u00f3n e implementaci\u00f3n de los planes de lecciones diarias en el sitio y en el aula virtual y garantizar la seguridad de los ni\u00f1os en la experiencia del aula preescolar.<\/p>\n            \n                        <small class=\"responds\"><i><svg xmlns=\"http:\/\/www.w3.org\/2000\/svg\" viewBox=\"0 0 512 512\"><!--! Font Awesome Pro 6.2.1 by @fontawesome - https:\/\/fontawesome.com License - https:\/\/fontawesome.com\/license (Commercial License) Copyright 2022 Fonticons, Inc. --><path d=\"M243.8 339.8C232.9 350.7 215.1 350.7 204.2 339.8L140.2 275.8C129.3 264.9 129.3 247.1 140.2 236.2C151.1 225.3 168.9 225.3 179.8 236.2L224 280.4L332.2 172.2C343.1 161.3 360.9 161.3 371.8 172.2C382.7 183.1 382.7 200.9 371.8 211.8L243.8 339.8zM512 256C512 397.4 397.4 512 256 512C114.6 512 0 397.4 0 256C0 114.6 114.6 0 256 0C397.4 0 512 114.6 512 256zM256 48C141.1 48 48 141.1 48 256C48 370.9 141.1 464 256 464C370.9 464 464 370.9 464 256C464 141.1 370.9 48 256 48z\" fill=\"currentColor\"><\/path><\/svg>\n<\/i> Directora de Preescolar<\/small>\n                        \n                        <small class=\"classification\"><i><svg xmlns=\"http:\/\/www.w3.org\/2000\/svg\" viewBox=\"0 0 512 512\"><!--! Font Awesome Pro 6.2.1 by @fontawesome - https:\/\/fontawesome.com License - https:\/\/fontawesome.com\/license (Commercial License) Copyright 2022 Fonticons, Inc. --><path d=\"M232 120C232 106.7 242.7 96 256 96C269.3 96 280 106.7 280 120V243.2L365.3 300C376.3 307.4 379.3 322.3 371.1 333.3C364.6 344.3 349.7 347.3 338.7 339.1L242.7 275.1C236 271.5 232 264 232 255.1L232 120zM256 0C397.4 0 512 114.6 512 256C512 397.4 397.4 512 256 512C114.6 512 0 397.4 0 256C0 114.6 114.6 0 256 0zM48 256C48 370.9 141.1 464 256 464C370.9 464 464 370.9 464 256C464 141.1 370.9 48 256 48C141.1 48 48 141.1 48 256z\" fill=\"currentColor\"><\/path><\/svg>\n<\/i> No exento\/Tiempo parcial<\/small>\n                        \n                        <small class=\"benefits\"><i><svg xmlns=\"http:\/\/www.w3.org\/2000\/svg\" viewBox=\"0 0 512 512\"><!--! Font Awesome Pro 6.2.1 by @fontawesome - https:\/\/fontawesome.com License - https:\/\/fontawesome.com\/license (Commercial License) Copyright 2022 Fonticons, Inc. --><path d=\"M244 84L255.1 96L267.1 84.02C300.6 51.37 347 36.51 392.6 44.1C461.5 55.58 512 115.2 512 185.1V190.9C512 232.4 494.8 272.1 464.4 300.4L283.7 469.1C276.2 476.1 266.3 480 256 480C245.7 480 235.8 476.1 228.3 469.1L47.59 300.4C17.23 272.1 0 232.4 0 190.9V185.1C0 115.2 50.52 55.58 119.4 44.1C164.1 36.51 211.4 51.37 244 84C243.1 84 244 84.01 244 84L244 84zM255.1 163.9L210.1 117.1C188.4 96.28 157.6 86.4 127.3 91.44C81.55 99.07 48 138.7 48 185.1V190.9C48 219.1 59.71 246.1 80.34 265.3L256 429.3L431.7 265.3C452.3 246.1 464 219.1 464 190.9V185.1C464 138.7 430.4 99.07 384.7 91.44C354.4 86.4 323.6 96.28 301.9 117.1L255.1 163.9z\" fill=\"currentColor\"><\/path><\/svg>\n<\/i> Acumulaci\u00f3n de tiempo por enfermedad seg\u00fan los requisitos laborales de California<\/small>\n                        \n                            <div class=\"job-cta\"><a class=\"button button--style--primary-outlined\" href=\"\/wp-content\/uploads\/2023\/01\/Preschool20Substitute202021-2022202800229.pdf\" target=\"_blank\">Learn More<\/a><\/div>\n                    <\/li>\n            <\/ul>\n    <\/section>\n<\/div>\n\n<div style=\"height:100px\" aria-hidden=\"true\" class=\"wp-block-spacer\"><\/div>\n\n<div class=\"wp-block-group has-global-padding is-layout-constrained wp-container-core-group-is-layout-9b5fd1f6 wp-block-group-is-layout-constrained\">\n<h2 class=\"wp-block-heading has-text-align-center has-x-large-font-size\"><strong><strong>Voluntariado en KidWorks<\/strong><\/strong><\/h2>\n\n\n\n<p class=\"has-text-align-center has-medium-font-size\">El voluntariado es otra forma de participar en KidWorks. Sean cuales sean sus intereses, talentos, formaci\u00f3n y disponibilidad, hay oportunidades de voluntariado para usted.<\/p>\n\n\n\n<div class=\"wp-block-buttons is-content-justification-center is-layout-flex wp-container-core-buttons-is-layout-a89b3969 wp-block-buttons-is-layout-flex\">\n<div class=\"wp-block-button is-style-secondary-btn\"><a class=\"wp-block-button__link wp-element-button\" href=\"https:\/\/kidworksoc.org\/es\/voluntario\/\">Aprender M\u00e1s<\/a><\/div>\n<\/div>\n<\/div>\n","protected":false},"excerpt":{"rendered":"<p>Carreras Hacer el trabajo que importa. Gracias por su inter\u00e9s en influir en la vida de los j\u00f3venes de Santa Ana. Forme parte de nuestro equipo diverso y con talento.&hellip; <a class=\"more-link\" href=\"https:\/\/kidworksoc.org\/es\/carreras\/\">Siga Leyendo<\/a><\/p>\n","protected":false},"author":1,"featured_media":0,"parent":0,"menu_order":0,"comment_status":"closed","ping_status":"closed","template":"","meta":{"_acf_changed":false,"_searchwp_excluded":"","_monsterinsights_skip_tracking":false,"_monsterinsights_sitenote_active":false,"_monsterinsights_sitenote_note":"","_monsterinsights_sitenote_category":0,"_uf_show_specific_survey":0,"_uf_disable_surveys":false,"footnotes":""},"class_list":["post-3093","page","type-page","status-publish","hentry"],"acf":[],"aioseo_notices":[],"yoast_head":"<!-- This site is optimized with the Yoast SEO plugin v27.6 - https:\/\/yoast.com\/product\/yoast-seo-wordpress\/ -->\n<title>Carreras - KidWorks<\/title>\n<meta name=\"description\" content=\"Carreras Hacer el trabajo que importa. Gracias por su inter\u00e9s en influir en la vida de los j\u00f3venes de Santa Ana. Forme parte de nuestro equipo diverso y\" \/>\n<meta name=\"robots\" content=\"index, follow, max-snippet:-1, max-image-preview:large, max-video-preview:-1\" \/>\n<link rel=\"canonical\" href=\"https:\/\/kidworksoc.org\/es\/carreras\/\" \/>\n<meta property=\"og:locale\" content=\"es_ES\" \/>\n<meta property=\"og:type\" content=\"article\" \/>\n<meta property=\"og:title\" content=\"Carreras - KidWorks\" \/>\n<meta property=\"og:description\" content=\"Carreras Hacer el trabajo que importa. Gracias por su inter\u00e9s en influir en la vida de los j\u00f3venes de Santa Ana. Forme parte de nuestro equipo diverso y\" \/>\n<meta property=\"og:url\" content=\"https:\/\/kidworksoc.org\/es\/carreras\/\" \/>\n<meta property=\"og:site_name\" content=\"KidWorks\" \/>\n<meta property=\"article:publisher\" content=\"https:\/\/www.facebook.com\/kidworkscdc\" \/>\n<meta property=\"article:modified_time\" content=\"2023-07-13T20:55:31+00:00\" \/>\n<meta property=\"og:image\" content=\"http:\/\/kidworksoc.org\/wp-content\/uploads\/2023\/01\/kids-1600x1066.jpg\" \/>\n<meta name=\"twitter:card\" content=\"summary_large_image\" \/>\n<meta name=\"twitter:site\" content=\"@kidworks\" \/>\n<script type=\"application\/ld+json\" class=\"yoast-schema-graph\">{\"@context\":\"https:\\\/\\\/schema.org\",\"@graph\":[{\"@type\":\"WebPage\",\"@id\":\"https:\\\/\\\/kidworksoc.org\\\/es\\\/carreras\\\/\",\"url\":\"https:\\\/\\\/kidworksoc.org\\\/es\\\/carreras\\\/\",\"name\":\"Carreras - KidWorks\",\"isPartOf\":{\"@id\":\"https:\\\/\\\/kidworksoc.org\\\/es\\\/#website\"},\"primaryImageOfPage\":{\"@id\":\"https:\\\/\\\/kidworksoc.org\\\/es\\\/carreras\\\/#primaryimage\"},\"image\":{\"@id\":\"https:\\\/\\\/kidworksoc.org\\\/es\\\/carreras\\\/#primaryimage\"},\"thumbnailUrl\":\"http:\\\/\\\/kidworksoc.org\\\/wp-content\\\/uploads\\\/2023\\\/01\\\/kids-1600x1066.jpg\",\"datePublished\":\"2022-12-06T05:15:06+00:00\",\"dateModified\":\"2023-07-13T20:55:31+00:00\",\"description\":\"Carreras Hacer el trabajo que importa. Gracias por su inter\u00e9s en influir en la vida de los j\u00f3venes de Santa Ana. Forme parte de nuestro equipo diverso y\",\"breadcrumb\":{\"@id\":\"https:\\\/\\\/kidworksoc.org\\\/es\\\/carreras\\\/#breadcrumb\"},\"inLanguage\":\"es\",\"potentialAction\":[{\"@type\":\"ReadAction\",\"target\":[\"https:\\\/\\\/kidworksoc.org\\\/es\\\/carreras\\\/\"]}]},{\"@type\":\"ImageObject\",\"inLanguage\":\"es\",\"@id\":\"https:\\\/\\\/kidworksoc.org\\\/es\\\/carreras\\\/#primaryimage\",\"url\":\"http:\\\/\\\/kidworksoc.org\\\/wp-content\\\/uploads\\\/2023\\\/01\\\/kids-1600x1066.jpg\",\"contentUrl\":\"http:\\\/\\\/kidworksoc.org\\\/wp-content\\\/uploads\\\/2023\\\/01\\\/kids-1600x1066.jpg\"},{\"@type\":\"BreadcrumbList\",\"@id\":\"https:\\\/\\\/kidworksoc.org\\\/es\\\/carreras\\\/#breadcrumb\",\"itemListElement\":[{\"@type\":\"ListItem\",\"position\":1,\"name\":\"Home\",\"item\":\"https:\\\/\\\/kidworksoc.org\\\/es\\\/\"},{\"@type\":\"ListItem\",\"position\":2,\"name\":\"Carreras\"}]},{\"@type\":\"WebSite\",\"@id\":\"https:\\\/\\\/kidworksoc.org\\\/es\\\/#website\",\"url\":\"https:\\\/\\\/kidworksoc.org\\\/es\\\/\",\"name\":\"KidWorks\",\"description\":\"Unleashing Youth Potential\u2122\",\"publisher\":{\"@id\":\"https:\\\/\\\/kidworksoc.org\\\/es\\\/#organization\"},\"potentialAction\":[{\"@type\":\"SearchAction\",\"target\":{\"@type\":\"EntryPoint\",\"urlTemplate\":\"https:\\\/\\\/kidworksoc.org\\\/es\\\/?s={search_term_string}\"},\"query-input\":{\"@type\":\"PropertyValueSpecification\",\"valueRequired\":true,\"valueName\":\"search_term_string\"}}],\"inLanguage\":\"es\"},{\"@type\":\"Organization\",\"@id\":\"https:\\\/\\\/kidworksoc.org\\\/es\\\/#organization\",\"name\":\"KidWorks\",\"url\":\"https:\\\/\\\/kidworksoc.org\\\/es\\\/\",\"logo\":{\"@type\":\"ImageObject\",\"inLanguage\":\"es\",\"@id\":\"https:\\\/\\\/kidworksoc.org\\\/es\\\/#\\\/schema\\\/logo\\\/image\\\/\",\"url\":\"https:\\\/\\\/kidworksoc.org\\\/wp-content\\\/uploads\\\/2023\\\/01\\\/kidworks-anniversary-logo.png\",\"contentUrl\":\"https:\\\/\\\/kidworksoc.org\\\/wp-content\\\/uploads\\\/2023\\\/01\\\/kidworks-anniversary-logo.png\",\"width\":420,\"height\":114,\"caption\":\"KidWorks\"},\"image\":{\"@id\":\"https:\\\/\\\/kidworksoc.org\\\/es\\\/#\\\/schema\\\/logo\\\/image\\\/\"},\"sameAs\":[\"https:\\\/\\\/www.facebook.com\\\/kidworkscdc\",\"https:\\\/\\\/x.com\\\/kidworks\",\"https:\\\/\\\/www.instagram.com\\\/kidworks\\\/\",\"https:\\\/\\\/www.yelp.com\\\/biz\\\/kidworks-santa-ana?osq=kidworks\",\"https:\\\/\\\/www.youtube.com\\\/user\\\/KidWorksCDC\",\"https:\\\/\\\/www.linkedin.com\\\/company\\\/kidworkscdc\"]}]}<\/script>\n<!-- \/ Yoast SEO plugin. -->","yoast_head_json":{"title":"Carreras - KidWorks","description":"Carreras Hacer el trabajo que importa. Gracias por su inter\u00e9s en influir en la vida de los j\u00f3venes de Santa Ana. Forme parte de nuestro equipo diverso y","robots":{"index":"index","follow":"follow","max-snippet":"max-snippet:-1","max-image-preview":"max-image-preview:large","max-video-preview":"max-video-preview:-1"},"canonical":"https:\/\/kidworksoc.org\/es\/carreras\/","og_locale":"es_ES","og_type":"article","og_title":"Carreras - KidWorks","og_description":"Carreras Hacer el trabajo que importa. Gracias por su inter\u00e9s en influir en la vida de los j\u00f3venes de Santa Ana. Forme parte de nuestro equipo diverso y","og_url":"https:\/\/kidworksoc.org\/es\/carreras\/","og_site_name":"KidWorks","article_publisher":"https:\/\/www.facebook.com\/kidworkscdc","article_modified_time":"2023-07-13T20:55:31+00:00","og_image":[{"url":"http:\/\/kidworksoc.org\/wp-content\/uploads\/2023\/01\/kids-1600x1066.jpg","type":"","width":"","height":""}],"twitter_card":"summary_large_image","twitter_site":"@kidworks","schema":{"@context":"https:\/\/schema.org","@graph":[{"@type":"WebPage","@id":"https:\/\/kidworksoc.org\/es\/carreras\/","url":"https:\/\/kidworksoc.org\/es\/carreras\/","name":"Carreras - KidWorks","isPartOf":{"@id":"https:\/\/kidworksoc.org\/es\/#website"},"primaryImageOfPage":{"@id":"https:\/\/kidworksoc.org\/es\/carreras\/#primaryimage"},"image":{"@id":"https:\/\/kidworksoc.org\/es\/carreras\/#primaryimage"},"thumbnailUrl":"http:\/\/kidworksoc.org\/wp-content\/uploads\/2023\/01\/kids-1600x1066.jpg","datePublished":"2022-12-06T05:15:06+00:00","dateModified":"2023-07-13T20:55:31+00:00","description":"Carreras Hacer el trabajo que importa. Gracias por su inter\u00e9s en influir en la vida de los j\u00f3venes de Santa Ana. Forme parte de nuestro equipo diverso y","breadcrumb":{"@id":"https:\/\/kidworksoc.org\/es\/carreras\/#breadcrumb"},"inLanguage":"es","potentialAction":[{"@type":"ReadAction","target":["https:\/\/kidworksoc.org\/es\/carreras\/"]}]},{"@type":"ImageObject","inLanguage":"es","@id":"https:\/\/kidworksoc.org\/es\/carreras\/#primaryimage","url":"http:\/\/kidworksoc.org\/wp-content\/uploads\/2023\/01\/kids-1600x1066.jpg","contentUrl":"http:\/\/kidworksoc.org\/wp-content\/uploads\/2023\/01\/kids-1600x1066.jpg"},{"@type":"BreadcrumbList","@id":"https:\/\/kidworksoc.org\/es\/carreras\/#breadcrumb","itemListElement":[{"@type":"ListItem","position":1,"name":"Home","item":"https:\/\/kidworksoc.org\/es\/"},{"@type":"ListItem","position":2,"name":"Carreras"}]},{"@type":"WebSite","@id":"https:\/\/kidworksoc.org\/es\/#website","url":"https:\/\/kidworksoc.org\/es\/","name":"KidWorks","description":"Unleashing Youth Potential\u2122","publisher":{"@id":"https:\/\/kidworksoc.org\/es\/#organization"},"potentialAction":[{"@type":"SearchAction","target":{"@type":"EntryPoint","urlTemplate":"https:\/\/kidworksoc.org\/es\/?s={search_term_string}"},"query-input":{"@type":"PropertyValueSpecification","valueRequired":true,"valueName":"search_term_string"}}],"inLanguage":"es"},{"@type":"Organization","@id":"https:\/\/kidworksoc.org\/es\/#organization","name":"KidWorks","url":"https:\/\/kidworksoc.org\/es\/","logo":{"@type":"ImageObject","inLanguage":"es","@id":"https:\/\/kidworksoc.org\/es\/#\/schema\/logo\/image\/","url":"https:\/\/kidworksoc.org\/wp-content\/uploads\/2023\/01\/kidworks-anniversary-logo.png","contentUrl":"https:\/\/kidworksoc.org\/wp-content\/uploads\/2023\/01\/kidworks-anniversary-logo.png","width":420,"height":114,"caption":"KidWorks"},"image":{"@id":"https:\/\/kidworksoc.org\/es\/#\/schema\/logo\/image\/"},"sameAs":["https:\/\/www.facebook.com\/kidworkscdc","https:\/\/x.com\/kidworks","https:\/\/www.instagram.com\/kidworks\/","https:\/\/www.yelp.com\/biz\/kidworks-santa-ana?osq=kidworks","https:\/\/www.youtube.com\/user\/KidWorksCDC","https:\/\/www.linkedin.com\/company\/kidworkscdc"]}]}},"_links":{"self":[{"href":"https:\/\/kidworksoc.org\/es\/wp-json\/wp\/v2\/pages\/3093","targetHints":{"allow":["GET"]}}],"collection":[{"href":"https:\/\/kidworksoc.org\/es\/wp-json\/wp\/v2\/pages"}],"about":[{"href":"https:\/\/kidworksoc.org\/es\/wp-json\/wp\/v2\/types\/page"}],"author":[{"embeddable":true,"href":"https:\/\/kidworksoc.org\/es\/wp-json\/wp\/v2\/users\/1"}],"replies":[{"embeddable":true,"href":"https:\/\/kidworksoc.org\/es\/wp-json\/wp\/v2\/comments?post=3093"}],"version-history":[{"count":0,"href":"https:\/\/kidworksoc.org\/es\/wp-json\/wp\/v2\/pages\/3093\/revisions"}],"wp:attachment":[{"href":"https:\/\/kidworksoc.org\/es\/wp-json\/wp\/v2\/media?parent=3093"}],"curies":[{"name":"wp","href":"https:\/\/api.w.org\/{rel}","templated":true}]}}